{"id":2030,"date":"2024-05-16T16:40:56","date_gmt":"2024-05-16T08:40:56","guid":{"rendered":"https:\/\/purecook.com\/?post_type=product&#038;p=2030"},"modified":"2025-04-27T17:40:00","modified_gmt":"2025-04-27T09:40:00","slug":"wholesale-milk-pot-petal-shaped","status":"publish","type":"product","link":"https:\/\/www.purecook.com\/ar\/product\/wholesale-milk-pot-petal-shaped\/","title":{"rendered":"\u0625\u0628\u0631\u064a\u0642 \u062d\u0644\u064a\u0628 \u0639\u0644\u0649 \u0634\u0643\u0644 \u0628\u062a\u0644\u0629 \u0645\u0646 \u0627\u0644\u0641\u0648\u0644\u0627\u0630 \u0627\u0644\u0645\u0642\u0627\u0648\u0645 \u0644\u0644\u0635\u062f\u0623 \u0642\u0627\u0628\u0644 \u0644\u0644\u062a\u062e\u0635\u064a\u0635 \u0628\u0627\u0644\u062c\u0645\u0644\u0629 \u0645\u0639 \u0645\u0642\u0628\u0636 \u0645\u0637\u0628\u0648\u0639"},"content":{"rendered":"<div class=\"wp-block-columns is-layout-flex wp-container-core-columns-is-layout-9d6595d7 wp-block-columns-is-layout-flex\">\n<div class=\"wp-block-column is-layout-flow wp-block-column-is-layout-flow\">\n<h3 class=\"wp-block-heading\">\u0645\u0639\u0644\u0645\u0627\u062a \u0648\u0639\u0627\u0621 \u0627\u0644\u062d\u0644\u064a\u0628<\/h3>\n\n\n\n<p><strong>\u0631\u0642\u0645 \u0627\u0644\u0645\u0648\u062f\u064a\u0644:HH-191018<\/strong><br>\u0627\u0644\u0645\u0627\u062f\u0629: \u0641\u0648\u0644\u0627\u0630 \u0645\u0642\u0627\u0648\u0645 \u0644\u0644\u0635\u062f\u0623<br>\u0627\u0644\u0647\u064a\u0643\u0644:SS304<br>\u063a\u0637\u0627\u0621 \u0632\u062c\u0627\u062c\u064a \u0645\u0642\u0633\u0651\u0649: \u0632\u062c\u0627\u062c SUS201+3.8 \u0645\u0645<br>\u0625\u0643\u0633\u0633\u0648\u0627\u0631\u0627\u062a \u0627\u0644\u0645\u0642\u0628\u0636 \u0648\u0627\u0644\u063a\u0637\u0627\u0621: \u0628\u0627\u0643\u0644\u064a\u062a (\u0637\u0628\u0627\u0639\u0629 \u0628\u0627\u0644\u0646\u0642\u0644 \u0627\u0644\u0645\u0627\u0626\u064a)<br>\u0633\u064f\u0645\u0643 \u0627\u0644\u062c\u0633\u0645: 0.5 \u0645\u0645<br>\u0627\u0644\u0633\u0637\u062d: \u0637\u0644\u0627\u0621 \u063a\u064a\u0631 \u0644\u0627\u0645\u0639 \u0623\u0648 \u0637\u0644\u0627\u0621 \u0645\u0631\u0622\u0629 (\u0627\u0644\u0623\u0645\u0631 \u0645\u062a\u0631\u0648\u0643 \u0644\u0643)<br>\u0627\u0644\u0642\u064a\u0627\u0633: \u062f\u0627\u062e\u0644 \u0627\u0644\u062c\u0633\u0645<br>\u0627\u0644\u062d\u062c\u0645: 17.5\u00d716\u00d78.5 \u00d7 17.5 \u00d7 16\u00d78.5<br>\u0627\u0644\u0648\u0632\u0646 \u0627\u0644\u0625\u062c\u0645\u0627\u0644\u064a: 2 \u0643\u062c\u0645\/\u0642\u0637\u0639\u0629<br>\u062a\u0635\u0646\u064a\u0639 \u0627\u0644\u0645\u0639\u062f\u0627\u062a \u0627\u0644\u0623\u0635\u0644\u064a\u0629 \u0648\u0623\u0648\u062f\u064a\u0625\u0645: \u0645\u062a\u0627\u062d<\/p>\n<\/div>\n\n\n\n<div class=\"wp-block-column is-layout-flow wp-block-column-is-layout-flow\">\n<h3 class=\"wp-block-heading\">\u0648\u0639\u0627\u0621 \u0627\u0644\u062d\u0644\u064a\u0628 \u0627\u0644\u0645\u062e\u0635\u0635<\/h3>\n\n\n\n<p>\u0627\u0644\u0634\u0639\u0627\u0631: \u062e\u0635\u0635 \u0634\u0639\u0627\u0631 \u0639\u0644\u0627\u0645\u062a\u0643 \u0627\u0644\u062a\u062c\u0627\u0631\u064a\u0629<br>\u0627\u0644\u0639\u0628\u0648\u0629: \u0635\u0646\u062f\u0648\u0642 \u0623\u0644\u0648\u0627\u0646\/\u0643\u0631\u062a\u0648\u0646 \u0645\u0644\u0648\u0646\u060c \u0625\u0644\u062e<br>\u0627\u0644\u0645\u0642\u0628\u0636: \u064a\u0645\u0643\u0646 \u062a\u062e\u0635\u064a\u0635 \u0646\u0645\u0637 \u0627\u0644\u0645\u0642\u0628\u0636<br>\u0637\u0644\u0627\u0621 \u0646\u0647\u0627\u0626\u064a: \u063a\u064a\u0631 \u0644\u0627\u0645\u0639\/\u0645\u0631\u0622\u0629 \u063a\u064a\u0631 \u0644\u0627\u0645\u0639\u0629<br>\u0645\u0648\u0643: 120 \u0645\u062c\u0645\u0648\u0639\u0629<br><strong><a href=\"https:\/\/www.purecook.com\/ar\/%d8%ad%d9%84-%d9%85%d8%ae%d8%b5%d8%b5-2\/\" target=\"_blank\" rel=\"noreferrer noopener\">\u062d\u0644\u0648\u0644 \u0645\u062e\u0635\u0635\u0629 \u0644\u0645\u0635\u0646\u0639\u064a \u0627\u0644\u0645\u0639\u062f\u0627\u062a \u0627\u0644\u0623\u0635\u0644\u064a\u0629 \u0648\u0623\u0648\u062f\u064a\u0625\u0645 \u062d\u0633\u0628 \u0627\u0644\u0637\u0644\u0628<\/a><\/strong><\/p>\n<\/div>\n<\/div>\n\n\n\n<div class=\"wp-block-columns is-layout-flex wp-container-core-columns-is-layout-9d6595d7 wp-block-columns-is-layout-flex\">\n<div class=\"wp-block-column is-layout-flow wp-block-column-is-layout-flow\">\n<figure class=\"wp-block-image size-full\"><img decoding=\"async\" width=\"800\" height=\"800\" src=\"https:\/\/purecook.com\/wp-content\/uploads\/2024\/05\/custom-milk-pot-wholesale-6.webp\" alt=\"\u0648\u0639\u0627\u0621 \u0627\u0644\u062d\u0644\u064a\u0628 \u0627\u0644\u0645\u062e\u0635\u0635 \u0644\u0644\u0628\u064a\u0639 \u0628\u0627\u0644\u062c\u0645\u0644\u0629\" class=\"wp-image-2037\" srcset=\"https:\/\/www.purecook.com\/wp-content\/uploads\/2024\/05\/custom-milk-pot-wholesale-6.webp 800w, https:\/\/www.purecook.com\/wp-content\/uploads\/2024\/05\/custom-milk-pot-wholesale-6-300x300.webp 300w, https:\/\/www.purecook.com\/wp-content\/uploads\/2024\/05\/custom-milk-pot-wholesale-6-150x150.webp 150w, https:\/\/www.purecook.com\/wp-content\/uploads\/2024\/05\/custom-milk-pot-wholesale-6-768x768.webp 768w, https:\/\/www.purecook.com\/wp-content\/uploads\/2024\/05\/custom-milk-pot-wholesale-6-600x600.webp 600w, https:\/\/www.purecook.com\/wp-content\/uploads\/2024\/05\/custom-milk-pot-wholesale-6-100x100.webp 100w\" sizes=\"(max-width: 800px) 100vw, 800px\" \/><\/figure>\n<\/div>\n\n\n\n<div class=\"wp-block-column is-layout-flow wp-block-column-is-layout-flow\">\n<figure class=\"wp-block-image size-full\"><img decoding=\"async\" width=\"800\" height=\"800\" src=\"https:\/\/purecook.com\/wp-content\/uploads\/2024\/05\/custom-milk-pot-wholesale-3.webp\" alt=\"\u0648\u0639\u0627\u0621 \u0627\u0644\u062d\u0644\u064a\u0628 \u0627\u0644\u0645\u062e\u0635\u0635 \u0644\u0644\u0628\u064a\u0639 \u0628\u0627\u0644\u062c\u0645\u0644\u0629\" class=\"wp-image-2034\" srcset=\"https:\/\/www.purecook.com\/wp-content\/uploads\/2024\/05\/custom-milk-pot-wholesale-3.webp 800w, https:\/\/www.purecook.com\/wp-content\/uploads\/2024\/05\/custom-milk-pot-wholesale-3-300x300.webp 300w, https:\/\/www.purecook.com\/wp-content\/uploads\/2024\/05\/custom-milk-pot-wholesale-3-150x150.webp 150w, https:\/\/www.purecook.com\/wp-content\/uploads\/2024\/05\/custom-milk-pot-wholesale-3-768x768.webp 768w, https:\/\/www.purecook.com\/wp-content\/uploads\/2024\/05\/custom-milk-pot-wholesale-3-600x600.webp 600w, https:\/\/www.purecook.com\/wp-content\/uploads\/2024\/05\/custom-milk-pot-wholesale-3-100x100.webp 100w\" sizes=\"(max-width: 800px) 100vw, 800px\" \/><\/figure>\n<\/div>\n<\/div>","protected":false},"excerpt":{"rendered":"<p>\u0648\u0639\u0627\u0621 \u062d\u0644\u064a\u0628 \u0645\u062e\u0635\u0635 \u0644\u0644\u0628\u064a\u0639 \u0628\u0627\u0644\u062c\u0645\u0644\u0629\u060c \u064a\u0633\u062a\u062e\u062f\u0645 \u0648\u0639\u0627\u0621 \u0627\u0644\u062d\u0644\u064a\u0628 \u0647\u0630\u0627 \u0642\u0627\u0639\u064b\u0627 \u0645\u0631\u0643\u0628\u064b\u0627 \u0645\u0646 \u062b\u0644\u0627\u062b \u0637\u0628\u0642\u0627\u062a\u060c \u0648\u0627\u0644\u0630\u064a \u064a\u0633\u062e\u0646 \u0628\u0634\u0643\u0644 \u0623\u0633\u0631\u0639 \u0648\u0623\u0643\u062b\u0631 \u062a\u0648\u0627\u0632\u0646\u0627\u064b. \u062a\u0635\u0645\u064a\u0645 \u0627\u0644\u062d\u0627\u0641\u0629 \u0627\u0644\u0641\u0631\u064a\u062f \u0639\u0644\u0649 \u0634\u0643\u0644 \u0628\u062a\u0644\u0629 \u064a\u062c\u0639\u0644 \u0633\u0643\u0628 \u0627\u0644\u062d\u0644\u064a\u0628 \u0623\u0643\u062b\u0631 \u0645\u0644\u0627\u0621\u0645\u0629\u060c \u0648\u064a\u062f\u0639\u0645 \u062a\u062e\u0635\u064a\u0635 \u0646\u0645\u0637 \u0627\u0644\u0645\u0642\u0628\u0636 \u0648\u0627\u0644\u0633\u0637\u062d \u0627\u0644\u0645\u062e\u0635\u0635 \u063a\u064a\u0631 \u0644\u0627\u0645\u0639 \u0623\u0648 \u0645\u0631\u0622\u0629.<\/p>\n<h2>\u062e\u0635\u0627\u0626\u0635 \u0648\u0641\u0648\u0627\u0626\u062f \u0648\u0639\u0627\u0621 \u0627\u0644\u062d\u0644\u064a\u0628 \u0628\u0627\u0644\u062d\u0644\u064a\u0628<\/h2>\n<p><strong>\u0627\u0644\u0645\u0648\u0627\u062f \u0627\u0644\u0635\u062d\u064a\u0629<\/strong>: 304 \u0645\u0646 \u0627\u0644\u0641\u0648\u0644\u0627\u0630 \u0627\u0644\u0645\u0642\u0627\u0648\u0645 \u0644\u0644\u0635\u062f\u0623 \u063a\u064a\u0631 \u0627\u0644\u0645\u0637\u0644\u064a 304\u060c \u0627\u0637\u0645\u0626\u0646 \u0644\u0644\u0627\u0633\u062a\u062e\u062f\u0627\u0645.<\/p>\n<p><strong>\u063a\u0637\u0627\u0621 \u0632\u062c\u0627\u062c\u064a \u0645\u0631\u0626\u064a<\/strong>:: \u0627\u0644\u0627\u0646\u062a\u0628\u0627\u0647 \u0641\u064a \u0627\u0644\u0648\u0642\u062a \u0627\u0644\u062d\u0642\u064a\u0642\u064a \u0644\u062a\u0642\u062f\u0645 \u0627\u0644\u0637\u0647\u064a.<\/p>\n<p><strong>\u062a\u0648\u0635\u064a\u0644 \u062d\u0631\u0627\u0631\u064a \u0645\u0645\u062a\u0627\u0632<\/strong>:: \u0642\u0627\u0639 \u0648\u0639\u0627\u0621 \u0645\u0631\u0643\u0628 \u0645\u0646 \u062b\u0644\u0627\u062b \u0637\u0628\u0642\u0627\u062a\u060c \u062a\u0648\u0635\u064a\u0644 \u062d\u0631\u0627\u0631\u064a \u0645\u062a\u0633\u0627\u0648\u064d\u060c \u062a\u0648\u0641\u064a\u0631 \u0627\u0644\u0637\u0627\u0642\u0629.<\/p>\n<p><strong>\u0627\u0644\u0645\u0638\u0647\u0631 \u0627\u0644\u0639\u0645\u0644\u064a<\/strong>: \u062d\u0648\u0627\u0641 \u0627\u0644\u0645\u0642\u0644\u0627\u0629 \u0639\u0644\u0649 \u0634\u0643\u0644 \u0628\u062a\u0644\u0629\u060c \u0648\u0633\u0643\u0628 \u0633\u0644\u0633 \u0645\u0646 \u0641\u062a\u062d\u0629 \u0627\u0644\u0645\u0642\u0644\u0627\u0629 \u0645\u062a\u0639\u062f\u062f\u0629 \u0627\u0644\u062a\u062f\u0641\u0642.<\/p>\n<p><strong>\u0645\u0642\u0628\u0636 \u0645\u0636\u0627\u062f \u0644\u0644\u062d\u0631\u0648\u0642<\/strong>: \u0645\u0642\u0628\u0636 \u0628\u0627\u0643\u0644\u064a\u062a\u060c \u064a\u0631\u0641\u0636 \u062d\u0631\u0642 \u0627\u0644\u064a\u062f\u064a\u0646\u060c \u0648\u064a\u062c\u0639\u0644 \u0627\u0644\u0637\u0647\u064a \u0623\u0643\u062b\u0631 \u0627\u0633\u062a\u0631\u062e\u0627\u0621\u064b.<\/p>","protected":false},"featured_media":2032,"comment_status":"closed","ping_status":"closed","template":"","meta":{"_acf_changed":false},"product_brand":[],"product_cat":[24,80],"product_tag":[98],"class_list":{"0":"post-2030","1":"product","2":"type-product","3":"status-publish","4":"has-post-thumbnail","6":"product_cat-cookware","7":"product_cat-milk-pot","8":"product_tag-wholesale-home-cookware","10":"first","11":"instock","12":"shipping-taxable","13":"product-type-simple"},"acf":[],"_links":{"self":[{"href":"https:\/\/www.purecook.com\/ar\/wp-json\/wp\/v2\/product\/2030","targetHints":{"allow":["GET"]}}],"collection":[{"href":"https:\/\/www.purecook.com\/ar\/wp-json\/wp\/v2\/product"}],"about":[{"href":"https:\/\/www.purecook.com\/ar\/wp-json\/wp\/v2\/types\/product"}],"replies":[{"embeddable":true,"href":"https:\/\/www.purecook.com\/ar\/wp-json\/wp\/v2\/comments?post=2030"}],"wp:featuredmedia":[{"embeddable":true,"href":"https:\/\/www.purecook.com\/ar\/wp-json\/wp\/v2\/media\/2032"}],"wp:attachment":[{"href":"https:\/\/www.purecook.com\/ar\/wp-json\/wp\/v2\/media?parent=2030"}],"wp:term":[{"taxonomy":"product_brand","embeddable":true,"href":"https:\/\/www.purecook.com\/ar\/wp-json\/wp\/v2\/product_brand?post=2030"},{"taxonomy":"product_cat","embeddable":true,"href":"https:\/\/www.purecook.com\/ar\/wp-json\/wp\/v2\/product_cat?post=2030"},{"taxonomy":"product_tag","embeddable":true,"href":"https:\/\/www.purecook.com\/ar\/wp-json\/wp\/v2\/product_tag?post=2030"}],"curies":[{"name":"\u062f\u0628\u0644\u064a\u0648 \u0628\u064a","href":"https:\/\/api.w.org\/{rel}","templated":true}]}}