{"id":2160,"date":"2025-07-26T18:29:43","date_gmt":"2024-05-18T09:22:09","guid":{"rendered":"https:\/\/purecook.com\/?post_type=product&#038;p=2160"},"modified":"2025-11-24T15:03:47","modified_gmt":"2025-11-24T07:03:47","slug":"wholesale-baking-trays-with-grill-rack","status":"publish","type":"product","link":"https:\/\/www.purecook.com\/ar\/product\/wholesale-baking-trays-with-grill-rack\/","title":{"rendered":"\u0635\u0648\u0627\u0646\u064a \u062e\u0628\u0632 \u0642\u0627\u0628\u0644\u0629 \u0644\u0644\u062a\u0643\u062f\u064a\u0633 \u0628\u0627\u0644\u062c\u0645\u0644\u0629 \u0645\u0639 \u0631\u0641 \u0634\u0648\u0627\u0621 \u0628\u0623\u062d\u062c\u0627\u0645 \u0645\u062e\u062a\u0644\u0641\u0629\u060c \u0635\u0648\u0627\u0646\u064a \u062a\u062d\u0645\u064a\u0635 \u0628\u0627\u0644\u062c\u0645\u0644\u0629 \u0645\u0628\u064a\u0639\u0627\u062a \u0627\u0644\u0645\u0635\u0646\u0639 \u0645\u0628\u0627\u0634\u0631\u0629"},"content":{"rendered":"<div class=\"wp-block-columns is-layout-flex wp-container-core-columns-is-layout-9d6595d7 wp-block-columns-is-layout-flex\">\n<div class=\"wp-block-column is-layout-flow wp-block-column-is-layout-flow\">\n<h3 class=\"wp-block-heading\">\u0645\u0639\u0644\u0645\u0627\u062a \u0635\u0648\u0627\u0646\u064a \u0627\u0644\u062e\u064e\u0628\u0632<\/h3>\n\n\n\n<p><strong>\u0631\u0642\u0645 \u0627\u0644\u0645\u0648\u062f\u064a\u0644: \u0635\u064a\u0646\u064a\u0629 \u0627\u0644\u062e\u0628\u0632-01<\/strong><br><strong>\u0627\u0644\u0646\u0648\u0639: <\/strong>\u0635\u064a\u0646\u064a\u0629 \u0627\u0644\u062e\u064e\u0628\u0632<br><strong>\u0627\u0633\u0645 \u0627\u0644\u0645\u0646\u062a\u062c:<\/strong> \u0635\u064a\u0646\u064a\u0629 \u062e\u0628\u0632 \u0645\u0639 \u0631\u0641 \u0634\u0648\u0627\u0621<br><strong>\u0627\u0644\u0645\u0627\u062f\u0629:<\/strong> \u0627\u0644\u0641\u0648\u0644\u0627\u0630 \u0627\u0644\u0645\u0642\u0627\u0648\u0645 \u0644\u0644\u0635\u062f\u0623 201<br><strong>\u0627\u0644\u0633\u064f\u0645\u0643: <\/strong>50\/70 \u0645\u0645<br>\u0627\u0644\u0627\u0633\u062a\u062e\u062f\u0627\u0645 \u0641\u064a \u0645\u0637\u0639\u0645 \u0627\u0644\u0641\u0646\u062f\u0642 \u0627\u0644\u0645\u0646\u0632\u0644\u064a<br><strong>\u0645\u0648\u0643: <\/strong>100 \u0642\u0637\u0639\u0629<br><strong>\u062d\u062c\u0645 \u0627\u0644\u0646\u0648\u0639 1: <\/strong>270 \u00d7 200 \u00d7 50 \u0645\u0645<br><strong>\u0627\u0644\u0646\u0648\u0639 2 \u0627\u0644\u062d\u062c\u0645:<\/strong> 270\u00d7200\u00d770 \u0645\u0645<br><strong>\u062d\u062c\u0645 \u0627\u0644\u0646\u0648\u0639 3:<\/strong> 320\u00d7220\u00d750 \u0645\u0645<br><strong>\u062d\u062c\u0645 \u0627\u0644\u0646\u0648\u0639 4:<\/strong> 320\u00d7220\u00d770 \u0645\u0645<br><strong>\u0627\u0644\u0646\u0648\u0639 5 \u0627\u0644\u062d\u062c\u0645:<\/strong> 355 \u00d7 265 \u00d7 50 \u0645\u0645<br><strong>\u062d\u062c\u0645 \u0627\u0644\u0646\u0648\u0639 6:<\/strong> 355\u00d7265\u00d770 \u0645\u0645<br><strong>\u062d\u062c\u0645 \u0627\u0644\u0646\u0648\u0639 7:<\/strong> 395 \u00d7 295 \u00d7 295 \u00d7 50 \u0645\u0645<br><strong>\u062d\u062c\u0645 \u0627\u0644\u0646\u0648\u0639 8:<\/strong> 395 \u00d7 295 \u00d7 70 \u0645\u0645<\/p>\n<\/div>\n\n\n\n<div class=\"wp-block-column is-layout-flow wp-block-column-is-layout-flow\">\n<h3 class=\"wp-block-heading\">\u062d\u0644\u0648\u0644 \u0623\u0648\u0627\u0646\u064a \u0627\u0644\u062e\u0628\u0632 \u0627\u0644\u0645\u062e\u0635\u0635\u0629<\/h3>\n\n\n\n<p><strong>\u0627\u0644\u0634\u0639\u0627\u0631: <\/strong>\u0642\u0627\u0628\u0644 \u0644\u0644\u062a\u062e\u0635\u064a\u0635 \u0628\u0634\u0639\u0627\u0631 \u0639\u0644\u0627\u0645\u062a\u0643 \u0627\u0644\u062a\u062c\u0627\u0631\u064a\u0629<br><strong>\u0627\u0644\u062a\u0639\u0628\u0626\u0629 \u0648\u0627\u0644\u062a\u063a\u0644\u064a\u0641: <\/strong>\u0635\u0646\u062f\u0648\u0642\/\u0643\u0631\u062a\u0648\u0646 \u0645\u0644\u0648\u0646\u060c \u0625\u0644\u062e.<br><strong>\u0627\u0644\u0623\u0646\u0645\u0627\u0637:<\/strong> \u0646\u0645\u0637 \u0642\u0627\u0628\u0644 \u0644\u0644\u062a\u062e\u0635\u064a\u0635<br><strong>\u0645\u0648\u0643:<\/strong> 1000<br><strong><a href=\"https:\/\/www.purecook.com\/ar\/%d8%ad%d9%84-%d9%85%d8%ae%d8%b5%d8%b5-2\/\" target=\"_blank\" rel=\"noreferrer noopener\">\u062d\u0644\u0648\u0644 \u0623\u0648\u0627\u0646\u064a \u0627\u0644\u062e\u0628\u0632 \u0627\u0644\u0645\u062e\u0635\u0635\u0629 \u062d\u0633\u0628 \u0627\u0644\u0637\u0644\u0628 \u0648\u062a\u0635\u0646\u064a\u0639 \u0627\u0644\u0645\u0639\u062f\u0627\u062a \u0627\u0644\u0623\u0635\u0644\u064a\u0629 \u0648\u0623\u0648\u062f\u064a\u062a ODM<\/a><\/strong><\/p>\n<\/div>\n<\/div>\n\n\n\n<div class=\"wp-block-columns is-layout-flex wp-container-core-columns-is-layout-9d6595d7 wp-block-columns-is-layout-flex\">\n<div class=\"wp-block-column is-layout-flow wp-block-column-is-layout-flow\">\n<figure class=\"wp-block-image size-full\"><img decoding=\"async\" width=\"492\" height=\"492\" src=\"https:\/\/purecook.com\/wp-content\/uploads\/2024\/05\/custom-baking-trays-with-rack-7.webp\" alt=\"\u0635\u0648\u0627\u0646\u064a \u062e\u0628\u0632 \u0645\u062e\u0635\u0635\u0629 \u0645\u0639 \u0631\u0641\u0648\u0641\" class=\"wp-image-2163\" srcset=\"https:\/\/www.purecook.com\/wp-content\/uploads\/2024\/05\/custom-baking-trays-with-rack-7.webp 492w, https:\/\/www.purecook.com\/wp-content\/uploads\/2024\/05\/custom-baking-trays-with-rack-7-300x300.webp 300w, https:\/\/www.purecook.com\/wp-content\/uploads\/2024\/05\/custom-baking-trays-with-rack-7-150x150.webp 150w, https:\/\/www.purecook.com\/wp-content\/uploads\/2024\/05\/custom-baking-trays-with-rack-7-100x100.webp 100w\" sizes=\"(max-width: 492px) 100vw, 492px\" \/><\/figure>\n<\/div>\n\n\n\n<div class=\"wp-block-column is-layout-flow wp-block-column-is-layout-flow\">\n<figure class=\"wp-block-image size-full\"><img decoding=\"async\" width=\"492\" height=\"492\" src=\"https:\/\/purecook.com\/wp-content\/uploads\/2024\/05\/custom-baking-trays-with-rack-6.webp\" alt=\"\u0635\u0648\u0627\u0646\u064a \u062e\u0628\u0632 \u0645\u062e\u0635\u0635\u0629 \u0645\u0639 \u0631\u0641\u0648\u0641\" class=\"wp-image-2162\" srcset=\"https:\/\/www.purecook.com\/wp-content\/uploads\/2024\/05\/custom-baking-trays-with-rack-6.webp 492w, https:\/\/www.purecook.com\/wp-content\/uploads\/2024\/05\/custom-baking-trays-with-rack-6-300x300.webp 300w, https:\/\/www.purecook.com\/wp-content\/uploads\/2024\/05\/custom-baking-trays-with-rack-6-150x150.webp 150w, https:\/\/www.purecook.com\/wp-content\/uploads\/2024\/05\/custom-baking-trays-with-rack-6-100x100.webp 100w\" sizes=\"(max-width: 492px) 100vw, 492px\" \/><\/figure>\n<\/div>\n<\/div>","protected":false},"excerpt":{"rendered":"<p>\u0635\u0648\u0627\u0646\u064a \u062e\u0628\u0632 \u0628\u0627\u0644\u062c\u0645\u0644\u0629. \u0635\u0648\u0627\u0646\u064a \u0627\u0644\u062e\u064e\u0628\u0632 \u0645\u0635\u0646\u0648\u0639\u0629 \u0645\u0646 \u0627\u0644\u0641\u0648\u0644\u0627\u0630 \u0627\u0644\u0645\u0642\u0627\u0648\u0645 \u0644\u0644\u0635\u062f\u0623 \u0628\u062f\u0631\u062c\u0629 \u0627\u0644\u0637\u0639\u0627\u0645 304\u060c \u0628\u062a\u0635\u0645\u064a\u0645 \u0645\u0639\u064a\u0627\u0631\u064a \u0645\u0643\u0648\u0646 \u0645\u0646 \u062b\u0644\u0627\u062b \u0642\u0637\u0639\u060c \u0628\u0645\u0627 \u0641\u064a \u0630\u0644\u0643 \u0635\u064a\u0646\u064a\u0629 \u0636\u062d\u0644\u0629 \u0648\u0631\u0641 \u062e\u0628\u0632 \u0648\u0635\u064a\u0646\u064a\u0629 \u0639\u0645\u064a\u0642\u0629\u060c \u0645\u0646\u0627\u0633\u0628\u0629 \u0644\u0645\u0647\u0627\u0645 \u0627\u0644\u0637\u0647\u064a \u0645\u062b\u0644 \u0627\u0644\u0634\u0648\u064a \u0648\u0627\u0644\u062a\u062d\u0645\u064a\u0635 \u0648\u0627\u0644\u062e\u0628\u0632 \u0648\u0645\u0627 \u0625\u0644\u0649 \u0630\u0644\u0643. \u062a\u062a\u0648\u0641\u0631 \u062e\u064a\u0627\u0631\u0627\u062a \u062a\u062e\u0635\u064a\u0635 OEM \u0648 ODM \u0644\u0644\u0637\u0644\u0628\u0627\u062a \u0628\u0627\u0644\u062c\u0645\u0644\u0629. \u0627\u062a\u0635\u0644 \u0628\u0640 Purecook \u0644\u0644\u062d\u0635\u0648\u0644 \u0639\u0644\u0649 \u0623\u0641\u0636\u0644 \u0639\u0631\u0636 \u0623\u0633\u0639\u0627\u0631 \u0645\u0646 \u0627\u0644\u0641\u0648\u0644\u0627\u0630 \u0627\u0644\u0645\u0642\u0627\u0648\u0645 \u0644\u0644\u0635\u062f\u0623 \u0627\u0644\u0645\u062d\u062a\u0631\u0641 <a href=\"https:\/\/www.purecook.com\/ar\/%d9%81%d8%a6%d8%a9-%d8%a7%d9%84%d9%85%d9%86%d8%aa%d8%ac\/%d8%a3%d9%88%d8%a7%d9%86%d9%8a-%d8%a7%d9%84%d8%ae%d9%8e%d8%a8%d8%b2\/\" target=\"_blank\" rel=\"noopener\"><strong>\u0627\u0644\u0634\u0631\u0643\u0629 \u0627\u0644\u0645\u0635\u0646\u0639\u0629 \u0644\u0623\u0648\u0627\u0646\u064a \u0627\u0644\u062e\u0628\u0632<\/strong><\/a>.<\/p>\n<h2>\u062e\u0635\u0627\u0626\u0635 \u0635\u0648\u0627\u0646\u064a \u0627\u0644\u062e\u0628\u0632 \u0648\u0641\u0648\u0627\u0626\u062f\u0647\u0627.<\/h2>\n<p><strong>\u062a\u0635\u0645\u064a\u0645 \u0633\u0645\u064a\u0643:<\/strong> \u062a\u0639\u062a\u0645\u062f \u0635\u0648\u0627\u0646\u064a \u0627\u0644\u062e\u0628\u0632 \u0639\u0644\u0649 \u0647\u064a\u0643\u0644 \u0633\u0645\u064a\u0643 \u0645\u0639 \u0642\u062f\u0631\u0629 \u062a\u062d\u0645\u064a\u0644 \u0642\u0648\u064a\u0629 \u0648\u0642\u0648\u0629 \u0639\u0627\u0644\u064a\u0629. \u064a\u0645\u0643\u0646 \u0623\u0646 \u062a\u0633\u062a\u0648\u0639\u0628 \u0627\u0644\u0645\u0632\u064a\u062f \u0645\u0646 \u0627\u0644\u0637\u0639\u0627\u0645 \u0648\u062a\u0645\u0646\u0639 \u0628\u0634\u0643\u0644 \u0641\u0639\u0627\u0644 \u0627\u0644\u0627\u0644\u062a\u0648\u0627\u0621 \u0648\u0627\u0644\u062a\u0634\u0648\u0647 \u0641\u064a \u062f\u0631\u062c\u0627\u062a \u0627\u0644\u062d\u0631\u0627\u0631\u0629 \u0627\u0644\u0639\u0627\u0644\u064a\u0629.<\/p>\n<p><strong>\u0637\u0642\u0645 \u0645\u0646 \u062b\u0644\u0627\u062b \u0642\u0637\u0639 \u0628\u0648\u0638\u0627\u0626\u0641 \u0645\u062a\u0639\u062f\u062f\u0629:<\/strong> \u064a\u062d\u062a\u0648\u064a \u0627\u0644\u0637\u0642\u0645 \u0639\u0644\u0649 \u062b\u0644\u0627\u062b\u0629 \u0623\u062c\u0632\u0627\u0621 \u0645\u062a\u0639\u062f\u062f\u0629 \u0627\u0644\u0648\u0638\u0627\u0626\u0641\u060c \u0635\u064a\u0646\u064a\u0629 \u0636\u062d\u0644\u0629 \u0644\u0644\u0634\u0648\u064a \u0648\u0627\u0644\u0642\u0644\u064a\u060c \u0648\u0634\u0648\u0627\u064a\u0629 \u0644\u062a\u0635\u0631\u064a\u0641 \u0627\u0644\u0632\u064a\u062a \u0648\u062a\u062f\u0648\u064a\u0631 \u0627\u0644\u0647\u0648\u0627\u0621\u060c \u0648\u0635\u064a\u0646\u064a\u0629 \u0639\u0645\u064a\u0642\u0629 \u0644\u0644\u062e\u0628\u0632 \u0623\u0648 \u0644\u062d\u0641\u0638 \u0627\u0644\u0633\u0648\u0627\u0626\u0644. \u0645\u0646\u0627\u0633\u0628\u0629 \u0644\u0644\u0642\u0644\u064a \u0648\u0627\u0644\u062e\u0628\u0632 \u0648\u0627\u0644\u062a\u062d\u0645\u064a\u0635 \u0648\u0627\u0644\u062a\u062d\u0645\u064a\u0635 \u0648\u0627\u0644\u0637\u0628\u062e \u0639\u0644\u0649 \u0627\u0644\u0628\u062e\u0627\u0631\u060c \u0645\u0645\u0627 \u064a\u062a\u064a\u062d \u0644\u0643 \u0637\u0647\u064a \u0645\u062c\u0645\u0648\u0639\u0629 \u0645\u062a\u0646\u0648\u0639\u0629 \u0645\u0646 \u0627\u0644\u0623\u0637\u0639\u0645\u0629 \u0628\u0627\u0633\u062a\u062e\u062f\u0627\u0645 \u0645\u062c\u0645\u0648\u0639\u0629 \u0648\u0627\u062d\u062f\u0629 \u0645\u0646 \u0623\u062f\u0648\u0627\u062a \u0627\u0644\u0637\u0647\u064a.<\/p>\n<p><strong>\u062a\u0635\u0645\u064a\u0645 \u0645\u0648\u0641\u0631 \u0644\u0644\u0645\u0633\u0627\u062d\u0629 \u0648\u0642\u0627\u0628\u0644 \u0644\u0644\u062a\u0643\u062f\u064a\u0633:<\/strong> \u062a\u0645 \u062a\u0635\u0645\u064a\u0645 \u0627\u0644\u0645\u0643\u0648\u0646\u0627\u062a \u0644\u064a\u062a\u0645 \u062a\u0643\u062f\u064a\u0633\u0647\u0627 \u0628\u0634\u0643\u0644 \u0639\u0645\u0648\u062f\u064a\u060c \u0645\u0645\u0627 \u064a\u062c\u0639\u0644\u0647\u0627 \u062a\u0634\u063a\u0644 \u0645\u0633\u0627\u062d\u0629 \u0623\u0642\u0644\u060c \u0645\u0645\u0627 \u064a\u062c\u0639\u0644\u0647\u0627 \u0645\u0644\u0627\u0626\u0645\u0629 \u0644\u0644\u062a\u062e\u0632\u064a\u0646 \u0641\u064a \u0645\u0637\u0628\u062e \u0635\u063a\u064a\u0631 \u0623\u0648 \u0639\u0646\u062f \u0627\u0644\u062a\u062e\u064a\u064a\u0645.<\/p>\n<p><strong>8 \u0623\u062d\u062c\u0627\u0645 \u0644\u0644\u0627\u062e\u062a\u064a\u0627\u0631 \u0645\u0646 \u0628\u064a\u0646\u0647\u0627:<\/strong> \u062a\u0648\u0641\u0631 \u0645\u062c\u0645\u0648\u0639\u0629 \u0635\u064a\u0646\u064a\u0629 \u0627\u0644\u062e\u0628\u0632 \u0645\u062a\u0639\u062f\u062f\u0629 \u0627\u0644\u0637\u0628\u0642\u0627\u062a \u0627\u0644\u0645\u0635\u0646\u0648\u0639\u0629 \u0645\u0646 \u0627\u0644\u0641\u0648\u0644\u0627\u0630 \u0627\u0644\u0645\u0642\u0627\u0648\u0645 \u0644\u0644\u0635\u062f\u0623 \u062b\u0645\u0627\u0646\u064a\u0629 \u0623\u062d\u062c\u0627\u0645 \u0645\u062e\u062a\u0644\u0641\u0629 \u0645\u0646\u0627\u0633\u0628\u0629 \u0644\u0645\u0647\u0627\u0645 \u0637\u0647\u064a \u0645\u062d\u062f\u062f\u0629 \u062a\u0644\u0628\u064a \u0645\u062e\u062a\u0644\u0641 \u0623\u0646\u0634\u0637\u0629 \u0627\u0644\u0645\u0637\u0628\u062e \u0623\u0648 \u0627\u0644\u0623\u0646\u0634\u0637\u0629 \u0627\u0644\u062e\u0627\u0631\u062c\u064a\u0629.<\/p>\n<p><strong>\u062f\u0639\u0645 \u062a\u062e\u0635\u064a\u0635 OEM \u0648 ODM:<\/strong> \u0628\u0635\u0641\u062a\u0646\u0627 \u0634\u0631\u0643\u0629 \u0645\u062a\u062e\u0635\u0635\u0629 \u0641\u064a \u062a\u0635\u0646\u064a\u0639 \u0623\u0648\u0627\u0646\u064a \u0627\u0644\u062e\u0628\u0632 \u0627\u0644\u0627\u062d\u062a\u0631\u0627\u0641\u064a\u0629\u060c \u0641\u0625\u0646\u0646\u0627 \u0646\u062f\u0639\u0645 \u0627\u0644\u062d\u062c\u0645 \u0648\u0627\u0644\u062a\u063a\u0644\u064a\u0641 \u0648\u0627\u0644\u062a\u0635\u0645\u064a\u0645 \u0627\u0644\u0648\u0638\u064a\u0641\u064a \u0644\u0635\u0648\u0627\u0646\u064a \u0627\u0644\u062e\u0628\u0632 \u0645\u062a\u0639\u062f\u062f\u0629 \u0627\u0644\u0637\u0628\u0642\u0627\u062a \u0627\u0644\u0645\u0635\u0646\u0648\u0639\u0629 \u0645\u0646 \u0627\u0644\u0641\u0648\u0644\u0627\u0630 \u0627\u0644\u0645\u0642\u0627\u0648\u0645 \u0644\u0644\u0635\u062f\u0623 \u0644\u062a\u0644\u0628\u064a\u0629 \u0627\u062d\u062a\u064a\u0627\u062c\u0627\u062a \u0639\u0644\u0627\u0645\u062a\u0643 \u0627\u0644\u062a\u062c\u0627\u0631\u064a\u0629 \u0623\u0648 \u0627\u062d\u062a\u064a\u0627\u062c\u0627\u062a \u0627\u0644\u0633\u0648\u0642.<\/p>\n<p><strong><a href=\"https:\/\/www.purecook.com\/ar\/%d8%ad%d9%84-%d9%85%d8%ae%d8%b5%d8%b5-2\/\">\u062d\u0644\u0648\u0644 \u0623\u0648\u0627\u0646\u064a \u0627\u0644\u062e\u064e\u0628\u0632 \u0627\u0644\u0645\u062e\u0635\u0635\u0629 \u0644\u062a\u0635\u0646\u064a\u0639 \u0627\u0644\u0645\u0639\u062f\u0627\u062a \u0627\u0644\u0623\u0635\u0644\u064a\u0629 \u0648\u062a\u0635\u0646\u064a\u0639 \u0627\u0644\u0645\u0639\u062f\u0627\u062a \u0627\u0644\u0623\u0635\u0644\u064a\u0629 \u2192<\/a><\/strong><\/p>","protected":false},"featured_media":4211,"comment_status":"closed","ping_status":"closed","template":"","meta":{"_acf_changed":false},"product_brand":[],"product_cat":[27,107],"product_tag":[],"class_list":{"0":"post-2160","1":"product","2":"type-product","3":"status-publish","4":"has-post-thumbnail","6":"product_cat-bakeware","7":"product_cat-baking-sheet","9":"first","10":"instock","11":"shipping-taxable","12":"product-type-simple"},"acf":[],"_links":{"self":[{"href":"https:\/\/www.purecook.com\/ar\/wp-json\/wp\/v2\/product\/2160","targetHints":{"allow":["GET"]}}],"collection":[{"href":"https:\/\/www.purecook.com\/ar\/wp-json\/wp\/v2\/product"}],"about":[{"href":"https:\/\/www.purecook.com\/ar\/wp-json\/wp\/v2\/types\/product"}],"replies":[{"embeddable":true,"href":"https:\/\/www.purecook.com\/ar\/wp-json\/wp\/v2\/comments?post=2160"}],"wp:featuredmedia":[{"embeddable":true,"href":"https:\/\/www.purecook.com\/ar\/wp-json\/wp\/v2\/media\/4211"}],"wp:attachment":[{"href":"https:\/\/www.purecook.com\/ar\/wp-json\/wp\/v2\/media?parent=2160"}],"wp:term":[{"taxonomy":"product_brand","embeddable":true,"href":"https:\/\/www.purecook.com\/ar\/wp-json\/wp\/v2\/product_brand?post=2160"},{"taxonomy":"product_cat","embeddable":true,"href":"https:\/\/www.purecook.com\/ar\/wp-json\/wp\/v2\/product_cat?post=2160"},{"taxonomy":"product_tag","embeddable":true,"href":"https:\/\/www.purecook.com\/ar\/wp-json\/wp\/v2\/product_tag?post=2160"}],"curies":[{"name":"\u062f\u0628\u0644\u064a\u0648 \u0628\u064a","href":"https:\/\/api.w.org\/{rel}","templated":true}]}}