{"id":2314,"date":"2024-05-24T14:54:56","date_gmt":"2024-05-24T06:54:56","guid":{"rendered":"https:\/\/purecook.com\/?post_type=product&#038;p=2314"},"modified":"2025-08-14T16:55:32","modified_gmt":"2025-08-14T08:55:32","slug":"leak-proof-bulk-food-storage-containers-wholesale","status":"publish","type":"product","link":"https:\/\/www.purecook.com\/ar\/product\/leak-proof-bulk-food-storage-containers-wholesale\/","title":{"rendered":"\u062d\u0627\u0648\u064a\u0627\u062a \u062a\u062e\u0632\u064a\u0646 \u0627\u0644\u0623\u063a\u0630\u064a\u0629 \u0627\u0644\u0633\u0627\u0626\u0628\u0629 \u0627\u0644\u0645\u0627\u0646\u0639\u0629 \u0644\u0644\u062a\u0633\u0631\u0628 \u0628\u0627\u0644\u062c\u0645\u0644\u0629"},"content":{"rendered":"<div class=\"wp-block-columns is-layout-flex wp-container-core-columns-is-layout-9d6595d7 wp-block-columns-is-layout-flex\">\n<div class=\"wp-block-column is-layout-flow wp-block-column-is-layout-flow\">\n<h3 class=\"wp-block-heading\">\u0645\u0639\u0644\u0645\u0627\u062a \u062d\u0627\u0648\u064a\u0629 \u062a\u062e\u0632\u064a\u0646 \u0627\u0644\u0637\u0639\u0627\u0645<\/h3>\n\n\n\n<p><strong>\u0631\u0642\u0645 \u0627\u0644\u0645\u0648\u062f\u064a\u0644: ch2<\/strong><br>\u0627\u0644\u062e\u0627\u0645\u0629: \u0627\u0644\u0641\u0648\u0644\u0627\u0630 \u0627\u0644\u0645\u0642\u0627\u0648\u0645 \u0644\u0644\u0635\u062f\u0623 (SUS#304)<br>\u0627\u0644\u063a\u0637\u0627\u0621: \u063a\u0637\u0627\u0621 \u0628\u0644\u0627\u0633\u062a\u064a\u0643\u064a \u0623\u0648 \u063a\u0637\u0627\u0621 \u0628\u0644\u0627\u0633\u062a\u064a\u0643\u064a \u0645\u0639 \u0631\u064a\u0646 \u0633\u064a\u0644\u064a\u0643\u0648\u0646<br>\u0627\u0644\u0645\u0648\u0627\u0635\u0641\u0627\u062a: 350\/550\/850\/1800\/2800ml<br>\u0627\u0644\u0637\u0644\u0627\u0621 \u0627\u0644\u0646\u0647\u0627\u0626\u064a: \u0645\u0637\u0644\u064a \u0628\u0627\u0644\u0643\u0647\u0631\u0628\u0627\u0621 \u063a\u064a\u0631 \u0644\u0627\u0645\u0639<br>\u0627\u0644\u062d\u062c\u0645: 350 \u0645\u0644 - 5 \u00d7 11.5 \u00d7 11.5 \u00d7 15 \u0633\u0645;<br>        550 \u0645\u0644 \u00d7 6 \u00d7 13 \u00d7 17 \u0633\u0645;<br>        850ml-6.5\u00d714.5\u00d719.5cm; <br>        1800\u0645-8\u00d718\u00d718\u00d723 \u0633\u0645; <br>        2800 \u0645\u0644 - 11.5 \u00d7 11.5 \u00d7 18 \u00d7 23 \u0633\u0645;<br>\u0645\u0648\u0643 500 \u0642\u0637\u0639\u0629<\/p>\n<\/div>\n\n\n\n<div class=\"wp-block-column is-layout-flow wp-block-column-is-layout-flow\">\n<h3 class=\"wp-block-heading\">\u062d\u0627\u0648\u064a\u0629 \u062a\u062e\u0632\u064a\u0646 \u0627\u0644\u0637\u0639\u0627\u0645 \u0627\u0644\u0645\u062e\u0635\u0635\u0629<\/h3>\n\n\n\n<p>\u0627\u0644\u0634\u0639\u0627\u0631: \u0642\u0645 \u0628\u062a\u062e\u0635\u064a\u0635 \u0634\u0639\u0627\u0631 \u0639\u0644\u0627\u0645\u062a\u0643 \u0627\u0644\u062a\u062c\u0627\u0631\u064a\u0629<br>\u0643\u0645\u064a\u0629 \u0627\u0644\u0637\u0644\u0628 500 \u0642\u0637\u0639\u0629<br><strong><a href=\"https:\/\/www.purecook.com\/ar\/%d8%ad%d9%84-%d9%85%d8%ae%d8%b5%d8%b5-2\/\" target=\"_blank\" rel=\"noreferrer noopener\">\u062d\u0644\u0648\u0644 \u0645\u062e\u0635\u0635\u0629 \u0644\u0645\u0635\u0646\u0639\u064a \u0627\u0644\u0645\u0639\u062f\u0627\u062a \u0627\u0644\u0623\u0635\u0644\u064a\u0629 \u0648\u0623\u0648\u062f\u064a\u0625\u0645 \u062d\u0633\u0628 \u0627\u0644\u0637\u0644\u0628<\/a><\/strong><\/p>\n<\/div>\n<\/div>\n\n\n\n<div class=\"wp-block-columns is-layout-flex wp-container-core-columns-is-layout-9d6595d7 wp-block-columns-is-layout-flex\">\n<div class=\"wp-block-column is-layout-flow wp-block-column-is-layout-flow\">\n<figure class=\"wp-block-image size-full\"><img decoding=\"async\" width=\"800\" height=\"800\" src=\"https:\/\/purecook.com\/wp-content\/uploads\/2024\/05\/bulk-food-storage-containers-wholesale-3.webp\" alt=\"\u062d\u0627\u0648\u064a\u0627\u062a \u062a\u062e\u0632\u064a\u0646 \u0627\u0644\u0637\u0639\u0627\u0645 \u0628\u0627\u0644\u062c\u0645\u0644\u0629\" class=\"wp-image-2320\" srcset=\"https:\/\/www.purecook.com\/wp-content\/uploads\/2024\/05\/bulk-food-storage-containers-wholesale-3.webp 800w, https:\/\/www.purecook.com\/wp-content\/uploads\/2024\/05\/bulk-food-storage-containers-wholesale-3-300x300.webp 300w, https:\/\/www.purecook.com\/wp-content\/uploads\/2024\/05\/bulk-food-storage-containers-wholesale-3-150x150.webp 150w, https:\/\/www.purecook.com\/wp-content\/uploads\/2024\/05\/bulk-food-storage-containers-wholesale-3-768x768.webp 768w, https:\/\/www.purecook.com\/wp-content\/uploads\/2024\/05\/bulk-food-storage-containers-wholesale-3-600x600.webp 600w, https:\/\/www.purecook.com\/wp-content\/uploads\/2024\/05\/bulk-food-storage-containers-wholesale-3-100x100.webp 100w\" sizes=\"(max-width: 800px) 100vw, 800px\" \/><\/figure>\n<\/div>\n\n\n\n<div class=\"wp-block-column is-layout-flow wp-block-column-is-layout-flow\">\n<figure class=\"wp-block-image size-full\"><img decoding=\"async\" width=\"800\" height=\"800\" src=\"https:\/\/purecook.com\/wp-content\/uploads\/2024\/05\/bulk-food-storage-containers-wholesale-2.webp\" alt=\"\u062d\u0627\u0648\u064a\u0627\u062a \u062a\u062e\u0632\u064a\u0646 \u0627\u0644\u0637\u0639\u0627\u0645 \u0628\u0627\u0644\u062c\u0645\u0644\u0629\" class=\"wp-image-2319\" srcset=\"https:\/\/www.purecook.com\/wp-content\/uploads\/2024\/05\/bulk-food-storage-containers-wholesale-2.webp 800w, https:\/\/www.purecook.com\/wp-content\/uploads\/2024\/05\/bulk-food-storage-containers-wholesale-2-300x300.webp 300w, https:\/\/www.purecook.com\/wp-content\/uploads\/2024\/05\/bulk-food-storage-containers-wholesale-2-150x150.webp 150w, https:\/\/www.purecook.com\/wp-content\/uploads\/2024\/05\/bulk-food-storage-containers-wholesale-2-768x768.webp 768w, https:\/\/www.purecook.com\/wp-content\/uploads\/2024\/05\/bulk-food-storage-containers-wholesale-2-600x600.webp 600w, https:\/\/www.purecook.com\/wp-content\/uploads\/2024\/05\/bulk-food-storage-containers-wholesale-2-100x100.webp 100w\" sizes=\"(max-width: 800px) 100vw, 800px\" \/><\/figure>\n<\/div>\n<\/div>","protected":false},"excerpt":{"rendered":"<p>\u062d\u0627\u0648\u064a\u0627\u062a \u062a\u062e\u0632\u064a\u0646 \u0627\u0644\u0637\u0639\u0627\u0645 \u0628\u0627\u0644\u062c\u0645\u0644\u0629\u060c \u062a\u062a\u0648\u0641\u0631 \u062d\u0627\u0648\u064a\u0627\u062a \u062a\u062e\u0632\u064a\u0646 \u0627\u0644\u0637\u0639\u0627\u0645 \u0628\u0623\u062d\u062c\u0627\u0645 \u0645\u062a\u0646\u0648\u0639\u0629 \u0644\u062a\u0644\u0628\u064a\u0629 \u0627\u062d\u062a\u064a\u0627\u062c\u0627\u062a \u062a\u062e\u0632\u064a\u0646 \u0627\u0644\u0637\u0639\u0627\u0645 \u0627\u0644\u0645\u062e\u062a\u0644\u0641\u0629. \u062a\u0636\u0645\u0646 \u0627\u0644\u0623\u0642\u0641\u0627\u0644 \u0648\u0627\u0644\u0623\u062e\u062a\u0627\u0645 \u0627\u0644\u0642\u0648\u064a\u0629 \u0623\u0646 \u0627\u0644\u062d\u0627\u0648\u064a\u0629 \u062a\u0645\u0646\u0639 \u0627\u0644\u062a\u0633\u0631\u0628 \u0628\u0634\u0643\u0644 \u0641\u0639\u0627\u0644. \u0648\u064a\u0645\u0643\u0646\u0647\u0627 \u062a\u062e\u0632\u064a\u0646 \u0627\u0644\u062d\u0628\u0648\u0628 \u0623\u0648 \u0627\u0644\u0645\u0643\u0633\u0631\u0627\u062a \u0623\u0648 \u0627\u0644\u0648\u062c\u0628\u0627\u062a \u0627\u0644\u062e\u0641\u064a\u0641\u0629 \u0623\u0648 \u0627\u0644\u0623\u0637\u0639\u0645\u0629 \u0627\u0644\u0633\u0627\u0626\u0644\u0629. \u0646\u062d\u0646 \u0645\u0635\u0646\u0650\u0651\u0639\u0648\u0646 \u0644\u062d\u0627\u0648\u064a\u0627\u062a \u062a\u062e\u0632\u064a\u0646 \u0627\u0644\u0637\u0639\u0627\u0645 \u0646\u0642\u062f\u0645 \u062e\u062f\u0645\u0627\u062a \u0645\u062e\u0635\u0635\u0629 \u0648\u0646\u0639\u0631\u0636 \u062d\u0627\u0648\u064a\u0627\u062a \u062a\u062e\u0632\u064a\u0646 \u0627\u0644\u0637\u0639\u0627\u0645 \u0628\u0627\u0644\u062c\u0645\u0644\u0629.<strong>\u0627\u0644\u0644\u0648\u0646<\/strong>, <strong>\u0627\u0644\u062d\u062c\u0645<\/strong> \u0648 <strong>\u0646\u0645\u0637 \u0627\u0644\u0637\u0628\u0627\u0639\u0629<\/strong> \u064a\u0645\u0643\u0646 \u062a\u0639\u062f\u064a\u0644\u0647\u0627 \u0644\u062a\u0646\u0627\u0633\u0628 \u0627\u062d\u062a\u064a\u0627\u062c\u0627\u062a\u0643.<\/p>\n<h2>\u0645\u064a\u0632\u0627\u062a \u0648\u0641\u0648\u0627\u0626\u062f \u062d\u0627\u0648\u064a\u0629 \u062a\u062e\u0632\u064a\u0646 \u0627\u0644\u0637\u0639\u0627\u0645<\/h2>\n<p>\u0645\u062d\u0643\u0645 \u0627\u0644\u0625\u063a\u0644\u0627\u0642 - \u062e\u0627\u0644\u064d \u0645\u0646 \u0627\u0644\u0645\u0648\u0627\u062f \u0627\u0644\u0643\u064a\u0645\u064a\u0627\u0626\u064a\u0629 - \u062e\u0627\u0644\u064d \u0645\u0646 \u0645\u0627\u062f\u0629 bpa - \u0642\u0644\u0644 \u0645\u0646 \u0648\u0642\u062a \u062a\u0646\u0638\u064a\u0641 \u0627\u0644\u0645\u0637\u0628\u062e\u060c \u0648\u0627\u0644\u062a\u0632\u0645 \u0628\u0646\u0645\u0637 \u062d\u064a\u0627\u062a\u0643 \u0627\u0644\u0643\u064a\u062a\u0648\u0646\u064a \u0645\u0646 \u062e\u0644\u0627\u0644 \u0625\u0639\u062f\u0627\u062f \u0648\u062c\u0628\u0627\u062a \u0635\u062d\u064a\u0629 \u0645\u0633\u0628\u0642\u064b\u0627!<\/p>\n<p>\u0642\u0627\u0628\u0644\u0629 \u0644\u0644\u062a\u0643\u062f\u064a\u0633 \u0648\u0630\u0643\u064a\u0629: \u0648\u0641\u0631\u064a \u0627\u0644\u0645\u0627\u0644 - \u0648\u0641\u0631\u064a \u0627\u0644\u0645\u0633\u0627\u062d\u0629 - \u0648\u0641\u0631\u064a \u0639\u0642\u0644\u0643 - \u062d\u0627\u0648\u064a\u0627\u062a \u0627\u0644\u063a\u062f\u0627\u0621 \u0627\u0644\u0645\u0635\u0646\u0648\u0639\u0629 \u0645\u0646 \u0627\u0644\u0641\u0648\u0644\u0627\u0630 \u0627\u0644\u0645\u0642\u0627\u0648\u0645 \u0644\u0644\u0635\u062f\u0623 \u062a\u0648\u0641\u0631 \u0644\u0643 \u0627\u0644\u0645\u0627\u0644 \u0648\u0627\u0644\u0645\u0633\u0627\u062d\u0629 \u0628\u064a\u0646\u0645\u0627 \u062a\u0633\u0647\u0644 \u0639\u0644\u0649 \u0627\u0644\u0623\u0637\u0641\u0627\u0644 \u0627\u0644\u0648\u0635\u0648\u0644 \u0625\u0644\u0649 \u0627\u0644\u0648\u062c\u0628\u0627\u062a \u0627\u0644\u062e\u0641\u064a\u0641\u0629 \u0648\u0648\u062c\u0628\u0627\u062a \u0627\u0644\u063a\u062f\u0627\u0621 \u0648\u0627\u0644\u0648\u062c\u0628\u0627\u062a \u0623\u062b\u0646\u0627\u0621 \u0627\u0644\u062a\u0646\u0642\u0644. \u062a\u064f\u0639\u062f \u0635\u0646\u0627\u062f\u064a\u0642 \u0628\u064a\u0646\u062a\u0648 \u0627\u0644\u0623\u0635\u063a\u0631 \u062d\u062c\u0645\u064b\u0627 \u0631\u0627\u0626\u0639\u0629 \u0643\u062d\u0627\u0648\u064a\u0627\u062a \u0644\u0635\u0646\u0627\u062f\u064a\u0642 \u0627\u0644\u063a\u062f\u0627\u0621 \u0623\u0648 \u0641\u064a \u0627\u0644\u0645\u0628\u0631\u062f \u0623\u0648 \u0641\u064a \u062d\u0641\u0644\u0627\u062a \u0627\u0644\u062a\u0646\u0632\u0647!<\/p>\n<p>\u0633\u0647\u0644\u0629 \u0627\u0644\u062a\u0646\u0638\u064a\u0641 - \u0622\u0645\u0646\u0629 \u0644\u0644\u063a\u0633\u0644 \u0641\u064a \u063a\u0633\u0627\u0644\u0629 \u0627\u0644\u0635\u062d\u0648\u0646 - \u0637\u0627\u0631\u062f\u0629 \u0644\u0644\u0637\u0639\u0645 \u0648\u0627\u0644\u0631\u0627\u0626\u062d\u0629 \u0644\u0623\u0646\u0647\u0627 \u0645\u0635\u0646\u0648\u0639\u0629 \u0645\u0646 \u0627\u0644\u0641\u0648\u0644\u0627\u0630 \u0627\u0644\u0645\u0642\u0627\u0648\u0645 \u0644\u0644\u0635\u062f\u0623\u060c \u064a\u0645\u0643\u0646 \u0648\u0636\u0639 \u0627\u0644\u062d\u0627\u0648\u064a\u0627\u062a \u0628\u0633\u0647\u0648\u0644\u0629 \u0641\u064a \u0627\u0644\u0631\u0641 \u0627\u0644\u0639\u0644\u0648\u064a \u0644\u063a\u0633\u0627\u0644\u0629 \u0627\u0644\u0635\u062d\u0648\u0646. \u062a\u0642\u0646\u064a\u0629 \u0637\u0627\u0631\u062f\u0629 \u0644\u0644\u0631\u0648\u0627\u0626\u062d \u0627\u0644\u0643\u0631\u064a\u0647\u0629 \u0648\u0627\u0644\u0645\u0630\u0627\u0642 \u062a\u0639\u0646\u064a \u0623\u0646 \u062d\u0627\u0648\u064a\u0627\u062a \u062a\u062e\u0632\u064a\u0646 \u0627\u0644\u0637\u0639\u0627\u0645 \u0627\u0644\u062e\u0627\u0635\u0629 \u0628\u0643 \u062a\u062e\u0631\u062c \u0628\u0631\u0627\u0626\u062d\u0629 \u0637\u0627\u0632\u062c\u0629 \u0648\u0646\u0638\u064a\u0641\u0629 \u0643\u0645\u0627 \u0644\u0648 \u0643\u0646\u062a \u0642\u062f \u0641\u062a\u062d\u062a \u0627\u0644\u0639\u0644\u0628\u0629.<\/p>\n<p>\u0645\u062b\u0627\u0644\u064a\u0629 \u0644\u062a\u062c\u0645\u0639\u0627\u062a \u0627\u0644\u0639\u0627\u0626\u0644\u0629 \u0648\u0627\u0644\u0623\u0635\u062f\u0642\u0627\u0621. \u0644\u0644\u0646\u0632\u0647\u0627\u062a\u060c \u0648\u0628\u0642\u0627\u064a\u0627 \u0627\u0644\u0637\u0639\u0627\u0645\u060c \u0648\u0643\u0623\u0648\u0639\u064a\u0629 \u0644\u0644\u0633\u0641\u0631 \u0623\u064a\u0636\u0627\u064b. \u062d\u064a\u062b \u064a\u0645\u0643\u0646\u0643 \u0648\u0636\u0639\u0647\u0627 \u0641\u064a \u0623\u064a \u0645\u0643\u0627\u0646! \u062d\u0642\u064a\u0628\u0629 \u0638\u0647\u0631\u060c \u062d\u0642\u064a\u0628\u0629 \u063a\u062f\u0627\u0621!<\/p>\n<p>\u0639\u0631\u0636 \u062d\u0627\u0648\u064a\u0627\u062a \u062a\u062e\u0632\u064a\u0646 \u0627\u0644\u0637\u0639\u0627\u0645 \u0628\u0627\u0644\u062c\u0645\u0644\u0629.<\/p>\n<p>&nbsp;<\/p>","protected":false},"featured_media":2319,"comment_status":"closed","ping_status":"closed","template":"","meta":{"_acf_changed":false},"product_brand":[],"product_cat":[25,51],"product_tag":[],"class_list":{"0":"post-2314","1":"product","2":"type-product","3":"status-publish","4":"has-post-thumbnail","6":"product_cat-food-storage","7":"product_cat-dinnerware","9":"first","10":"instock","11":"shipping-taxable","12":"product-type-simple"},"acf":[],"_links":{"self":[{"href":"https:\/\/www.purecook.com\/ar\/wp-json\/wp\/v2\/product\/2314","targetHints":{"allow":["GET"]}}],"collection":[{"href":"https:\/\/www.purecook.com\/ar\/wp-json\/wp\/v2\/product"}],"about":[{"href":"https:\/\/www.purecook.com\/ar\/wp-json\/wp\/v2\/types\/product"}],"replies":[{"embeddable":true,"href":"https:\/\/www.purecook.com\/ar\/wp-json\/wp\/v2\/comments?post=2314"}],"wp:featuredmedia":[{"embeddable":true,"href":"https:\/\/www.purecook.com\/ar\/wp-json\/wp\/v2\/media\/2319"}],"wp:attachment":[{"href":"https:\/\/www.purecook.com\/ar\/wp-json\/wp\/v2\/media?parent=2314"}],"wp:term":[{"taxonomy":"product_brand","embeddable":true,"href":"https:\/\/www.purecook.com\/ar\/wp-json\/wp\/v2\/product_brand?post=2314"},{"taxonomy":"product_cat","embeddable":true,"href":"https:\/\/www.purecook.com\/ar\/wp-json\/wp\/v2\/product_cat?post=2314"},{"taxonomy":"product_tag","embeddable":true,"href":"https:\/\/www.purecook.com\/ar\/wp-json\/wp\/v2\/product_tag?post=2314"}],"curies":[{"name":"\u062f\u0628\u0644\u064a\u0648 \u0628\u064a","href":"https:\/\/api.w.org\/{rel}","templated":true}]}}