{"id":5785,"date":"2026-04-14T17:18:47","date_gmt":"2026-04-14T09:18:47","guid":{"rendered":"https:\/\/www.purecook.com\/?post_type=product&#038;p=5785"},"modified":"2026-04-14T18:10:41","modified_gmt":"2026-04-14T10:10:41","slug":"wholesale-high-quality-retro-stainless-steel-serving-plate","status":"publish","type":"product","link":"https:\/\/www.purecook.com\/ar\/product\/wholesale-high-quality-retro-stainless-steel-serving-plate\/","title":{"rendered":"Wholesale High-quality Retro-style Stainless Steel Serving Plate"},"content":{"rendered":"<div class=\"wp-block-columns is-layout-flex wp-container-core-columns-is-layout-9d6595d7 wp-block-columns-is-layout-flex\">\n<div class=\"wp-block-column is-layout-flow wp-block-column-is-layout-flow\">\n<h3 class=\"wp-block-heading\">\u0645\u0639\u0644\u0645\u0627\u062a \u0644\u0648\u062d\u0629 \u0627\u0644\u0641\u0648\u0644\u0627\u0630 \u0627\u0644\u0645\u0642\u0627\u0648\u0645 \u0644\u0644\u0635\u062f\u0623 \u0630\u0627\u062a \u0627\u0644\u0637\u0631\u0627\u0632 \u0627\u0644\u0642\u062f\u064a\u0645<\/h3>\n\n\n\n<p><strong>\u0627\u0644\u0645\u0627\u062f\u0629:<\/strong> \u0641\u0648\u0644\u0627\u0630 \u0645\u0642\u0627\u0648\u0645 \u0644\u0644\u0635\u062f\u0623 304<br><strong>\u0627\u0644\u0633\u0645\u0627\u0643\u0629 \u0627\u0644\u0639\u0627\u062f\u064a\u0629<\/strong>: 0.8 \/ 1 \/ 1.1mm<br><strong>\u0627\u0644\u0634\u0639\u0627\u0631: <\/strong>\u0637\u0628\u0627\u0639\u0629 \u0627\u0644\u0634\u0627\u0634\u0629 \/ \u0646\u0642\u0634 \u0628\u0627\u0644\u0644\u064a\u0632\u0631 \/ \u0646\u0642\u0634 \u0628\u0627\u0644\u0644\u064a\u0632\u0631 \/ \u062e\u062a\u0645 \u0645\u0646\u0642\u0648\u0634<br><strong>\u0627\u0644\u062d\u062c\u0645: <\/strong><br>23 \u00d7 13.5 \u00d7 1.5 cm<br>27 \u00d7 15 \u00d7 1.5 cm<br>33 \u00d7 16.5 \u00d7 1.5 cm<br>37 \u00d7 20 \u00d7 1.5 cm<br>41 \u00d7 23 \u00d7 1.5 cm<br>45 \u00d7 25.5 \u00d7 1.7 cm<br>49 \u00d7 28.5 \u00d7 1.9 cm<br><strong>\u0627\u0644\u0648\u0632\u0646 \u0627\u0644\u0625\u062c\u0645\u0627\u0644\u064a: <\/strong>\u0623\u0642\u0644 \u0645\u0646 1.2 \u0643\u062c\u0645<\/p>\n<\/div>\n\n\n\n<div class=\"wp-block-column is-layout-flow wp-block-column-is-layout-flow\">\n<h3 class=\"wp-block-heading\">\u062e\u064a\u0627\u0631\u0627\u062a \u0623\u062f\u0648\u0627\u062a \u0627\u0644\u0645\u0637\u0628\u062e \u0627\u0644\u0645\u062e\u0635\u0635\u0629<\/h3>\n\n\n\n<p><strong>\u0627\u0644\u0634\u0639\u0627\u0631:<\/strong> \u0642\u0627\u0628\u0644 \u0644\u0644\u062a\u062e\u0635\u064a\u0635 \u0628\u0634\u0639\u0627\u0631 \u0639\u0644\u0627\u0645\u062a\u0643 \u0627\u0644\u062a\u062c\u0627\u0631\u064a\u0629<br><strong>\u0627\u0644\u062a\u0639\u0628\u0626\u0629 \u0648\u0627\u0644\u062a\u063a\u0644\u064a\u0641:<\/strong>&nbsp;\u0635\u0646\u062f\u0648\u0642 \u0623\u0644\u0648\u0627\u0646\/\u0643\u0631\u062a\u0648\u0646 \u0645\u0644\u0648\u0646\u060c \u0625\u0644\u062e<\/p>\n<\/div>\n<\/div>\n\n\n\n<div class=\"wp-block-columns is-layout-flex wp-container-core-columns-is-layout-9d6595d7 wp-block-columns-is-layout-flex\">\n<div class=\"wp-block-column is-layout-flow wp-block-column-is-layout-flow\"><\/div>\n\n\n\n<div class=\"wp-block-column is-layout-flow wp-block-column-is-layout-flow\"><\/div>\n<\/div>","protected":false},"excerpt":{"rendered":"<p>These wholesale stainless steel serving plates feature an aged finish with a matte, non-reflective surface that hides fingerprints and scratches better than traditional mirror-polished steel. Their unique look and durability make them ideal for high-traffic environments such as cafes, bars, and pubs, as well as rugged outdoor settings like campsites or campground resorts.<\/p>\n<h2>\u0645\u064a\u0632\u0627\u062a \u0623\u0644\u0648\u0627\u062d \u0627\u0644\u0641\u0648\u0644\u0627\u0630 \u0627\u0644\u0645\u0642\u0627\u0648\u0645 \u0644\u0644\u0635\u062f\u0623 \u0630\u0627\u062a \u0627\u0644\u0637\u0631\u0627\u0632 \u0627\u0644\u0642\u062f\u064a\u0645<\/h2>\n<p><strong>Unique Aesthetic Finish:<\/strong> The matte, distressed finish gives these serving plates a sophisticated industrial look, perfectly complementing modern interior design and outdoor aesthetics.<\/p>\n<p><strong>Optimized Space-Saving Design:<\/strong> These trays feature a tapered, stackable geometry designed for maximum efficiency in storage and transport.<\/p>\n<p><strong>Versatile Applications:<\/strong> These stackable serving plates are ideal for restaurant settings, serving appetizers, fries, chicken nuggets, and more. Their robust design also makes them perfect for the outdoor and camping markets.<\/p>\n<p><strong>Two Classic Colors:<\/strong> Available in matte silver and elegant gold, this collection is designed for modern dining tables, combining minimalist aesthetics with practicality to enhance the overall dining experience and visual appeal.<\/p>\n<p>&nbsp;<\/p>\n<p>\n<script src=\"chrome-extension:\/\/fpelahbljekknahkcaegamhcndkfpfnc\/iFrame.js\" type=\"text\/javascript\"><\/script><\/p>","protected":false},"featured_media":5786,"comment_status":"closed","ping_status":"closed","template":"","meta":{"_acf_changed":false},"product_brand":[],"product_cat":[51,55],"product_tag":[],"class_list":{"0":"post-5785","1":"product","2":"type-product","3":"status-publish","4":"has-post-thumbnail","6":"product_cat-dinnerware","7":"product_cat-dish-and-plate","9":"first","10":"instock","11":"shipping-taxable","12":"product-type-simple"},"acf":[],"_links":{"self":[{"href":"https:\/\/www.purecook.com\/ar\/wp-json\/wp\/v2\/product\/5785","targetHints":{"allow":["GET"]}}],"collection":[{"href":"https:\/\/www.purecook.com\/ar\/wp-json\/wp\/v2\/product"}],"about":[{"href":"https:\/\/www.purecook.com\/ar\/wp-json\/wp\/v2\/types\/product"}],"replies":[{"embeddable":true,"href":"https:\/\/www.purecook.com\/ar\/wp-json\/wp\/v2\/comments?post=5785"}],"wp:featuredmedia":[{"embeddable":true,"href":"https:\/\/www.purecook.com\/ar\/wp-json\/wp\/v2\/media\/5786"}],"wp:attachment":[{"href":"https:\/\/www.purecook.com\/ar\/wp-json\/wp\/v2\/media?parent=5785"}],"wp:term":[{"taxonomy":"product_brand","embeddable":true,"href":"https:\/\/www.purecook.com\/ar\/wp-json\/wp\/v2\/product_brand?post=5785"},{"taxonomy":"product_cat","embeddable":true,"href":"https:\/\/www.purecook.com\/ar\/wp-json\/wp\/v2\/product_cat?post=5785"},{"taxonomy":"product_tag","embeddable":true,"href":"https:\/\/www.purecook.com\/ar\/wp-json\/wp\/v2\/product_tag?post=5785"}],"curies":[{"name":"\u062f\u0628\u0644\u064a\u0648 \u0628\u064a","href":"https:\/\/api.w.org\/{rel}","templated":true}]}}