{"id":1994,"date":"2024-05-16T11:40:31","date_gmt":"2024-05-16T03:40:31","guid":{"rendered":"https:\/\/purecook.com\/?post_type=product&#038;p=1994"},"modified":"2025-04-27T17:41:35","modified_gmt":"2025-04-27T09:41:35","slug":"wholesale-non-stick-honeycomb-frying-pan-non-toxic-and-easy-to-clean","status":"publish","type":"product","link":"https:\/\/www.purecook.com\/de\/product\/wholesale-non-stick-honeycomb-frying-pan-non-toxic-and-easy-to-clean\/","title":{"rendered":"Gro\u00dfhandel Non-Stick Honeycomb Bratpfanne Ungiftig und leicht zu reinigen"},"content":{"rendered":"<div class=\"wp-block-columns is-layout-flex wp-container-core-columns-is-layout-9d6595d7 wp-block-columns-is-layout-flex\">\n<div class=\"wp-block-column is-layout-flow wp-block-column-is-layout-flow\">\n<h3 class=\"wp-block-heading\">Parameter der Wabenbratpfanne<\/h3>\n\n\n\n<p><strong>Modellnummer:tcjg1<\/strong><br>Material: Dreischichtiger Stahl (SUS304+ ALU+SUS430)<br>Abdeckung: keine Abdeckung<br>Normale Dicke:2,3mm<br>Spezifikation: 22cm\/24cm\/26cm\/28cm\/30cm<br>Logo: Siebdruck\/Lasergravur\/Pr\u00e4gestempel<br>MOQ:120S\u00e4tze<\/p>\n<\/div>\n\n\n\n<div class=\"wp-block-column is-layout-flow wp-block-column-is-layout-flow\">\n<h3 class=\"wp-block-heading\">Individuelle Wabenbratpfanne<\/h3>\n\n\n\n<p>Logo:individuelles Logo Ihrer Marke<br>Verpackung: Farbkasten\/Karton, etc.<br>Bratpfannen werden oft ohne Deckel verkauft. Wenn Sie einen Deckel hinzuf\u00fcgen m\u00fcssen, k\u00f6nnen Sie es anpassen. <br>Individuell gestaltete Farbk\u00e4sten m\u00fcssen mehr als 1000 pro Modell betragen.<br><strong><a href=\"https:\/\/www.purecook.com\/de\/custom-solution\/\" target=\"_blank\" rel=\"noreferrer noopener\">OEM &amp; ODM Kundenspezifische L\u00f6sungen<\/a><\/strong><\/p>\n<\/div>\n<\/div>\n\n\n\n<div class=\"wp-block-columns is-layout-flex wp-container-core-columns-is-layout-9d6595d7 wp-block-columns-is-layout-flex\">\n<div class=\"wp-block-column is-layout-flow wp-block-column-is-layout-flow\">\n<figure class=\"wp-block-image size-full\"><img decoding=\"async\" width=\"800\" height=\"800\" src=\"https:\/\/purecook.com\/wp-content\/uploads\/2024\/05\/honeycomb-frying-Pan-7.webp\" alt=\"Wabenbratpfanne (7)\" class=\"wp-image-2000\" srcset=\"https:\/\/www.purecook.com\/wp-content\/uploads\/2024\/05\/honeycomb-frying-Pan-7.webp 800w, https:\/\/www.purecook.com\/wp-content\/uploads\/2024\/05\/honeycomb-frying-Pan-7-300x300.webp 300w, https:\/\/www.purecook.com\/wp-content\/uploads\/2024\/05\/honeycomb-frying-Pan-7-150x150.webp 150w, https:\/\/www.purecook.com\/wp-content\/uploads\/2024\/05\/honeycomb-frying-Pan-7-768x768.webp 768w, https:\/\/www.purecook.com\/wp-content\/uploads\/2024\/05\/honeycomb-frying-Pan-7-600x600.webp 600w, https:\/\/www.purecook.com\/wp-content\/uploads\/2024\/05\/honeycomb-frying-Pan-7-100x100.webp 100w\" sizes=\"(max-width: 800px) 100vw, 800px\" \/><\/figure>\n<\/div>\n\n\n\n<div class=\"wp-block-column is-layout-flow wp-block-column-is-layout-flow\">\n<figure class=\"wp-block-image size-full\"><img decoding=\"async\" width=\"800\" height=\"800\" src=\"https:\/\/purecook.com\/wp-content\/uploads\/2024\/05\/honeycomb-frying-Pan-2.webp\" alt=\"Wabenbratpfanne (2)\" class=\"wp-image-1996\" srcset=\"https:\/\/www.purecook.com\/wp-content\/uploads\/2024\/05\/honeycomb-frying-Pan-2.webp 800w, https:\/\/www.purecook.com\/wp-content\/uploads\/2024\/05\/honeycomb-frying-Pan-2-300x300.webp 300w, https:\/\/www.purecook.com\/wp-content\/uploads\/2024\/05\/honeycomb-frying-Pan-2-150x150.webp 150w, https:\/\/www.purecook.com\/wp-content\/uploads\/2024\/05\/honeycomb-frying-Pan-2-768x768.webp 768w, https:\/\/www.purecook.com\/wp-content\/uploads\/2024\/05\/honeycomb-frying-Pan-2-600x600.webp 600w, https:\/\/www.purecook.com\/wp-content\/uploads\/2024\/05\/honeycomb-frying-Pan-2-100x100.webp 100w\" sizes=\"(max-width: 800px) 100vw, 800px\" \/><\/figure>\n<\/div>\n<\/div>","protected":false},"excerpt":{"rendered":"<p>Hergestellt aus drei Schichten aus rostfreiem Stahl, hat es eine gute W\u00e4rmeleitf\u00e4higkeit und gleichm\u00e4\u00dfige Erw\u00e4rmung, so dass Sie k\u00f6stliche Mahlzeiten zu kochen. Klebt nicht an Lebensmitteln, leicht zu reinigen, geeignet f\u00fcr den Einsatz in Wohnungen, Restaurants und anderen Orten.<\/p>\n<h2>Merkmal der Wabenbratpfanne<\/h2>\n<p>Hochwertiger Edelstahl: Die Pfanne besteht aus einem mehrschichtigen Material (sus304+ alu+sus430), das Langlebigkeit, Korrosionsbest\u00e4ndigkeit und eine hervorragende W\u00e4rme\u00fcbertragung f\u00fcr schnelles Erhitzen und gleichm\u00e4\u00dfige Kochergebnisse gew\u00e4hrleistet.<\/p>\n<p>Antihaftbeschichtung: Die hochwertige, umweltfreundliche und ungiftige Antihaftbeschichtung l\u00e4sst sich m\u00fchelos kochen und reinigen, verhindert das Anhaften von Speisen und sorgt bei jedem Kochvorgang f\u00fcr eine makellose Kochfl\u00e4che.<\/p>\n<p>verst\u00e4rkter Griff: der Griff ist mit Nieten befestigt, bequem und sicher, robust und langlebig, nicht leicht zu l\u00f6sen.<\/p>\n<p>geeignet f\u00fcr verschiedene Szenarien: mit einer Vielzahl von Gr\u00f6\u00dfen zur Auswahl, ist diese Pfanne perfekt f\u00fcr die Gastronomie und den Hausgebrauch, ideal f\u00fcr die Zubereitung von Gourmet-Mahlzeiten, egal ob Sie eine gem\u00fctliche Mahlzeit zu Hause genie\u00dfen oder in einer Gro\u00dfk\u00fcche kochen, sie wird Ihren Bed\u00fcrfnissen gerecht.<\/p>\n<p>Multifunktional und leicht zu transportieren: Dieser Kocher ist leicht und tragbar und eignet sich f\u00fcr eine Vielzahl von Umgebungen, von der K\u00fcche im Haus bis zum Campingplatz im Freien, so dass Sie jederzeit und \u00fcberall Gourmetgerichte zubereiten k\u00f6nnen.<\/p>","protected":false},"featured_media":1998,"comment_status":"closed","ping_status":"closed","template":"","meta":{"_acf_changed":false},"product_brand":[],"product_cat":[24,71],"product_tag":[98],"class_list":{"0":"post-1994","1":"product","2":"type-product","3":"status-publish","4":"has-post-thumbnail","6":"product_cat-cookware","7":"product_cat-frying-pan","8":"product_tag-wholesale-home-cookware","10":"first","11":"instock","12":"shipping-taxable","13":"product-type-simple"},"acf":[],"_links":{"self":[{"href":"https:\/\/www.purecook.com\/de\/wp-json\/wp\/v2\/product\/1994","targetHints":{"allow":["GET"]}}],"collection":[{"href":"https:\/\/www.purecook.com\/de\/wp-json\/wp\/v2\/product"}],"about":[{"href":"https:\/\/www.purecook.com\/de\/wp-json\/wp\/v2\/types\/product"}],"replies":[{"embeddable":true,"href":"https:\/\/www.purecook.com\/de\/wp-json\/wp\/v2\/comments?post=1994"}],"wp:featuredmedia":[{"embeddable":true,"href":"https:\/\/www.purecook.com\/de\/wp-json\/wp\/v2\/media\/1998"}],"wp:attachment":[{"href":"https:\/\/www.purecook.com\/de\/wp-json\/wp\/v2\/media?parent=1994"}],"wp:term":[{"taxonomy":"product_brand","embeddable":true,"href":"https:\/\/www.purecook.com\/de\/wp-json\/wp\/v2\/product_brand?post=1994"},{"taxonomy":"product_cat","embeddable":true,"href":"https:\/\/www.purecook.com\/de\/wp-json\/wp\/v2\/product_cat?post=1994"},{"taxonomy":"product_tag","embeddable":true,"href":"https:\/\/www.purecook.com\/de\/wp-json\/wp\/v2\/product_tag?post=1994"}],"curies":[{"name":"wp","href":"https:\/\/api.w.org\/{rel}","templated":true}]}}