{"id":2016,"date":"2024-05-16T14:18:54","date_gmt":"2024-05-16T06:18:54","guid":{"rendered":"https:\/\/purecook.com\/?post_type=product&#038;p=2016"},"modified":"2025-08-14T16:56:05","modified_gmt":"2025-08-14T08:56:05","slug":"wholesale-food-containers","status":"publish","type":"product","link":"https:\/\/www.purecook.com\/de\/product\/wholesale-food-containers\/","title":{"rendered":"Gro\u00dfhandel Lebensmittelbeh\u00e4lter aus hochwertigem Edelstahl"},"content":{"rendered":"<div class=\"wp-block-columns is-layout-flex wp-container-core-columns-is-layout-9d6595d7 wp-block-columns-is-layout-flex\">\n<div class=\"wp-block-column is-layout-flow wp-block-column-is-layout-flow\">\n<h3 class=\"wp-block-heading\">Parameter von Lebensmittelbeh\u00e4ltern<\/h3>\n\n\n\n<p><strong>Modellnummer: ch1<\/strong><br>Material: Edelstahl\uff08SUS#304\uff09<br>Kappe: Kunststoffkappe oder Kunststoffkappe mit Silikonring<br>Spezifikationen: 450-10800 ml<br>Oberfl\u00e4che: matt<br>Farbe: stahlfarben<\/p>\n<\/div>\n\n\n\n<div class=\"wp-block-column is-layout-flow wp-block-column-is-layout-flow\">\n<h3 class=\"wp-block-heading\">Art des Lebensmittelbeh\u00e4lters<\/h3>\n\n\n\n<p>Nr.1:14\u00d710.5\u00d75cm 450ml GW:140g<br>Nr.2:18\u00d712.2\u00d717cm 1000ml GW:225g<br>Nr.3:21\u00d714.6\u00d78cm 1500ml GW:310g<br>Nr.4:25\u00d717.5\u00d710.5cm 2500ml GW:450g<br>Nr.5:28,5\u00d720\u00d729cm 3800mI GW:570g<br>Nr.6:32\u00d723\u00d710cm 5500ml GW:780g<br>Nr.7:35,5\u00d725\u00d711cm 7800ml GW:920g<br>Nr.8:40\u00d729\u00d712cm 10800ml GW:1200g<\/p>\n<\/div>\n<\/div>\n\n\n\n<div class=\"wp-block-columns is-layout-flex wp-container-core-columns-is-layout-9d6595d7 wp-block-columns-is-layout-flex\">\n<div class=\"wp-block-column is-layout-flow wp-block-column-is-layout-flow\">\n<h3 class=\"wp-block-heading\">Kundenspezifische Lebensmittelbeh\u00e4lter<\/h3>\n\n\n\n<p>Logo: Ihr eigenes Markenlogo.<br>Verpackung: Farbkasten\/Karton, etc.<br><strong><a href=\"https:\/\/www.purecook.com\/de\/custom-solution\/\" target=\"_blank\" rel=\"noreferrer noopener\">OEM &amp; ODM Kundenspezifische L\u00f6sungen<\/a><\/strong><\/p>\n<\/div>\n\n\n\n<div class=\"wp-block-column is-layout-flow wp-block-column-is-layout-flow\"><\/div>\n<\/div>\n\n\n\n<div class=\"wp-block-columns is-layout-flex wp-container-core-columns-is-layout-9d6595d7 wp-block-columns-is-layout-flex\">\n<div class=\"wp-block-column is-layout-flow wp-block-column-is-layout-flow\">\n<figure class=\"wp-block-image size-full\"><img decoding=\"async\" width=\"800\" height=\"800\" src=\"https:\/\/purecook.com\/wp-content\/uploads\/2024\/05\/wholesale-food-containers-2.webp\" alt=\"Gro\u00dfhandel mit Lebensmittelbeh\u00e4ltern\" class=\"wp-image-2019\" srcset=\"https:\/\/www.purecook.com\/wp-content\/uploads\/2024\/05\/wholesale-food-containers-2.webp 800w, https:\/\/www.purecook.com\/wp-content\/uploads\/2024\/05\/wholesale-food-containers-2-300x300.webp 300w, https:\/\/www.purecook.com\/wp-content\/uploads\/2024\/05\/wholesale-food-containers-2-150x150.webp 150w, https:\/\/www.purecook.com\/wp-content\/uploads\/2024\/05\/wholesale-food-containers-2-768x768.webp 768w, https:\/\/www.purecook.com\/wp-content\/uploads\/2024\/05\/wholesale-food-containers-2-600x600.webp 600w, https:\/\/www.purecook.com\/wp-content\/uploads\/2024\/05\/wholesale-food-containers-2-100x100.webp 100w\" sizes=\"(max-width: 800px) 100vw, 800px\" \/><\/figure>\n<\/div>\n\n\n\n<div class=\"wp-block-column is-layout-flow wp-block-column-is-layout-flow\">\n<figure class=\"wp-block-image size-full\"><img decoding=\"async\" width=\"800\" height=\"800\" src=\"https:\/\/purecook.com\/wp-content\/uploads\/2024\/05\/wholesale-food-containers-4.webp\" alt=\"Gro\u00dfhandel mit Lebensmittelbeh\u00e4ltern\" class=\"wp-image-2021\" srcset=\"https:\/\/www.purecook.com\/wp-content\/uploads\/2024\/05\/wholesale-food-containers-4.webp 800w, https:\/\/www.purecook.com\/wp-content\/uploads\/2024\/05\/wholesale-food-containers-4-300x300.webp 300w, https:\/\/www.purecook.com\/wp-content\/uploads\/2024\/05\/wholesale-food-containers-4-150x150.webp 150w, https:\/\/www.purecook.com\/wp-content\/uploads\/2024\/05\/wholesale-food-containers-4-768x768.webp 768w, https:\/\/www.purecook.com\/wp-content\/uploads\/2024\/05\/wholesale-food-containers-4-600x600.webp 600w, https:\/\/www.purecook.com\/wp-content\/uploads\/2024\/05\/wholesale-food-containers-4-100x100.webp 100w\" sizes=\"(max-width: 800px) 100vw, 800px\" \/><\/figure>\n<\/div>\n<\/div>","protected":false},"excerpt":{"rendered":"<p>Gro\u00dfhandel Edelstahl Lebensmittelbeh\u00e4lter.Edelstahl ist langlebig und korrosionsbest\u00e4ndig, und eignet sich f\u00fcr den Einsatz in kommerziellen Restaurants, Hausk\u00fcchen, Hotels und anderen Orten. Mehrere Kapazit\u00e4tsoptionen, um Ihre verschiedenen Lebensmittel Lagerung Bed\u00fcrfnisse zu erf\u00fcllen.<\/p>\n<h2>Merkmale und Vorteile von Lebensmittelbeh\u00e4ltern<\/h2>\n<p><strong>Luftdicht:<\/strong> Die Lebensmittel k\u00f6nnen nicht auslaufen und sind von der \u00e4u\u00dferen Umgebung isoliert.<\/p>\n<p><strong>Leicht zu reinigen:<\/strong> Hergestellt aus hochwertigem Edelstahl mit glatter Oberfl\u00e4che und sehr leicht zu reinigen.<\/p>\n<p><strong>Sp\u00fclmaschinenfest:<\/strong> Keine manuelle Reinigung erforderlich, die maschinelle Reinigung ist effizienter.<\/p>\n<p><strong>Stapelbar und intelligent:<\/strong> Die stapelbaren Edelstahl-Lunchboxen sparen Geld und Platz und erleichtern den Kindern den Zugriff auf Snacks, Mittagessen und Mahlzeiten f\u00fcr unterwegs. Die kleineren Bento-Boxen eignen sich hervorragend als Lunchboxen oder f\u00fcr eine K\u00fchlbox oder Picknickparty!<\/p>\n<p><strong>Kein merkw\u00fcrdiger Geruch:<\/strong> Hergestellt aus lebensmittelechtem Edelstahl, ist Edelstahl salz- und s\u00e4urebest\u00e4ndig und reagiert nicht mit Lebensmitteln.<\/p>\n<p><strong>BPA-frei<\/strong><\/p>\n<p>Perfekt f\u00fcr Familien- und Freundestreffen. F\u00fcr ein Picknick, Reste, auch als Reisebeh\u00e4lter. Denn man kann sie \u00fcberall mitnehmen! Im Rucksack, in der Brottasche!<\/p>","protected":false},"featured_media":2018,"comment_status":"closed","ping_status":"closed","template":"","meta":{"_acf_changed":false},"product_brand":[],"product_cat":[25,51],"product_tag":[],"class_list":{"0":"post-2016","1":"product","2":"type-product","3":"status-publish","4":"has-post-thumbnail","6":"product_cat-food-storage","7":"product_cat-dinnerware","9":"first","10":"instock","11":"shipping-taxable","12":"product-type-simple"},"acf":[],"_links":{"self":[{"href":"https:\/\/www.purecook.com\/de\/wp-json\/wp\/v2\/product\/2016","targetHints":{"allow":["GET"]}}],"collection":[{"href":"https:\/\/www.purecook.com\/de\/wp-json\/wp\/v2\/product"}],"about":[{"href":"https:\/\/www.purecook.com\/de\/wp-json\/wp\/v2\/types\/product"}],"replies":[{"embeddable":true,"href":"https:\/\/www.purecook.com\/de\/wp-json\/wp\/v2\/comments?post=2016"}],"wp:featuredmedia":[{"embeddable":true,"href":"https:\/\/www.purecook.com\/de\/wp-json\/wp\/v2\/media\/2018"}],"wp:attachment":[{"href":"https:\/\/www.purecook.com\/de\/wp-json\/wp\/v2\/media?parent=2016"}],"wp:term":[{"taxonomy":"product_brand","embeddable":true,"href":"https:\/\/www.purecook.com\/de\/wp-json\/wp\/v2\/product_brand?post=2016"},{"taxonomy":"product_cat","embeddable":true,"href":"https:\/\/www.purecook.com\/de\/wp-json\/wp\/v2\/product_cat?post=2016"},{"taxonomy":"product_tag","embeddable":true,"href":"https:\/\/www.purecook.com\/de\/wp-json\/wp\/v2\/product_tag?post=2016"}],"curies":[{"name":"wp","href":"https:\/\/api.w.org\/{rel}","templated":true}]}}