{"id":2030,"date":"2024-05-16T16:40:56","date_gmt":"2024-05-16T08:40:56","guid":{"rendered":"https:\/\/purecook.com\/?post_type=product&#038;p=2030"},"modified":"2025-04-27T17:40:00","modified_gmt":"2025-04-27T09:40:00","slug":"wholesale-milk-pot-petal-shaped","status":"publish","type":"product","link":"https:\/\/www.purecook.com\/de\/product\/wholesale-milk-pot-petal-shaped\/","title":{"rendered":"Gro\u00dfhandel anpassbare Edelstahl Bl\u00fctenblatt geformt Milch Topf mit gedruckten Griff"},"content":{"rendered":"<div class=\"wp-block-columns is-layout-flex wp-container-core-columns-is-layout-9d6595d7 wp-block-columns-is-layout-flex\">\n<div class=\"wp-block-column is-layout-flow wp-block-column-is-layout-flow\">\n<h3 class=\"wp-block-heading\">Parameter des Milchtopfes<\/h3>\n\n\n\n<p><strong>Modellnummer:HH-191018<\/strong><br>Material:Rostfreier Stahl<br>Geh\u00e4use:SS304<br>Deckel aus geh\u00e4rtetem Glas:SUS201+3,8mm Glas<br>Griff &amp;Deckel Zubeh\u00f6r:Bakelit(Wassertransferdruck)<br>Dicke des Geh\u00e4uses: 0,5 mm<br>Oberfl\u00e4che: Matt- oder Hochglanzpolitur (es liegt an Ihnen)<br>Abmessung: Innenseite des K\u00f6rpers<br>Gr\u00f6\u00dfe: 17,5\u00d716\u00d78,5<br>Bruttogewicht: 2kg\/St\u00fcck<br>OEM&amp;ODM:Verf\u00fcgbar<\/p>\n<\/div>\n\n\n\n<div class=\"wp-block-column is-layout-flow wp-block-column-is-layout-flow\">\n<h3 class=\"wp-block-heading\">Individueller Milchtopf<\/h3>\n\n\n\n<p>Logo:individuelles Logo Ihrer Marke<br>Verpackung: Farbkasten\/Karton, etc.<br>Griff: Griffmuster kann angepasst werden<br>Ausf\u00fchrung: Matt\/Spiegel<br>MOQ:120S\u00e4tze<br><strong><a href=\"https:\/\/www.purecook.com\/de\/custom-solution\/\" target=\"_blank\" rel=\"noreferrer noopener\">OEM &amp; ODM Kundenspezifische L\u00f6sungen<\/a><\/strong><\/p>\n<\/div>\n<\/div>\n\n\n\n<div class=\"wp-block-columns is-layout-flex wp-container-core-columns-is-layout-9d6595d7 wp-block-columns-is-layout-flex\">\n<div class=\"wp-block-column is-layout-flow wp-block-column-is-layout-flow\">\n<figure class=\"wp-block-image size-full\"><img decoding=\"async\" width=\"800\" height=\"800\" src=\"https:\/\/purecook.com\/wp-content\/uploads\/2024\/05\/custom-milk-pot-wholesale-6.webp\" alt=\"benutzerdefinierte Milchkanne Gro\u00dfhandel\" class=\"wp-image-2037\" srcset=\"https:\/\/www.purecook.com\/wp-content\/uploads\/2024\/05\/custom-milk-pot-wholesale-6.webp 800w, https:\/\/www.purecook.com\/wp-content\/uploads\/2024\/05\/custom-milk-pot-wholesale-6-300x300.webp 300w, https:\/\/www.purecook.com\/wp-content\/uploads\/2024\/05\/custom-milk-pot-wholesale-6-150x150.webp 150w, https:\/\/www.purecook.com\/wp-content\/uploads\/2024\/05\/custom-milk-pot-wholesale-6-768x768.webp 768w, https:\/\/www.purecook.com\/wp-content\/uploads\/2024\/05\/custom-milk-pot-wholesale-6-600x600.webp 600w, https:\/\/www.purecook.com\/wp-content\/uploads\/2024\/05\/custom-milk-pot-wholesale-6-100x100.webp 100w\" sizes=\"(max-width: 800px) 100vw, 800px\" \/><\/figure>\n<\/div>\n\n\n\n<div class=\"wp-block-column is-layout-flow wp-block-column-is-layout-flow\">\n<figure class=\"wp-block-image size-full\"><img decoding=\"async\" width=\"800\" height=\"800\" src=\"https:\/\/purecook.com\/wp-content\/uploads\/2024\/05\/custom-milk-pot-wholesale-3.webp\" alt=\"benutzerdefinierte Milchkanne Gro\u00dfhandel\" class=\"wp-image-2034\" srcset=\"https:\/\/www.purecook.com\/wp-content\/uploads\/2024\/05\/custom-milk-pot-wholesale-3.webp 800w, https:\/\/www.purecook.com\/wp-content\/uploads\/2024\/05\/custom-milk-pot-wholesale-3-300x300.webp 300w, https:\/\/www.purecook.com\/wp-content\/uploads\/2024\/05\/custom-milk-pot-wholesale-3-150x150.webp 150w, https:\/\/www.purecook.com\/wp-content\/uploads\/2024\/05\/custom-milk-pot-wholesale-3-768x768.webp 768w, https:\/\/www.purecook.com\/wp-content\/uploads\/2024\/05\/custom-milk-pot-wholesale-3-600x600.webp 600w, https:\/\/www.purecook.com\/wp-content\/uploads\/2024\/05\/custom-milk-pot-wholesale-3-100x100.webp 100w\" sizes=\"(max-width: 800px) 100vw, 800px\" \/><\/figure>\n<\/div>\n<\/div>","protected":false},"excerpt":{"rendered":"<p>Benutzerdefinierte Milchkanne Gro\u00dfhandel, verwendet diese Milchkanne eine dreischichtige Verbundboden, die schneller und gleichm\u00e4\u00dfiger erw\u00e4rmt. Die einzigartige bl\u00fctenblattf\u00f6rmige Rand Design macht Gie\u00dfen Milch bequemer.Unterst\u00fctzung Griffmuster Anpassung und kundenspezifische Oberfl\u00e4che ist matt oder Spiegel.<\/p>\n<h2>Eigenschaften und Vorteile des Milchtopfes<\/h2>\n<p><strong>Gesundes Material<\/strong>: 304 unbeschichtetem Edelstahl, sicher zu verwenden.<\/p>\n<p><strong>Sichtbarer Glasdeckel<\/strong>: \u00dcberwachung des Kochvorgangs in Echtzeit.<\/p>\n<p><strong>Hervorragende W\u00e4rmeleitf\u00e4higkeit<\/strong>: Dreischichtiger Verbundtopfboden, gleichm\u00e4\u00dfige W\u00e4rmeleitung, energiesparend.<\/p>\n<p><strong>Praktische Erscheinung<\/strong>: Petalf\u00f6rmige Pfannenr\u00e4nder, gleichm\u00e4\u00dfiges Ausgie\u00dfen der Polyflow-Pfannen\u00f6ffnung.<\/p>\n<p><strong>Griff mit Verbr\u00fchungsschutz<\/strong>: Bakelit Griff, weigern Sie sich, Ihre H\u00e4nde zu verbrennen, machen das Kochen entspannter.<\/p>","protected":false},"featured_media":2032,"comment_status":"closed","ping_status":"closed","template":"","meta":{"_acf_changed":false},"product_brand":[],"product_cat":[24,80],"product_tag":[98],"class_list":{"0":"post-2030","1":"product","2":"type-product","3":"status-publish","4":"has-post-thumbnail","6":"product_cat-cookware","7":"product_cat-milk-pot","8":"product_tag-wholesale-home-cookware","10":"first","11":"instock","12":"shipping-taxable","13":"product-type-simple"},"acf":[],"_links":{"self":[{"href":"https:\/\/www.purecook.com\/de\/wp-json\/wp\/v2\/product\/2030","targetHints":{"allow":["GET"]}}],"collection":[{"href":"https:\/\/www.purecook.com\/de\/wp-json\/wp\/v2\/product"}],"about":[{"href":"https:\/\/www.purecook.com\/de\/wp-json\/wp\/v2\/types\/product"}],"replies":[{"embeddable":true,"href":"https:\/\/www.purecook.com\/de\/wp-json\/wp\/v2\/comments?post=2030"}],"wp:featuredmedia":[{"embeddable":true,"href":"https:\/\/www.purecook.com\/de\/wp-json\/wp\/v2\/media\/2032"}],"wp:attachment":[{"href":"https:\/\/www.purecook.com\/de\/wp-json\/wp\/v2\/media?parent=2030"}],"wp:term":[{"taxonomy":"product_brand","embeddable":true,"href":"https:\/\/www.purecook.com\/de\/wp-json\/wp\/v2\/product_brand?post=2030"},{"taxonomy":"product_cat","embeddable":true,"href":"https:\/\/www.purecook.com\/de\/wp-json\/wp\/v2\/product_cat?post=2030"},{"taxonomy":"product_tag","embeddable":true,"href":"https:\/\/www.purecook.com\/de\/wp-json\/wp\/v2\/product_tag?post=2030"}],"curies":[{"name":"wp","href":"https:\/\/api.w.org\/{rel}","templated":true}]}}