{"id":2040,"date":"2024-05-16T17:38:14","date_gmt":"2024-05-16T09:38:14","guid":{"rendered":"https:\/\/purecook.com\/?post_type=product&#038;p=2040"},"modified":"2025-11-24T15:39:18","modified_gmt":"2025-11-24T07:39:18","slug":"groshandel-hot-dog-pfanne","status":"publish","type":"product","link":"https:\/\/www.purecook.com\/de\/product\/wholesale-hot-dog-pan\/","title":{"rendered":"Gro\u00dfhandel Lebensmittelqualit\u00e4t Edelstahl Hot Dog Pan geeignet f\u00fcr DIY Lebensmittelherstellung"},"content":{"rendered":"<div class=\"wp-block-columns is-layout-flex wp-container-core-columns-is-layout-9d6595d7 wp-block-columns-is-layout-flex\">\n<div class=\"wp-block-column is-layout-flow wp-block-column-is-layout-flow\">\n<h3 class=\"wp-block-heading\">Parameter der Hot-Dog-Pfanne<\/h3>\n\n\n\n<p>Modell: Hot Dog Pfanne<br>Material: rostfreier Stahl (SUS#304)<br>Produktgr\u00f6\u00dfe: 19\u00d711 cm <br>Verpackungsgr\u00f6\u00dfe: 19,5\u00d711,5\u00d73,5 cm<br>Ausf\u00fchrung: Matt<br>Gewicht: 154g\/St\u00fcck<br>Verpackung: Farbkarton<br>MOQ: 120 St\u00fcck<\/p>\n<\/div>\n\n\n\n<div class=\"wp-block-column is-layout-flow wp-block-column-is-layout-flow\">\n<h3 class=\"wp-block-heading\">Kundenspezifische Hot-Dog-Pfanne<\/h3>\n\n\n\n<p>Logo: Ihr eigenes Markenlogo.<br><strong><a href=\"https:\/\/www.purecook.com\/de\/custom-solution\/\" target=\"_blank\" rel=\"noreferrer noopener\">OEM &amp; ODM Kundenspezifische L\u00f6sungen<\/a><\/strong><\/p>\n<\/div>\n<\/div>\n\n\n\n<div class=\"wp-block-columns is-layout-flex wp-container-core-columns-is-layout-9d6595d7 wp-block-columns-is-layout-flex\">\n<div class=\"wp-block-column is-layout-flow wp-block-column-is-layout-flow\">\n<figure class=\"wp-block-image size-full\"><img decoding=\"async\" width=\"800\" height=\"800\" src=\"https:\/\/purecook.com\/wp-content\/uploads\/2024\/05\/wholesale-hot-dog-pan-5.webp\" alt=\"Gro\u00dfhandel Hot Dog Pfanne\" class=\"wp-image-2045\" srcset=\"https:\/\/www.purecook.com\/wp-content\/uploads\/2024\/05\/wholesale-hot-dog-pan-5.webp 800w, https:\/\/www.purecook.com\/wp-content\/uploads\/2024\/05\/wholesale-hot-dog-pan-5-300x300.webp 300w, https:\/\/www.purecook.com\/wp-content\/uploads\/2024\/05\/wholesale-hot-dog-pan-5-150x150.webp 150w, https:\/\/www.purecook.com\/wp-content\/uploads\/2024\/05\/wholesale-hot-dog-pan-5-768x768.webp 768w, https:\/\/www.purecook.com\/wp-content\/uploads\/2024\/05\/wholesale-hot-dog-pan-5-600x600.webp 600w, https:\/\/www.purecook.com\/wp-content\/uploads\/2024\/05\/wholesale-hot-dog-pan-5-100x100.webp 100w\" sizes=\"(max-width: 800px) 100vw, 800px\" \/><\/figure>\n<\/div>\n\n\n\n<div class=\"wp-block-column is-layout-flow wp-block-column-is-layout-flow\">\n<figure class=\"wp-block-image size-full\"><img decoding=\"async\" width=\"800\" height=\"800\" src=\"https:\/\/purecook.com\/wp-content\/uploads\/2024\/05\/wholesale-hot-dog-pan-2.webp\" alt=\"Gro\u00dfhandel Hot Dog Pfanne\" class=\"wp-image-2042\" srcset=\"https:\/\/www.purecook.com\/wp-content\/uploads\/2024\/05\/wholesale-hot-dog-pan-2.webp 800w, https:\/\/www.purecook.com\/wp-content\/uploads\/2024\/05\/wholesale-hot-dog-pan-2-300x300.webp 300w, https:\/\/www.purecook.com\/wp-content\/uploads\/2024\/05\/wholesale-hot-dog-pan-2-150x150.webp 150w, https:\/\/www.purecook.com\/wp-content\/uploads\/2024\/05\/wholesale-hot-dog-pan-2-768x768.webp 768w, https:\/\/www.purecook.com\/wp-content\/uploads\/2024\/05\/wholesale-hot-dog-pan-2-600x600.webp 600w, https:\/\/www.purecook.com\/wp-content\/uploads\/2024\/05\/wholesale-hot-dog-pan-2-100x100.webp 100w\" sizes=\"(max-width: 800px) 100vw, 800px\" \/><\/figure>\n<\/div>\n<\/div>","protected":false},"excerpt":{"rendered":"<p>Diese Hot-Dog-Pfanne f\u00fcr den Hausgebrauch ist aus lebensmittelechtem Edelstahl gefertigt und eignet sich f\u00fcr die Zubereitung von Dampfkuchen und Hot Dogs. Das doppelschichtige Design macht es einfacher f\u00fcr den Deckel und Boden zusammen f\u00fcr eine einfachere Lebensmittelformung zu passen.<\/p>\n<h2>Eigenschaften und Vorteile der Hot Dog Pan<\/h2>\n<p>Hochwertiges Material: Hergestellt aus hochwertigem Edelstahl, langlebig und korrosionsbest\u00e4ndig.<\/p>\n<p>Doppellagiges Design: Die Backform ist doppelschichtig aufgebaut, und die oberen und unteren Teile lassen sich leichter zusammenf\u00fcgen, was der Formgebung der Lebensmittel zugute kommt und die Produktionseffizienz verbessert.<\/p>\n<p>Multifunktional einsetzbar: geeignet zum Backen von Kuchen, Hot Dogs und anderen Lebensmitteln.<\/p>\n<p>Einfach zu benutzen: Die Innenwand ist poliert und die Lebensmittel werden nicht zerbrechen, wenn sie aus der Form kommen, was die Verwendung erleichtert.<\/p>","protected":false},"featured_media":2044,"comment_status":"closed","ping_status":"closed","template":"","meta":{"_acf_changed":false},"product_brand":[],"product_cat":[27,107],"product_tag":[],"class_list":{"0":"post-2040","1":"product","2":"type-product","3":"status-publish","4":"has-post-thumbnail","6":"product_cat-bakeware","7":"product_cat-baking-sheet","9":"first","10":"instock","11":"shipping-taxable","12":"product-type-simple"},"acf":[],"_links":{"self":[{"href":"https:\/\/www.purecook.com\/de\/wp-json\/wp\/v2\/product\/2040","targetHints":{"allow":["GET"]}}],"collection":[{"href":"https:\/\/www.purecook.com\/de\/wp-json\/wp\/v2\/product"}],"about":[{"href":"https:\/\/www.purecook.com\/de\/wp-json\/wp\/v2\/types\/product"}],"replies":[{"embeddable":true,"href":"https:\/\/www.purecook.com\/de\/wp-json\/wp\/v2\/comments?post=2040"}],"wp:featuredmedia":[{"embeddable":true,"href":"https:\/\/www.purecook.com\/de\/wp-json\/wp\/v2\/media\/2044"}],"wp:attachment":[{"href":"https:\/\/www.purecook.com\/de\/wp-json\/wp\/v2\/media?parent=2040"}],"wp:term":[{"taxonomy":"product_brand","embeddable":true,"href":"https:\/\/www.purecook.com\/de\/wp-json\/wp\/v2\/product_brand?post=2040"},{"taxonomy":"product_cat","embeddable":true,"href":"https:\/\/www.purecook.com\/de\/wp-json\/wp\/v2\/product_cat?post=2040"},{"taxonomy":"product_tag","embeddable":true,"href":"https:\/\/www.purecook.com\/de\/wp-json\/wp\/v2\/product_tag?post=2040"}],"curies":[{"name":"wp","href":"https:\/\/api.w.org\/{rel}","templated":true}]}}