{"id":2047,"date":"2024-05-16T21:46:07","date_gmt":"2024-05-16T13:46:07","guid":{"rendered":"https:\/\/purecook.com\/?post_type=product&#038;p=2047"},"modified":"2026-03-12T09:39:21","modified_gmt":"2026-03-12T01:39:21","slug":"wholesale-baking-pan","status":"publish","type":"product","link":"https:\/\/www.purecook.com\/de\/product\/wholesale-baking-pan\/","title":{"rendered":"Bratpfannen, Backpfannen Gro\u00dfhandel Verwendung f\u00fcr Gas-und Induktionskochfeld"},"content":{"rendered":"<div class=\"wp-block-columns is-layout-flex wp-container-core-columns-is-layout-9d6595d7 wp-block-columns-is-layout-flex\">\n<div class=\"wp-block-column is-layout-flow wp-block-column-is-layout-flow\">\n<h3 class=\"wp-block-heading\">Parameter von Backformen<\/h3>\n\n\n\n<p><strong>Modellname:Dreischichtige Stahl-Backform<\/strong><br>Herdplatte verwenden: Universal<br>Innen: Ungestrichen<br>Material: Dreischichtiger Stahl (SUS304+ ALU+SUS430)<br>Gr\u00f6\u00dfe: 45\u00d724,5\u00d75,5cm<br>Farbe: Stahlfarbe<br>Fassungsverm\u00f6gen: 5L<br>Gewicht: 3,0 kg\/St\u00fcck<br>Dicke: 2,0 mm<br>Verpacken: Farbe Box + Karton<br>MOQ: 500 St\u00fcck<\/p>\n<\/div>\n\n\n\n<div class=\"wp-block-column is-layout-flow wp-block-column-is-layout-flow\">\n<h3 class=\"wp-block-heading\">Individuelle Backformen<\/h3>\n\n\n\n<p>Logo: Ihr individuelles Markenlogo<br>Verpackung: Farbkasten\/Karton, etc<br>Muster: Passen Sie Ihr Muster an<br><strong><a href=\"https:\/\/www.purecook.com\/de\/custom-solution\/\" target=\"_blank\" rel=\"noreferrer noopener\">OEM &amp; ODM Kundenspezifische L\u00f6sungen<\/a><\/strong><\/p>\n<\/div>\n<\/div>\n\n\n\n<div class=\"wp-block-columns is-layout-flex wp-container-core-columns-is-layout-9d6595d7 wp-block-columns-is-layout-flex\">\n<div class=\"wp-block-column is-layout-flow wp-block-column-is-layout-flow\">\n<figure class=\"wp-block-image size-full\"><img decoding=\"async\" width=\"800\" height=\"800\" src=\"https:\/\/purecook.com\/wp-content\/uploads\/2024\/05\/custom-baking-pans-wholesale-5.webp\" alt=\"benutzerdefinierte Backformen Gro\u00dfhandel\" class=\"wp-image-2052\" srcset=\"https:\/\/www.purecook.com\/wp-content\/uploads\/2024\/05\/custom-baking-pans-wholesale-5.webp 800w, https:\/\/www.purecook.com\/wp-content\/uploads\/2024\/05\/custom-baking-pans-wholesale-5-300x300.webp 300w, https:\/\/www.purecook.com\/wp-content\/uploads\/2024\/05\/custom-baking-pans-wholesale-5-150x150.webp 150w, https:\/\/www.purecook.com\/wp-content\/uploads\/2024\/05\/custom-baking-pans-wholesale-5-768x768.webp 768w, https:\/\/www.purecook.com\/wp-content\/uploads\/2024\/05\/custom-baking-pans-wholesale-5-600x600.webp 600w, https:\/\/www.purecook.com\/wp-content\/uploads\/2024\/05\/custom-baking-pans-wholesale-5-100x100.webp 100w\" sizes=\"(max-width: 800px) 100vw, 800px\" \/><\/figure>\n<\/div>\n\n\n\n<div class=\"wp-block-column is-layout-flow wp-block-column-is-layout-flow\">\n<figure class=\"wp-block-image size-full\"><img decoding=\"async\" width=\"800\" height=\"800\" src=\"https:\/\/purecook.com\/wp-content\/uploads\/2024\/05\/custom-baking-pans-wholesale-1.webp\" alt=\"benutzerdefinierte Backformen Gro\u00dfhandel\" class=\"wp-image-2048\" srcset=\"https:\/\/www.purecook.com\/wp-content\/uploads\/2024\/05\/custom-baking-pans-wholesale-1.webp 800w, https:\/\/www.purecook.com\/wp-content\/uploads\/2024\/05\/custom-baking-pans-wholesale-1-300x300.webp 300w, https:\/\/www.purecook.com\/wp-content\/uploads\/2024\/05\/custom-baking-pans-wholesale-1-150x150.webp 150w, https:\/\/www.purecook.com\/wp-content\/uploads\/2024\/05\/custom-baking-pans-wholesale-1-768x768.webp 768w, https:\/\/www.purecook.com\/wp-content\/uploads\/2024\/05\/custom-baking-pans-wholesale-1-600x600.webp 600w, https:\/\/www.purecook.com\/wp-content\/uploads\/2024\/05\/custom-baking-pans-wholesale-1-100x100.webp 100w\" sizes=\"(max-width: 800px) 100vw, 800px\" \/><\/figure>\n<\/div>\n<\/div>","protected":false},"excerpt":{"rendered":"<p>Die Backform ist aus hochwertigem Dreischichtstahl gefertigt, der die Speisen schnell und gleichm\u00e4\u00dfig erhitzt. Au\u00dferdem hat sie den Vorteil, dass sie langlebig und korrosionsbest\u00e4ndig ist und somit den Anforderungen von Privatk\u00fcchen und professionellen Restaurants gerecht wird.\u00a0<\/p>\n<h2>Merkmale und Vorteile der Backform<\/h2>\n<p><strong>Premium-Edelstahl<\/strong>: Die Pfanne besteht aus einem mehrschichtigen Material (sus304+ alu+sus430), das Langlebigkeit, Korrosionsbest\u00e4ndigkeit und eine hervorragende W\u00e4rme\u00fcbertragung f\u00fcr schnelles Erhitzen und gleichm\u00e4\u00dfige Kochergebnisse gew\u00e4hrleistet.<\/p>\n<p><strong>Verst\u00e4rkter Griff<\/strong>: Der Griff ist mit Nieten f\u00fcr Komfort und Sicherheit, robust und langlebig, nicht leicht zu lockern befestigt.<\/p>\n<p><strong>Geeignet f\u00fcr mehrere Szenarien<\/strong>: Diese Grillplatte besteht aus drei Schichten verdicktem Material, perfekt f\u00fcr Restaurants und den Hausgebrauch, ideal f\u00fcr die Zubereitung von Gourmetgerichten, egal ob Sie eine gem\u00fctliche Mahlzeit zu Hause genie\u00dfen oder in einer Gro\u00dfk\u00fcche kochen, sie kann Ihre Bed\u00fcrfnisse erf\u00fcllen.<\/p>\n<p><strong>Gro\u00dfe Kapazit\u00e4t<\/strong>: Mit einem Fassungsverm\u00f6gen von bis zu 5 Litern eignet sich diese Grillpfanne f\u00fcr eine Vielzahl von Party-Szenarien, von Innenr\u00e4umen bis hin zu Campingpl\u00e4tzen im Freien, so dass Sie Ihr Essen jederzeit, \u00fcberall und auf jede Art zubereiten k\u00f6nnen.<\/p>\n<p>\n<script src=\"chrome-extension:\/\/fpelahbljekknahkcaegamhcndkfpfnc\/iFrame.js\" type=\"text\/javascript\"><\/script><\/p>","protected":false},"featured_media":2048,"comment_status":"closed","ping_status":"closed","template":"","meta":{"_acf_changed":false},"product_brand":[],"product_cat":[27,106],"product_tag":[],"class_list":{"0":"post-2047","1":"product","2":"type-product","3":"status-publish","4":"has-post-thumbnail","6":"product_cat-bakeware","7":"product_cat-roasting-pan","9":"first","10":"instock","11":"shipping-taxable","12":"product-type-simple"},"acf":[],"_links":{"self":[{"href":"https:\/\/www.purecook.com\/de\/wp-json\/wp\/v2\/product\/2047","targetHints":{"allow":["GET"]}}],"collection":[{"href":"https:\/\/www.purecook.com\/de\/wp-json\/wp\/v2\/product"}],"about":[{"href":"https:\/\/www.purecook.com\/de\/wp-json\/wp\/v2\/types\/product"}],"replies":[{"embeddable":true,"href":"https:\/\/www.purecook.com\/de\/wp-json\/wp\/v2\/comments?post=2047"}],"wp:featuredmedia":[{"embeddable":true,"href":"https:\/\/www.purecook.com\/de\/wp-json\/wp\/v2\/media\/2048"}],"wp:attachment":[{"href":"https:\/\/www.purecook.com\/de\/wp-json\/wp\/v2\/media?parent=2047"}],"wp:term":[{"taxonomy":"product_brand","embeddable":true,"href":"https:\/\/www.purecook.com\/de\/wp-json\/wp\/v2\/product_brand?post=2047"},{"taxonomy":"product_cat","embeddable":true,"href":"https:\/\/www.purecook.com\/de\/wp-json\/wp\/v2\/product_cat?post=2047"},{"taxonomy":"product_tag","embeddable":true,"href":"https:\/\/www.purecook.com\/de\/wp-json\/wp\/v2\/product_tag?post=2047"}],"curies":[{"name":"wp","href":"https:\/\/api.w.org\/{rel}","templated":true}]}}