{"id":2054,"date":"2024-05-16T23:23:35","date_gmt":"2024-05-16T15:23:35","guid":{"rendered":"https:\/\/purecook.com\/?post_type=product&#038;p=2054"},"modified":"2025-08-14T16:55:53","modified_gmt":"2025-08-14T08:55:53","slug":"wholesale-lunch-box-multi-compartment","status":"publish","type":"product","link":"https:\/\/www.purecook.com\/de\/product\/wholesale-lunch-box-multi-compartment\/","title":{"rendered":"Benutzerdefinierte Lunch-Box Gro\u00dfhandel mit bunten Aussehen und Multi-Compartment-Design"},"content":{"rendered":"<div class=\"wp-block-columns is-layout-flex wp-container-core-columns-is-layout-9d6595d7 wp-block-columns-is-layout-flex\">\n<div class=\"wp-block-column is-layout-flow wp-block-column-is-layout-flow\">\n<h3 class=\"wp-block-heading\">Parameter der Lunchbox<\/h3>\n\n\n\n<p>Modellnummer: 6639 &amp; 6641<br>Material: 304 Edelstahl + pp \/ L\u00f6ffel: sus401 \/ Essst\u00e4bchen: sus201<br>Farbe: blau\/gr\u00fcn\/rosa<br>Spezifikation: 1500ml\/2000ml<br>Paketgr\u00f6\u00dfe: 27,8\u00d77,8\u00d720,5cm \/ 31,8\u00d723,8\u00d78,3cm<br>Gewicht: 1kg\/St\u00fcck<br>MOQ: 1000St\u00fcck<\/p>\n<\/div>\n\n\n\n<div class=\"wp-block-column is-layout-flow wp-block-column-is-layout-flow\">\n<h3 class=\"wp-block-heading\">Individuelle Lunchbox<\/h3>\n\n\n\n<p>Verpackung: Farbkasten\/Karton, etc<br>MOQ: 1000 St\u00fcck<br><strong><a href=\"https:\/\/www.purecook.com\/de\/custom-solution\/\" target=\"_blank\" rel=\"noreferrer noopener\">OEM &amp; ODM Kundenspezifische L\u00f6sungen<\/a><\/strong><\/p>\n<\/div>\n<\/div>\n\n\n\n<div class=\"wp-block-columns is-layout-flex wp-container-core-columns-is-layout-9d6595d7 wp-block-columns-is-layout-flex\">\n<div class=\"wp-block-column is-layout-flow wp-block-column-is-layout-flow\">\n<figure class=\"wp-block-image size-full\"><img decoding=\"async\" width=\"800\" height=\"800\" src=\"https:\/\/purecook.com\/wp-content\/uploads\/2024\/05\/custom-lunch-box-wholesale-4.webp\" alt=\"benutzerdefinierte Brotdose Gro\u00dfhandel\" class=\"wp-image-2058\" srcset=\"https:\/\/www.purecook.com\/wp-content\/uploads\/2024\/05\/custom-lunch-box-wholesale-4.webp 800w, https:\/\/www.purecook.com\/wp-content\/uploads\/2024\/05\/custom-lunch-box-wholesale-4-300x300.webp 300w, https:\/\/www.purecook.com\/wp-content\/uploads\/2024\/05\/custom-lunch-box-wholesale-4-150x150.webp 150w, https:\/\/www.purecook.com\/wp-content\/uploads\/2024\/05\/custom-lunch-box-wholesale-4-768x768.webp 768w, https:\/\/www.purecook.com\/wp-content\/uploads\/2024\/05\/custom-lunch-box-wholesale-4-600x600.webp 600w, https:\/\/www.purecook.com\/wp-content\/uploads\/2024\/05\/custom-lunch-box-wholesale-4-100x100.webp 100w\" sizes=\"(max-width: 800px) 100vw, 800px\" \/><\/figure>\n<\/div>\n\n\n\n<div class=\"wp-block-column is-layout-flow wp-block-column-is-layout-flow\">\n<figure class=\"wp-block-image size-full\"><img decoding=\"async\" width=\"800\" height=\"800\" src=\"https:\/\/purecook.com\/wp-content\/uploads\/2024\/05\/custom-lunch-box-wholesale-6.webp\" alt=\"benutzerdefinierte Brotdose Gro\u00dfhandel\" class=\"wp-image-2060\" srcset=\"https:\/\/www.purecook.com\/wp-content\/uploads\/2024\/05\/custom-lunch-box-wholesale-6.webp 800w, https:\/\/www.purecook.com\/wp-content\/uploads\/2024\/05\/custom-lunch-box-wholesale-6-300x300.webp 300w, https:\/\/www.purecook.com\/wp-content\/uploads\/2024\/05\/custom-lunch-box-wholesale-6-150x150.webp 150w, https:\/\/www.purecook.com\/wp-content\/uploads\/2024\/05\/custom-lunch-box-wholesale-6-768x768.webp 768w, https:\/\/www.purecook.com\/wp-content\/uploads\/2024\/05\/custom-lunch-box-wholesale-6-600x600.webp 600w, https:\/\/www.purecook.com\/wp-content\/uploads\/2024\/05\/custom-lunch-box-wholesale-6-100x100.webp 100w\" sizes=\"(max-width: 800px) 100vw, 800px\" \/><\/figure>\n<\/div>\n<\/div>","protected":false},"excerpt":{"rendered":"<p>Die Brotdose ist aus hochwertigem Edelstahl und umweltfreundlicher PP-Schale, es ist sicherer, ges\u00fcnder und hygienisch zu verwenden. Die Multi-Fach-Design erm\u00f6glicht es Ihnen, Ihre Mahlzeiten perfekt zu verteilen, und die Ober- und Unterseite sind fest verschlossen, so dass Sie nicht \u00fcber Lecks zu k\u00fcmmern.<\/p>\n<h2>Merkmale und Vorteile der Lunch Box<\/h2>\n<p><strong>Buntes Design<\/strong>: eine Vielzahl von Farben zur Auswahl, um Ihre Pers\u00f6nlichkeit zu zeigen.<\/p>\n<p><strong>Hochwertige Materialien<\/strong>: Edelstahl 304, korrosions- und rostbest\u00e4ndig, lebensmittelechte und umweltfreundliche pp-Schale, gute Isolierleistung.<\/p>\n<p><strong>Verschiedene Szenen<\/strong>: geeignet f\u00fcr Studenten, B\u00fcroangestellte und andere Personen, gro\u00dfe Kapazit\u00e4t, keine Sorgen, das Leben ist nicht mehr l\u00e4ssig.<\/p>\n<p><strong>Konstruktion mit mehreren F\u00e4chern<\/strong>: mehrere F\u00e4cher, leckeres Essen ist nicht mehr \u00fcbersprechen, mit einem unabh\u00e4ngigen versiegelten Suppenbox, Reis und Suppe aus der l\u00e4stigen getrennt.<\/p>\n<p><strong>Bringen Sie Ihr eigenes Geschirr mit<\/strong>: passendes Geschirr, eine Stufe, unabh\u00e4ngige Ablagef\u00e4cher<\/p>","protected":false},"featured_media":2057,"comment_status":"closed","ping_status":"closed","template":"","meta":{"_acf_changed":false},"product_brand":[],"product_cat":[102],"product_tag":[],"class_list":{"0":"post-2054","1":"product","2":"type-product","3":"status-publish","4":"has-post-thumbnail","6":"product_cat-lunch-boxes","8":"first","9":"instock","10":"shipping-taxable","11":"product-type-simple"},"acf":[],"_links":{"self":[{"href":"https:\/\/www.purecook.com\/de\/wp-json\/wp\/v2\/product\/2054","targetHints":{"allow":["GET"]}}],"collection":[{"href":"https:\/\/www.purecook.com\/de\/wp-json\/wp\/v2\/product"}],"about":[{"href":"https:\/\/www.purecook.com\/de\/wp-json\/wp\/v2\/types\/product"}],"replies":[{"embeddable":true,"href":"https:\/\/www.purecook.com\/de\/wp-json\/wp\/v2\/comments?post=2054"}],"wp:featuredmedia":[{"embeddable":true,"href":"https:\/\/www.purecook.com\/de\/wp-json\/wp\/v2\/media\/2057"}],"wp:attachment":[{"href":"https:\/\/www.purecook.com\/de\/wp-json\/wp\/v2\/media?parent=2054"}],"wp:term":[{"taxonomy":"product_brand","embeddable":true,"href":"https:\/\/www.purecook.com\/de\/wp-json\/wp\/v2\/product_brand?post=2054"},{"taxonomy":"product_cat","embeddable":true,"href":"https:\/\/www.purecook.com\/de\/wp-json\/wp\/v2\/product_cat?post=2054"},{"taxonomy":"product_tag","embeddable":true,"href":"https:\/\/www.purecook.com\/de\/wp-json\/wp\/v2\/product_tag?post=2054"}],"curies":[{"name":"wp","href":"https:\/\/api.w.org\/{rel}","templated":true}]}}