{"id":2092,"date":"2024-05-17T12:34:32","date_gmt":"2024-05-17T04:34:32","guid":{"rendered":"https:\/\/purecook.com\/?post_type=product&#038;p=2092"},"modified":"2025-04-27T17:38:47","modified_gmt":"2025-04-27T09:38:47","slug":"wholesale-cookware-set-stainless-stee","status":"publish","type":"product","link":"https:\/\/www.purecook.com\/de\/product\/wholesale-cookware-set-stainless-stee\/","title":{"rendered":"Custom Cookware Set Gro\u00dfhandel aus hochwertigem Edelstahl umweltfreundlich und unbeschichtet"},"content":{"rendered":"<div class=\"wp-block-columns is-layout-flex wp-container-core-columns-is-layout-9d6595d7 wp-block-columns-is-layout-flex\">\n<div class=\"wp-block-column is-layout-flow wp-block-column-is-layout-flow\">\n<h3 class=\"wp-block-heading\">Parameter des Kochgeschirrsets<\/h3>\n\n\n\n<p><strong>Modellnummer:HH-191126<\/strong><br><strong>Name:Brat- und Suppentopf<\/strong><br>Art: Suppenbr\u00fche-T\u00f6pfe<br>Ort der Herkunft: Guangdong, China<br>Geeigneter Herd:Allgemeine Verwendung f\u00fcr Gas- und Induktionsherde<br>Deckel:Edelstahl-Deckel<br>Gewicht: 3kg\/St\u00fcck<br>MOQ: 500St\u00fcck<br>Material des Griffs: Steinloser Stahl<br>Verwendung: Kochen von Lebensmitteln<br>Unten: Sandwich-Induktionsboden<br>Rostfreier Stahl: 201\/304<br>Logo: Logo anpassen<\/p>\n<\/div>\n\n\n\n<div class=\"wp-block-column is-layout-flow wp-block-column-is-layout-flow\">\n<h3 class=\"wp-block-heading\">Gr\u00f6\u00dfe des Kochgeschirr-Sets<\/h3>\n\n\n\n<div class=\"wp-block-columns is-layout-flex wp-container-core-columns-is-layout-9d6595d7 wp-block-columns-is-layout-flex\">\n<div class=\"wp-block-column is-layout-flow wp-block-column-is-layout-flow\">\n<p><strong>Durchmesser\u00d7H\u00f6he<\/strong>            <br>16\u00d79cm Kochtopf   <br>18\u00d710cm Kasserolle<br>20\u00d711cm Kasserolle<br>24\u00d78cm Niedrige Kasserolle<br>24\u00d713cm Kasserolle<br>28\u00d715cm Kasserolle<br>22\u00d712cm Kasserolle<br>26\u00d714cm Kasserolle<br>26\u00d78cm Niedrige Kasserolle<\/p>\n<\/div>\n\n\n\n<div class=\"wp-block-column is-layout-flow wp-block-column-is-layout-flow\">\n<p><strong>\u00e4u\u00dfere Gr\u00f6\u00dfe<\/strong><br>18\u00d79cm<br>20\u00d710cm<br>22\u00d711cm<br>26\u00d78cm<br>26\u00d713cm<br>30\u00d715cm<br>24\u00d712cm<br>28\u00d714cm<br>28\u00d78cm<\/p>\n<\/div>\n<\/div>\n<\/div>\n<\/div>\n\n\n\n<h3 class=\"wp-block-heading\">Individuelles Kochgeschirr-Set<\/h3>\n\n\n\n<p>Material:201\/304 Edelstahl<br>Logo: Passen Sie Ihr Markenlogo an<br>Verpackung: Farbkasten\/Karton, etc<br>Muster: Passen Sie Ihr Muster an<br>MOQ: 2000 St\u00fcck<br><strong><a href=\"https:\/\/www.purecook.com\/de\/custom-solution\/\" target=\"_blank\" rel=\"noreferrer noopener\">OEM &amp; ODM Kundenspezifische L\u00f6sungen<\/a><\/strong><\/p>\n\n\n\n<div class=\"wp-block-columns is-layout-flex wp-container-core-columns-is-layout-9d6595d7 wp-block-columns-is-layout-flex\">\n<div class=\"wp-block-column is-layout-flow wp-block-column-is-layout-flow\">\n<figure class=\"wp-block-image size-full\"><img decoding=\"async\" width=\"1000\" height=\"1000\" src=\"https:\/\/purecook.com\/wp-content\/uploads\/2024\/05\/custom-cookware-sets-2.webp\" alt=\"benutzerdefinierte Kochgeschirr-Sets Gro\u00dfhandel\" class=\"wp-image-2094\" srcset=\"https:\/\/www.purecook.com\/wp-content\/uploads\/2024\/05\/custom-cookware-sets-2.webp 1000w, https:\/\/www.purecook.com\/wp-content\/uploads\/2024\/05\/custom-cookware-sets-2-300x300.webp 300w, https:\/\/www.purecook.com\/wp-content\/uploads\/2024\/05\/custom-cookware-sets-2-150x150.webp 150w, https:\/\/www.purecook.com\/wp-content\/uploads\/2024\/05\/custom-cookware-sets-2-768x768.webp 768w, https:\/\/www.purecook.com\/wp-content\/uploads\/2024\/05\/custom-cookware-sets-2-600x600.webp 600w, https:\/\/www.purecook.com\/wp-content\/uploads\/2024\/05\/custom-cookware-sets-2-100x100.webp 100w\" sizes=\"(max-width: 1000px) 100vw, 1000px\" \/><\/figure>\n<\/div>\n\n\n\n<div class=\"wp-block-column is-layout-flow wp-block-column-is-layout-flow\">\n<figure class=\"wp-block-image size-full\"><img decoding=\"async\" width=\"1000\" height=\"1000\" src=\"https:\/\/purecook.com\/wp-content\/uploads\/2024\/05\/custom-cookware-sets-5.webp\" alt=\"benutzerdefinierte Kochgeschirr-Sets Gro\u00dfhandel\" class=\"wp-image-2097\" srcset=\"https:\/\/www.purecook.com\/wp-content\/uploads\/2024\/05\/custom-cookware-sets-5.webp 1000w, https:\/\/www.purecook.com\/wp-content\/uploads\/2024\/05\/custom-cookware-sets-5-300x300.webp 300w, https:\/\/www.purecook.com\/wp-content\/uploads\/2024\/05\/custom-cookware-sets-5-150x150.webp 150w, https:\/\/www.purecook.com\/wp-content\/uploads\/2024\/05\/custom-cookware-sets-5-768x768.webp 768w, https:\/\/www.purecook.com\/wp-content\/uploads\/2024\/05\/custom-cookware-sets-5-600x600.webp 600w, https:\/\/www.purecook.com\/wp-content\/uploads\/2024\/05\/custom-cookware-sets-5-100x100.webp 100w\" sizes=\"(max-width: 1000px) 100vw, 1000px\" \/><\/figure>\n<\/div>\n<\/div>","protected":false},"excerpt":{"rendered":"<p>Hergestellt aus hochwertigem Edelstahl, langlebig und leicht zu reinigen, mit ergonomischen Designs in mehreren Bereichen, so dass der Kochvorgang bequemer. Mit einem dreischichtigen Stahl Klebeboden, ist es effizient und gleichm\u00e4\u00dfig erhitzt, wenn das Kochen von Lebensmitteln, so dass es f\u00fcr beide Hausk\u00fcchen und kommerziellen Restaurants geeignet.<\/p>\n<h2>Merkmale und Vorteile des Kochgeschirrsets<\/h2>\n<p>PURECOOK-Kochgeschirr ist in einer Vielzahl von gesprenkelten Farben erh\u00e4ltlich, die Ihrer K\u00fcche ein wenig W\u00e4rme verleihen.<\/p>\n<p><strong>Leicht zu handhaben<\/strong>Bequeme, robuste, farblich abgestimmte Griffe und Glasdeckel erleichtern den Transport des Kochgeschirrs in Ihrer K\u00fcche.<\/p>\n<p><strong>Langlebiger rostfreier Stahl<\/strong>T\u00f6pfe und Pfannen aus rostfreiem Stahl mit hochglanzpolierten Kochfl\u00e4chen in Sternoptik sind antihaftbeschichtet, pflegeleicht und reagieren nicht mit Lebensmitteln.<\/p>\n<p><strong>Dreischichtiger, sto\u00dffester, geklebter Boden: <\/strong>Das Edelstahl-Kochgeschirr ist mit ultrastarkem Aluminium zwischen zwei Edelstahlschichten durchzogen, um ein gleichm\u00e4\u00dfiges Kochen zu gew\u00e4hrleisten.<\/p>","protected":false},"featured_media":2097,"comment_status":"closed","ping_status":"closed","template":"","meta":{"_acf_changed":false},"product_brand":[],"product_cat":[24,69],"product_tag":[98],"class_list":{"0":"post-2092","1":"product","2":"type-product","3":"status-publish","4":"has-post-thumbnail","6":"product_cat-cookware","7":"product_cat-cookware-sets","8":"product_tag-wholesale-home-cookware","10":"first","11":"instock","12":"shipping-taxable","13":"product-type-simple"},"acf":[],"_links":{"self":[{"href":"https:\/\/www.purecook.com\/de\/wp-json\/wp\/v2\/product\/2092","targetHints":{"allow":["GET"]}}],"collection":[{"href":"https:\/\/www.purecook.com\/de\/wp-json\/wp\/v2\/product"}],"about":[{"href":"https:\/\/www.purecook.com\/de\/wp-json\/wp\/v2\/types\/product"}],"replies":[{"embeddable":true,"href":"https:\/\/www.purecook.com\/de\/wp-json\/wp\/v2\/comments?post=2092"}],"wp:featuredmedia":[{"embeddable":true,"href":"https:\/\/www.purecook.com\/de\/wp-json\/wp\/v2\/media\/2097"}],"wp:attachment":[{"href":"https:\/\/www.purecook.com\/de\/wp-json\/wp\/v2\/media?parent=2092"}],"wp:term":[{"taxonomy":"product_brand","embeddable":true,"href":"https:\/\/www.purecook.com\/de\/wp-json\/wp\/v2\/product_brand?post=2092"},{"taxonomy":"product_cat","embeddable":true,"href":"https:\/\/www.purecook.com\/de\/wp-json\/wp\/v2\/product_cat?post=2092"},{"taxonomy":"product_tag","embeddable":true,"href":"https:\/\/www.purecook.com\/de\/wp-json\/wp\/v2\/product_tag?post=2092"}],"curies":[{"name":"wp","href":"https:\/\/api.w.org\/{rel}","templated":true}]}}