{"id":2114,"date":"2024-05-18T09:56:47","date_gmt":"2024-05-18T01:56:47","guid":{"rendered":"https:\/\/purecook.com\/?post_type=product&#038;p=2114"},"modified":"2025-04-27T17:37:30","modified_gmt":"2025-04-27T09:37:30","slug":"wholesale-cooking-pots-pink","status":"publish","type":"product","link":"https:\/\/www.purecook.com\/de\/product\/wholesale-cooking-pots-pink\/","title":{"rendered":"Gro\u00dfhandel Kocht\u00f6pfe in Bulk Umweltfreundlich und langlebig"},"content":{"rendered":"<div class=\"wp-block-columns is-layout-flex wp-container-core-columns-is-layout-9d6595d7 wp-block-columns-is-layout-flex\">\n<div class=\"wp-block-column is-layout-flow wp-block-column-is-layout-flow\">\n<h3 class=\"wp-block-heading\">Parameter von Kocht\u00f6pfen<\/h3>\n\n\n\n<p>-Modellnummer:C1C1-rosa<br>-Werkstoff:rostfreier Stahl<br>-Normale Dicke: 0,5 mm<br>-Deckel:Glasdeckel mit Silikonring<br>Boden: Induktions-Sandwichboden (SUS+2mm Alu+SUS)<br>-Logo: Siebdruck\/Lasergravur\/Pr\u00e4gestempel<br>-Griff &amp; Deckelknauf: Edelstahl<br><\/p>\n<\/div>\n\n\n\n<div class=\"wp-block-column is-layout-flow wp-block-column-is-layout-flow\">\n<h3 class=\"wp-block-heading\">Kocht\u00f6pfe nach Ma\u00df<\/h3>\n\n\n\n<p>-Farbe:Beige\/Gr\u00fcn\/Rosa<br>-Material:Edelstahl SUS#201\/304\/410\/430<br>-Griff, der zu Ihrem Stil passt<br>-Logo: Ihr eigenes Markenlogo<br>-Verpackung: Farbkarton\/Karton, etc<br><strong><a href=\"https:\/\/www.purecook.com\/de\/custom-solution\/\" target=\"_blank\" rel=\"noreferrer noopener\">OEM &amp; ODM Kundenspezifische L\u00f6sungen<\/a><\/strong><\/p>\n<\/div>\n<\/div>\n\n\n\n<div class=\"wp-block-columns is-layout-flex wp-container-core-columns-is-layout-9d6595d7 wp-block-columns-is-layout-flex\">\n<div class=\"wp-block-column is-layout-flow wp-block-column-is-layout-flow\">\n<figure class=\"wp-block-image size-full\"><img decoding=\"async\" width=\"790\" height=\"1149\" src=\"https:\/\/purecook.com\/wp-content\/uploads\/2024\/05\/wholesale-cooking-pots-4.webp\" alt=\"Gro\u00dfhandel Kocht\u00f6pfe\" class=\"wp-image-2118\" srcset=\"https:\/\/www.purecook.com\/wp-content\/uploads\/2024\/05\/wholesale-cooking-pots-4.webp 790w, https:\/\/www.purecook.com\/wp-content\/uploads\/2024\/05\/wholesale-cooking-pots-4-206x300.webp 206w, https:\/\/www.purecook.com\/wp-content\/uploads\/2024\/05\/wholesale-cooking-pots-4-768x1117.webp 768w, https:\/\/www.purecook.com\/wp-content\/uploads\/2024\/05\/wholesale-cooking-pots-4-600x873.webp 600w\" sizes=\"(max-width: 790px) 100vw, 790px\" \/><\/figure>\n<\/div>\n\n\n\n<div class=\"wp-block-column is-layout-flow wp-block-column-is-layout-flow\">\n<figure class=\"wp-block-image size-full is-resized\"><img decoding=\"async\" width=\"790\" height=\"1404\" src=\"https:\/\/purecook.com\/wp-content\/uploads\/2024\/05\/wholesale-cooking-pots-5-edited.webp\" alt=\"Gro\u00dfhandel Kocht\u00f6pfe\" class=\"wp-image-2124\" style=\"width:451px;height:auto\" srcset=\"https:\/\/www.purecook.com\/wp-content\/uploads\/2024\/05\/wholesale-cooking-pots-5-edited.webp 790w, https:\/\/www.purecook.com\/wp-content\/uploads\/2024\/05\/wholesale-cooking-pots-5-edited-169x300.webp 169w, https:\/\/www.purecook.com\/wp-content\/uploads\/2024\/05\/wholesale-cooking-pots-5-edited-768x1365.webp 768w, https:\/\/www.purecook.com\/wp-content\/uploads\/2024\/05\/wholesale-cooking-pots-5-edited-600x1066.webp 600w\" sizes=\"(max-width: 790px) 100vw, 790px\" \/><\/figure>\n<\/div>\n<\/div>","protected":false},"excerpt":{"rendered":"<p>Revolution\u00e4re Hochtemperatur-Keramik-Au\u00dfenbeschichtung, gesund, sch\u00f6n und langlebig. Exquisites Aussehen, bringt Farbe in die K\u00fcche. Unterst\u00fctzt reiche dimensionalen Anpassung, einschlie\u00dflich Materialien, Farben, Gr\u00f6\u00dfen, Griffe, etc. Wir sind ein professioneller Hersteller von Kochgeschirr, Gro\u00dfhandel Kocht\u00f6pfe in der Masse, willkommen zu bestellen.<\/p>\n<h2>Merkmale und Vorteile von Kocht\u00f6pfen<\/h2>\n<p>1) Umweltfreundliche und sichere ungiftige Materialien<\/p>\n<p>2) Hervorragende W\u00e4rmeleitf\u00e4higkeit f\u00fcr perfektes Kochen<\/p>\n<p>3) M\u00fchelose Reinigung und Wartung<\/p>\n<p>4) Hohe Korrosionsbest\u00e4ndigkeit f\u00fcr hygienisches Kochen<\/p>\n<p>5) Revolution\u00e4re Hochtemperatur-Keramik-Spr\u00fchbeschichtung, \u00e4sthetisch ansprechend und langlebig<\/p>\n<p>6) Anpassbare Farben\/Materialien\/Gr\u00f6\u00dfen\/Handgriffe an Ihren Stil<\/p>\n<p>7) PFOA-frei<\/p>\n<p>Angebot Bulk Kocht\u00f6pfe Gro\u00dfhandel<\/p>\n<p><strong><a href=\"https:\/\/www.purecook.com\/de\/custom-solution\/\" target=\"_blank\" rel=\"noopener\">Unterst\u00fctzung OEM&amp;ODM<\/a><\/strong><\/p>\n<p><\/p>","protected":false},"featured_media":2115,"comment_status":"closed","ping_status":"closed","template":"","meta":{"_acf_changed":false},"product_brand":[],"product_cat":[24,69],"product_tag":[98],"class_list":{"0":"post-2114","1":"product","2":"type-product","3":"status-publish","4":"has-post-thumbnail","6":"product_cat-cookware","7":"product_cat-cookware-sets","8":"product_tag-wholesale-home-cookware","10":"first","11":"instock","12":"shipping-taxable","13":"product-type-simple"},"acf":[],"_links":{"self":[{"href":"https:\/\/www.purecook.com\/de\/wp-json\/wp\/v2\/product\/2114","targetHints":{"allow":["GET"]}}],"collection":[{"href":"https:\/\/www.purecook.com\/de\/wp-json\/wp\/v2\/product"}],"about":[{"href":"https:\/\/www.purecook.com\/de\/wp-json\/wp\/v2\/types\/product"}],"replies":[{"embeddable":true,"href":"https:\/\/www.purecook.com\/de\/wp-json\/wp\/v2\/comments?post=2114"}],"wp:featuredmedia":[{"embeddable":true,"href":"https:\/\/www.purecook.com\/de\/wp-json\/wp\/v2\/media\/2115"}],"wp:attachment":[{"href":"https:\/\/www.purecook.com\/de\/wp-json\/wp\/v2\/media?parent=2114"}],"wp:term":[{"taxonomy":"product_brand","embeddable":true,"href":"https:\/\/www.purecook.com\/de\/wp-json\/wp\/v2\/product_brand?post=2114"},{"taxonomy":"product_cat","embeddable":true,"href":"https:\/\/www.purecook.com\/de\/wp-json\/wp\/v2\/product_cat?post=2114"},{"taxonomy":"product_tag","embeddable":true,"href":"https:\/\/www.purecook.com\/de\/wp-json\/wp\/v2\/product_tag?post=2114"}],"curies":[{"name":"wp","href":"https:\/\/api.w.org\/{rel}","templated":true}]}}