{"id":2144,"date":"2024-05-18T15:08:56","date_gmt":"2024-05-18T07:08:56","guid":{"rendered":"https:\/\/purecook.com\/?post_type=product&#038;p=2144"},"modified":"2024-11-04T09:34:30","modified_gmt":"2024-11-04T01:34:30","slug":"multifunktionale-reiswaschschussel-aus-hochwertigem-edelstahl-im-groshandel-2","status":"publish","type":"product","link":"https:\/\/www.purecook.com\/de\/product\/multifunctional-rice-washing-bowl-wholesale-made-of-high-quality-stainless-steel\/","title":{"rendered":"Multifunktionale Reiswaschsch\u00fcssel Gro\u00dfhandel aus hochwertigem Edelstahl"},"content":{"rendered":"<div class=\"wp-block-columns is-layout-flex wp-container-core-columns-is-layout-9d6595d7 wp-block-columns-is-layout-flex\">\n<div class=\"wp-block-column is-layout-flow wp-block-column-is-layout-flow\">\n<h3 class=\"wp-block-heading\">Parameter der Reiswaschsch\u00fcssel<\/h3>\n\n\n\n<p><br><strong>Modellnummer:Waschsch\u00fcssel-01<\/strong><br>Art des Geschirrs: Schale\/Becken<br>Material: SS304 rostfreier Stahl<br>Dicke: 045-05mm<br>Deckel: Glasdeckel mit Silikonring<br>Boden: Induktions-Sandwichboden (SUS+2mm Alu+SUS)<br>Farbe:Silber<br>OEM&amp;ODM: Verf\u00fcgbar<br>Verwendung: Haus\/Restaurant<br>Saison Verwendung: Ganzj\u00e4hrig<br>Verwendungszweck: K\u00fcche<br>Paketgr\u00f6\u00dfe: 65,5\u00d733,5\u00d752,5cm<br>Gewicht: 10kg\/Koffer<br>MOQ: 100 St\u00fcck<br><\/p>\n\n\n\n<h3 class=\"wp-block-heading\">Individuelle Reiswaschsch\u00fcssel<\/h3>\n\n\n\n<p>Verpackung: Farbkasten\/Karton, etc.<br>MOQ: 1000<br><strong><a href=\"https:\/\/www.purecook.com\/de\/custom-solution\/\" target=\"_blank\" rel=\"noreferrer noopener\">OEM &amp; ODM Kundenspezifische L\u00f6sungen<\/a><\/strong><\/p>\n<\/div>\n\n\n\n<div class=\"wp-block-column is-layout-flow wp-block-column-is-layout-flow\">\n<h3 class=\"wp-block-heading\">Typ der Reiswaschsch\u00fcssel<\/h3>\n\n\n\n<div class=\"wp-block-columns is-layout-flex wp-container-core-columns-is-layout-9d6595d7 wp-block-columns-is-layout-flex\">\n<div class=\"wp-block-column is-layout-flow wp-block-column-is-layout-flow\">\n<p><strong>Typ1<\/strong><br>Gr\u00f6\u00dfe:20cm<br>Innendurchmesser:17cm<br>H\u00f6he:9cm<br>Boden-Durchmesser:11.5cm<br>Gewicht:205g<br><strong>Typ2<\/strong><br>Gr\u00f6\u00dfe:22cm<br>Innendurchmesser:19cm<br>H\u00f6he:9,2cm<br>Boden-Durchmesser:14cm<br>Gewicht:240g<br><strong>Typ3<\/strong><br>Gr\u00f6\u00dfe:24cm<br>Innendurchmesser:21cm<br>H\u00f6he:9,8cm<br>Boden-Durchmesser:15.5cm<br>Gewicht:280g<br><strong>Typ4<\/strong><br>Gr\u00f6\u00dfe:26cm<br>Innendurchmesser:23cm<br>H\u00f6he:10cm<br>Boden-Durchmesser:17cm<br>Gewicht:330g<br><br><br><\/p>\n<\/div>\n\n\n\n<div class=\"wp-block-column is-layout-flow wp-block-column-is-layout-flow\">\n<p><strong>Typ5<\/strong><br>Gr\u00f6\u00dfe:28cm<br>Innendurchmesser:25cm<br>H\u00f6he:10,7cm<br>Boden-Durchmesser:18.5cm<br>Gewicht:385g<br><strong>Typ<\/strong>6<br>Gr\u00f6\u00dfe:30cm<br>Innendurchmesser:27cm<br>H\u00f6he:11.2cm<br>Boden-Durchmesser:19cm<br>Gewicht:410g<br><strong>Typ7<\/strong><br>Gr\u00f6\u00dfe:32cm<br>Innendurchmesser:29cm<br>H\u00f6he:12cm<br>Boden-Durchmesser:20.5cm<br>Gewicht:465g<br><\/p>\n<\/div>\n<\/div>\n<\/div>\n<\/div>\n\n\n\n<div class=\"wp-block-columns is-layout-flex wp-container-core-columns-is-layout-9d6595d7 wp-block-columns-is-layout-flex\">\n<div class=\"wp-block-column is-layout-flow wp-block-column-is-layout-flow\">\n<figure class=\"wp-block-image size-full\"><img decoding=\"async\" width=\"680\" height=\"774\" src=\"https:\/\/purecook.com\/wp-content\/uploads\/2024\/05\/Rice-Washing-Bowl-Wholesale-2.webp\" alt=\"Reiswaschsch\u00fcssel Gro\u00dfhandel\" class=\"wp-image-2146\" srcset=\"https:\/\/www.purecook.com\/wp-content\/uploads\/2024\/05\/Rice-Washing-Bowl-Wholesale-2.webp 680w, https:\/\/www.purecook.com\/wp-content\/uploads\/2024\/05\/Rice-Washing-Bowl-Wholesale-2-264x300.webp 264w, https:\/\/www.purecook.com\/wp-content\/uploads\/2024\/05\/Rice-Washing-Bowl-Wholesale-2-600x683.webp 600w\" sizes=\"(max-width: 680px) 100vw, 680px\" \/><\/figure>\n<\/div>\n\n\n\n<div class=\"wp-block-column is-layout-flow wp-block-column-is-layout-flow\">\n<figure class=\"wp-block-image size-full is-resized\"><img decoding=\"async\" width=\"680\" height=\"765\" src=\"https:\/\/purecook.com\/wp-content\/uploads\/2024\/05\/Rice-Washing-Bowl-Wholesale-1.webp\" alt=\"Reiswaschsch\u00fcssel Gro\u00dfhandel\" class=\"wp-image-2145\" style=\"width:561px;height:auto\" srcset=\"https:\/\/www.purecook.com\/wp-content\/uploads\/2024\/05\/Rice-Washing-Bowl-Wholesale-1.webp 680w, https:\/\/www.purecook.com\/wp-content\/uploads\/2024\/05\/Rice-Washing-Bowl-Wholesale-1-267x300.webp 267w, https:\/\/www.purecook.com\/wp-content\/uploads\/2024\/05\/Rice-Washing-Bowl-Wholesale-1-600x675.webp 600w\" sizes=\"(max-width: 680px) 100vw, 680px\" \/><\/figure>\n<\/div>\n<\/div>\n\n\n<div class=\"wp-block-image\">\n<figure class=\"alignleft size-full\"><img decoding=\"async\" width=\"680\" height=\"537\" src=\"https:\/\/purecook.com\/wp-content\/uploads\/2024\/05\/Rice-Washing-Bowl-Wholesale-4.webp\" alt=\"Reiswaschsch\u00fcssel Gro\u00dfhandel\" class=\"wp-image-2148\" srcset=\"https:\/\/www.purecook.com\/wp-content\/uploads\/2024\/05\/Rice-Washing-Bowl-Wholesale-4.webp 680w, https:\/\/www.purecook.com\/wp-content\/uploads\/2024\/05\/Rice-Washing-Bowl-Wholesale-4-300x237.webp 300w, https:\/\/www.purecook.com\/wp-content\/uploads\/2024\/05\/Rice-Washing-Bowl-Wholesale-4-600x474.webp 600w\" sizes=\"(max-width: 680px) 100vw, 680px\" \/><\/figure>\n<\/div>\n\n<div class=\"wp-block-image\">\n<figure class=\"alignleft size-full is-resized\"><img decoding=\"async\" width=\"680\" height=\"777\" src=\"https:\/\/purecook.com\/wp-content\/uploads\/2024\/05\/Rice-Washing-Bowl-Wholesale-6.webp\" alt=\"Reiswaschsch\u00fcssel Gro\u00dfhandel\" class=\"wp-image-2150\" style=\"width:355px;height:auto\" srcset=\"https:\/\/www.purecook.com\/wp-content\/uploads\/2024\/05\/Rice-Washing-Bowl-Wholesale-6.webp 680w, https:\/\/www.purecook.com\/wp-content\/uploads\/2024\/05\/Rice-Washing-Bowl-Wholesale-6-263x300.webp 263w, https:\/\/www.purecook.com\/wp-content\/uploads\/2024\/05\/Rice-Washing-Bowl-Wholesale-6-600x686.webp 600w\" sizes=\"(max-width: 680px) 100vw, 680px\" \/><\/figure>\n<\/div>","protected":false},"excerpt":{"rendered":"<p>Unsere Premium-Edelstahlt\u00f6pfe und -pfannen sind f\u00fcr hohe Qualit\u00e4t und Langlebigkeit ausgelegt. Hergestellt aus hochwertigem Edelstahl. Nicht leicht zu verformen, glatte Oberfl\u00e4che, leicht zu reinigen, kann f\u00fcr eine lange Zeit verwendet werden.<\/p>\n<h2>Eigenschaften und Vorteile der Reiswaschsch\u00fcssel<\/h2>\n<p>- Hochwertiger rostfreier Stahl, solide und langlebig, keine Verformung;<\/p>\n<p>- Die Oberfl\u00e4chen sind hell und sch\u00f6n;<\/p>\n<p>- Leicht zu reinigen, nicht magnetisch;<\/p>\n<p>- Vielseitig einsetzbar, bequem und praktisch;<\/p>\n<p>- Geeignet f\u00fcr Haus, Restaurant und Hotel;<\/p>\n<p>- Spiegelpolieren \/Spiegelpolieren innen, Satinieren au\u00dfen;<\/p>\n<p>- Geeignet f\u00fcr Elektro-, Keramik-, Gas- und Induktionskochfelder<\/p>\n<p>- Sp\u00fclmaschinenfest;<\/p>\n<p>- Logo: Siebdruck\/Lasergravur\/Embossed;<\/p>\n<p>- OEM&amp;ODM: Verf\u00fcgbar;<\/p>\n<p>- Mit verschiedenen Gr\u00f6\u00dfen und Farben nach Ihren Anforderungen<\/p>\n<p><strong><a href=\"https:\/\/www.purecook.com\/de\/custom-solution\/\" target=\"_blank\" rel=\"noopener\">Unterst\u00fctzung OEM&amp;ODM<\/a><\/strong><\/p>\n<p><\/p>","protected":false},"featured_media":2152,"comment_status":"closed","ping_status":"closed","template":"","meta":{"_acf_changed":false},"product_brand":[],"product_cat":[52,65],"product_tag":[],"class_list":{"0":"post-2144","1":"product","2":"type-product","3":"status-publish","4":"has-post-thumbnail","6":"product_cat-kitchen-utensils","7":"product_cat-kitchen-strainer-and-colander","9":"first","10":"instock","11":"shipping-taxable","12":"product-type-simple"},"acf":[],"_links":{"self":[{"href":"https:\/\/www.purecook.com\/de\/wp-json\/wp\/v2\/product\/2144","targetHints":{"allow":["GET"]}}],"collection":[{"href":"https:\/\/www.purecook.com\/de\/wp-json\/wp\/v2\/product"}],"about":[{"href":"https:\/\/www.purecook.com\/de\/wp-json\/wp\/v2\/types\/product"}],"replies":[{"embeddable":true,"href":"https:\/\/www.purecook.com\/de\/wp-json\/wp\/v2\/comments?post=2144"}],"wp:featuredmedia":[{"embeddable":true,"href":"https:\/\/www.purecook.com\/de\/wp-json\/wp\/v2\/media\/2152"}],"wp:attachment":[{"href":"https:\/\/www.purecook.com\/de\/wp-json\/wp\/v2\/media?parent=2144"}],"wp:term":[{"taxonomy":"product_brand","embeddable":true,"href":"https:\/\/www.purecook.com\/de\/wp-json\/wp\/v2\/product_brand?post=2144"},{"taxonomy":"product_cat","embeddable":true,"href":"https:\/\/www.purecook.com\/de\/wp-json\/wp\/v2\/product_cat?post=2144"},{"taxonomy":"product_tag","embeddable":true,"href":"https:\/\/www.purecook.com\/de\/wp-json\/wp\/v2\/product_tag?post=2144"}],"curies":[{"name":"wp","href":"https:\/\/api.w.org\/{rel}","templated":true}]}}