{"id":2160,"date":"2025-07-26T18:29:43","date_gmt":"2024-05-18T09:22:09","guid":{"rendered":"https:\/\/purecook.com\/?post_type=product&#038;p=2160"},"modified":"2025-11-24T15:03:47","modified_gmt":"2025-11-24T07:03:47","slug":"wholesale-baking-trays-with-grill-rack","status":"publish","type":"product","link":"https:\/\/www.purecook.com\/de\/product\/wholesale-baking-trays-with-grill-rack\/","title":{"rendered":"Gro\u00dfhandel stapelbar Backbleche mit Grillrost in verschiedenen Gr\u00f6\u00dfen, Bulk Bratpfannen Factory Direct Sales"},"content":{"rendered":"<div class=\"wp-block-columns is-layout-flex wp-container-core-columns-is-layout-9d6595d7 wp-block-columns-is-layout-flex\">\n<div class=\"wp-block-column is-layout-flow wp-block-column-is-layout-flow\">\n<h3 class=\"wp-block-heading\">Parameter von Backblechen<\/h3>\n\n\n\n<p><strong>Modellnummer: Backblech-01<\/strong><br><strong>Art: <\/strong>Backblech<br><strong>Produktname:<\/strong> Backform mit Grillrost<br><strong>Material:<\/strong> Rostfreier Stahl 201<br><strong>Die Dicke: <\/strong>50\/70 mm<br>Verwendung im Haus Hotel Restaurant<br><strong>MOQ: <\/strong>100 St\u00fcck<br><strong>Typ1 Gr\u00f6\u00dfe: <\/strong>270 x 200 x 50 mm<br><strong>Typ2 Gr\u00f6\u00dfe:<\/strong> 270\u00d7200\u00d770mm<br><strong>Typ3 Gr\u00f6\u00dfe:<\/strong> 320\u00d7220\u00d750mm<br><strong>Typ4 Gr\u00f6\u00dfe:<\/strong> 320\u00d7220\u00d770mm<br><strong>Typ5 Gr\u00f6\u00dfe:<\/strong> 355 x 265 x 50 mm<br><strong>Typ6 Gr\u00f6\u00dfe:<\/strong> 355\u00d7265\u00d770mm<br><strong>Typ7 Gr\u00f6\u00dfe:<\/strong> 395\u00d7295\u00d750mm<br><strong>type8 Gr\u00f6\u00dfe:<\/strong> 395 x 295 x 70 mm<\/p>\n<\/div>\n\n\n\n<div class=\"wp-block-column is-layout-flow wp-block-column-is-layout-flow\">\n<h3 class=\"wp-block-heading\">Kundenspezifische L\u00f6sungen f\u00fcr Backformen<\/h3>\n\n\n\n<p><strong>Logo: <\/strong>Anpassbar mit Ihrem Markenlogo<br><strong>Verpackung: <\/strong>Farbige Schachtel\/Karton, etc.<br><strong>Muster:<\/strong> Anpassbares Muster<br><strong>MOQ:<\/strong> 1000<br><strong><a href=\"https:\/\/www.purecook.com\/de\/custom-solution\/\" target=\"_blank\" rel=\"noreferrer noopener\">OEM &amp; ODM Kundenspezifische L\u00f6sungen f\u00fcr Backformen<\/a><\/strong><\/p>\n<\/div>\n<\/div>\n\n\n\n<div class=\"wp-block-columns is-layout-flex wp-container-core-columns-is-layout-9d6595d7 wp-block-columns-is-layout-flex\">\n<div class=\"wp-block-column is-layout-flow wp-block-column-is-layout-flow\">\n<figure class=\"wp-block-image size-full\"><img decoding=\"async\" width=\"492\" height=\"492\" src=\"https:\/\/purecook.com\/wp-content\/uploads\/2024\/05\/custom-baking-trays-with-rack-7.webp\" alt=\"individuelle Backbleche mit Gestell\" class=\"wp-image-2163\" srcset=\"https:\/\/www.purecook.com\/wp-content\/uploads\/2024\/05\/custom-baking-trays-with-rack-7.webp 492w, https:\/\/www.purecook.com\/wp-content\/uploads\/2024\/05\/custom-baking-trays-with-rack-7-300x300.webp 300w, https:\/\/www.purecook.com\/wp-content\/uploads\/2024\/05\/custom-baking-trays-with-rack-7-150x150.webp 150w, https:\/\/www.purecook.com\/wp-content\/uploads\/2024\/05\/custom-baking-trays-with-rack-7-100x100.webp 100w\" sizes=\"(max-width: 492px) 100vw, 492px\" \/><\/figure>\n<\/div>\n\n\n\n<div class=\"wp-block-column is-layout-flow wp-block-column-is-layout-flow\">\n<figure class=\"wp-block-image size-full\"><img decoding=\"async\" width=\"492\" height=\"492\" src=\"https:\/\/purecook.com\/wp-content\/uploads\/2024\/05\/custom-baking-trays-with-rack-6.webp\" alt=\"individuelle Backbleche mit Gestell\" class=\"wp-image-2162\" srcset=\"https:\/\/www.purecook.com\/wp-content\/uploads\/2024\/05\/custom-baking-trays-with-rack-6.webp 492w, https:\/\/www.purecook.com\/wp-content\/uploads\/2024\/05\/custom-baking-trays-with-rack-6-300x300.webp 300w, https:\/\/www.purecook.com\/wp-content\/uploads\/2024\/05\/custom-baking-trays-with-rack-6-150x150.webp 150w, https:\/\/www.purecook.com\/wp-content\/uploads\/2024\/05\/custom-baking-trays-with-rack-6-100x100.webp 100w\" sizes=\"(max-width: 492px) 100vw, 492px\" \/><\/figure>\n<\/div>\n<\/div>","protected":false},"excerpt":{"rendered":"<p>Gro\u00dfhandel Backbleche. Die Backbleche sind aus lebensmittelechtem 304-Edelstahl gefertigt, mit einem modularen dreiteiligen Design, einschlie\u00dflich einer flachen Schale, einem Backgestell und einer tiefen Schale, geeignet f\u00fcr Kochaufgaben wie Grillen, Braten, Backen, etc. OEM- und ODM-Anpassungsoptionen sind f\u00fcr Gro\u00dfauftr\u00e4ge verf\u00fcgbar. Wenden Sie sich an Purecook, um das beste Angebot vom professionellen Edelstahlhersteller zu erhalten. <a href=\"https:\/\/www.purecook.com\/de\/produktkategorie\/backformen\/\" target=\"_blank\" rel=\"noopener\"><strong>Backformenhersteller<\/strong><\/a>.<\/p>\n<h2>Merkmale und Vorteile von Backblechen.<\/h2>\n<p><strong>Verdicktes Design:<\/strong> Die Backbleche haben eine verdickte Struktur mit starker Tragf\u00e4higkeit und hoher Festigkeit. Sie k\u00f6nnen mehr Lebensmittel aufnehmen und verhindern effektiv ein Verziehen und Verformung bei hohen Temperaturen.<\/p>\n<p><strong>Dreiteiliges Set mit mehreren Funktionen:<\/strong> Das Set besteht aus drei multifunktionalen Teilen: einer flachen Schale zum Grillen und Braten, einem Gitter zum Abtropfen von \u00d6l und zur Luftzirkulation und einer tiefen Schale zum Backen oder Auffangen von Fl\u00fcssigkeiten. Geeignet zum Braten, Backen, R\u00f6sten und D\u00e4mpfen, so dass Sie eine Vielzahl von Speisen mit einem Set von Kochwerkzeugen zubereiten k\u00f6nnen.<\/p>\n<p><strong>Platzsparendes, stapelbares Design:<\/strong> Die Komponenten sind so konzipiert, dass sie vertikal gestapelt werden k\u00f6nnen und somit weniger Platz ben\u00f6tigen, was die Aufbewahrung in einer kleinen K\u00fcche oder beim Camping erleichtert.<\/p>\n<p><strong>8 Gr\u00f6\u00dfen zur Auswahl:<\/strong> Unser Mehrschicht-Backblechset aus Edelstahl bietet acht verschiedene Gr\u00f6\u00dfen, die f\u00fcr spezifische Kochaufgaben geeignet sind und verschiedenen K\u00fcchen- oder Outdoor-Aktivit\u00e4ten gerecht werden.<\/p>\n<p><strong>Unterst\u00fctzung von OEM- und ODM-Anpassungen:<\/strong> Als professioneller Hersteller von Backformen unterst\u00fctzen wir die Gr\u00f6\u00dfe, die Verpackung und das funktionelle Design von mehrschichtigen Backblechen aus Edelstahl, um Ihren Marken- oder Marktanforderungen gerecht zu werden.<\/p>\n<p><strong><a href=\"https:\/\/www.purecook.com\/de\/custom-solution\/\">OEM&amp;ODM Kundenspezifische L\u00f6sungen f\u00fcr Backformen \u2192<\/a><\/strong><\/p>","protected":false},"featured_media":4211,"comment_status":"closed","ping_status":"closed","template":"","meta":{"_acf_changed":false},"product_brand":[],"product_cat":[27,107],"product_tag":[],"class_list":{"0":"post-2160","1":"product","2":"type-product","3":"status-publish","4":"has-post-thumbnail","6":"product_cat-bakeware","7":"product_cat-baking-sheet","9":"first","10":"instock","11":"shipping-taxable","12":"product-type-simple"},"acf":[],"_links":{"self":[{"href":"https:\/\/www.purecook.com\/de\/wp-json\/wp\/v2\/product\/2160","targetHints":{"allow":["GET"]}}],"collection":[{"href":"https:\/\/www.purecook.com\/de\/wp-json\/wp\/v2\/product"}],"about":[{"href":"https:\/\/www.purecook.com\/de\/wp-json\/wp\/v2\/types\/product"}],"replies":[{"embeddable":true,"href":"https:\/\/www.purecook.com\/de\/wp-json\/wp\/v2\/comments?post=2160"}],"wp:featuredmedia":[{"embeddable":true,"href":"https:\/\/www.purecook.com\/de\/wp-json\/wp\/v2\/media\/4211"}],"wp:attachment":[{"href":"https:\/\/www.purecook.com\/de\/wp-json\/wp\/v2\/media?parent=2160"}],"wp:term":[{"taxonomy":"product_brand","embeddable":true,"href":"https:\/\/www.purecook.com\/de\/wp-json\/wp\/v2\/product_brand?post=2160"},{"taxonomy":"product_cat","embeddable":true,"href":"https:\/\/www.purecook.com\/de\/wp-json\/wp\/v2\/product_cat?post=2160"},{"taxonomy":"product_tag","embeddable":true,"href":"https:\/\/www.purecook.com\/de\/wp-json\/wp\/v2\/product_tag?post=2160"}],"curies":[{"name":"wp","href":"https:\/\/api.w.org\/{rel}","templated":true}]}}