{"id":2168,"date":"2024-05-19T14:21:29","date_gmt":"2024-05-19T06:21:29","guid":{"rendered":"https:\/\/purecook.com\/?post_type=product&#038;p=2168"},"modified":"2024-06-03T17:46:26","modified_gmt":"2024-06-03T09:46:26","slug":"small-sauce-dishes-wholesale-made-of-premium-stainless-steel","status":"publish","type":"product","link":"https:\/\/www.purecook.com\/de\/product\/small-sauce-dishes-wholesale-made-of-premium-stainless-steel\/","title":{"rendered":"Kleine Saucenschalen Gro\u00dfhandel aus Premium-Edelstahl"},"content":{"rendered":"<div class=\"wp-block-columns is-layout-flex wp-container-core-columns-is-layout-9d6595d7 wp-block-columns-is-layout-flex\">\n<div class=\"wp-block-column is-layout-flow wp-block-column-is-layout-flow\">\n<h3 class=\"wp-block-heading\">Parameter von Saucenschalen Gro\u00dfhandel<\/h3>\n\n\n\n<p><strong>Modellnummer:Runde Schale-1<\/strong><br>Material: 304 rostfreier Stahl<br>Oberfl\u00e4chenbehandlung: Galvanik \/ mattiert<br>Dicke: 0,9 mm<br>Gr\u00f6\u00dfe: 7,5\/9,7 cm<br>Farbe: Silber<br>Paketabmessungen:40\u00d740\u00d730 \/Koffer<br>Bruttogewicht:20kg\/Koffer<br>Logo: akzeptiert kundenspezifisches Logo<br>MOQ 360 St\u00fcck<\/p>\n<\/div>\n\n\n\n<div class=\"wp-block-column is-layout-flow wp-block-column-is-layout-flow\">\n<h3 class=\"wp-block-heading\">Kundenspezifische So\u00dfenschalen <\/h3>\n\n\n\n<p>Logo: Passen Sie Ihr Markenlogo an<br>Verpackung: Farbkasten\/Karton usw.<br>Muster: Passen Sie die gew\u00fcnschten Muster an<br>MOQ: 1000<br><strong><a href=\"https:\/\/www.purecook.com\/de\/custom-solution\/\" target=\"_blank\" rel=\"noreferrer noopener\">OEM &amp; ODM Kundenspezifische L\u00f6sungen<\/a><\/strong><\/p>\n<\/div>\n<\/div>\n\n\n\n<div class=\"wp-block-columns is-layout-flex wp-container-core-columns-is-layout-9d6595d7 wp-block-columns-is-layout-flex\">\n<div class=\"wp-block-column is-layout-flow wp-block-column-is-layout-flow\">\n<figure class=\"wp-block-image size-full\"><img decoding=\"async\" width=\"800\" height=\"800\" src=\"https:\/\/purecook.com\/wp-content\/uploads\/2024\/05\/sauce-dish-wholesle3.webp\" alt=\"Sauciere Gro\u00dfhandel\" class=\"wp-image-2171\" srcset=\"https:\/\/www.purecook.com\/wp-content\/uploads\/2024\/05\/sauce-dish-wholesle3.webp 800w, https:\/\/www.purecook.com\/wp-content\/uploads\/2024\/05\/sauce-dish-wholesle3-300x300.webp 300w, https:\/\/www.purecook.com\/wp-content\/uploads\/2024\/05\/sauce-dish-wholesle3-150x150.webp 150w, https:\/\/www.purecook.com\/wp-content\/uploads\/2024\/05\/sauce-dish-wholesle3-768x768.webp 768w, https:\/\/www.purecook.com\/wp-content\/uploads\/2024\/05\/sauce-dish-wholesle3-600x600.webp 600w, https:\/\/www.purecook.com\/wp-content\/uploads\/2024\/05\/sauce-dish-wholesle3-100x100.webp 100w\" sizes=\"(max-width: 800px) 100vw, 800px\" \/><\/figure>\n<\/div>\n\n\n\n<div class=\"wp-block-column is-layout-flow wp-block-column-is-layout-flow\">\n<figure class=\"wp-block-image size-full\"><img decoding=\"async\" width=\"800\" height=\"800\" src=\"https:\/\/purecook.com\/wp-content\/uploads\/2024\/05\/sauce-dish-wholesle5.webp\" alt=\"Sauciere Gro\u00dfhandel\" class=\"wp-image-2173\" srcset=\"https:\/\/www.purecook.com\/wp-content\/uploads\/2024\/05\/sauce-dish-wholesle5.webp 800w, https:\/\/www.purecook.com\/wp-content\/uploads\/2024\/05\/sauce-dish-wholesle5-300x300.webp 300w, https:\/\/www.purecook.com\/wp-content\/uploads\/2024\/05\/sauce-dish-wholesle5-150x150.webp 150w, https:\/\/www.purecook.com\/wp-content\/uploads\/2024\/05\/sauce-dish-wholesle5-768x768.webp 768w, https:\/\/www.purecook.com\/wp-content\/uploads\/2024\/05\/sauce-dish-wholesle5-600x600.webp 600w, https:\/\/www.purecook.com\/wp-content\/uploads\/2024\/05\/sauce-dish-wholesle5-100x100.webp 100w\" sizes=\"(max-width: 800px) 100vw, 800px\" \/><\/figure>\n<\/div>\n<\/div>","protected":false},"excerpt":{"rendered":"<p>Hergestellt aus hochwertigem Edelstahl-Material, gibt es keine Notwendigkeit, \u00fcber Rost oder Farbver\u00e4nderung nach langem Gebrauch zu k\u00fcmmern. Es ist geeignet f\u00fcr den Einsatz in Haushalten, Restaurants und Hotels. Kann Gew\u00fcrze, Beilagen, Snacks, etc. halten. Das glatte und makellose Oberfl\u00e4chendesign ist sowohl sch\u00f6n als auch leicht zu reinigen. Unterst\u00fctzt kundenspezifische Logos und Muster.<\/p>\n<h2>Merkmale und Vorteile von kleinen Saucensch\u00fcsseln<\/h2>\n<p><strong>Retro-Design<\/strong>: Einzigartiges Design im Retrostil ist nicht nur ein Geschirr, sondern auch ein dekoratives Kunstwerk, das den Stil Ihres Zuhauses oder B\u00fcros aufwerten kann.<\/p>\n<p><strong>Haltbarkeit des Materials<\/strong>: Hergestellt aus hochwertigem Edelstahl 304, zusammen mit der Oberfl\u00e4chenbehandlung, ist es langlebig und gew\u00e4hrleistet, dass es seine Sch\u00f6nheit und Funktionalit\u00e4t auch nach langem Gebrauch beibeh\u00e4lt.<\/p>\n<p><strong>Vielseitig einsetzbar<\/strong>: Kann zum Backen, f\u00fcr Desserts, Snacks, Gew\u00fcrze und andere Lebensmittelprodukte verwendet werden.<\/p>","protected":false},"featured_media":2171,"comment_status":"closed","ping_status":"closed","template":"","meta":{"_acf_changed":false},"product_brand":[],"product_cat":[55,51],"product_tag":[],"class_list":{"0":"post-2168","1":"product","2":"type-product","3":"status-publish","4":"has-post-thumbnail","6":"product_cat-dish-and-plate","7":"product_cat-dinnerware","9":"first","10":"instock","11":"shipping-taxable","12":"product-type-simple"},"acf":[],"_links":{"self":[{"href":"https:\/\/www.purecook.com\/de\/wp-json\/wp\/v2\/product\/2168","targetHints":{"allow":["GET"]}}],"collection":[{"href":"https:\/\/www.purecook.com\/de\/wp-json\/wp\/v2\/product"}],"about":[{"href":"https:\/\/www.purecook.com\/de\/wp-json\/wp\/v2\/types\/product"}],"replies":[{"embeddable":true,"href":"https:\/\/www.purecook.com\/de\/wp-json\/wp\/v2\/comments?post=2168"}],"wp:featuredmedia":[{"embeddable":true,"href":"https:\/\/www.purecook.com\/de\/wp-json\/wp\/v2\/media\/2171"}],"wp:attachment":[{"href":"https:\/\/www.purecook.com\/de\/wp-json\/wp\/v2\/media?parent=2168"}],"wp:term":[{"taxonomy":"product_brand","embeddable":true,"href":"https:\/\/www.purecook.com\/de\/wp-json\/wp\/v2\/product_brand?post=2168"},{"taxonomy":"product_cat","embeddable":true,"href":"https:\/\/www.purecook.com\/de\/wp-json\/wp\/v2\/product_cat?post=2168"},{"taxonomy":"product_tag","embeddable":true,"href":"https:\/\/www.purecook.com\/de\/wp-json\/wp\/v2\/product_tag?post=2168"}],"curies":[{"name":"wp","href":"https:\/\/api.w.org\/{rel}","templated":true}]}}