{"id":2174,"date":"2024-05-19T19:14:33","date_gmt":"2024-05-19T11:14:33","guid":{"rendered":"https:\/\/purecook.com\/?post_type=product&#038;p=2174"},"modified":"2025-04-27T17:36:19","modified_gmt":"2025-04-27T09:36:19","slug":"wholesale-frying-pans","status":"publish","type":"product","link":"https:\/\/www.purecook.com\/de\/product\/wholesale-frying-pans\/","title":{"rendered":"Gro\u00dfhandel Bratpfannen aus dreischichtigem Stahl"},"content":{"rendered":"<div class=\"wp-block-columns is-layout-flex wp-container-core-columns-is-layout-9d6595d7 wp-block-columns-is-layout-flex\">\n<div class=\"wp-block-column is-layout-flow wp-block-column-is-layout-flow\">\n<h3 class=\"wp-block-heading\">Parameter von Bratpfannen<\/h3>\n\n\n\n<p><strong>Modell-Nummer: CG0032<\/strong><br>Topfmaterial: drei Schichten aus rostfreiem Stahl (SS304 + ALU + SS430)<br>Material des Topfgriffs: SUS201 (genietet\/punktgeschwei\u00dft)<br>Dicke: 2mm<br><strong>Gr\u00f6\u00dfe1:<\/strong><br>mit Glas-\/Stahldeckel 30 cm<br>Durchmesser 30 cm. H\u00f6he 8,5 cm.<br>Mit Glasdeckel (Nettogewicht: 2,1 kg\/Set)<br>mit Stahldeckel (Nettogewicht: 2 kg\/Set)<br>ohne Glasabdeckung (Nettogewicht: 1,35 kg\/Set)<\/p>\n<\/div>\n\n\n\n<div class=\"wp-block-column is-layout-flow wp-block-column-is-layout-flow\">\n<h2 class=\"wp-block-heading\"> <\/h2>\n\n\n\n<p><strong>size2:<\/strong><br>mit Glasdeckel\/Stahleinlage 32cm<br>Durchmesser 32 cm, H\u00f6he 9 cm<br>Mit Glasdeckel (NW:2,45kg\/Set)<br>Mit Stahleinlage (NW:2,3 kg\/Satz)<br>Ohne Deckel (Nettogewicht: 1,56 kg\/Set)<br><strong>Gr\u00f6\u00dfe3:<\/strong><br>mit Glas-\/Stahldeckel 34 cm<br>Durchmesser 34 cm, H\u00f6he 9,5 cm<br>Mit Glasdeckel (Nettogewicht: 2,75 kg\/Set)<br>mit Stahldeckel (Nettogewicht: 2,58 kg\/Set)<br>ohne Deckel (Nettogewicht: 1,75 kg\/Set)<br>MOQ 360 St\u00fcck<\/p>\n<\/div>\n<\/div>\n\n\n\n<h3 class=\"wp-block-heading\">Kundenspezifische Bratpfannen<\/h3>\n\n\n\n<p>Verpackung: Farbkasten\/Karton usw.<br>MOQ: 1000<br><strong><a href=\"https:\/\/www.purecook.com\/de\/custom-solution\/\" target=\"_blank\" rel=\"noreferrer noopener\">OEM &amp; ODM Kundenspezifische L\u00f6sungen<\/a><\/strong><\/p>\n\n\n\n<div class=\"wp-block-columns is-layout-flex wp-container-core-columns-is-layout-9d6595d7 wp-block-columns-is-layout-flex\">\n<div class=\"wp-block-column is-layout-flow wp-block-column-is-layout-flow\">\n<figure class=\"wp-block-image size-full\"><img decoding=\"async\" width=\"800\" height=\"800\" src=\"https:\/\/purecook.com\/wp-content\/uploads\/2024\/05\/Wholesale-Frying-Pans-Three-layer-steel-5.webp\" alt=\"Gro\u00dfhandel Bratpfannen aus dreischichtigem Stahl\" class=\"wp-image-2179\" srcset=\"https:\/\/www.purecook.com\/wp-content\/uploads\/2024\/05\/Wholesale-Frying-Pans-Three-layer-steel-5.webp 800w, https:\/\/www.purecook.com\/wp-content\/uploads\/2024\/05\/Wholesale-Frying-Pans-Three-layer-steel-5-300x300.webp 300w, https:\/\/www.purecook.com\/wp-content\/uploads\/2024\/05\/Wholesale-Frying-Pans-Three-layer-steel-5-150x150.webp 150w, https:\/\/www.purecook.com\/wp-content\/uploads\/2024\/05\/Wholesale-Frying-Pans-Three-layer-steel-5-768x768.webp 768w, https:\/\/www.purecook.com\/wp-content\/uploads\/2024\/05\/Wholesale-Frying-Pans-Three-layer-steel-5-600x600.webp 600w, https:\/\/www.purecook.com\/wp-content\/uploads\/2024\/05\/Wholesale-Frying-Pans-Three-layer-steel-5-100x100.webp 100w\" sizes=\"(max-width: 800px) 100vw, 800px\" \/><\/figure>\n<\/div>\n\n\n\n<div class=\"wp-block-column is-layout-flow wp-block-column-is-layout-flow\">\n<figure class=\"wp-block-image size-full\"><img decoding=\"async\" width=\"800\" height=\"800\" src=\"https:\/\/purecook.com\/wp-content\/uploads\/2024\/05\/Wholesale-Frying-Pans-Three-layer-steel-4.webp\" alt=\"Gro\u00dfhandel Bratpfannen aus dreischichtigem Stahl\" class=\"wp-image-2178\" srcset=\"https:\/\/www.purecook.com\/wp-content\/uploads\/2024\/05\/Wholesale-Frying-Pans-Three-layer-steel-4.webp 800w, https:\/\/www.purecook.com\/wp-content\/uploads\/2024\/05\/Wholesale-Frying-Pans-Three-layer-steel-4-300x300.webp 300w, https:\/\/www.purecook.com\/wp-content\/uploads\/2024\/05\/Wholesale-Frying-Pans-Three-layer-steel-4-150x150.webp 150w, https:\/\/www.purecook.com\/wp-content\/uploads\/2024\/05\/Wholesale-Frying-Pans-Three-layer-steel-4-768x768.webp 768w, https:\/\/www.purecook.com\/wp-content\/uploads\/2024\/05\/Wholesale-Frying-Pans-Three-layer-steel-4-600x600.webp 600w, https:\/\/www.purecook.com\/wp-content\/uploads\/2024\/05\/Wholesale-Frying-Pans-Three-layer-steel-4-100x100.webp 100w\" sizes=\"(max-width: 800px) 100vw, 800px\" \/><\/figure>\n<\/div>\n<\/div>","protected":false},"excerpt":{"rendered":"<p>Drei-Schicht-Verbundstahl-Struktur, die mittlere Schicht ist ein Aluminiumkern, und die \u00e4u\u00dferen und inneren Schichten sind aus hochwertigem Edelstahl, um eine gleichm\u00e4\u00dfige W\u00e4rmeleitung und schnellen Temperaturanstieg zu gew\u00e4hrleisten. Es kann zum Kochen, Suppen und Braten verwendet werden. Es gibt eine Vielzahl von Spezifikationen, aus denen Sie w\u00e4hlen k\u00f6nnen, um Ihren Bed\u00fcrfnissen gerecht zu werden. Sie eignet sich sehr gut f\u00fcr den Hausgebrauch oder f\u00fcr professionelle K\u00f6che in Restaurants.<\/p>\n<h2>Merkmale und Vorteile von Bratpfannen<\/h2>\n<p>Schnelles Braten, kleines Braten, schnelles Anbraten! Die ideale Bratpfanne f\u00fcr alle Arten von Speisen.<\/p>\n<p>Mehrschichtige Verbundkonstruktion:<\/p>\n<p>1: Edelstahl 18\/10 (304), lebensmittelechte Auskleidung<\/p>\n<p>2: Dickes Aluminium - Hervorragende W\u00e4rmeleitf\u00e4higkeit;<\/p>\n<p>3: Edelstahl 18\/0(430) hohe magnetische Leitf\u00e4higkeit, kompatibel mit Induktionskochfeldern;<\/p>\n<p><\/p>","protected":false},"featured_media":2177,"comment_status":"closed","ping_status":"closed","template":"","meta":{"_acf_changed":false},"product_brand":[],"product_cat":[24,71],"product_tag":[97,98],"class_list":{"0":"post-2174","1":"product","2":"type-product","3":"status-publish","4":"has-post-thumbnail","6":"product_cat-cookware","7":"product_cat-frying-pan","8":"product_tag-wholesale-commercial-cookware","9":"product_tag-wholesale-home-cookware","11":"first","12":"instock","13":"shipping-taxable","14":"product-type-simple"},"acf":[],"_links":{"self":[{"href":"https:\/\/www.purecook.com\/de\/wp-json\/wp\/v2\/product\/2174","targetHints":{"allow":["GET"]}}],"collection":[{"href":"https:\/\/www.purecook.com\/de\/wp-json\/wp\/v2\/product"}],"about":[{"href":"https:\/\/www.purecook.com\/de\/wp-json\/wp\/v2\/types\/product"}],"replies":[{"embeddable":true,"href":"https:\/\/www.purecook.com\/de\/wp-json\/wp\/v2\/comments?post=2174"}],"wp:featuredmedia":[{"embeddable":true,"href":"https:\/\/www.purecook.com\/de\/wp-json\/wp\/v2\/media\/2177"}],"wp:attachment":[{"href":"https:\/\/www.purecook.com\/de\/wp-json\/wp\/v2\/media?parent=2174"}],"wp:term":[{"taxonomy":"product_brand","embeddable":true,"href":"https:\/\/www.purecook.com\/de\/wp-json\/wp\/v2\/product_brand?post=2174"},{"taxonomy":"product_cat","embeddable":true,"href":"https:\/\/www.purecook.com\/de\/wp-json\/wp\/v2\/product_cat?post=2174"},{"taxonomy":"product_tag","embeddable":true,"href":"https:\/\/www.purecook.com\/de\/wp-json\/wp\/v2\/product_tag?post=2174"}],"curies":[{"name":"wp","href":"https:\/\/api.w.org\/{rel}","templated":true}]}}