{"id":2195,"date":"2024-05-19T21:21:00","date_gmt":"2024-05-19T13:21:00","guid":{"rendered":"https:\/\/purecook.com\/?post_type=product&#038;p=2195"},"modified":"2024-06-03T17:42:15","modified_gmt":"2024-06-03T09:42:15","slug":"round-sauce-dishes-wholesale","status":"publish","type":"product","link":"https:\/\/www.purecook.com\/de\/product\/round-sauce-dishes-wholesale\/","title":{"rendered":"Runde Saucenschalen Gro\u00dfhandel aus hochwertigem Edelstahl"},"content":{"rendered":"<div class=\"wp-block-columns is-layout-flex wp-container-core-columns-is-layout-9d6595d7 wp-block-columns-is-layout-flex\">\n<div class=\"wp-block-column is-layout-flow wp-block-column-is-layout-flow\">\n<h3 class=\"wp-block-heading\">Parameter f\u00fcr runde Saucenschalen<\/h3>\n\n\n\n<p><strong>Modellnummer:bowl-006<\/strong><br>Produktname: Runde Saucenschalen<br>Farbe: Silber<br>Material: Edelstahl 304 Edelstahl 304<br>Durchmesser: 10\/12\/14 cm<br>Logo: Anpassbares Logo<br>Stil: Vintage Vintage<br>Bestellmenge 200 St\u00fcck<br>Menge pro Karton: 200<br>Bruttogewicht:20kg\/Koffer<\/p>\n<\/div>\n\n\n\n<div class=\"wp-block-column is-layout-flow wp-block-column-is-layout-flow\">\n<h3 class=\"wp-block-heading\">Individuelle runde So\u00dfenschalen<\/h3>\n\n\n\n<p>Logo: Passen Sie Ihr Markenlogo an<br>Verpackung: Farbkasten\/Karton usw.<br>Muster: Passen Sie die gew\u00fcnschten Muster an<br>MOQ: 1000<br><strong><a href=\"https:\/\/www.purecook.com\/de\/custom-solution\/\" target=\"_blank\" rel=\"noreferrer noopener\">OEM &amp; ODM Kundenspezifische L\u00f6sungen<\/a><\/strong><\/p>\n<\/div>\n<\/div>\n\n\n\n<div class=\"wp-block-columns is-layout-flex wp-container-core-columns-is-layout-9d6595d7 wp-block-columns-is-layout-flex\">\n<div class=\"wp-block-column is-layout-flow wp-block-column-is-layout-flow\">\n<figure class=\"wp-block-image size-full\"><img decoding=\"async\" width=\"800\" height=\"800\" src=\"https:\/\/purecook.com\/wp-content\/uploads\/2024\/05\/sauce-dishes-wholesale-4.webp\" alt=\"Saucengerichte Gro\u00dfhandel\" class=\"wp-image-2199\" srcset=\"https:\/\/www.purecook.com\/wp-content\/uploads\/2024\/05\/sauce-dishes-wholesale-4.webp 800w, https:\/\/www.purecook.com\/wp-content\/uploads\/2024\/05\/sauce-dishes-wholesale-4-300x300.webp 300w, https:\/\/www.purecook.com\/wp-content\/uploads\/2024\/05\/sauce-dishes-wholesale-4-150x150.webp 150w, https:\/\/www.purecook.com\/wp-content\/uploads\/2024\/05\/sauce-dishes-wholesale-4-768x768.webp 768w, https:\/\/www.purecook.com\/wp-content\/uploads\/2024\/05\/sauce-dishes-wholesale-4-600x600.webp 600w, https:\/\/www.purecook.com\/wp-content\/uploads\/2024\/05\/sauce-dishes-wholesale-4-100x100.webp 100w\" sizes=\"(max-width: 800px) 100vw, 800px\" \/><\/figure>\n<\/div>\n\n\n\n<div class=\"wp-block-column is-layout-flow wp-block-column-is-layout-flow\">\n<figure class=\"wp-block-image size-full\"><img decoding=\"async\" width=\"800\" height=\"800\" src=\"https:\/\/purecook.com\/wp-content\/uploads\/2024\/05\/sauce-dishes-wholesale-5.webp\" alt=\"Saucengerichte Gro\u00dfhandel\" class=\"wp-image-2200\" srcset=\"https:\/\/www.purecook.com\/wp-content\/uploads\/2024\/05\/sauce-dishes-wholesale-5.webp 800w, https:\/\/www.purecook.com\/wp-content\/uploads\/2024\/05\/sauce-dishes-wholesale-5-300x300.webp 300w, https:\/\/www.purecook.com\/wp-content\/uploads\/2024\/05\/sauce-dishes-wholesale-5-150x150.webp 150w, https:\/\/www.purecook.com\/wp-content\/uploads\/2024\/05\/sauce-dishes-wholesale-5-768x768.webp 768w, https:\/\/www.purecook.com\/wp-content\/uploads\/2024\/05\/sauce-dishes-wholesale-5-600x600.webp 600w, https:\/\/www.purecook.com\/wp-content\/uploads\/2024\/05\/sauce-dishes-wholesale-5-100x100.webp 100w\" sizes=\"(max-width: 800px) 100vw, 800px\" \/><\/figure>\n<\/div>\n<\/div>","protected":false},"excerpt":{"rendered":"<p>Jeder So\u00dfenteller ist aus hochwertigem Edelstahl gefertigt und eignet sich f\u00fcr die Aufbewahrung verschiedener So\u00dfen, Gew\u00fcrze und Snacks. Es kann bei Familienfeiern, Hotels, Restaurants und anderen Orten verwendet werden. Es sind verschiedene Spezifikationen erh\u00e4ltlich. Wir bieten kundenspezifische So\u00dfenplatten Dienstleistungen, um Kundenbed\u00fcrfnisse zu erf\u00fcllen.<\/p>\n<h2>Merkmale und Vorteile von runden Saucensch\u00fcsseln<\/h2>\n<p>Die runden So\u00dfenschalen sind aus rostfreiem Stahl gefertigt. Ideal f\u00fcr jede Veranstaltung, kann verwendet werden, um Gew\u00fcrze, Lebensmittel, Lebensmittel Dip-Saucen und mehr zu halten. Ideal f\u00fcr jede Gelegenheit, Familientreffen, Geburtstage, Jubil\u00e4en, Verlobungen, Geburtstagsfeiern.<\/p>\n<p>Abriebfest, sturzsicher, sehr praktisch, ausgezeichnete Textur.<\/p>\n<p>Geeignet f\u00fcr Ihre Gr\u00f6\u00dfe, kann alle Ihre Lieblings-Snacks und Lebensmittel zu halten.<\/p>\n<p>Die exquisite Verarbeitung und die sch\u00f6nen Details sorgen daf\u00fcr, dass er auch zu Hause praktisch und langlebig ist.<\/p>\n<p>Geeignet f\u00fcr Familienfeiern, Partys, Hochzeiten, Bars und Restaurants, Dessertl\u00e4den und vieles mehr.<\/p>\n<p>Kann zum Servieren von Obst, Fr\u00fchst\u00fcck, Snacks, Dips und anderen Desserts verwendet werden.<\/p>","protected":false},"featured_media":2199,"comment_status":"closed","ping_status":"closed","template":"","meta":{"_acf_changed":false},"product_brand":[],"product_cat":[55,51],"product_tag":[],"class_list":{"0":"post-2195","1":"product","2":"type-product","3":"status-publish","4":"has-post-thumbnail","6":"product_cat-dish-and-plate","7":"product_cat-dinnerware","9":"first","10":"instock","11":"shipping-taxable","12":"product-type-simple"},"acf":[],"_links":{"self":[{"href":"https:\/\/www.purecook.com\/de\/wp-json\/wp\/v2\/product\/2195","targetHints":{"allow":["GET"]}}],"collection":[{"href":"https:\/\/www.purecook.com\/de\/wp-json\/wp\/v2\/product"}],"about":[{"href":"https:\/\/www.purecook.com\/de\/wp-json\/wp\/v2\/types\/product"}],"replies":[{"embeddable":true,"href":"https:\/\/www.purecook.com\/de\/wp-json\/wp\/v2\/comments?post=2195"}],"wp:featuredmedia":[{"embeddable":true,"href":"https:\/\/www.purecook.com\/de\/wp-json\/wp\/v2\/media\/2199"}],"wp:attachment":[{"href":"https:\/\/www.purecook.com\/de\/wp-json\/wp\/v2\/media?parent=2195"}],"wp:term":[{"taxonomy":"product_brand","embeddable":true,"href":"https:\/\/www.purecook.com\/de\/wp-json\/wp\/v2\/product_brand?post=2195"},{"taxonomy":"product_cat","embeddable":true,"href":"https:\/\/www.purecook.com\/de\/wp-json\/wp\/v2\/product_cat?post=2195"},{"taxonomy":"product_tag","embeddable":true,"href":"https:\/\/www.purecook.com\/de\/wp-json\/wp\/v2\/product_tag?post=2195"}],"curies":[{"name":"wp","href":"https:\/\/api.w.org\/{rel}","templated":true}]}}