{"id":2215,"date":"2024-05-23T11:08:02","date_gmt":"2024-05-23T03:08:02","guid":{"rendered":"https:\/\/purecook.com\/?post_type=product&#038;p=2215"},"modified":"2024-06-03T17:41:40","modified_gmt":"2024-06-03T09:41:40","slug":"durable-stainless-steel-dinner-plates-wholesale","status":"publish","type":"product","link":"https:\/\/www.purecook.com\/de\/product\/durable-stainless-steel-dinner-plates-wholesale\/","title":{"rendered":"Langlebige Edelstahl-Speiseteller Gro\u00dfhandel"},"content":{"rendered":"<div class=\"wp-block-columns is-layout-flex wp-container-core-columns-is-layout-9d6595d7 wp-block-columns-is-layout-flex\">\n<div class=\"wp-block-column is-layout-flow wp-block-column-is-layout-flow\">\n<h3 class=\"wp-block-heading\">Parameter von Speisetellern aus Edelstahl<\/h3>\n\n\n\n<p><strong>Modellnummer:bowl-007<\/strong><br>Name: Quadratischer Essteller<br>Material: 201 rostfreier Stahl<br>Farbe: vintage silber<br>Gr\u00f6\u00dfe: 21\u00d712,5 cm\/23\u00d723 cm<br>Logo: anpassbares Logo<br>Stil: Vintage-Retro-Stil<br>Bestellmenge 160 St\u00fcck<br>Bruttogewicht:15kg\/Kisten<\/p>\n<\/div>\n\n\n\n<div class=\"wp-block-column is-layout-flow wp-block-column-is-layout-flow\">\n<h3 class=\"wp-block-heading\">Individuelle Edelstahl-Speiseteller<\/h3>\n\n\n\n<p>Logo: Passen Sie Ihr Markenlogo an<br>Verpackung: Farbkasten\/Karton usw.<br>Muster: Passen Sie Ihr gew\u00fcnschtes Muster an<br>Bestellmenge 1000 St\u00fcck<br><strong><a href=\"https:\/\/www.purecook.com\/de\/custom-solution\/\" target=\"_blank\" rel=\"noreferrer noopener\">OEM &amp; ODM Kundenspezifische L\u00f6sungen<\/a><\/strong><\/p>\n<\/div>\n<\/div>\n\n\n\n<div class=\"wp-block-columns is-layout-flex wp-container-core-columns-is-layout-9d6595d7 wp-block-columns-is-layout-flex\">\n<div class=\"wp-block-column is-layout-flow wp-block-column-is-layout-flow\">\n<figure class=\"wp-block-image size-full\"><img decoding=\"async\" width=\"750\" height=\"1122\" src=\"https:\/\/purecook.com\/wp-content\/uploads\/2024\/05\/stainless-steel-dinner-plates-wholesale-4.webp\" alt=\"Edelstahl Essteller Gro\u00dfhandel\" class=\"wp-image-2226\" srcset=\"https:\/\/www.purecook.com\/wp-content\/uploads\/2024\/05\/stainless-steel-dinner-plates-wholesale-4.webp 750w, https:\/\/www.purecook.com\/wp-content\/uploads\/2024\/05\/stainless-steel-dinner-plates-wholesale-4-201x300.webp 201w, https:\/\/www.purecook.com\/wp-content\/uploads\/2024\/05\/stainless-steel-dinner-plates-wholesale-4-600x898.webp 600w\" sizes=\"(max-width: 750px) 100vw, 750px\" \/><\/figure>\n<\/div>\n\n\n\n<div class=\"wp-block-column is-layout-flow wp-block-column-is-layout-flow\">\n<figure class=\"wp-block-image size-full\"><img decoding=\"async\" width=\"750\" height=\"1113\" src=\"https:\/\/purecook.com\/wp-content\/uploads\/2024\/05\/stainless-steel-dinner-plates-wholesale-2.webp\" alt=\"Edelstahl Essteller Gro\u00dfhandel\" class=\"wp-image-2224\" srcset=\"https:\/\/www.purecook.com\/wp-content\/uploads\/2024\/05\/stainless-steel-dinner-plates-wholesale-2.webp 750w, https:\/\/www.purecook.com\/wp-content\/uploads\/2024\/05\/stainless-steel-dinner-plates-wholesale-2-202x300.webp 202w, https:\/\/www.purecook.com\/wp-content\/uploads\/2024\/05\/stainless-steel-dinner-plates-wholesale-2-600x890.webp 600w\" sizes=\"(max-width: 750px) 100vw, 750px\" \/><\/figure>\n<\/div>\n<\/div>","protected":false},"excerpt":{"rendered":"<p>Wir sind einer der besten Hersteller von Edelstahltellern in China und bieten hochwertige, langlebige Edelstahlteller f\u00fcr den Gro\u00dfhandel an. Die Teller sind aus hochwertigem, lebensmittelechtem Edelstahl mit spezieller Oberfl\u00e4chenbehandlung, die leicht zu reinigen ist und nicht leicht, Lebensmittel und Bakterien zu halten. Sie eignen sich als Partyteller und Serviertabletts f\u00fcr Restaurants. Wir bieten auch personalisierte Anpassung Dienstleistungen, und k\u00f6nnen Markenlogos drucken und Verpackung nach Ihren Bed\u00fcrfnissen anpassen.wir bieten Bulk-Essteller Gro\u00dfhandel, willkommen zu bestellen.<\/p>\n<h2>Merkmale und Vorteile von Speisetellern<\/h2>\n<p>Quadratisches und rechteckiges Design: Quadratische Essteller haben quadratische und rechteckige Formen, um das Essen auf dem Teller attraktiver zu machen, Teetablett silbernes Tablett dekoratives Metalltablett.<\/p>\n<p>Silberne Esstabletts: Edelstahl-Esstabletts werden aus hochwertigem Edelstahl und einer speziellen Oberfl\u00e4chenbehandlung hergestellt, so dass unsere Esstabletts langlebig sind und eine lange Nutzungsdauer haben.<\/p>\n<p>Party-Tabletts: Rechteckige Tabletts f\u00fcr Obst, Vorspeisen, Kuchen. Diese Servierplatte wird h\u00e4ufig f\u00fcr Partys, Geburtstage, Feiern, Bankette, Hochzeiten, Abschlussfeiern usw. verwendet.<\/p>\n<p>Quadratisches Serviertablett: Tablett zum Servieren von Lebensmitteln, dieses Tablett ist nicht leicht zu Schmutz ansammeln und leicht zu reinigen, und dieses silberne Tablett ist f\u00fcr das Servieren von Lebensmitteln mit guter Tragf\u00e4higkeit und nicht leicht zu verformen verwendet.<\/p>\n<p>Quadratisches Serviertablett: Dieses dekorative Serviertablett aus rostfreiem Stahl rostet nicht und ist sehr sicher im Kontakt mit Ihren Lebensmitteln, was Ihr Abendessen noch angenehmer macht.<\/p>\n<p>Logo\/Verpackung\/Muster k\u00f6nnen angepasst werden.<\/p>\n<p>Angebot Bulk Essteller Gro\u00dfhandel.<\/p>","protected":false},"featured_media":2228,"comment_status":"closed","ping_status":"closed","template":"","meta":{"_acf_changed":false},"product_brand":[],"product_cat":[55,51],"product_tag":[],"class_list":{"0":"post-2215","1":"product","2":"type-product","3":"status-publish","4":"has-post-thumbnail","6":"product_cat-dish-and-plate","7":"product_cat-dinnerware","9":"first","10":"instock","11":"shipping-taxable","12":"product-type-simple"},"acf":[],"_links":{"self":[{"href":"https:\/\/www.purecook.com\/de\/wp-json\/wp\/v2\/product\/2215","targetHints":{"allow":["GET"]}}],"collection":[{"href":"https:\/\/www.purecook.com\/de\/wp-json\/wp\/v2\/product"}],"about":[{"href":"https:\/\/www.purecook.com\/de\/wp-json\/wp\/v2\/types\/product"}],"replies":[{"embeddable":true,"href":"https:\/\/www.purecook.com\/de\/wp-json\/wp\/v2\/comments?post=2215"}],"wp:featuredmedia":[{"embeddable":true,"href":"https:\/\/www.purecook.com\/de\/wp-json\/wp\/v2\/media\/2228"}],"wp:attachment":[{"href":"https:\/\/www.purecook.com\/de\/wp-json\/wp\/v2\/media?parent=2215"}],"wp:term":[{"taxonomy":"product_brand","embeddable":true,"href":"https:\/\/www.purecook.com\/de\/wp-json\/wp\/v2\/product_brand?post=2215"},{"taxonomy":"product_cat","embeddable":true,"href":"https:\/\/www.purecook.com\/de\/wp-json\/wp\/v2\/product_cat?post=2215"},{"taxonomy":"product_tag","embeddable":true,"href":"https:\/\/www.purecook.com\/de\/wp-json\/wp\/v2\/product_tag?post=2215"}],"curies":[{"name":"wp","href":"https:\/\/api.w.org\/{rel}","templated":true}]}}