{"id":2230,"date":"2024-05-23T16:10:17","date_gmt":"2024-05-23T08:10:17","guid":{"rendered":"https:\/\/purecook.com\/?post_type=product&#038;p=2230"},"modified":"2025-04-27T17:33:00","modified_gmt":"2025-04-27T09:33:00","slug":"japanese-style-non-stick-snow-pan-with-cover-wholesale","status":"publish","type":"product","link":"https:\/\/www.purecook.com\/de\/product\/japanese-style-non-stick-snow-pan-with-cover-wholesale\/","title":{"rendered":"Gro\u00dfhandel Japanische Schneepfanne mit Deckel, Holzgriff, zwei Gr\u00f6\u00dfen (18\/20cm)"},"content":{"rendered":"<div class=\"wp-block-columns is-layout-flex wp-container-core-columns-is-layout-9d6595d7 wp-block-columns-is-layout-flex\">\n<div class=\"wp-block-column is-layout-flow wp-block-column-is-layout-flow\">\n<h3 class=\"wp-block-heading\">Parameter der japanischen Schneeschale<\/h3>\n\n\n\n<p><strong>Modellnummer: XPG18; XPG20<\/strong><br><strong>Material: <\/strong>304\/430 rostfreier Stahl<br><strong>Art des Polierens: <\/strong>Helles<br><strong>Farbe: <\/strong>Silber<br><strong>Kapazit\u00e4t: <\/strong>1L+<br><strong>Produktgr\u00f6\u00dfe: <\/strong>18cm\/20cm<br><strong>Produktgewicht: <\/strong>500-600g\/St\u00fcck<br><strong>Mindestbestellmenge: <\/strong>300St\u00fcck<br><strong>Verpackung: <\/strong>20St\u00fcck\/Koffer<\/p>\n<\/div>\n\n\n\n<div class=\"wp-block-column is-layout-flow wp-block-column-is-layout-flow\">\n<h3 class=\"wp-block-heading\">Benutzerdefinierte Schneewannen-Optionen<\/h3>\n\n\n\n<p><strong>Verpackung: <\/strong>Farbige Schachtel\/Karton, etc.<br><strong>Handgriff:<\/strong> Edelstahl\/Holz <br><strong><a href=\"https:\/\/www.purecook.com\/de\/custom-solution\/\" target=\"_blank\" rel=\"noreferrer noopener\">Erfahren Sie mehr \u00fcber OEM- und ODM-L\u00f6sungen f\u00fcr kundenspezifisches Kochgeschirr<\/a><\/strong><\/p>\n<\/div>\n<\/div>\n\n\n\n<figure class=\"wp-block-table\"><table><tbody><tr><td>Modell Nr.<\/td><td>Beschreibung des Produkts<\/td><td>Durchmesser (cm)<\/td><td>Gewicht (g)<\/td><td>MOQ<\/td><td>Menge\/ctn<\/td><td>Farbe Box Gr\u00f6\u00dfe (cm)<\/td><td>Gr\u00f6\u00dfe des Kartons (cm)<\/td><td>CBM<\/td><\/tr><tr><td>XPG18<\/td><td>430 Material<\/td><td>18<\/td><td>500<\/td><td>300<\/td><td>20<\/td><td>35\u00d719.1\u00d710.2<\/td><td>73\u00d736\u00d750<\/td><td>0.132<\/td><\/tr><tr><td>XPG20<\/td><td>430 Material<\/td><td>20<\/td><td>600<\/td><td>300<\/td><td>20<\/td><td>37.5\u00d720.9\u00d711<\/td><td>73\u00d739\u00d756<\/td><td>0.16<\/td><\/tr><tr><td>XPG18<\/td><td>304 Material<\/td><td>18<\/td><td>460<\/td><td>300<\/td><td>20<\/td><td>35\u00d719.1\u00d710.2<\/td><td>73\u00d736\u00d750<\/td><td>0.132<\/td><\/tr><tr><td>XPG20<\/td><td>304 Material<\/td><td>20<\/td><td>550<\/td><td>300<\/td><td>20<\/td><td>37.5\u00d720.9\u00d711<\/td><td>73\u00d739\u00d756<\/td><td>0.16<\/td><\/tr><\/tbody><\/table><\/figure>\n\n\n\n<div class=\"wp-block-columns is-layout-flex wp-container-core-columns-is-layout-9d6595d7 wp-block-columns-is-layout-flex\">\n<div class=\"wp-block-column is-layout-flow wp-block-column-is-layout-flow\">\n<figure class=\"wp-block-image size-full\"><img decoding=\"async\" width=\"800\" height=\"800\" src=\"https:\/\/purecook.com\/wp-content\/uploads\/2024\/05\/wholesale-snow-pans-4.webp\" alt=\"Gro\u00dfhandel mit Schneeschaufeln\" class=\"wp-image-2234\" srcset=\"https:\/\/www.purecook.com\/wp-content\/uploads\/2024\/05\/wholesale-snow-pans-4.webp 800w, https:\/\/www.purecook.com\/wp-content\/uploads\/2024\/05\/wholesale-snow-pans-4-300x300.webp 300w, https:\/\/www.purecook.com\/wp-content\/uploads\/2024\/05\/wholesale-snow-pans-4-150x150.webp 150w, https:\/\/www.purecook.com\/wp-content\/uploads\/2024\/05\/wholesale-snow-pans-4-768x768.webp 768w, https:\/\/www.purecook.com\/wp-content\/uploads\/2024\/05\/wholesale-snow-pans-4-600x600.webp 600w, https:\/\/www.purecook.com\/wp-content\/uploads\/2024\/05\/wholesale-snow-pans-4-100x100.webp 100w\" sizes=\"(max-width: 800px) 100vw, 800px\" \/><\/figure>\n<\/div>\n\n\n\n<div class=\"wp-block-column is-layout-flow wp-block-column-is-layout-flow\">\n<figure class=\"wp-block-image size-full\"><img decoding=\"async\" width=\"800\" height=\"800\" src=\"https:\/\/purecook.com\/wp-content\/uploads\/2024\/05\/wholesale-snow-pans-3.webp\" alt=\"Gro\u00dfhandel mit Schneeschaufeln\" class=\"wp-image-2233\" srcset=\"https:\/\/www.purecook.com\/wp-content\/uploads\/2024\/05\/wholesale-snow-pans-3.webp 800w, https:\/\/www.purecook.com\/wp-content\/uploads\/2024\/05\/wholesale-snow-pans-3-300x300.webp 300w, https:\/\/www.purecook.com\/wp-content\/uploads\/2024\/05\/wholesale-snow-pans-3-150x150.webp 150w, https:\/\/www.purecook.com\/wp-content\/uploads\/2024\/05\/wholesale-snow-pans-3-768x768.webp 768w, https:\/\/www.purecook.com\/wp-content\/uploads\/2024\/05\/wholesale-snow-pans-3-600x600.webp 600w, https:\/\/www.purecook.com\/wp-content\/uploads\/2024\/05\/wholesale-snow-pans-3-100x100.webp 100w\" sizes=\"(max-width: 800px) 100vw, 800px\" \/><\/figure>\n<\/div>\n<\/div>","protected":false},"excerpt":{"rendered":"<p>Japanische Schneepfannen mit Holzgriffen und Deckeln. Polierter K\u00f6rper f\u00fcr bessere Antihaftwirkung. OEM verf\u00fcgbar, 430 und 304 Edelstahl verf\u00fcgbar, Marken- und Verpackungsanpassung f\u00fcr Gro\u00dfeink\u00e4ufe verf\u00fcgbar. Kontaktieren Sie uns f\u00fcr ein Angebot.<\/p>\n<h2>Merkmale und Vorteile von Snow Pan<\/h2>\n<p><strong>Bequeme und sichere Handhabung:<\/strong> Die Pfanne verf\u00fcgt \u00fcber einen gut gestalteten Holzgriff, der angenehmer in der Hand liegt als ein Metallgriff, der eine schlechte W\u00e4rmeleitf\u00e4higkeit hat, so dass der Griff k\u00fchl bleibt, auch wenn die Pfanne hei\u00df ist.<\/p>\n<p><strong>Beidseitiger Wassereinlass:<\/strong> Es gibt durchdachte Wassereinl\u00e4sse auf beiden Seiten des Topfk\u00f6rpers, so dass Sie Suppe und hei\u00dfes Wasser leicht und pr\u00e4zise einf\u00fcllen k\u00f6nnen, egal ob Sie die linke oder rechte Hand benutzen.<\/p>\n<p><strong>Multifunktionale W\u00e4rmequelle Kompatibilit\u00e4t:<\/strong> Diese japanische Schneepfanne ist mit einer Vielzahl von W\u00e4rmequellen kompatibel und unterst\u00fctzt Gasherde, Induktionsherde und Induktionskochfelder, um den Anforderungen verschiedener Szenarien gerecht zu werden.<\/p>\n<p><strong>Ausgezeichnete Langlebigkeit:<\/strong> Diese japanische Schneepfanne ist komplett aus hochwertigem Edelstahl gefertigt und hat eine lange Lebensdauer, was sie zu einer zuverl\u00e4ssigen Wahl f\u00fcr den langfristigen Einsatz in der K\u00fcche macht.<\/p>","protected":false},"featured_media":2235,"comment_status":"closed","ping_status":"closed","template":"","meta":{"_acf_changed":false},"product_brand":[],"product_cat":[24,78],"product_tag":[98],"class_list":{"0":"post-2230","1":"product","2":"type-product","3":"status-publish","4":"has-post-thumbnail","6":"product_cat-cookware","7":"product_cat-snow-pans","8":"product_tag-wholesale-home-cookware","10":"first","11":"instock","12":"shipping-taxable","13":"product-type-simple"},"acf":[],"_links":{"self":[{"href":"https:\/\/www.purecook.com\/de\/wp-json\/wp\/v2\/product\/2230","targetHints":{"allow":["GET"]}}],"collection":[{"href":"https:\/\/www.purecook.com\/de\/wp-json\/wp\/v2\/product"}],"about":[{"href":"https:\/\/www.purecook.com\/de\/wp-json\/wp\/v2\/types\/product"}],"replies":[{"embeddable":true,"href":"https:\/\/www.purecook.com\/de\/wp-json\/wp\/v2\/comments?post=2230"}],"wp:featuredmedia":[{"embeddable":true,"href":"https:\/\/www.purecook.com\/de\/wp-json\/wp\/v2\/media\/2235"}],"wp:attachment":[{"href":"https:\/\/www.purecook.com\/de\/wp-json\/wp\/v2\/media?parent=2230"}],"wp:term":[{"taxonomy":"product_brand","embeddable":true,"href":"https:\/\/www.purecook.com\/de\/wp-json\/wp\/v2\/product_brand?post=2230"},{"taxonomy":"product_cat","embeddable":true,"href":"https:\/\/www.purecook.com\/de\/wp-json\/wp\/v2\/product_cat?post=2230"},{"taxonomy":"product_tag","embeddable":true,"href":"https:\/\/www.purecook.com\/de\/wp-json\/wp\/v2\/product_tag?post=2230"}],"curies":[{"name":"wp","href":"https:\/\/api.w.org\/{rel}","templated":true}]}}