{"id":2236,"date":"2024-05-23T16:42:24","date_gmt":"2024-05-23T08:42:24","guid":{"rendered":"https:\/\/purecook.com\/?post_type=product&#038;p=2236"},"modified":"2024-06-03T17:39:28","modified_gmt":"2024-06-03T09:39:28","slug":"custom-dinner-plate-wholesale-made-of-high-quality-stainless-steel","status":"publish","type":"product","link":"https:\/\/www.purecook.com\/de\/product\/custom-dinner-plate-wholesale-made-of-high-quality-stainless-steel\/","title":{"rendered":"Individueller Speiseteller Gro\u00dfhandel aus hochwertigem Edelstahl"},"content":{"rendered":"<div class=\"wp-block-columns is-layout-flex wp-container-core-columns-is-layout-9d6595d7 wp-block-columns-is-layout-flex\">\n<div class=\"wp-block-column is-layout-flow wp-block-column-is-layout-flow\">\n<h3 class=\"wp-block-heading\">Parameter des Esstellers<\/h3>\n\n\n\n<p><strong>Modellnummer:bowl-008<\/strong><br>Teller-Typ: Gebogene Kante Rechteck<br>Produktname: Vintage Square Essteller<br>Material: 304 rostfreier Stahl<br>Dicke: 0,8 mm<br>Gr\u00f6\u00dfe:40\u00d740\u00d730cm<br>Nettogewicht: 258g<br>Mindestbestellung: 60 St\u00fcck<br>Markenzeichen Akzeptiert kundenspezifische Logos<br>Merkmale: Tragbar<br>Stil: Vintage<\/p>\n<\/div>\n\n\n\n<div class=\"wp-block-column is-layout-flow wp-block-column-is-layout-flow\">\n<h3 class=\"wp-block-heading\">Individueller Essteller<\/h3>\n\n\n\n<p>Logo: Passen Sie Ihr Markenlogo an<br>Verpackung: Farbkasten\/Karton usw.<br>Muster: Passen Sie Ihr gew\u00fcnschtes Muster an<br>Bestellmenge 1000 St\u00fcck<br><strong><a href=\"https:\/\/www.purecook.com\/de\/custom-solution\/\" target=\"_blank\" rel=\"noreferrer noopener\">OEM &amp; ODM Kundenspezifische L\u00f6sungen<\/a><\/strong><\/p>\n<\/div>\n<\/div>\n\n\n\n<div class=\"wp-block-columns is-layout-flex wp-container-core-columns-is-layout-9d6595d7 wp-block-columns-is-layout-flex\">\n<div class=\"wp-block-column is-layout-flow wp-block-column-is-layout-flow\">\n<figure class=\"wp-block-image size-full\"><img decoding=\"async\" width=\"800\" height=\"800\" src=\"https:\/\/purecook.com\/wp-content\/uploads\/2024\/05\/stainless-steel-dinner-plates-wholesale-3-1.webp\" alt=\"Edelstahl Essteller Gro\u00dfhandel\" class=\"wp-image-2241\" srcset=\"https:\/\/www.purecook.com\/wp-content\/uploads\/2024\/05\/stainless-steel-dinner-plates-wholesale-3-1.webp 800w, https:\/\/www.purecook.com\/wp-content\/uploads\/2024\/05\/stainless-steel-dinner-plates-wholesale-3-1-300x300.webp 300w, https:\/\/www.purecook.com\/wp-content\/uploads\/2024\/05\/stainless-steel-dinner-plates-wholesale-3-1-150x150.webp 150w, https:\/\/www.purecook.com\/wp-content\/uploads\/2024\/05\/stainless-steel-dinner-plates-wholesale-3-1-768x768.webp 768w, https:\/\/www.purecook.com\/wp-content\/uploads\/2024\/05\/stainless-steel-dinner-plates-wholesale-3-1-600x600.webp 600w, https:\/\/www.purecook.com\/wp-content\/uploads\/2024\/05\/stainless-steel-dinner-plates-wholesale-3-1-100x100.webp 100w\" sizes=\"(max-width: 800px) 100vw, 800px\" \/><\/figure>\n<\/div>\n\n\n\n<div class=\"wp-block-column is-layout-flow wp-block-column-is-layout-flow\">\n<figure class=\"wp-block-image size-full\"><img decoding=\"async\" width=\"800\" height=\"800\" src=\"https:\/\/purecook.com\/wp-content\/uploads\/2024\/05\/stainless-steel-dinner-plates-wholesale-5-1.webp\" alt=\"Edelstahl Essteller Gro\u00dfhandel\" class=\"wp-image-2242\" srcset=\"https:\/\/www.purecook.com\/wp-content\/uploads\/2024\/05\/stainless-steel-dinner-plates-wholesale-5-1.webp 800w, https:\/\/www.purecook.com\/wp-content\/uploads\/2024\/05\/stainless-steel-dinner-plates-wholesale-5-1-300x300.webp 300w, https:\/\/www.purecook.com\/wp-content\/uploads\/2024\/05\/stainless-steel-dinner-plates-wholesale-5-1-150x150.webp 150w, https:\/\/www.purecook.com\/wp-content\/uploads\/2024\/05\/stainless-steel-dinner-plates-wholesale-5-1-768x768.webp 768w, https:\/\/www.purecook.com\/wp-content\/uploads\/2024\/05\/stainless-steel-dinner-plates-wholesale-5-1-600x600.webp 600w, https:\/\/www.purecook.com\/wp-content\/uploads\/2024\/05\/stainless-steel-dinner-plates-wholesale-5-1-100x100.webp 100w\" sizes=\"(max-width: 800px) 100vw, 800px\" \/><\/figure>\n<\/div>\n<\/div>","protected":false},"excerpt":{"rendered":"<p>Jeder Essteller ist aus hochwertigem, lebensmittelechtem Edelstahl gefertigt, leicht zu reinigen, so dass der Teller immer hygienisch ist, mit hervorragender Korrosionsbest\u00e4ndigkeit und Haltbarkeit, einzigartiges Design im Retro-Stil, geeignet f\u00fcr verschiedene Anl\u00e4sse, wir nach Ihrem Bedarf zu drucken Markenlogo und Verpackungsmuster.<\/p>\n<h2>Merkmale und Vorteile des Esstellers<\/h2>\n<p><strong>Rostfreier Stahl<\/strong>: Die quadratischen Platten mit gew\u00f6lbtem Rand sind aus rostfreiem Stahl gefertigt, um sicherzustellen, dass sie korrosionsbest\u00e4ndig sind und den harten Anforderungen des t\u00e4glichen Gebrauchs standhalten.<\/p>\n<p><strong>Leicht zu pflegen<\/strong>: Mit ihrer robusten Konstruktion und glatten Oberfl\u00e4che sind diese Essteller nicht nur optisch ansprechend, sondern auch leicht zu reinigen und eignen sich f\u00fcr den Einsatz in stark frequentierten Umgebungen.<\/p>\n<p><strong>Industrieller Stil<\/strong>: Mit ihrem auff\u00e4lligen Retro-Design sind diese Teller eine stilvolle Erg\u00e4nzung f\u00fcr Ihre Geschirrsammlung.<\/p>\n<p><strong>Arbeitet in K\u00fcchen und Esszimmern<\/strong>: Egal, ob Sie zu Hause oder in einer professionellen K\u00fcche servieren, diese Teller erf\u00fcllen eine Vielzahl von kulinarischen Anforderungen.<\/p>\n<p><strong>Modernes abgerundetes Rechteck:<\/strong> Das abgerundete, rechteckige Design dieser Essteller hat einen modernen und einzigartigen Look, der ideal ist, um Ihre kulinarischen Kreationen zu pr\u00e4sentieren und sie hervorzuheben.<\/p>","protected":false},"featured_media":2240,"comment_status":"closed","ping_status":"closed","template":"","meta":{"_acf_changed":false},"product_brand":[],"product_cat":[51,55],"product_tag":[],"class_list":{"0":"post-2236","1":"product","2":"type-product","3":"status-publish","4":"has-post-thumbnail","6":"product_cat-dinnerware","7":"product_cat-dish-and-plate","9":"first","10":"instock","11":"shipping-taxable","12":"product-type-simple"},"acf":[],"_links":{"self":[{"href":"https:\/\/www.purecook.com\/de\/wp-json\/wp\/v2\/product\/2236","targetHints":{"allow":["GET"]}}],"collection":[{"href":"https:\/\/www.purecook.com\/de\/wp-json\/wp\/v2\/product"}],"about":[{"href":"https:\/\/www.purecook.com\/de\/wp-json\/wp\/v2\/types\/product"}],"replies":[{"embeddable":true,"href":"https:\/\/www.purecook.com\/de\/wp-json\/wp\/v2\/comments?post=2236"}],"wp:featuredmedia":[{"embeddable":true,"href":"https:\/\/www.purecook.com\/de\/wp-json\/wp\/v2\/media\/2240"}],"wp:attachment":[{"href":"https:\/\/www.purecook.com\/de\/wp-json\/wp\/v2\/media?parent=2236"}],"wp:term":[{"taxonomy":"product_brand","embeddable":true,"href":"https:\/\/www.purecook.com\/de\/wp-json\/wp\/v2\/product_brand?post=2236"},{"taxonomy":"product_cat","embeddable":true,"href":"https:\/\/www.purecook.com\/de\/wp-json\/wp\/v2\/product_cat?post=2236"},{"taxonomy":"product_tag","embeddable":true,"href":"https:\/\/www.purecook.com\/de\/wp-json\/wp\/v2\/product_tag?post=2236"}],"curies":[{"name":"wp","href":"https:\/\/api.w.org\/{rel}","templated":true}]}}