{"id":2243,"date":"2024-05-23T17:00:20","date_gmt":"2024-05-23T09:00:20","guid":{"rendered":"https:\/\/purecook.com\/?post_type=product&#038;p=2243"},"modified":"2024-06-03T17:38:15","modified_gmt":"2024-06-03T09:38:15","slug":"custom-3-compartment-stainless-steel-dinner-plate-wholesale","status":"publish","type":"product","link":"https:\/\/www.purecook.com\/de\/product\/custom-3-compartment-stainless-steel-dinner-plate-wholesale\/","title":{"rendered":"Benutzerdefinierte 3-Kammer-Edelstahl-Teller Gro\u00dfhandel"},"content":{"rendered":"<div class=\"wp-block-columns is-layout-flex wp-container-core-columns-is-layout-9d6595d7 wp-block-columns-is-layout-flex\">\n<div class=\"wp-block-column is-layout-flow wp-block-column-is-layout-flow\">\n<h3 class=\"wp-block-heading\">Parameter des 3-Kammer-Speisetellers<\/h3>\n\n\n\n<p><strong>Modellnummer:bowl-009<\/strong><br>Anlass: Camping<br>Art des Geschirrs: Teller<br>Form: oval<br>Produktname: 3 F\u00e4cher Speiseteller<br>Gr\u00f6\u00dfe \uff1a25*17cm<br>Material: 304 rostfreier Stahl<br>Gewicht: 215g<br>Dicke: 0,8 mm<br>Farbe: Silber<br>Mindestbestellmenge: 80 St\u00fcck<br>Logo: Kundenspezifisches Logo akzeptiert<br>Stil: Vintage<br>MOQ: 80St\u00fcck<\/p>\n<\/div>\n\n\n\n<div class=\"wp-block-column is-layout-flow wp-block-column-is-layout-flow\">\n<h3 class=\"wp-block-heading\">Speiseteller mit 3 F\u00e4chern<\/h3>\n\n\n\n<p>Logo: Passen Sie Ihr Markenlogo an<br>Verpackung: Farbkasten\/Karton usw.<br>Muster: Passen Sie Ihr gew\u00fcnschtes Muster an<br>Bestellmenge 1000 St\u00fcck<br><strong><a href=\"https:\/\/www.purecook.com\/de\/custom-solution\/\" target=\"_blank\" rel=\"noreferrer noopener\">OEM &amp; ODM Kundenspezifische L\u00f6sungen<\/a><\/strong><\/p>\n<\/div>\n<\/div>\n\n\n\n<div class=\"wp-block-columns is-layout-flex wp-container-core-columns-is-layout-9d6595d7 wp-block-columns-is-layout-flex\">\n<div class=\"wp-block-column is-layout-flow wp-block-column-is-layout-flow\">\n<figure class=\"wp-block-image size-full\"><img decoding=\"async\" width=\"750\" height=\"1126\" src=\"https:\/\/purecook.com\/wp-content\/uploads\/2024\/05\/custom-three-compartment-dinner-plate-wholesale-8.webp\" alt=\"benutzerdefinierte dreiteilige Essteller Gro\u00dfhandel\" class=\"wp-image-2251\" srcset=\"https:\/\/www.purecook.com\/wp-content\/uploads\/2024\/05\/custom-three-compartment-dinner-plate-wholesale-8.webp 750w, https:\/\/www.purecook.com\/wp-content\/uploads\/2024\/05\/custom-three-compartment-dinner-plate-wholesale-8-200x300.webp 200w, https:\/\/www.purecook.com\/wp-content\/uploads\/2024\/05\/custom-three-compartment-dinner-plate-wholesale-8-600x901.webp 600w\" sizes=\"(max-width: 750px) 100vw, 750px\" \/><\/figure>\n<\/div>\n\n\n\n<div class=\"wp-block-column is-layout-flow wp-block-column-is-layout-flow\">\n<figure class=\"wp-block-image size-full\"><img decoding=\"async\" width=\"750\" height=\"1120\" src=\"https:\/\/purecook.com\/wp-content\/uploads\/2024\/05\/custom-three-compartment-dinner-plate-wholesale-7.webp\" alt=\"benutzerdefinierte dreiteilige Essteller Gro\u00dfhandel\" class=\"wp-image-2250\" srcset=\"https:\/\/www.purecook.com\/wp-content\/uploads\/2024\/05\/custom-three-compartment-dinner-plate-wholesale-7.webp 750w, https:\/\/www.purecook.com\/wp-content\/uploads\/2024\/05\/custom-three-compartment-dinner-plate-wholesale-7-201x300.webp 201w, https:\/\/www.purecook.com\/wp-content\/uploads\/2024\/05\/custom-three-compartment-dinner-plate-wholesale-7-600x896.webp 600w\" sizes=\"(max-width: 750px) 100vw, 750px\" \/><\/figure>\n<\/div>\n<\/div>","protected":false},"excerpt":{"rendered":"<p>Jeder Speiseteller ist in drei Raster unterteilt, und die Benutzer k\u00f6nnen verschiedene Arten von Lebensmitteln separat platzieren, wodurch die Pr\u00e4sentation der Speisen verfeinert wird. Retro-Stil Design, insgesamt einfach und elegant, geeignet f\u00fcr verschiedene Anl\u00e4sse. Unser Gro\u00dfhandel Anpassung Dienstleistungen k\u00f6nnen Kosten f\u00fcr Ihr Unternehmen zu speichern und schnell gro\u00dfe Nachfrage zu erf\u00fcllen.<\/p>\n<h2>Merkmale und Vorteile des Esstellers<\/h2>\n<p><strong>Rostfreier Stahl<\/strong>: Die unterteilbaren ovalen Speiseteller sind aus rostfreiem Stahl 304 hergestellt, der sie korrosionsbest\u00e4ndig macht und sie f\u00fcr den t\u00e4glichen Gebrauch geeignet macht.<\/p>\n<p><strong>Leicht zu pflegen<\/strong>: Mit ihrer robusten Konstruktion und glatten Oberfl\u00e4che sind diese Essteller nicht nur optisch ansprechend, sondern auch leicht zu reinigen und eignen sich f\u00fcr den Einsatz in stark frequentierten Umgebungen.<\/p>\n<p><strong>Industrieller Stil:<\/strong> Mit ihrem auff\u00e4lligen Vintage-Design sind diese Teller eine stilvolle Erg\u00e4nzung Ihrer Geschirrsammlung.<\/p>\n<p><strong>Geeignet f\u00fcr K\u00fcchen und Esszimmer<\/strong>: Egal, ob Sie sie zu Hause oder in einer professionellen K\u00fcche verwenden, diese Teller erf\u00fcllen eine Vielzahl von kulinarischen Bed\u00fcrfnissen.<\/p>\n<p><strong>Moderne ovale Form<\/strong>: Das ovale Design dieser Essteller hat einen modernen und einzigartigen Look, der ideal ist, um Ihre kulinarischen Kreationen zu pr\u00e4sentieren und sie hervorzuheben.<\/p>","protected":false},"featured_media":2248,"comment_status":"closed","ping_status":"closed","template":"","meta":{"_acf_changed":false},"product_brand":[],"product_cat":[51,55],"product_tag":[],"class_list":{"0":"post-2243","1":"product","2":"type-product","3":"status-publish","4":"has-post-thumbnail","6":"product_cat-dinnerware","7":"product_cat-dish-and-plate","9":"first","10":"instock","11":"shipping-taxable","12":"product-type-simple"},"acf":[],"_links":{"self":[{"href":"https:\/\/www.purecook.com\/de\/wp-json\/wp\/v2\/product\/2243","targetHints":{"allow":["GET"]}}],"collection":[{"href":"https:\/\/www.purecook.com\/de\/wp-json\/wp\/v2\/product"}],"about":[{"href":"https:\/\/www.purecook.com\/de\/wp-json\/wp\/v2\/types\/product"}],"replies":[{"embeddable":true,"href":"https:\/\/www.purecook.com\/de\/wp-json\/wp\/v2\/comments?post=2243"}],"wp:featuredmedia":[{"embeddable":true,"href":"https:\/\/www.purecook.com\/de\/wp-json\/wp\/v2\/media\/2248"}],"wp:attachment":[{"href":"https:\/\/www.purecook.com\/de\/wp-json\/wp\/v2\/media?parent=2243"}],"wp:term":[{"taxonomy":"product_brand","embeddable":true,"href":"https:\/\/www.purecook.com\/de\/wp-json\/wp\/v2\/product_brand?post=2243"},{"taxonomy":"product_cat","embeddable":true,"href":"https:\/\/www.purecook.com\/de\/wp-json\/wp\/v2\/product_cat?post=2243"},{"taxonomy":"product_tag","embeddable":true,"href":"https:\/\/www.purecook.com\/de\/wp-json\/wp\/v2\/product_tag?post=2243"}],"curies":[{"name":"wp","href":"https:\/\/api.w.org\/{rel}","templated":true}]}}