{"id":2252,"date":"2024-05-23T17:19:16","date_gmt":"2024-05-23T09:19:16","guid":{"rendered":"https:\/\/purecook.com\/?post_type=product&#038;p=2252"},"modified":"2024-06-03T17:48:23","modified_gmt":"2024-06-03T09:48:23","slug":"wholesale-non-slip-stainless-steel-oil-strainer-pot","status":"publish","type":"product","link":"https:\/\/www.purecook.com\/de\/product\/wholesale-non-slip-stainless-steel-oil-strainer-pot\/","title":{"rendered":"Gro\u00dfhandel Anti-Rutsch-Edelstahl-\u00d6l-Sieb-Topf"},"content":{"rendered":"<div class=\"wp-block-columns is-layout-flex wp-container-core-columns-is-layout-9d6595d7 wp-block-columns-is-layout-flex\">\n<div class=\"wp-block-column is-layout-flow wp-block-column-is-layout-flow\">\n<h3 class=\"wp-block-heading\">Parameter des \u00d6lsiebertopfs <\/h3>\n\n\n\n<p><strong>Modellnummer:\u00d6lkanne-004<\/strong><br>Name: \u00d6l-Sieb-Topf<br>Farbe: blau\/violett\/silbern<br>Gr\u00f6\u00dfe 13*12 cm-1,4 Liter<br>Geh\u00e4use Material 0,4mm\/SS304<br>Schmutzf\u00e4nger 0,02 mm\/SS304<br>Farbe: blau\/violett\/silbern<br>Deckel, Teller und Siebrand 0,35 mm\/SS201<br>Handgriff 06mm\/SS 410<br>Gewicht: 1kg\/St\u00fcck<br>Kann angepasst werden Farbe Box Verpackung 2000pcs.<br>Innen hochglanzpoliert, au\u00dfen hochglanzpoliert.<\/p>\n<\/div>\n\n\n\n<div class=\"wp-block-column is-layout-flow wp-block-column-is-layout-flow\">\n<h3 class=\"wp-block-heading\">Kundenspezifischer \u00d6lsiebtopf <\/h3>\n\n\n\n<p>Verpackung: Farbkasten\/Karton usw.<br>Bestellmenge 2000 St\u00fcck<br><strong><a href=\"https:\/\/www.purecook.com\/de\/custom-solution\/\" target=\"_blank\" rel=\"noreferrer noopener\">OEM &amp; ODM Kundenspezifische L\u00f6sungen<\/a><\/strong><\/p>\n<\/div>\n<\/div>\n\n\n\n<div class=\"wp-block-columns is-layout-flex wp-container-core-columns-is-layout-9d6595d7 wp-block-columns-is-layout-flex\">\n<div class=\"wp-block-column is-layout-flow wp-block-column-is-layout-flow\">\n<figure class=\"wp-block-image size-full\"><img decoding=\"async\" width=\"1000\" height=\"1000\" src=\"https:\/\/purecook.com\/wp-content\/uploads\/2024\/05\/oil-strainer-pot-1.webp\" alt=\"Gro\u00dfhandel \u00d6lsieb Topf\" class=\"wp-image-2256\" srcset=\"https:\/\/www.purecook.com\/wp-content\/uploads\/2024\/05\/oil-strainer-pot-1.webp 1000w, https:\/\/www.purecook.com\/wp-content\/uploads\/2024\/05\/oil-strainer-pot-1-300x300.webp 300w, https:\/\/www.purecook.com\/wp-content\/uploads\/2024\/05\/oil-strainer-pot-1-150x150.webp 150w, https:\/\/www.purecook.com\/wp-content\/uploads\/2024\/05\/oil-strainer-pot-1-768x768.webp 768w, https:\/\/www.purecook.com\/wp-content\/uploads\/2024\/05\/oil-strainer-pot-1-600x600.webp 600w, https:\/\/www.purecook.com\/wp-content\/uploads\/2024\/05\/oil-strainer-pot-1-100x100.webp 100w\" sizes=\"(max-width: 1000px) 100vw, 1000px\" \/><\/figure>\n<\/div>\n\n\n\n<div class=\"wp-block-column is-layout-flow wp-block-column-is-layout-flow\">\n<figure class=\"wp-block-image size-full\"><img decoding=\"async\" width=\"1000\" height=\"1000\" src=\"https:\/\/purecook.com\/wp-content\/uploads\/2024\/05\/oil-strainer-pot-2.webp\" alt=\"Gro\u00dfhandel \u00d6lsieb Topf\" class=\"wp-image-2253\" srcset=\"https:\/\/www.purecook.com\/wp-content\/uploads\/2024\/05\/oil-strainer-pot-2.webp 1000w, https:\/\/www.purecook.com\/wp-content\/uploads\/2024\/05\/oil-strainer-pot-2-300x300.webp 300w, https:\/\/www.purecook.com\/wp-content\/uploads\/2024\/05\/oil-strainer-pot-2-150x150.webp 150w, https:\/\/www.purecook.com\/wp-content\/uploads\/2024\/05\/oil-strainer-pot-2-768x768.webp 768w, https:\/\/www.purecook.com\/wp-content\/uploads\/2024\/05\/oil-strainer-pot-2-600x600.webp 600w, https:\/\/www.purecook.com\/wp-content\/uploads\/2024\/05\/oil-strainer-pot-2-100x100.webp 100w\" sizes=\"(max-width: 1000px) 100vw, 1000px\" \/><\/figure>\n<\/div>\n<\/div>","protected":false},"excerpt":{"rendered":"<p>Gro\u00dfhandel rutschfesten Edelstahl-\u00d6lsieb T\u00f6pfe, mit einem Filter auf dem Topf K\u00f6rper, die leicht filtern kann Lebensmittelr\u00fcckst\u00e4nde. Dieses \u00d6lsieb Topf ist nicht nur geeignet f\u00fcr die K\u00fcche zu Hause, sondern auch eine ideale Wahl f\u00fcr Restaurants, Hotels und anderen kommerziellen Orten. Der Kauf im Gro\u00dfhandel spart Kosten und sorgt f\u00fcr schnelle Zufriedenheit. hohe Nachfrage. Und wir bieten kundenspezifische Logo und Verpackungsl\u00f6sungen.<\/p>\n<h2>Merkmale und Vorteile des \u00d6lsiebtopfs<\/h2>\n<p><strong>Hochwertige Konstruktion<\/strong>: Dieser Beh\u00e4lter aus robustem Edelstahl verf\u00fcgt \u00fcber eine Ausgusst\u00fclle, einen Deckel und ein feinmaschiges Sieb, das sich perfekt zum Abtropfen von Speck und Fett eignet.<\/p>\n<p><strong>Praktisch<\/strong>: Verwenden Sie die beliebten Kokos-, Raps- und Oliven\u00f6le mit unserem praktischen Fettaufbewahrer f\u00fcr den Herd.<\/p>\n<p><strong>Handgriff<\/strong>: Der Griff ist leicht zu halten.<\/p>\n<p>Kann mit einer personalisierten Verpackung versehen werden.<\/p>\n<p>Hohe Oberfl\u00e4cheng\u00fcte, hell und gl\u00e4nzend.<\/p>\n<p>Ein herausnehmbarer, feinmaschiger Filter trennt die kleinsten Speisereste vom Speise\u00f6l.<\/p>\n<p>Sp\u00fclmaschinenfest, Handw\u00e4sche wird empfohlen.<\/p>\n<p>Geeignet f\u00fcr den Einsatz zu Hause, im Restaurant und im Hotel.<\/p>","protected":false},"featured_media":2255,"comment_status":"closed","ping_status":"closed","template":"","meta":{"_acf_changed":false},"product_brand":[],"product_cat":[52,64],"product_tag":[],"class_list":{"0":"post-2252","1":"product","2":"type-product","3":"status-publish","4":"has-post-thumbnail","6":"product_cat-kitchen-utensils","7":"product_cat-oil-pot","9":"first","10":"instock","11":"shipping-taxable","12":"product-type-simple"},"acf":[],"_links":{"self":[{"href":"https:\/\/www.purecook.com\/de\/wp-json\/wp\/v2\/product\/2252","targetHints":{"allow":["GET"]}}],"collection":[{"href":"https:\/\/www.purecook.com\/de\/wp-json\/wp\/v2\/product"}],"about":[{"href":"https:\/\/www.purecook.com\/de\/wp-json\/wp\/v2\/types\/product"}],"replies":[{"embeddable":true,"href":"https:\/\/www.purecook.com\/de\/wp-json\/wp\/v2\/comments?post=2252"}],"wp:featuredmedia":[{"embeddable":true,"href":"https:\/\/www.purecook.com\/de\/wp-json\/wp\/v2\/media\/2255"}],"wp:attachment":[{"href":"https:\/\/www.purecook.com\/de\/wp-json\/wp\/v2\/media?parent=2252"}],"wp:term":[{"taxonomy":"product_brand","embeddable":true,"href":"https:\/\/www.purecook.com\/de\/wp-json\/wp\/v2\/product_brand?post=2252"},{"taxonomy":"product_cat","embeddable":true,"href":"https:\/\/www.purecook.com\/de\/wp-json\/wp\/v2\/product_cat?post=2252"},{"taxonomy":"product_tag","embeddable":true,"href":"https:\/\/www.purecook.com\/de\/wp-json\/wp\/v2\/product_tag?post=2252"}],"curies":[{"name":"wp","href":"https:\/\/api.w.org\/{rel}","templated":true}]}}