{"id":2314,"date":"2024-05-24T14:54:56","date_gmt":"2024-05-24T06:54:56","guid":{"rendered":"https:\/\/purecook.com\/?post_type=product&#038;p=2314"},"modified":"2025-08-14T16:55:32","modified_gmt":"2025-08-14T08:55:32","slug":"leak-proof-bulk-food-storage-containers-wholesale","status":"publish","type":"product","link":"https:\/\/www.purecook.com\/de\/product\/leak-proof-bulk-food-storage-containers-wholesale\/","title":{"rendered":"Auslaufsichere Vorratsbeh\u00e4lter f\u00fcr Lebensmittel im Gro\u00dfhandel"},"content":{"rendered":"<div class=\"wp-block-columns is-layout-flex wp-container-core-columns-is-layout-9d6595d7 wp-block-columns-is-layout-flex\">\n<div class=\"wp-block-column is-layout-flow wp-block-column-is-layout-flow\">\n<h3 class=\"wp-block-heading\">Parameter des Lebensmittelbeh\u00e4lters<\/h3>\n\n\n\n<p><strong>Modellnummer: ch2<\/strong><br>Material: Rostfreier Stahl (SUS#304)<br>Kappe: Kunststoffkappe oder Kunststoffkappe mit Silikonring<br>Spezifikation: 350\/550\/850\/1800\/2800ml<br>Ausf\u00fchrung: Galvanisiert, matt<br>Gr\u00f6\u00dfe: 350ml-5\u00d711,5\u00d715cm;<br>        550ml-6\u00d713\u00d717cm;<br>        850ml-6.5\u00d714.5\u00d719.5cm; <br>        1800ml-8\u00d718\u00d723cm; <br>        2800ml-11,5\u00d718\u00d723cm;<br>MOQ 500 St\u00fcck<\/p>\n<\/div>\n\n\n\n<div class=\"wp-block-column is-layout-flow wp-block-column-is-layout-flow\">\n<h3 class=\"wp-block-heading\">Kundenspezifischer Lebensmittelbeh\u00e4lter<\/h3>\n\n\n\n<p>Logo: Passen Sie Ihr Markenlogo an<br>Bestellmenge 500 St\u00fcck<br><strong><a href=\"https:\/\/www.purecook.com\/de\/custom-solution\/\" target=\"_blank\" rel=\"noreferrer noopener\">OEM &amp; ODM Kundenspezifische L\u00f6sungen<\/a><\/strong><\/p>\n<\/div>\n<\/div>\n\n\n\n<div class=\"wp-block-columns is-layout-flex wp-container-core-columns-is-layout-9d6595d7 wp-block-columns-is-layout-flex\">\n<div class=\"wp-block-column is-layout-flow wp-block-column-is-layout-flow\">\n<figure class=\"wp-block-image size-full\"><img decoding=\"async\" width=\"800\" height=\"800\" src=\"https:\/\/purecook.com\/wp-content\/uploads\/2024\/05\/bulk-food-storage-containers-wholesale-3.webp\" alt=\"Lebensmittel-Lagerbeh\u00e4lter im Gro\u00dfhandel\" class=\"wp-image-2320\" srcset=\"https:\/\/www.purecook.com\/wp-content\/uploads\/2024\/05\/bulk-food-storage-containers-wholesale-3.webp 800w, https:\/\/www.purecook.com\/wp-content\/uploads\/2024\/05\/bulk-food-storage-containers-wholesale-3-300x300.webp 300w, https:\/\/www.purecook.com\/wp-content\/uploads\/2024\/05\/bulk-food-storage-containers-wholesale-3-150x150.webp 150w, https:\/\/www.purecook.com\/wp-content\/uploads\/2024\/05\/bulk-food-storage-containers-wholesale-3-768x768.webp 768w, https:\/\/www.purecook.com\/wp-content\/uploads\/2024\/05\/bulk-food-storage-containers-wholesale-3-600x600.webp 600w, https:\/\/www.purecook.com\/wp-content\/uploads\/2024\/05\/bulk-food-storage-containers-wholesale-3-100x100.webp 100w\" sizes=\"(max-width: 800px) 100vw, 800px\" \/><\/figure>\n<\/div>\n\n\n\n<div class=\"wp-block-column is-layout-flow wp-block-column-is-layout-flow\">\n<figure class=\"wp-block-image size-full\"><img decoding=\"async\" width=\"800\" height=\"800\" src=\"https:\/\/purecook.com\/wp-content\/uploads\/2024\/05\/bulk-food-storage-containers-wholesale-2.webp\" alt=\"Lebensmittel-Lagerbeh\u00e4lter im Gro\u00dfhandel\" class=\"wp-image-2319\" srcset=\"https:\/\/www.purecook.com\/wp-content\/uploads\/2024\/05\/bulk-food-storage-containers-wholesale-2.webp 800w, https:\/\/www.purecook.com\/wp-content\/uploads\/2024\/05\/bulk-food-storage-containers-wholesale-2-300x300.webp 300w, https:\/\/www.purecook.com\/wp-content\/uploads\/2024\/05\/bulk-food-storage-containers-wholesale-2-150x150.webp 150w, https:\/\/www.purecook.com\/wp-content\/uploads\/2024\/05\/bulk-food-storage-containers-wholesale-2-768x768.webp 768w, https:\/\/www.purecook.com\/wp-content\/uploads\/2024\/05\/bulk-food-storage-containers-wholesale-2-600x600.webp 600w, https:\/\/www.purecook.com\/wp-content\/uploads\/2024\/05\/bulk-food-storage-containers-wholesale-2-100x100.webp 100w\" sizes=\"(max-width: 800px) 100vw, 800px\" \/><\/figure>\n<\/div>\n<\/div>","protected":false},"excerpt":{"rendered":"<p>Lebensmittelbeh\u00e4lter sind in einer Vielzahl von Gr\u00f6\u00dfen erh\u00e4ltlich, um den unterschiedlichen Bed\u00fcrfnissen bei der Aufbewahrung von Lebensmitteln gerecht zu werden. Starke Verschl\u00fcsse und Dichtungen sorgen daf\u00fcr, dass der Beh\u00e4lter ein Auslaufen wirksam verhindert. Sie k\u00f6nnen M\u00fcsli, N\u00fcsse, Snacks oder fl\u00fcssige Lebensmittel aufbewahren. Wir sind Hersteller von Lebensmittelbeh\u00e4ltern, die ma\u00dfgeschneiderte Dienstleistungen und bieten Bulk Lebensmittelbeh\u00e4lter Gro\u00dfhandel.<strong>Farbe<\/strong>, <strong>Gr\u00f6\u00dfe<\/strong> und <strong>Druckmuster<\/strong> kann an Ihre Bed\u00fcrfnisse angepasst werden.<\/p>\n<h2>Merkmale und Vorteile von Lebensmittelbeh\u00e4ltern<\/h2>\n<p>Luftdicht - chemikalienfrei - bpa-frei - reduzieren Sie die Zeit f\u00fcr die K\u00fcchenreinigung und halten Sie Ihren ketogenen Lebensstil ein, indem Sie gesunde Mahlzeiten im Voraus zubereiten!<\/p>\n<p>Stapelbar &amp; clever: Sparen Sie Geld - sparen Sie Platz - sparen Sie Ihren Verstand - Lunchbeh\u00e4lter aus Edelstahl sparen Geld und Platz und machen es Kindern leicht, unterwegs auf Snacks, Mittagessen und Mahlzeiten zuzugreifen. Die kleineren Bento-Boxen eignen sich hervorragend als Lunch-Box-Beh\u00e4lter oder f\u00fcr eine K\u00fchlbox oder Picknick-Party!<\/p>\n<p>Leicht zu reinigen - sp\u00fclmaschinenfest - geschmacks- und geruchsabweisend, da sie aus rostfreiem Edelstahl gefertigt sind, k\u00f6nnen die Beh\u00e4lter problemlos in das obere Fach der Sp\u00fclmaschine gestellt werden. Die geruchs- und geschmacksabweisende Technologie sorgt daf\u00fcr, dass Ihre Lebensmittelbeh\u00e4lter wieder so frisch und sauber riechen wie an dem Tag, an dem Sie die Verpackung ge\u00f6ffnet haben.<\/p>\n<p>Perfekt f\u00fcr Familien- und Freundestreffen. F\u00fcr ein Picknick, Reste, auch als Reisebeh\u00e4lter. Denn man kann sie \u00fcberall mitnehmen! Im Rucksack, in der Brottasche!<\/p>\n<p>Angebot Bulk Lebensmittel Lagerung Container Gro\u00dfhandel.<\/p>\n<p>&nbsp;<\/p>","protected":false},"featured_media":2319,"comment_status":"closed","ping_status":"closed","template":"","meta":{"_acf_changed":false},"product_brand":[],"product_cat":[25,51],"product_tag":[],"class_list":{"0":"post-2314","1":"product","2":"type-product","3":"status-publish","4":"has-post-thumbnail","6":"product_cat-food-storage","7":"product_cat-dinnerware","9":"first","10":"instock","11":"shipping-taxable","12":"product-type-simple"},"acf":[],"_links":{"self":[{"href":"https:\/\/www.purecook.com\/de\/wp-json\/wp\/v2\/product\/2314","targetHints":{"allow":["GET"]}}],"collection":[{"href":"https:\/\/www.purecook.com\/de\/wp-json\/wp\/v2\/product"}],"about":[{"href":"https:\/\/www.purecook.com\/de\/wp-json\/wp\/v2\/types\/product"}],"replies":[{"embeddable":true,"href":"https:\/\/www.purecook.com\/de\/wp-json\/wp\/v2\/comments?post=2314"}],"wp:featuredmedia":[{"embeddable":true,"href":"https:\/\/www.purecook.com\/de\/wp-json\/wp\/v2\/media\/2319"}],"wp:attachment":[{"href":"https:\/\/www.purecook.com\/de\/wp-json\/wp\/v2\/media?parent=2314"}],"wp:term":[{"taxonomy":"product_brand","embeddable":true,"href":"https:\/\/www.purecook.com\/de\/wp-json\/wp\/v2\/product_brand?post=2314"},{"taxonomy":"product_cat","embeddable":true,"href":"https:\/\/www.purecook.com\/de\/wp-json\/wp\/v2\/product_cat?post=2314"},{"taxonomy":"product_tag","embeddable":true,"href":"https:\/\/www.purecook.com\/de\/wp-json\/wp\/v2\/product_tag?post=2314"}],"curies":[{"name":"wp","href":"https:\/\/api.w.org\/{rel}","templated":true}]}}