{"id":2323,"date":"2024-05-24T15:24:07","date_gmt":"2024-05-24T07:24:07","guid":{"rendered":"https:\/\/purecook.com\/?post_type=product&#038;p=2323"},"modified":"2025-08-14T16:55:19","modified_gmt":"2025-08-14T08:55:19","slug":"bulk-lunch-boxes-wholesale-with-visible-glass-lid","status":"publish","type":"product","link":"https:\/\/www.purecook.com\/de\/product\/bulk-lunch-boxes-wholesale-with-visible-glass-lid\/","title":{"rendered":"Mikrowelle Sicherheit auslaufsicher Bulk Lunch Boxen Gro\u00dfhandel mit sichtbaren Glasdeckel"},"content":{"rendered":"<div class=\"wp-block-columns is-layout-flex wp-container-core-columns-is-layout-9d6595d7 wp-block-columns-is-layout-flex\">\n<div class=\"wp-block-column is-layout-flow wp-block-column-is-layout-flow\">\n<h3 class=\"wp-block-heading\">Parameter von Lunchboxen<\/h3>\n\n\n\n<p>Modellnummer:XZ -01<br>Material: 304 rostfreier Stahl + Glas + PP<br>Deckel: explosionsgesch\u00fctztes Glas + PP<br>Farbe: Silber + braunes Silikon<br>Oberfl\u00e4chenbehandlung: elektrolytisch<br>Spezifikation: 450-3000ml<br>Dicke: 0,5 mm<br>MOQ 500 St\u00fcck<\/p>\n<\/div>\n\n\n\n<div class=\"wp-block-column is-layout-flow wp-block-column-is-layout-flow\">\n<h3 class=\"wp-block-heading\">Individuelle Lunchboxen<\/h3>\n\n\n\n<p>Logos: Passen Sie Ihr Markenlogo an<br>Grafiken: Passen Sie die Grafiken nach Ihren W\u00fcnschen an<br>Bestellmenge 2000 St\u00fcck<br><strong><a href=\"https:\/\/www.purecook.com\/de\/custom-solution\/\" target=\"_blank\" rel=\"noreferrer noopener\">OEM &amp; ODM Kundenspezifische L\u00f6sungen<\/a><\/strong><\/p>\n<\/div>\n<\/div>\n\n\n\n<figure class=\"wp-block-image size-full\"><img decoding=\"async\" width=\"2608\" height=\"1456\" src=\"https:\/\/purecook.com\/wp-content\/uploads\/2024\/05\/bulk-lunch-boxes-wholesale-1.webp\" alt=\"Bulk-Lunchboxen Gro\u00dfhandel\" class=\"wp-image-2327\" srcset=\"https:\/\/www.purecook.com\/wp-content\/uploads\/2024\/05\/bulk-lunch-boxes-wholesale-1.webp 2608w, https:\/\/www.purecook.com\/wp-content\/uploads\/2024\/05\/bulk-lunch-boxes-wholesale-1-300x167.webp 300w, https:\/\/www.purecook.com\/wp-content\/uploads\/2024\/05\/bulk-lunch-boxes-wholesale-1-768x429.webp 768w, https:\/\/www.purecook.com\/wp-content\/uploads\/2024\/05\/bulk-lunch-boxes-wholesale-1-600x335.webp 600w\" sizes=\"(max-width: 2608px) 100vw, 2608px\" \/><\/figure>\n\n\n\n<div class=\"wp-block-columns is-layout-flex wp-container-core-columns-is-layout-9d6595d7 wp-block-columns-is-layout-flex\">\n<div class=\"wp-block-column is-layout-flow wp-block-column-is-layout-flow\"><\/div>\n\n\n\n<div class=\"wp-block-column is-layout-flow wp-block-column-is-layout-flow\"><\/div>\n<\/div>","protected":false},"excerpt":{"rendered":"<p>\u00a0Hergestellt aus hochwertigem Edelstahl, langlebig und korrosionsbest\u00e4ndig, mit einem Sichtfenster Deckel f\u00fcr eine einfache Ansicht der Lebensmittel. Der Dichtungsring und Verriegelungsring arbeiten eng zusammen, um das Auslaufen von Lebensmitteln zu verhindern. Nicht nur Gro\u00dfhandel Eink\u00e4ufe genie\u00dfen bessere Preise, k\u00f6nnen wir auch kundenspezifische Dienstleistungen. So k\u00f6nnen Sie die Farbe, das Druckmuster usw. nach Ihren W\u00fcnschen anpassen.<\/p>\n<h2>Merkmale und Vorteile von Lunchboxen<\/h2>\n<p>Versiegelt, ungiftig, BPA-frei - reduzieren Sie die Zeit f\u00fcr die Reinigung der K\u00fcche, bereiten Sie gesunde Mahlzeiten im Voraus zu und halten Sie sich an einen ketogenen Lebensstil!<\/p>\n<p>Stapelbar und clever: Geld sparen - Platz sparen - Zeit sparen - Energie sparen - Lunchboxen aus Edelstahl sparen Geld und Platz und halten Snacks, Mittagessen und vollst\u00e4ndige Mahlzeiten f\u00fcr Kinder unterwegs bequem zug\u00e4nglich. Die kleineren Bento-Boxen sind ideal f\u00fcr Lunchboxen, K\u00fchlboxen oder Picknickpartys!<\/p>\n<p>Leicht zu reinigen - sp\u00fclmaschinenfest - geruchshemmend Da die Bento-Box aus rostfreiem Edelstahl gefertigt ist, passt sie problemlos in den oberen Teil der Sp\u00fclmaschine. Die geruchshemmende Technologie sorgt daf\u00fcr, dass die Aufbewahrungsbox beim \u00d6ffnen so frisch riecht wie am ersten Tag.<\/p>\n<p>Der Glasdeckel verf\u00fcgt \u00fcber eine Timerfunktion, mit der Sie schnell und einfach den \u00dcberblick \u00fcber die Lebensmittel behalten k\u00f6nnen. So haben Sie eine klare Vorstellung von der Lagerzeit und verhindern, dass Lebensmittel zu lange aufbewahrt werden.<\/p>\n<p>Perfekt f\u00fcr Familien- und Freundestreffen. Sie k\u00f6nnen sie auch f\u00fcr Picknicks, Essensreste und auf Reisen verwenden. Denn man kann sie \u00fcberall hinstellen! Rucks\u00e4cke, Lunchpakete!<\/p>\n<p>&nbsp;<\/p>","protected":false},"featured_media":2325,"comment_status":"closed","ping_status":"closed","template":"","meta":{"_acf_changed":false},"product_brand":[],"product_cat":[51,102],"product_tag":[],"class_list":{"0":"post-2323","1":"product","2":"type-product","3":"status-publish","4":"has-post-thumbnail","6":"product_cat-dinnerware","7":"product_cat-lunch-boxes","9":"first","10":"instock","11":"shipping-taxable","12":"product-type-simple"},"acf":[],"_links":{"self":[{"href":"https:\/\/www.purecook.com\/de\/wp-json\/wp\/v2\/product\/2323","targetHints":{"allow":["GET"]}}],"collection":[{"href":"https:\/\/www.purecook.com\/de\/wp-json\/wp\/v2\/product"}],"about":[{"href":"https:\/\/www.purecook.com\/de\/wp-json\/wp\/v2\/types\/product"}],"replies":[{"embeddable":true,"href":"https:\/\/www.purecook.com\/de\/wp-json\/wp\/v2\/comments?post=2323"}],"wp:featuredmedia":[{"embeddable":true,"href":"https:\/\/www.purecook.com\/de\/wp-json\/wp\/v2\/media\/2325"}],"wp:attachment":[{"href":"https:\/\/www.purecook.com\/de\/wp-json\/wp\/v2\/media?parent=2323"}],"wp:term":[{"taxonomy":"product_brand","embeddable":true,"href":"https:\/\/www.purecook.com\/de\/wp-json\/wp\/v2\/product_brand?post=2323"},{"taxonomy":"product_cat","embeddable":true,"href":"https:\/\/www.purecook.com\/de\/wp-json\/wp\/v2\/product_cat?post=2323"},{"taxonomy":"product_tag","embeddable":true,"href":"https:\/\/www.purecook.com\/de\/wp-json\/wp\/v2\/product_tag?post=2323"}],"curies":[{"name":"wp","href":"https:\/\/api.w.org\/{rel}","templated":true}]}}