{"id":2328,"date":"2024-05-24T15:48:18","date_gmt":"2024-05-24T07:48:18","guid":{"rendered":"https:\/\/purecook.com\/?post_type=product&#038;p=2328"},"modified":"2024-06-03T11:22:57","modified_gmt":"2024-06-03T03:22:57","slug":"bulk-dessert-plates-wholesale","status":"publish","type":"product","link":"https:\/\/www.purecook.com\/de\/product\/bulk-dessert-plates-wholesale\/","title":{"rendered":"Bulk Dessertteller Gro\u00dfhandel aus hochwertigem Edelstahl"},"content":{"rendered":"<div class=\"wp-block-columns is-layout-flex wp-container-core-columns-is-layout-9d6595d7 wp-block-columns-is-layout-flex\">\n<div class=\"wp-block-column is-layout-flow wp-block-column-is-layout-flow\">\n<h3 class=\"wp-block-heading\">Parameter von Desserttellern<\/h3>\n\n\n\n<p><strong>Modell-Nummer: RSD<\/strong><br>Produktmaterial Hochwertiger rostfreier Stahl<br>Rohmaterial: hochwertiger Edelstahl 304 Edelstahl<br>Farbe: silber\/gold<br>Gr\u00f6\u00dfe: 13\/15\/17 cm<br>Verpackungsdetails Verpackung: PP-Beutel + Umkarton<br>MOQ 2400 St\u00fcck<\/p>\n<\/div>\n\n\n\n<div class=\"wp-block-column is-layout-flow wp-block-column-is-layout-flow\">\n<h3 class=\"wp-block-heading\">Individuelle Dessertteller<\/h3>\n\n\n\n<p>Logo: Passen Sie Ihr Markenlogo an<br>Bestellmenge 1000 St\u00fcck<br><a href=\"https:\/\/www.purecook.com\/de\/custom-solution\/\" target=\"_blank\" rel=\"noreferrer noopener\">OEM &amp; ODM Kundenspezifische L\u00f6sung<\/a><\/p>\n<\/div>\n<\/div>\n\n\n\n<figure class=\"wp-block-table\"><table><tbody><tr><td>Produkt Nr.<\/td><td>Beschreibung<\/td><td>Gr\u00f6\u00dfe<\/td><td>Gewicht (g)<\/td><td>Karton (cm)<\/td><td>Packung (St\u00fcck)<\/td><td>MOQ<\/td><\/tr><tr><td>Runde Snackschale<\/td><td>Werkstoff:SS304<br>Farbe:Silber<\/td><td>13cm<\/td><td>130<\/td><td>46\u00d730\u00d731<\/td><td>180St\u00fcck<\/td><td>180St\u00fcck<\/td><\/tr><tr><td><\/td><td><\/td><td>15cm<\/td><td>155<\/td><td>33\u00d733\u00d742<\/td><td>160St\u00fcck<\/td><td>160St\u00fcck<\/td><\/tr><tr><td><\/td><td><\/td><td>17cm<\/td><td>180<\/td><td>38\u00d734\u00d732<\/td><td>120St\u00fcck<\/td><td>120St\u00fcck<\/td><\/tr><tr><td>Runde Snackschale<\/td><td>Werkstoff:SS304<br>Farbe:Gold<\/td><td>13cm<\/td><td>130<\/td><td>46\u00d730\u00d731<\/td><td>180St\u00fcck<\/td><td>180St\u00fcck<\/td><\/tr><tr><td><\/td><td><\/td><td>15cm<\/td><td>155<\/td><td>33\u00d733\u00d742<\/td><td>160St\u00fcck<\/td><td>160St\u00fcck<\/td><\/tr><tr><td><\/td><td><\/td><td>17cm<\/td><td>180<\/td><td>38\u00d734\u00d732<\/td><td>120St\u00fcck<\/td><td>120St\u00fcck<\/td><\/tr><\/tbody><\/table><\/figure>\n\n\n\n<div class=\"wp-block-columns is-layout-flex wp-container-core-columns-is-layout-9d6595d7 wp-block-columns-is-layout-flex\">\n<div class=\"wp-block-column is-layout-flow wp-block-column-is-layout-flow\">\n<figure class=\"wp-block-image size-full\"><img decoding=\"async\" width=\"800\" height=\"800\" src=\"https:\/\/purecook.com\/wp-content\/uploads\/2024\/05\/Cutsom-Dessert-Plates-Wholesale-1.webp\" alt=\"Cutsom Dessertteller Gro\u00dfhandel\" class=\"wp-image-2338\" srcset=\"https:\/\/www.purecook.com\/wp-content\/uploads\/2024\/05\/Cutsom-Dessert-Plates-Wholesale-1.webp 800w, https:\/\/www.purecook.com\/wp-content\/uploads\/2024\/05\/Cutsom-Dessert-Plates-Wholesale-1-300x300.webp 300w, https:\/\/www.purecook.com\/wp-content\/uploads\/2024\/05\/Cutsom-Dessert-Plates-Wholesale-1-150x150.webp 150w, https:\/\/www.purecook.com\/wp-content\/uploads\/2024\/05\/Cutsom-Dessert-Plates-Wholesale-1-768x768.webp 768w, https:\/\/www.purecook.com\/wp-content\/uploads\/2024\/05\/Cutsom-Dessert-Plates-Wholesale-1-600x600.webp 600w, https:\/\/www.purecook.com\/wp-content\/uploads\/2024\/05\/Cutsom-Dessert-Plates-Wholesale-1-100x100.webp 100w\" sizes=\"(max-width: 800px) 100vw, 800px\" \/><\/figure>\n<\/div>\n\n\n\n<div class=\"wp-block-column is-layout-flow wp-block-column-is-layout-flow\">\n<figure class=\"wp-block-image size-full\"><img decoding=\"async\" width=\"800\" height=\"800\" src=\"https:\/\/purecook.com\/wp-content\/uploads\/2024\/05\/Cutsom-Dessert-Plates-Wholesale-3.webp\" alt=\"Cutsom Dessertteller Gro\u00dfhandel\" class=\"wp-image-2340\" srcset=\"https:\/\/www.purecook.com\/wp-content\/uploads\/2024\/05\/Cutsom-Dessert-Plates-Wholesale-3.webp 800w, https:\/\/www.purecook.com\/wp-content\/uploads\/2024\/05\/Cutsom-Dessert-Plates-Wholesale-3-300x300.webp 300w, https:\/\/www.purecook.com\/wp-content\/uploads\/2024\/05\/Cutsom-Dessert-Plates-Wholesale-3-150x150.webp 150w, https:\/\/www.purecook.com\/wp-content\/uploads\/2024\/05\/Cutsom-Dessert-Plates-Wholesale-3-768x768.webp 768w, https:\/\/www.purecook.com\/wp-content\/uploads\/2024\/05\/Cutsom-Dessert-Plates-Wholesale-3-600x600.webp 600w, https:\/\/www.purecook.com\/wp-content\/uploads\/2024\/05\/Cutsom-Dessert-Plates-Wholesale-3-100x100.webp 100w\" sizes=\"(max-width: 800px) 100vw, 800px\" \/><\/figure>\n<\/div>\n<\/div>","protected":false},"excerpt":{"rendered":"<p>Dessertteller im Gro\u00dfhandel. Die Dessertteller sind aus hochwertigem Edelstahl gefertigt, der sich auf Dauer nicht so leicht verformt. Sie sind glatt spiegelpoliert und leicht zu reinigen. Geeignet f\u00fcr den Einsatz in Hotels, Restaurants, Caf\u00e9s und anderen Orten, bieten wir benutzerdefinierte Dessertteller Service, um die am besten geeignete benutzerdefinierte Dessertteller f\u00fcr you.We bieten Bulk Dessertteller Gro\u00dfhandel zu schaffen; willkommen zu kaufen.<\/p>\n<h2>Merkmale und Vorteile von Desserttellern<\/h2>\n<p>Perfekt f\u00fcr Familienfeiern, Partys, Hochzeiten, Bars und Restaurants, Dessertl\u00e4den und andere Anl\u00e4sse.<\/p>\n<p>Diese Platte ist aus hochwertigem Material und feiner Handwerkskunst gefertigt, die lange Zeit verwendet werden kann.<\/p>\n<p>Er kann zum Servieren von Speisen, Obst, Steaks, Fr\u00fchst\u00fcck, Snacks, Sandwiches und anderen Desserts verwendet werden.<\/p>\n<p>Elegantes Design sorgt f\u00fcr gute Laune und leckeres Essen. Geeignet f\u00fcr viele Gelegenheiten.<\/p>\n<p>Ausgezeichnete Handwerkskunst, glatte und helle Oberfl\u00e4che, tut nicht weh, Ihre H\u00e4nde.<\/p>\n<p>Angebot Bulk-Dessertteller Gro\u00dfhandel.<\/p>","protected":false},"featured_media":2341,"comment_status":"closed","ping_status":"closed","template":"","meta":{"_acf_changed":false},"product_brand":[],"product_cat":[55,51],"product_tag":[],"class_list":{"0":"post-2328","1":"product","2":"type-product","3":"status-publish","4":"has-post-thumbnail","6":"product_cat-dish-and-plate","7":"product_cat-dinnerware","9":"first","10":"instock","11":"shipping-taxable","12":"product-type-simple"},"acf":[],"_links":{"self":[{"href":"https:\/\/www.purecook.com\/de\/wp-json\/wp\/v2\/product\/2328","targetHints":{"allow":["GET"]}}],"collection":[{"href":"https:\/\/www.purecook.com\/de\/wp-json\/wp\/v2\/product"}],"about":[{"href":"https:\/\/www.purecook.com\/de\/wp-json\/wp\/v2\/types\/product"}],"replies":[{"embeddable":true,"href":"https:\/\/www.purecook.com\/de\/wp-json\/wp\/v2\/comments?post=2328"}],"wp:featuredmedia":[{"embeddable":true,"href":"https:\/\/www.purecook.com\/de\/wp-json\/wp\/v2\/media\/2341"}],"wp:attachment":[{"href":"https:\/\/www.purecook.com\/de\/wp-json\/wp\/v2\/media?parent=2328"}],"wp:term":[{"taxonomy":"product_brand","embeddable":true,"href":"https:\/\/www.purecook.com\/de\/wp-json\/wp\/v2\/product_brand?post=2328"},{"taxonomy":"product_cat","embeddable":true,"href":"https:\/\/www.purecook.com\/de\/wp-json\/wp\/v2\/product_cat?post=2328"},{"taxonomy":"product_tag","embeddable":true,"href":"https:\/\/www.purecook.com\/de\/wp-json\/wp\/v2\/product_tag?post=2328"}],"curies":[{"name":"wp","href":"https:\/\/api.w.org\/{rel}","templated":true}]}}