{"id":2451,"date":"2024-06-04T10:47:15","date_gmt":"2024-06-04T02:47:15","guid":{"rendered":"https:\/\/www.purecook.com\/?post_type=product&#038;p=2451"},"modified":"2025-04-27T17:31:35","modified_gmt":"2025-04-27T09:31:35","slug":"wholesale-frying-pans-made-of-triple-stainless-steel","status":"publish","type":"product","link":"https:\/\/www.purecook.com\/de\/product\/wholesale-frying-pans-made-of-triple-stainless-steel\/","title":{"rendered":"Gro\u00dfhandel Bratpfannen aus dreifachem Edelstahl ohne Beschichtung"},"content":{"rendered":"<div class=\"wp-block-columns is-layout-flex wp-container-core-columns-is-layout-9d6595d7 wp-block-columns-is-layout-flex\">\n<div class=\"wp-block-column is-layout-flow wp-block-column-is-layout-flow\">\n<h3 class=\"wp-block-heading\">Parameter der Bratpfanne<\/h3>\n\n\n\n<p>Name: Pfanne und Bratpfanne<br>Deckeltyp: Ohne Deckel<br>Metalltyp: Rostfreier Stahl<br>Material: 430+al+inneres 304<br>Handgriff: Stahlgriff<br>Durchmesser: 22cm 24cm 26cm 28cm 30cm<br>Farbe: Silber<br>Farbkasten: Verpackung<br>Laser-Logo<br>Bestellmenge 120 St\u00fcck<\/p>\n<\/div>\n\n\n\n<div class=\"wp-block-column is-layout-flow wp-block-column-is-layout-flow\">\n<h3 class=\"wp-block-heading\">Benutzerdefinierte Bratpfanne<\/h3>\n\n\n\n<p>Verpackung: Farbkasten\/Karton usw.<br>MOQ: 1000 St\u00fcck<br><strong><a href=\"https:\/\/www.purecook.com\/de\/custom-solution\/\" target=\"_blank\" rel=\"noreferrer noopener\">OEM &amp; ODM Camping Pot Kundenspezifische L\u00f6sungen<\/a><\/strong><\/p>\n<\/div>\n<\/div>\n\n\n\n<figure class=\"wp-block-table\"><table><thead><tr><th>Material<\/th><th>Gr\u00f6\u00dfe<\/th><th>Menge<\/th><th>CTN L\u00e4nge<\/th><th>CTN Breit<\/th><th>CTN Hoch<\/th><th>Einzelgewicht<\/th><th>CTN-Gewicht<\/th><\/tr><\/thead><tbody><tr><td>430+al+inneres 304<\/td><td>22cm<\/td><td>20<\/td><td>83<\/td><td>50<\/td><td>48<\/td><td>800g<\/td><td>20kg<\/td><\/tr><tr><td>430+al+inneres 304<\/td><td>24cm<\/td><td>20<\/td><td>86<\/td><td>53<\/td><td>51<\/td><td>900g<\/td><td>22kg<\/td><\/tr><tr><td>430+al+inneres 304<\/td><td>26cm<\/td><td>20<\/td><td>95<\/td><td>56<\/td><td>55<\/td><td>1050g<\/td><td>25kg<\/td><\/tr><tr><td>430+al+inneres 304<\/td><td>28cm<\/td><td>12<\/td><td>51<\/td><td>70<\/td><td>60<\/td><td>1200g<\/td><td>19,5 kg<\/td><\/tr><tr><td>430+al+inneres 304<\/td><td>30cm<\/td><td>12<\/td><td>53<\/td><td>74<\/td><td>64<\/td><td>1350g<\/td><td>21kg<\/td><\/tr><\/tbody><\/table><\/figure>\n\n\n\n<div class=\"wp-block-columns is-layout-flex wp-container-core-columns-is-layout-9d6595d7 wp-block-columns-is-layout-flex\">\n<div class=\"wp-block-column is-layout-flow wp-block-column-is-layout-flow\">\n<figure class=\"wp-block-image size-full\"><img decoding=\"async\" width=\"800\" height=\"800\" src=\"https:\/\/www.purecook.com\/wp-content\/uploads\/2024\/06\/wholesale-frying-pan4.webp\" alt=\"Gro\u00dfhandel Bratpfanne\" class=\"wp-image-2456\" srcset=\"https:\/\/www.purecook.com\/wp-content\/uploads\/2024\/06\/wholesale-frying-pan4.webp 800w, https:\/\/www.purecook.com\/wp-content\/uploads\/2024\/06\/wholesale-frying-pan4-300x300.webp 300w, https:\/\/www.purecook.com\/wp-content\/uploads\/2024\/06\/wholesale-frying-pan4-150x150.webp 150w, https:\/\/www.purecook.com\/wp-content\/uploads\/2024\/06\/wholesale-frying-pan4-768x768.webp 768w, https:\/\/www.purecook.com\/wp-content\/uploads\/2024\/06\/wholesale-frying-pan4-600x600.webp 600w, https:\/\/www.purecook.com\/wp-content\/uploads\/2024\/06\/wholesale-frying-pan4-100x100.webp 100w\" sizes=\"(max-width: 800px) 100vw, 800px\" \/><\/figure>\n<\/div>\n\n\n\n<div class=\"wp-block-column is-layout-flow wp-block-column-is-layout-flow\">\n<figure class=\"wp-block-image size-full\"><img decoding=\"async\" width=\"800\" height=\"800\" src=\"https:\/\/www.purecook.com\/wp-content\/uploads\/2024\/06\/wholesale-frying-pan1.webp\" alt=\"Gro\u00dfhandel Bratpfanne\" class=\"wp-image-2453\" srcset=\"https:\/\/www.purecook.com\/wp-content\/uploads\/2024\/06\/wholesale-frying-pan1.webp 800w, https:\/\/www.purecook.com\/wp-content\/uploads\/2024\/06\/wholesale-frying-pan1-300x300.webp 300w, https:\/\/www.purecook.com\/wp-content\/uploads\/2024\/06\/wholesale-frying-pan1-150x150.webp 150w, https:\/\/www.purecook.com\/wp-content\/uploads\/2024\/06\/wholesale-frying-pan1-768x768.webp 768w, https:\/\/www.purecook.com\/wp-content\/uploads\/2024\/06\/wholesale-frying-pan1-600x600.webp 600w, https:\/\/www.purecook.com\/wp-content\/uploads\/2024\/06\/wholesale-frying-pan1-100x100.webp 100w\" sizes=\"(max-width: 800px) 100vw, 800px\" \/><\/figure>\n<\/div>\n<\/div>","protected":false},"excerpt":{"rendered":"<p>Gro\u00dfhandel Bratpfannen.Wir bieten eine Vielzahl von Gr\u00f6\u00dfen-Optionen, um verschiedene Familie und Kochen needs.The Pfannen sind aus dreischichtigen Stahl material.It hat ausgezeichnete performance.We nicht nur Gro\u00dfhandel Bratpfannen Dienstleistungen, aber wir bieten auch benutzerdefinierte L\u00f6sungen Bratpfanne.Contact uns f\u00fcr Gro\u00dfhandelspreise von Bratpfannen und die detaillierte L\u00f6sung.<\/p>\n<h2>Merkmale und Vorteile von Bratpfannen<\/h2>\n<p><strong>Hochwertiger Dreischicht-Edelstahl<\/strong>Die T\u00f6pfe und Pfannen sind aus dreischichtigem Stahl gefertigt, um die Haltbarkeit, W\u00e4rmeleitf\u00e4higkeit und Rostbest\u00e4ndigkeit der T\u00f6pfe und Pfannen zu gew\u00e4hrleisten, die f\u00fcr eine Vielzahl von Kochanforderungen geeignet sind.<br \/><strong>Nicht beschichtetes Design<\/strong>: keine chemische Beschichtung, um die Gesundheit und Sicherheit w\u00e4hrend des Kochvorgangs zu gew\u00e4hrleisten, es werden keine sch\u00e4dlichen Stoffe freigesetzt und der urspr\u00fcngliche Geschmack der Zutaten bleibt erhalten.<br \/><strong>Anpassung in mehreren Gr\u00f6\u00dfen<\/strong>: Es gibt eine Vielzahl von Gr\u00f6\u00dfenoptionen, um den verschiedenen Familien- und Kochbed\u00fcrfnissen gerecht zu werden. Ob eine kleine Portion zum Sautieren oder eine gro\u00dfe Portion zum Schmoren, Sie finden immer die richtige Gr\u00f6\u00dfe.<br \/><strong>Stabiler Handgriff<\/strong>: Ausgestattet mit einem robusten, soliden Griff, ergonomisch geformt f\u00fcr einen bequemen Griff, rutschfest und hitzebest\u00e4ndig, um Sicherheit und Komfort beim Kochen zu gew\u00e4hrleisten.<br \/><strong>Gleichm\u00e4\u00dfige W\u00e4rmeableitung:<\/strong> drei Schichten von Stahl-Leiter K\u00f6rper W\u00e4rme gleichm\u00e4\u00dfig, um sicherzustellen, dass die Lebensmittel gleichm\u00e4\u00dfig erhitzt wird, nicht leicht zu f\u00fcgen Sie den Boden, zur Verbesserung der Koch-Effekt und Geschmack.<br \/><strong>Gesundheit und Sicherheit<\/strong>: Material aus lebensmittelechtem Edelstahl, keine sch\u00e4dlichen Substanzen, um die Lebensmittelsicherheit zu gew\u00e4hrleisten, sicherer Gebrauch.<br \/><strong>Leicht zu reinigen<\/strong>: glatte Oberfl\u00e4che, verhindert Lebensmittelr\u00fcckst\u00e4nde, leicht zu reinigen, kann mit der Hand oder in der Sp\u00fclmaschine gereinigt werden, spart Zeit und Arbeit.<br \/><strong>Hochtemperaturbest\u00e4ndig<\/strong>: Geeignet f\u00fcr alle Arten von Herden, einschlie\u00dflich Induktionskochfeldern, Gasherden, Keramikherden usw., und mit \u00fcberlegener Hochtemperaturbest\u00e4ndigkeit, ist es f\u00fcr das Kochen bei hohen Temperaturen geeignet.<br \/><strong>Modisches Aussehen<\/strong>Das schlichte und gro\u00dfz\u00fcgige Design passt zu einer Vielzahl von K\u00fcchenstilen und ist ein praktisches und sch\u00f6nes Werkzeug in der K\u00fcche.<br \/><strong>Vielseitig einsetzbar<\/strong>: Ob Sautieren, Schmoren oder Backen, dieser Multifunktionstopf aus Edelstahl kann alles, er ist Ihre rechte Hand in der K\u00fcche.<br \/><strong>bieten ma\u00dfgeschneiderte L\u00f6sungen f\u00fcr Bratpfannen.<\/strong><br \/><strong><a href=\"https:\/\/www.purecook.com\/de\/custom-solution\/\" target=\"_blank\" rel=\"noopener\">Unterst\u00fctzung OEM&amp;ODM kundenspezifischer Bratpfannen<\/a><\/strong><\/p>\n<p>&nbsp;<\/p>","protected":false},"featured_media":2456,"comment_status":"closed","ping_status":"closed","template":"","meta":{"_acf_changed":false},"product_brand":[],"product_cat":[24,71],"product_tag":[97,98],"class_list":{"0":"post-2451","1":"product","2":"type-product","3":"status-publish","4":"has-post-thumbnail","6":"product_cat-cookware","7":"product_cat-frying-pan","8":"product_tag-wholesale-commercial-cookware","9":"product_tag-wholesale-home-cookware","11":"first","12":"instock","13":"shipping-taxable","14":"product-type-simple"},"acf":[],"_links":{"self":[{"href":"https:\/\/www.purecook.com\/de\/wp-json\/wp\/v2\/product\/2451","targetHints":{"allow":["GET"]}}],"collection":[{"href":"https:\/\/www.purecook.com\/de\/wp-json\/wp\/v2\/product"}],"about":[{"href":"https:\/\/www.purecook.com\/de\/wp-json\/wp\/v2\/types\/product"}],"replies":[{"embeddable":true,"href":"https:\/\/www.purecook.com\/de\/wp-json\/wp\/v2\/comments?post=2451"}],"wp:featuredmedia":[{"embeddable":true,"href":"https:\/\/www.purecook.com\/de\/wp-json\/wp\/v2\/media\/2456"}],"wp:attachment":[{"href":"https:\/\/www.purecook.com\/de\/wp-json\/wp\/v2\/media?parent=2451"}],"wp:term":[{"taxonomy":"product_brand","embeddable":true,"href":"https:\/\/www.purecook.com\/de\/wp-json\/wp\/v2\/product_brand?post=2451"},{"taxonomy":"product_cat","embeddable":true,"href":"https:\/\/www.purecook.com\/de\/wp-json\/wp\/v2\/product_cat?post=2451"},{"taxonomy":"product_tag","embeddable":true,"href":"https:\/\/www.purecook.com\/de\/wp-json\/wp\/v2\/product_tag?post=2451"}],"curies":[{"name":"wp","href":"https:\/\/api.w.org\/{rel}","templated":true}]}}