{"id":2458,"date":"2024-06-04T11:40:12","date_gmt":"2024-06-04T03:40:12","guid":{"rendered":"https:\/\/www.purecook.com\/?post_type=product&#038;p=2458"},"modified":"2024-06-12T09:23:11","modified_gmt":"2024-06-12T01:23:11","slug":"wholesale-custom-dessert-plates","status":"publish","type":"product","link":"https:\/\/www.purecook.com\/de\/product\/wholesale-custom-dessert-plates\/","title":{"rendered":"Gro\u00dfhandel benutzerdefinierte Dessertteller: Perfekt f\u00fcr Gastronomen und Restaurants"},"content":{"rendered":"<div class=\"wp-block-columns is-layout-flex wp-container-core-columns-is-layout-9d6595d7 wp-block-columns-is-layout-flex\">\n<div class=\"wp-block-column is-layout-flow wp-block-column-is-layout-flow\">\n<h3 class=\"wp-block-heading\">Parameter von Desserttellern <\/h3>\n\n\n\n<p>Produktname: Ovaler Teller<br>Geschirr Typ: Teller und Untertassen<br>Gr\u00f6\u00dfe: 18\/23\/30 cm<br>Material: Sus 201<br>Zweck So\u00dfenbeh\u00e4lter<br>Farbe: Silber<br>MOQ: 200 St\u00fcck<br>Logo: Kundenspezifisches Logo wird akzeptiert<br>Verkaufende Einheit: Einzeln<br>Verpackungsgr\u00f6\u00dfe eines einzelnen St\u00fccks: 40X30X15 Zentimeter<br>Bruttogewicht pro St\u00fcck:15.000 kg<\/p>\n<\/div>\n\n\n\n<div class=\"wp-block-column is-layout-flow wp-block-column-is-layout-flow\">\n<h3 class=\"wp-block-heading\">Individuelle Dessertteller<\/h3>\n\n\n\n<p>Logo: Passen Sie Ihr Markenlogo an<br>Verpackung: Farbkasten\/Karton usw.<br>Muster: Passen Sie das gew\u00fcnschte Muster an.<br>MOQ: 1000 St\u00fcck<br><strong><a href=\"https:\/\/www.purecook.com\/de\/custom-solution\/\" target=\"_blank\" rel=\"noreferrer noopener\">OEM &amp; ODM kundenspezifische L\u00f6sungen f\u00fcr Dessertteller<\/a><\/strong><\/p>\n<\/div>\n<\/div>\n\n\n\n<div class=\"wp-block-columns is-layout-flex wp-container-core-columns-is-layout-9d6595d7 wp-block-columns-is-layout-flex\">\n<div class=\"wp-block-column is-layout-flow wp-block-column-is-layout-flow\">\n<figure class=\"wp-block-image size-full\"><img decoding=\"async\" width=\"800\" height=\"800\" src=\"https:\/\/www.purecook.com\/wp-content\/uploads\/2024\/06\/custom-dessert-plates-2.webp\" alt=\"individuelle Dessertteller\" class=\"wp-image-2460\" srcset=\"https:\/\/www.purecook.com\/wp-content\/uploads\/2024\/06\/custom-dessert-plates-2.webp 800w, https:\/\/www.purecook.com\/wp-content\/uploads\/2024\/06\/custom-dessert-plates-2-300x300.webp 300w, https:\/\/www.purecook.com\/wp-content\/uploads\/2024\/06\/custom-dessert-plates-2-150x150.webp 150w, https:\/\/www.purecook.com\/wp-content\/uploads\/2024\/06\/custom-dessert-plates-2-768x768.webp 768w, https:\/\/www.purecook.com\/wp-content\/uploads\/2024\/06\/custom-dessert-plates-2-600x600.webp 600w, https:\/\/www.purecook.com\/wp-content\/uploads\/2024\/06\/custom-dessert-plates-2-100x100.webp 100w\" sizes=\"(max-width: 800px) 100vw, 800px\" \/><\/figure>\n<\/div>\n\n\n\n<div class=\"wp-block-column is-layout-flow wp-block-column-is-layout-flow\">\n<figure class=\"wp-block-image size-full\"><img decoding=\"async\" width=\"800\" height=\"800\" src=\"https:\/\/www.purecook.com\/wp-content\/uploads\/2024\/06\/custom-dessert-plates-4.webp\" alt=\"individuelle Dessertteller\" class=\"wp-image-2462\" srcset=\"https:\/\/www.purecook.com\/wp-content\/uploads\/2024\/06\/custom-dessert-plates-4.webp 800w, https:\/\/www.purecook.com\/wp-content\/uploads\/2024\/06\/custom-dessert-plates-4-300x300.webp 300w, https:\/\/www.purecook.com\/wp-content\/uploads\/2024\/06\/custom-dessert-plates-4-150x150.webp 150w, https:\/\/www.purecook.com\/wp-content\/uploads\/2024\/06\/custom-dessert-plates-4-768x768.webp 768w, https:\/\/www.purecook.com\/wp-content\/uploads\/2024\/06\/custom-dessert-plates-4-600x600.webp 600w, https:\/\/www.purecook.com\/wp-content\/uploads\/2024\/06\/custom-dessert-plates-4-100x100.webp 100w\" sizes=\"(max-width: 800px) 100vw, 800px\" \/><\/figure>\n<\/div>\n<\/div>","protected":false},"excerpt":{"rendered":"<p>Eine Vielzahl von Gr\u00f6\u00dfen zur Verf\u00fcgung, die bequem f\u00fcr die Benutzer zu entsprechen und legen Sie verschiedene Lebensmittel ist. Hergestellt aus hochwertigem Edelstahl, ist es leicht zu reinigen und kann mit der Hand oder in der Sp\u00fclmaschine gewaschen werden.Wir bieten nicht nur Bulk-Dessertteller Gro\u00dfhandel Dienstleistungen, sondern bieten auch ma\u00dfgeschneiderte Dessertteller L\u00f6sungen.<\/p>\n<h2>Merkmale und Vorteile von Desserttellern<\/h2>\n<p><strong>Hochwertiger rostfreier Stahl<\/strong>Hergestellt aus hochwertigem 201er Edelstahl, robust und langlebig, rost- und korrosionsbest\u00e4ndig, um eine langfristige Nutzung zu gew\u00e4hrleisten, geeignet f\u00fcr den h\u00e4ufigen Gebrauch in Hotels und Restaurants.<br \/><strong>japanisches Design<\/strong>: Das schlichte und elegante Design im japanischen Stil unterstreicht die \u00c4sthetik des Tisches, der sich f\u00fcr eine Vielzahl von gehobenen Lokalen eignet und Geschmack und Stil zeigt.<br \/><strong>Ma\u00dfgeschneiderte Gr\u00f6\u00dfe<\/strong>: Es gibt eine Vielzahl von Gr\u00f6\u00dfenoptionen, um den unterschiedlichen Bed\u00fcrfnissen beim Essen gerecht zu werden, egal ob es sich um delikate Desserts oder diverse Snacks handelt, Sie k\u00f6nnen die richtige Gr\u00f6\u00dfe finden.<br \/><strong>Ovale Form<\/strong>: Das Design des ovalen Tellers erh\u00f6ht die Flexibilit\u00e4t und Sch\u00f6nheit des Tellers und eignet sich f\u00fcr die Pr\u00e4sentation aller Arten von Desserts, Snacks und kleinen Gerichten vor dem Essen, wodurch der visuelle Effekt der Speisen verst\u00e4rkt wird.<br \/><strong>Gesund und sicher<\/strong>: aus lebensmittelechtem Edelstahl, schadstofffrei, garantiert Lebensmittelsicherheit, sicherer Gebrauch, geeignet f\u00fcr den direkten Kontakt mit Lebensmitteln.<br \/><strong>Leicht zu reinigen<\/strong>Die glatte Oberfl\u00e4che verhindert Lebensmittelr\u00fcckst\u00e4nde, ist leicht zu reinigen, kann mit der Hand oder in der Sp\u00fclmaschine gereinigt werden, spart Zeit und Arbeit und eignet sich f\u00fcr eine effiziente Gastronomie.<br \/><strong>Starke Haltbarkeit:<\/strong> Das Material Edelstahl ist temperatur- und sto\u00dfbest\u00e4ndig, l\u00e4sst sich nicht so leicht verformen oder besch\u00e4digen und eignet sich f\u00fcr den intensiven Einsatz in Gro\u00dfk\u00fcchen.<br \/><strong>Multifunktionaler Einsatz<\/strong>: nicht nur f\u00fcr Desserts und Snacks, sondern auch f\u00fcr die Pr\u00e4sentation von Sushi, Sashimi, Vorspeisen und vielen anderen Gerichten, vielseitig und praktisch.<br \/><strong>Modisches Aussehen<\/strong>: einfaches und gro\u00dfz\u00fcgiges Design, geeignet f\u00fcr eine Vielzahl von Catering-Stilen, ist ein praktisches und sch\u00f6nes Pr\u00e4sentationsmittel auf dem Tisch.<br \/><strong>Professionelle Anpassung<\/strong>: Sie unterst\u00fctzen die individuelle Anpassung an die spezifischen Bed\u00fcrfnisse von Hotels und Restaurants und verbessern das Markenimage und die Kundenzufriedenheit.<br \/>Angebot benutzerdefinierte Dessertteller L\u00f6sung.<br \/><strong><a href=\"https:\/\/www.purecook.com\/de\/custom-solution\/\" target=\"_blank\" rel=\"noopener\">Unterst\u00fctzung OEM&amp;ODM kundenspezifischer Dessertteller<\/a><\/strong><\/p>\n<p>&nbsp;<\/p>","protected":false},"featured_media":2459,"comment_status":"closed","ping_status":"closed","template":"","meta":{"_acf_changed":false},"product_brand":[],"product_cat":[51,55],"product_tag":[],"class_list":{"0":"post-2458","1":"product","2":"type-product","3":"status-publish","4":"has-post-thumbnail","6":"product_cat-dinnerware","7":"product_cat-dish-and-plate","9":"first","10":"instock","11":"shipping-taxable","12":"product-type-simple"},"acf":[],"_links":{"self":[{"href":"https:\/\/www.purecook.com\/de\/wp-json\/wp\/v2\/product\/2458","targetHints":{"allow":["GET"]}}],"collection":[{"href":"https:\/\/www.purecook.com\/de\/wp-json\/wp\/v2\/product"}],"about":[{"href":"https:\/\/www.purecook.com\/de\/wp-json\/wp\/v2\/types\/product"}],"replies":[{"embeddable":true,"href":"https:\/\/www.purecook.com\/de\/wp-json\/wp\/v2\/comments?post=2458"}],"wp:featuredmedia":[{"embeddable":true,"href":"https:\/\/www.purecook.com\/de\/wp-json\/wp\/v2\/media\/2459"}],"wp:attachment":[{"href":"https:\/\/www.purecook.com\/de\/wp-json\/wp\/v2\/media?parent=2458"}],"wp:term":[{"taxonomy":"product_brand","embeddable":true,"href":"https:\/\/www.purecook.com\/de\/wp-json\/wp\/v2\/product_brand?post=2458"},{"taxonomy":"product_cat","embeddable":true,"href":"https:\/\/www.purecook.com\/de\/wp-json\/wp\/v2\/product_cat?post=2458"},{"taxonomy":"product_tag","embeddable":true,"href":"https:\/\/www.purecook.com\/de\/wp-json\/wp\/v2\/product_tag?post=2458"}],"curies":[{"name":"wp","href":"https:\/\/api.w.org\/{rel}","templated":true}]}}