{"id":2463,"date":"2024-06-04T14:40:39","date_gmt":"2024-06-04T06:40:39","guid":{"rendered":"https:\/\/www.purecook.com\/?post_type=product&#038;p=2463"},"modified":"2024-06-04T15:49:51","modified_gmt":"2024-06-04T07:49:51","slug":"bulk-rectangular-deep-hotel-pan-wholesale","status":"publish","type":"product","link":"https:\/\/www.purecook.com\/de\/product\/bulk-rectangular-deep-hotel-pan-wholesale\/","title":{"rendered":"Bulk Rectangular Deep Hotel Pan Gro\u00dfhandel"},"content":{"rendered":"<div class=\"wp-block-columns is-layout-flex wp-container-core-columns-is-layout-9d6595d7 wp-block-columns-is-layout-flex\">\n<div class=\"wp-block-column is-layout-flow wp-block-column-is-layout-flow\">\n<h3 class=\"wp-block-heading\">Parameter des Hotels Pan<\/h3>\n\n\n\n<p>Gr\u00f6\u00dfe 15 cm<br>Werkstoff: SuS 304<br>Handgriff Mit\/ohne Griff<br>Farbe: Silber<br>MOQ 160 St\u00fcck<br>Logo Akzeptiert kundenspezifische Logos<\/p>\n<\/div>\n\n\n\n<div class=\"wp-block-column is-layout-flow wp-block-column-is-layout-flow\">\n<h3 class=\"wp-block-heading\">Benutzerdefinierte Hotelpfanne<\/h3>\n\n\n\n<p>Logo: Passen Sie Ihr Markenlogo an<br>Verpackung: Farbkasten\/Karton usw.<br>Muster: Passen Sie das gew\u00fcnschte Muster an<br>MOQ: 1000 St\u00fcck<br><strong><a href=\"https:\/\/www.purecook.com\/de\/custom-solution\/\" target=\"_blank\" rel=\"noreferrer noopener\">OEM &amp; ODM Kundenspezifische Deep Hotel L\u00f6sungen<\/a><\/strong><\/p>\n<\/div>\n<\/div>\n\n\n\n<div class=\"wp-block-columns is-layout-flex wp-container-core-columns-is-layout-9d6595d7 wp-block-columns-is-layout-flex\">\n<div class=\"wp-block-column is-layout-flow wp-block-column-is-layout-flow\">\n<figure class=\"wp-block-image size-full\"><img decoding=\"async\" width=\"800\" height=\"800\" src=\"https:\/\/www.purecook.com\/wp-content\/uploads\/2024\/06\/hotel-pan-wholesale-4.webp\" alt=\"Hotelpfanne Gro\u00dfhandel\" class=\"wp-image-2473\" srcset=\"https:\/\/www.purecook.com\/wp-content\/uploads\/2024\/06\/hotel-pan-wholesale-4.webp 800w, https:\/\/www.purecook.com\/wp-content\/uploads\/2024\/06\/hotel-pan-wholesale-4-300x300.webp 300w, https:\/\/www.purecook.com\/wp-content\/uploads\/2024\/06\/hotel-pan-wholesale-4-150x150.webp 150w, https:\/\/www.purecook.com\/wp-content\/uploads\/2024\/06\/hotel-pan-wholesale-4-768x768.webp 768w, https:\/\/www.purecook.com\/wp-content\/uploads\/2024\/06\/hotel-pan-wholesale-4-600x600.webp 600w, https:\/\/www.purecook.com\/wp-content\/uploads\/2024\/06\/hotel-pan-wholesale-4-100x100.webp 100w\" sizes=\"(max-width: 800px) 100vw, 800px\" \/><\/figure>\n<\/div>\n\n\n\n<div class=\"wp-block-column is-layout-flow wp-block-column-is-layout-flow\">\n<figure class=\"wp-block-image size-full\"><img decoding=\"async\" width=\"800\" height=\"800\" src=\"https:\/\/www.purecook.com\/wp-content\/uploads\/2024\/06\/hotel-pan-wholesale-1.webp\" alt=\"Hotelpfanne Gro\u00dfhandel\" class=\"wp-image-2470\" srcset=\"https:\/\/www.purecook.com\/wp-content\/uploads\/2024\/06\/hotel-pan-wholesale-1.webp 800w, https:\/\/www.purecook.com\/wp-content\/uploads\/2024\/06\/hotel-pan-wholesale-1-300x300.webp 300w, https:\/\/www.purecook.com\/wp-content\/uploads\/2024\/06\/hotel-pan-wholesale-1-150x150.webp 150w, https:\/\/www.purecook.com\/wp-content\/uploads\/2024\/06\/hotel-pan-wholesale-1-768x768.webp 768w, https:\/\/www.purecook.com\/wp-content\/uploads\/2024\/06\/hotel-pan-wholesale-1-600x600.webp 600w, https:\/\/www.purecook.com\/wp-content\/uploads\/2024\/06\/hotel-pan-wholesale-1-100x100.webp 100w\" sizes=\"(max-width: 800px) 100vw, 800px\" \/><\/figure>\n<\/div>\n<\/div>","protected":false},"excerpt":{"rendered":"<p>Bulk rechteckig tief Hotel Pfanne Gro\u00dfhandel. Das Hotel Pfanne hat ein einfaches und gro\u00dfz\u00fcgiges Design, geeignet f\u00fcr eine Vielzahl von catering styles.we provice kundenspezifische L\u00f6sung f\u00fcr Hotel Pfannen und bieten Bulk-Hotel Pfanne Gro\u00dfhandel service.contact uns f\u00fcr ein kostenloses Angebot.<\/p>\n<h2>Merkmale und Vorteile von Hotel Pan<\/h2>\n<p><strong>Hochwertiger Edelstahl 304<\/strong>: Hergestellt aus lebensmittelechtem Edelstahl 304, robust und langlebig, rost- und korrosionsbest\u00e4ndig, um eine langfristige Nutzung zu gew\u00e4hrleisten, geeignet f\u00fcr den direkten Kontakt mit Lebensmitteln, zum Schutz der Gesundheit.<br \/><strong>Design im Retro-Stil<\/strong>: Das rechteckige Design im Retro-Stil ist einzigartig und modisch und verleiht dem Tisch Sch\u00f6nheit. Es eignet sich f\u00fcr alle Arten von Partys, Versammlungen und gehobenen Restaurants.<br \/><strong>Bequemer Griff<\/strong>: Der praktische Griff erleichtert das Aufheben und Bewegen des Ger\u00e4ts und verbessert das Nutzungserlebnis, besonders geeignet f\u00fcr Buffet- und Partyszenen.<br \/><strong>Multifunktionaler Einsatz<\/strong>: Der tiefe Teller eignet sich zum Servieren einer Vielzahl von Speisen wie Erfrischungen, Pommes frites, Brot, Salat usw. und erf\u00fcllt damit die Bed\u00fcrfnisse der Gastronomie bei verschiedenen Anl\u00e4ssen.<br \/><strong>15cm Gr\u00f6\u00dfe<\/strong>: Moderate Gr\u00f6\u00dfe Design, kann nicht nur genug Nahrung zu halten, sondern auch nicht zu viel Platz auf dem Tisch, geeignet f\u00fcr verschiedene Gelegenheiten.<br \/><strong>Hohe Temperaturbest\u00e4ndigkeit<\/strong>: Hervorragende Hochtemperaturbest\u00e4ndigkeit, geeignet f\u00fcr Ofen, Mikrowelle und andere Hochtemperaturumgebungen, nicht leicht zu verformen oder zu besch\u00e4digen.<br \/><strong>Leicht zu reinigen:<\/strong> Glatte Oberfl\u00e4che Design, verhindern, dass Lebensmittelr\u00fcckst\u00e4nde, leicht zu reinigen, Handw\u00e4sche oder Sp\u00fclmaschine Reinigung sein kann, sparen Sie Zeit und Arbeit.<br \/><strong>Gesundheit und Sicherheit<\/strong>: Nicht beschichtetes Design, enth\u00e4lt keine sch\u00e4dlichen Substanzen, um die Reinheit und Sicherheit von Lebensmitteln zu gew\u00e4hrleisten, geeignet f\u00fcr den langfristigen Einsatz.<br \/><strong>Modisches Aussehen<\/strong>: Einfaches und gro\u00dfz\u00fcgiges Design, geeignet f\u00fcr eine Vielzahl von Catering-Stilen, ein praktisches und sch\u00f6nes Pr\u00e4sentationsinstrument f\u00fcr Partys und Versammlungen.<br \/>Bieten Sie eine ma\u00dfgeschneiderte L\u00f6sung f\u00fcr Hotelpfannen an.<br \/><strong><a href=\"https:\/\/www.purecook.com\/de\/custom-solution\/\" target=\"_blank\" rel=\"noopener\">Unterst\u00fctzt OEM&amp;ODM kundenspezifische Hotelpfannen.<\/a><\/strong><\/p>\n<p>&nbsp;<\/p>","protected":false},"featured_media":2471,"comment_status":"closed","ping_status":"closed","template":"","meta":{"_acf_changed":false},"product_brand":[],"product_cat":[51,55],"product_tag":[],"class_list":{"0":"post-2463","1":"product","2":"type-product","3":"status-publish","4":"has-post-thumbnail","6":"product_cat-dinnerware","7":"product_cat-dish-and-plate","9":"first","10":"instock","11":"shipping-taxable","12":"product-type-simple"},"acf":[],"_links":{"self":[{"href":"https:\/\/www.purecook.com\/de\/wp-json\/wp\/v2\/product\/2463","targetHints":{"allow":["GET"]}}],"collection":[{"href":"https:\/\/www.purecook.com\/de\/wp-json\/wp\/v2\/product"}],"about":[{"href":"https:\/\/www.purecook.com\/de\/wp-json\/wp\/v2\/types\/product"}],"replies":[{"embeddable":true,"href":"https:\/\/www.purecook.com\/de\/wp-json\/wp\/v2\/comments?post=2463"}],"wp:featuredmedia":[{"embeddable":true,"href":"https:\/\/www.purecook.com\/de\/wp-json\/wp\/v2\/media\/2471"}],"wp:attachment":[{"href":"https:\/\/www.purecook.com\/de\/wp-json\/wp\/v2\/media?parent=2463"}],"wp:term":[{"taxonomy":"product_brand","embeddable":true,"href":"https:\/\/www.purecook.com\/de\/wp-json\/wp\/v2\/product_brand?post=2463"},{"taxonomy":"product_cat","embeddable":true,"href":"https:\/\/www.purecook.com\/de\/wp-json\/wp\/v2\/product_cat?post=2463"},{"taxonomy":"product_tag","embeddable":true,"href":"https:\/\/www.purecook.com\/de\/wp-json\/wp\/v2\/product_tag?post=2463"}],"curies":[{"name":"wp","href":"https:\/\/api.w.org\/{rel}","templated":true}]}}