{"id":2480,"date":"2024-06-04T16:16:25","date_gmt":"2024-06-04T08:16:25","guid":{"rendered":"https:\/\/www.purecook.com\/?post_type=product&#038;p=2480"},"modified":"2024-06-04T16:40:11","modified_gmt":"2024-06-04T08:40:11","slug":"customized-dinner-plates-in-bulk","status":"publish","type":"product","link":"https:\/\/www.purecook.com\/de\/product\/customized-dinner-plates-in-bulk\/","title":{"rendered":"Gro\u00dfhandel Customized Dinner Plates in Bulk mit Retro-Stil"},"content":{"rendered":"<div class=\"wp-block-columns is-layout-flex wp-container-core-columns-is-layout-9d6595d7 wp-block-columns-is-layout-flex\">\n<div class=\"wp-block-column is-layout-flow wp-block-column-is-layout-flow\">\n<h3 class=\"wp-block-heading\">Parameter von Speisetellern<\/h3>\n\n\n\n<p>Produktname Runder Teller<br>Gr\u00f6\u00dfe 21\/23 cm<br>Material: 304 rostfreier Stahl<br>Dicke 0,8 mm<br>Gewicht 249\/290 Gramm<br>MOQ 60 St\u00fcck<br>Logo Kundenspezifisches Logo akzeptiert<\/p>\n<\/div>\n\n\n\n<div class=\"wp-block-column is-layout-flow wp-block-column-is-layout-flow\">\n<h3 class=\"wp-block-heading\">Individuell gestaltete Speiseteller<\/h3>\n\n\n\n<p>Logo: Passen Sie Ihr Markenlogo an<br>Verpackung: Farbkasten\/Karton usw.<br>Muster: Passen Sie das gew\u00fcnschte Muster an<br>MOQ: 1000 St\u00fcck<br><strong><a href=\"https:\/\/www.purecook.com\/de\/custom-solution\/\" target=\"_blank\" rel=\"noreferrer noopener\">OEM &amp; ODM Kundenspezifische L\u00f6sungen f\u00fcr Speiseteller<\/a><\/strong><\/p>\n<\/div>\n<\/div>\n\n\n\n<div class=\"wp-block-columns is-layout-flex wp-container-core-columns-is-layout-9d6595d7 wp-block-columns-is-layout-flex\">\n<div class=\"wp-block-column is-layout-flow wp-block-column-is-layout-flow\">\n<figure class=\"wp-block-image size-full\"><img decoding=\"async\" width=\"464\" height=\"464\" src=\"https:\/\/www.purecook.com\/wp-content\/uploads\/2024\/06\/customized-dinner-plates-3.webp\" alt=\"individuelle Essteller\" class=\"wp-image-2483\" srcset=\"https:\/\/www.purecook.com\/wp-content\/uploads\/2024\/06\/customized-dinner-plates-3.webp 464w, https:\/\/www.purecook.com\/wp-content\/uploads\/2024\/06\/customized-dinner-plates-3-300x300.webp 300w, https:\/\/www.purecook.com\/wp-content\/uploads\/2024\/06\/customized-dinner-plates-3-150x150.webp 150w, https:\/\/www.purecook.com\/wp-content\/uploads\/2024\/06\/customized-dinner-plates-3-100x100.webp 100w\" sizes=\"(max-width: 464px) 100vw, 464px\" \/><\/figure>\n<\/div>\n\n\n\n<div class=\"wp-block-column is-layout-flow wp-block-column-is-layout-flow\">\n<figure class=\"wp-block-image size-full\"><img decoding=\"async\" width=\"800\" height=\"800\" src=\"https:\/\/www.purecook.com\/wp-content\/uploads\/2024\/06\/customized-dinner-plates-4.webp\" alt=\"individuelle Essteller\" class=\"wp-image-2484\" srcset=\"https:\/\/www.purecook.com\/wp-content\/uploads\/2024\/06\/customized-dinner-plates-4.webp 800w, https:\/\/www.purecook.com\/wp-content\/uploads\/2024\/06\/customized-dinner-plates-4-300x300.webp 300w, https:\/\/www.purecook.com\/wp-content\/uploads\/2024\/06\/customized-dinner-plates-4-150x150.webp 150w, https:\/\/www.purecook.com\/wp-content\/uploads\/2024\/06\/customized-dinner-plates-4-768x768.webp 768w, https:\/\/www.purecook.com\/wp-content\/uploads\/2024\/06\/customized-dinner-plates-4-600x600.webp 600w, https:\/\/www.purecook.com\/wp-content\/uploads\/2024\/06\/customized-dinner-plates-4-100x100.webp 100w\" sizes=\"(max-width: 800px) 100vw, 800px\" \/><\/figure>\n<\/div>\n<\/div>","protected":false},"excerpt":{"rendered":"<p>Die Essteller haben glatte Oberfl\u00e4che Design, verhindern, dass Lebensmittelr\u00fcckst\u00e4nde, leicht zu reinigen, Handw\u00e4sche oder Sp\u00fclmaschine waschbar, sparen Sie Zeit und labour.We provice kundenspezifische Essteller solution.Welcome, um uns f\u00fcr ein kostenloses Angebot zu kontaktieren.<\/p>\n<h2>Merkmale und Vorteile von Speisetellern<\/h2>\n<p><strong>Hochwertiger Edelstahl 304<\/strong>: aus lebensmittelechtem Edelstahl 304, rost- und korrosionsbest\u00e4ndig, robust und langlebig f\u00fcr den langfristigen Gebrauch, geeignet f\u00fcr den direkten Kontakt mit Lebensmitteln, zum Schutz der Gesundheit.<br \/><strong>Vintage Landhausstil<\/strong>: Einzigartiges Vintage-Design im Landhausstil, das dem Tisch ein Gef\u00fchl von W\u00e4rme und Rustikalit\u00e4t verleiht. Geeignet f\u00fcr Familienessen, Restaurants und besondere Anl\u00e4sse, um das Esserlebnis zu verbessern.<br \/><strong>Mehrere Gr\u00f6\u00dfenoptionen<\/strong>: Erh\u00e4ltlich in den Gr\u00f6\u00dfen 21 cm und 23 cm, um verschiedenen Bed\u00fcrfnissen und Anl\u00e4ssen gerecht zu werden, geeignet zum Servieren einer breiten Palette von Speisen wie Hauptgerichte, Beilagen und Desserts.<br \/><strong>Kreisf\u00f6rmiges Design<\/strong>: klassisches, rundes Design, passt zu verschiedenen Essensstilen, l\u00e4sst sich gut mit anderem Geschirr kombinieren und unterstreicht die \u00c4sthetik des gesamten Tisches.<br \/><strong>Einschichtige Struktur<\/strong>Leicht und einfach zu tragen, geeignet f\u00fcr den t\u00e4glichen Gebrauch und verschiedene Anl\u00e4sse zum Essen, bequem und praktisch.<br \/><strong>Hochtemperaturbest\u00e4ndig<\/strong>Hervorragende Hochtemperaturbest\u00e4ndigkeit, geeignet f\u00fcr Ofen, Mikrowelle und andere Hochtemperaturumgebungen, nicht leicht zu verformen oder zu besch\u00e4digen.<br \/><strong>Leicht zu reinigen<\/strong>: glatte Oberfl\u00e4che, verhindert Speiser\u00fcckst\u00e4nde, leicht zu reinigen, Handw\u00e4sche oder Sp\u00fclmaschinenreinigung, spart Zeit und Arbeit.<br \/><strong>Gesund und sicher<\/strong>: nicht beschichtetes Design, enth\u00e4lt keine sch\u00e4dlichen Substanzen, um die Reinheit und Sicherheit von Lebensmitteln zu gew\u00e4hrleisten, geeignet f\u00fcr den langfristigen Einsatz.<br \/><strong>Dekorativ<\/strong>: Das einzigartige Retro-Design macht es nicht nur zu einem praktischen Geschirr, sondern auch zu einer farbenfrohen Kulisse auf dem Tisch, die die Sch\u00f6nheit der Essumgebung unterstreicht.<br \/>Bieten Sie eine ma\u00dfgeschneiderte L\u00f6sung f\u00fcr Essteller an.<br \/><strong><a href=\"https:\/\/www.purecook.com\/de\/custom-solution\/\" target=\"_blank\" rel=\"noopener\">Unterst\u00fctzt OEM&amp;ODM kundenspezifische Essteller.<\/a><\/strong><\/p>\n<p>&nbsp;<\/p>","protected":false},"featured_media":2482,"comment_status":"closed","ping_status":"closed","template":"","meta":{"_acf_changed":false},"product_brand":[],"product_cat":[51,55],"product_tag":[],"class_list":{"0":"post-2480","1":"product","2":"type-product","3":"status-publish","4":"has-post-thumbnail","6":"product_cat-dinnerware","7":"product_cat-dish-and-plate","9":"first","10":"instock","11":"shipping-taxable","12":"product-type-simple"},"acf":[],"_links":{"self":[{"href":"https:\/\/www.purecook.com\/de\/wp-json\/wp\/v2\/product\/2480","targetHints":{"allow":["GET"]}}],"collection":[{"href":"https:\/\/www.purecook.com\/de\/wp-json\/wp\/v2\/product"}],"about":[{"href":"https:\/\/www.purecook.com\/de\/wp-json\/wp\/v2\/types\/product"}],"replies":[{"embeddable":true,"href":"https:\/\/www.purecook.com\/de\/wp-json\/wp\/v2\/comments?post=2480"}],"wp:featuredmedia":[{"embeddable":true,"href":"https:\/\/www.purecook.com\/de\/wp-json\/wp\/v2\/media\/2482"}],"wp:attachment":[{"href":"https:\/\/www.purecook.com\/de\/wp-json\/wp\/v2\/media?parent=2480"}],"wp:term":[{"taxonomy":"product_brand","embeddable":true,"href":"https:\/\/www.purecook.com\/de\/wp-json\/wp\/v2\/product_brand?post=2480"},{"taxonomy":"product_cat","embeddable":true,"href":"https:\/\/www.purecook.com\/de\/wp-json\/wp\/v2\/product_cat?post=2480"},{"taxonomy":"product_tag","embeddable":true,"href":"https:\/\/www.purecook.com\/de\/wp-json\/wp\/v2\/product_tag?post=2480"}],"curies":[{"name":"wp","href":"https:\/\/api.w.org\/{rel}","templated":true}]}}