{"id":2490,"date":"2024-06-04T17:34:06","date_gmt":"2024-06-04T09:34:06","guid":{"rendered":"https:\/\/www.purecook.com\/?post_type=product&#038;p=2490"},"modified":"2025-04-27T17:08:34","modified_gmt":"2025-04-27T09:08:34","slug":"outdoor-camping-edelstahl-kochutensilien-groshandel-2","status":"publish","type":"product","link":"https:\/\/www.purecook.com\/de\/product\/outdoor-camping-stainless-steel-cooking-utensils-wholesale\/","title":{"rendered":"Outdoor Camping Edelstahl Kochutensilien Gro\u00dfhandel"},"content":{"rendered":"<div class=\"wp-block-columns is-layout-flex wp-container-core-columns-is-layout-9d6595d7 wp-block-columns-is-layout-flex\">\n<div class=\"wp-block-column is-layout-flow wp-block-column-is-layout-flow\">\n<h3 class=\"wp-block-heading\">Parameter von Kochgeschirr aus Edelstahl<\/h3>\n\n\n\n<p>Typ Kochgeschirr-Set<br>Modell-Nr. NI001-YYTG-8PCS-304<br>Anzahl der St\u00fccke: 8-teiliges Set<br>Material 304 rostfreier Stahl<br>Menge 1 Satz\/Karton<br>Gewicht 8,6 kg<br>Kartongr\u00f6\u00dfe 56\u00d734\u00d727cm<br>Anwendung Camping Kochen<\/p>\n<\/div>\n\n\n\n<div class=\"wp-block-column is-layout-flow wp-block-column-is-layout-flow\">\n<h3 class=\"wp-block-heading\">Individuelles Kochgeschirr aus Edelstahl<\/h3>\n\n\n\n<p>Verpackung: Farbkasten\/Karton usw.<br><strong><a href=\"https:\/\/www.purecook.com\/de\/custom-solution\/\" target=\"_blank\" rel=\"noreferrer noopener\">OEM &amp; ODM Kundenspezifische L\u00f6sungen f\u00fcr Bratpfannen<\/a><\/strong><\/p>\n<\/div>\n<\/div>\n\n\n\n<div class=\"wp-block-columns is-layout-flex wp-container-core-columns-is-layout-9d6595d7 wp-block-columns-is-layout-flex\">\n<div class=\"wp-block-column is-layout-flow wp-block-column-is-layout-flow\">\n<figure class=\"wp-block-image size-full\"><img decoding=\"async\" width=\"800\" height=\"800\" src=\"https:\/\/www.purecook.com\/wp-content\/uploads\/2024\/06\/wholesale-cooking-utensil-set-3.webp\" alt=\"Gro\u00dfhandel Kochutensilien Set\" class=\"wp-image-2493\" srcset=\"https:\/\/www.purecook.com\/wp-content\/uploads\/2024\/06\/wholesale-cooking-utensil-set-3.webp 800w, https:\/\/www.purecook.com\/wp-content\/uploads\/2024\/06\/wholesale-cooking-utensil-set-3-300x300.webp 300w, https:\/\/www.purecook.com\/wp-content\/uploads\/2024\/06\/wholesale-cooking-utensil-set-3-150x150.webp 150w, https:\/\/www.purecook.com\/wp-content\/uploads\/2024\/06\/wholesale-cooking-utensil-set-3-768x768.webp 768w, https:\/\/www.purecook.com\/wp-content\/uploads\/2024\/06\/wholesale-cooking-utensil-set-3-600x600.webp 600w, https:\/\/www.purecook.com\/wp-content\/uploads\/2024\/06\/wholesale-cooking-utensil-set-3-100x100.webp 100w\" sizes=\"(max-width: 800px) 100vw, 800px\" \/><\/figure>\n<\/div>\n\n\n\n<div class=\"wp-block-column is-layout-flow wp-block-column-is-layout-flow\">\n<figure class=\"wp-block-image size-full\"><img decoding=\"async\" width=\"800\" height=\"800\" src=\"https:\/\/www.purecook.com\/wp-content\/uploads\/2024\/06\/wholesale-cooking-utensil-set-4.webp\" alt=\"Gro\u00dfhandel Kochutensilien Set\" class=\"wp-image-2494\" srcset=\"https:\/\/www.purecook.com\/wp-content\/uploads\/2024\/06\/wholesale-cooking-utensil-set-4.webp 800w, https:\/\/www.purecook.com\/wp-content\/uploads\/2024\/06\/wholesale-cooking-utensil-set-4-300x300.webp 300w, https:\/\/www.purecook.com\/wp-content\/uploads\/2024\/06\/wholesale-cooking-utensil-set-4-150x150.webp 150w, https:\/\/www.purecook.com\/wp-content\/uploads\/2024\/06\/wholesale-cooking-utensil-set-4-768x768.webp 768w, https:\/\/www.purecook.com\/wp-content\/uploads\/2024\/06\/wholesale-cooking-utensil-set-4-600x600.webp 600w, https:\/\/www.purecook.com\/wp-content\/uploads\/2024\/06\/wholesale-cooking-utensil-set-4-100x100.webp 100w\" sizes=\"(max-width: 800px) 100vw, 800px\" \/><\/figure>\n<\/div>\n<\/div>","protected":false},"excerpt":{"rendered":"<p>Camping Edelstahl Kochgeschirr Gro\u00dfhandel.aus hochwertigem Edelstahl, geeignet f\u00fcr eine Vielzahl von Szenarien.glatte Oberfl\u00e4che Design zu verhindern, dass Lebensmittelr\u00fcckst\u00e4nde, leicht zu reinigen, Handw\u00e4sche oder Sp\u00fclmaschine waschbar, spart Zeit und Arbeit.willkommen, uns zu kontaktieren, um zu bestellen.<\/p>\n<h2>Merkmale und Vorteile von Kochgeschirr aus Edelstahl<\/h2>\n<p><strong>Hochwertiger Edelstahl 304<\/strong>: Hergestellt aus lebensmittelechtem Edelstahl 304, robust und langlebig, rost- und korrosionsbest\u00e4ndig, um eine langfristige Nutzung zu gew\u00e4hrleisten, geeignet f\u00fcr eine Vielzahl von Outdoor-Umgebungen.<br \/><strong>Komplettes Kochset<\/strong>: Enth\u00e4lt 8 praktische Werkzeuge, darunter T\u00f6pfe, Pfannen, L\u00f6ffel, Pfannenwender usw., um Ihre verschiedenen Bed\u00fcrfnisse beim Kochen im Freien zu erf\u00fcllen und das Kochen im Freien zu erleichtern.<br \/><strong>Tragbares Design<\/strong>: Jedes Werkzeug ist so konzipiert, dass es leicht und einfach zu tragen ist, mit einer tragbaren Aufbewahrungstasche f\u00fcr einfache Organisation und Lagerung, geeignet f\u00fcr Camping, Picknick, Wandern und andere verschiedene Outdoor-Aktivit\u00e4ten.<br \/><strong>Gesund und sicher<\/strong>: Hergestellt aus lebensmittelechten Materialien, keine sch\u00e4dlichen Substanzen, garantieren Lebensmittelsicherheit, verwenden Sie mit Vertrauen.<br \/><strong>Leicht zu reinigen<\/strong>: Glatte Oberfl\u00e4che zur Vermeidung von Lebensmittelr\u00fcckst\u00e4nden, leicht zu reinigen, von Hand oder in der Sp\u00fclmaschine abwaschbar, spart Zeit und Arbeit.<br \/><strong>Multifunktionaler Einsatz<\/strong>: Nicht nur f\u00fcr das Kochen auf dem Feld, sondern auch in der Familienk\u00fcche, eine breite Palette von Anwendungen, praktisch.<br \/><strong>Hochtemperaturbest\u00e4ndigkeit<\/strong>: Das Material aus Edelstahl 304 ist hochtemperaturbest\u00e4ndig und l\u00e4sst sich nicht leicht verformen, so dass es auch in Umgebungen mit hohen Temperaturen stabil und zuverl\u00e4ssig bleibt.<br \/><strong>Kompakte Lagerung<\/strong>: Alle Werkzeuge lassen sich kompakt zusammen aufbewahren, platzsparend, leicht zu transportieren und ideal f\u00fcr Outdoor-Aktivit\u00e4ten.<br \/><strong>Outdoor-Must-Have<\/strong>: Ob Sie nun campen, picknicken oder wandern, dieses 8-teilige Kochwerkzeugset aus Edelstahl ist ein Muss f\u00fcr Ihre Outdoor-Aktivit\u00e4ten.<br \/>Bieten Sie ma\u00dfgeschneiderte L\u00f6sungen f\u00fcr Kochgeschirr aus Edelstahl an.<br \/><strong><a href=\"https:\/\/www.purecook.com\/de\/custom-solution\/\" target=\"_blank\" rel=\"noopener\">Unterst\u00fctzung von OEM&amp;ODM f\u00fcr kundenspezifisches Kochgeschirr aus Edelstahl.<\/a><\/strong><\/p>\n<p>&nbsp;<\/p>","protected":false},"featured_media":2491,"comment_status":"closed","ping_status":"closed","template":"","meta":{"_acf_changed":false},"product_brand":[],"product_cat":[24],"product_tag":[96],"class_list":{"0":"post-2490","1":"product","2":"type-product","3":"status-publish","4":"has-post-thumbnail","6":"product_cat-cookware","7":"product_tag-wholesale-outdoor-cookware","9":"first","10":"instock","11":"shipping-taxable","12":"product-type-simple"},"acf":[],"_links":{"self":[{"href":"https:\/\/www.purecook.com\/de\/wp-json\/wp\/v2\/product\/2490","targetHints":{"allow":["GET"]}}],"collection":[{"href":"https:\/\/www.purecook.com\/de\/wp-json\/wp\/v2\/product"}],"about":[{"href":"https:\/\/www.purecook.com\/de\/wp-json\/wp\/v2\/types\/product"}],"replies":[{"embeddable":true,"href":"https:\/\/www.purecook.com\/de\/wp-json\/wp\/v2\/comments?post=2490"}],"wp:featuredmedia":[{"embeddable":true,"href":"https:\/\/www.purecook.com\/de\/wp-json\/wp\/v2\/media\/2491"}],"wp:attachment":[{"href":"https:\/\/www.purecook.com\/de\/wp-json\/wp\/v2\/media?parent=2490"}],"wp:term":[{"taxonomy":"product_brand","embeddable":true,"href":"https:\/\/www.purecook.com\/de\/wp-json\/wp\/v2\/product_brand?post=2490"},{"taxonomy":"product_cat","embeddable":true,"href":"https:\/\/www.purecook.com\/de\/wp-json\/wp\/v2\/product_cat?post=2490"},{"taxonomy":"product_tag","embeddable":true,"href":"https:\/\/www.purecook.com\/de\/wp-json\/wp\/v2\/product_tag?post=2490"}],"curies":[{"name":"wp","href":"https:\/\/api.w.org\/{rel}","templated":true}]}}