{"id":2496,"date":"2024-06-04T22:45:14","date_gmt":"2024-06-04T14:45:14","guid":{"rendered":"https:\/\/www.purecook.com\/?post_type=product&#038;p=2496"},"modified":"2024-06-04T23:17:48","modified_gmt":"2024-06-04T15:17:48","slug":"stainless-steel-sierra-cup-with-colander-wholesale","status":"publish","type":"product","link":"https:\/\/www.purecook.com\/de\/product\/stainless-steel-sierra-cup-with-colander-wholesale\/","title":{"rendered":"Sierra Cup aus Edelstahl mit Sieb Gro\u00dfhandel"},"content":{"rendered":"<div class=\"wp-block-columns is-layout-flex wp-container-core-columns-is-layout-9d6595d7 wp-block-columns-is-layout-flex\">\n<div class=\"wp-block-column is-layout-flow wp-block-column-is-layout-flow\">\n<h3 class=\"wp-block-heading\">Parameter des Sierra Cup<\/h3>\n\n\n\n<p>Besteck Typ: Outdoor-Besteck-Set<br>Inklusive L\u00f6ffel\/Gabel\/Messer\/Essst\u00e4bchen-Set<br>Materialtyp: Rostfreier Stahl 304<br>Gr\u00f6\u00dfe: 12 cm<br>Gewicht: 0,500 kg<br>MOQ:100St\u00fcck<\/p>\n<\/div>\n\n\n\n<div class=\"wp-block-column is-layout-flow wp-block-column-is-layout-flow\">\n<h3 class=\"wp-block-heading\">Benutzerdefinierte Sierra Cup<\/h3>\n\n\n\n<p>Logo:individuelles Logo Ihrer Marke<br>Verpackung: Farbkasten\/Karton, etc.<br>MOQ : 500St\u00fcck<br><strong><a href=\"https:\/\/www.purecook.com\/de\/custom-solution\/\" target=\"_blank\" rel=\"noreferrer noopener\">OEM &amp; ODM Kundenspezifische Sierra Cup L\u00f6sungen<\/a><\/strong><\/p>\n<\/div>\n<\/div>\n\n\n\n<div class=\"wp-block-columns is-layout-flex wp-container-core-columns-is-layout-9d6595d7 wp-block-columns-is-layout-flex\">\n<div class=\"wp-block-column is-layout-flow wp-block-column-is-layout-flow\">\n<figure class=\"wp-block-image size-full\"><img decoding=\"async\" width=\"1600\" height=\"1600\" src=\"https:\/\/www.purecook.com\/wp-content\/uploads\/2024\/06\/sierra-cup-3.webp\" alt=\"sierra cup gro\u00dfhandel\" class=\"wp-image-2499\" srcset=\"https:\/\/www.purecook.com\/wp-content\/uploads\/2024\/06\/sierra-cup-3.webp 1600w, https:\/\/www.purecook.com\/wp-content\/uploads\/2024\/06\/sierra-cup-3-300x300.webp 300w, https:\/\/www.purecook.com\/wp-content\/uploads\/2024\/06\/sierra-cup-3-150x150.webp 150w, https:\/\/www.purecook.com\/wp-content\/uploads\/2024\/06\/sierra-cup-3-768x768.webp 768w, https:\/\/www.purecook.com\/wp-content\/uploads\/2024\/06\/sierra-cup-3-600x600.webp 600w, https:\/\/www.purecook.com\/wp-content\/uploads\/2024\/06\/sierra-cup-3-100x100.webp 100w\" sizes=\"(max-width: 1600px) 100vw, 1600px\" \/><\/figure>\n<\/div>\n\n\n\n<div class=\"wp-block-column is-layout-flow wp-block-column-is-layout-flow\">\n<figure class=\"wp-block-image size-full\"><img decoding=\"async\" width=\"1600\" height=\"1600\" src=\"https:\/\/www.purecook.com\/wp-content\/uploads\/2024\/06\/sierra-cup-1.webp\" alt=\"Sierra-Cup\" class=\"wp-image-2497\" srcset=\"https:\/\/www.purecook.com\/wp-content\/uploads\/2024\/06\/sierra-cup-1.webp 1600w, https:\/\/www.purecook.com\/wp-content\/uploads\/2024\/06\/sierra-cup-1-300x300.webp 300w, https:\/\/www.purecook.com\/wp-content\/uploads\/2024\/06\/sierra-cup-1-150x150.webp 150w, https:\/\/www.purecook.com\/wp-content\/uploads\/2024\/06\/sierra-cup-1-768x768.webp 768w, https:\/\/www.purecook.com\/wp-content\/uploads\/2024\/06\/sierra-cup-1-600x600.webp 600w, https:\/\/www.purecook.com\/wp-content\/uploads\/2024\/06\/sierra-cup-1-100x100.webp 100w\" sizes=\"(max-width: 1600px) 100vw, 1600px\" \/><\/figure>\n<\/div>\n<\/div>","protected":false},"excerpt":{"rendered":"<p>Hergestellt aus lebensmittelechtem Edelstahl Material, keine sch\u00e4dlichen Substanzen, gew\u00e4hrleisten die Lebensmittelsicherheit, verwenden Sie mit confidence.Welcome, um uns f\u00fcr ein kostenloses Angebot zu kontaktieren.<\/p>\n<h2>Merkmale und Vorteile von Sierra Cup<\/h2>\n<p><strong>Hochwertiger rostfreier Stahl<\/strong>: Hergestellt aus hochwertigem 304 Edelstahl Material, robust und langlebig, rost- und korrosionsbest\u00e4ndig, so dass keine Verformung f\u00fcr lange Zeit verwenden, geeignet f\u00fcr verschiedene Outdoor-Umgebungen.<br \/><strong>Multifunktionales Design<\/strong>: Ausgestattet mit einem Deckel und Sieb, bequem f\u00fcr Sie zu kochen, halten Lebensmittel, Wasser zu filtern, etc. Im Freien, um eine Vielzahl von Bed\u00fcrfnissen zu erf\u00fcllen.<br \/><strong>Klappbarer Griff<\/strong>: Mit faltbarem Griff, leicht zu tragen und zu verstauen, platzsparend, ideal f\u00fcr Ihre Outdoor-Aktivit\u00e4ten.<br \/><strong>Tragbare Lagerung<\/strong>: Kommt mit einer tragbaren Aufbewahrungstasche, leicht zu tragen und zu organisieren, halten Sie Ihre Ausr\u00fcstung ordentlich und organisiert, geeignet f\u00fcr Camping, Picknick, Wandern und andere verschiedene Outdoor-Aktivit\u00e4ten.<br \/><strong>Gesund und sicher<\/strong>: Hergestellt aus lebensmittelechtem Edelstahl, keine sch\u00e4dlichen Substanzen, garantieren Lebensmittelsicherheit, verwenden Sie mit Vertrauen.<br \/><strong>Leicht zu reinigen<\/strong>: Die glatte Oberfl\u00e4che verhindert Speisereste, ist leicht zu reinigen und kann mit der Hand oder in der Sp\u00fclmaschine gewaschen werden, was Zeit und Arbeit spart.<br \/><strong>Vielseitig einsetzbar<\/strong>: Nicht nur zum Servieren von Speisen geeignet, sondern auch als Koch- und Trinkgeschirr, um Ihre verschiedenen Bed\u00fcrfnisse im Freien zu erf\u00fcllen.<br \/><strong>Klassisches Design<\/strong>: Sierra Tasse klassisches Design, moderate Kapazit\u00e4t, geeignet f\u00fcr die Aufnahme von Suppe, Reis, Nudeln und andere Lebensmittel, praktisch.<br \/><strong>Outdoor muss haben<\/strong>: Ob Sie nun campen, picknicken oder wandern, diese multifunktionale Edelstahlsch\u00fcssel ist ein unverzichtbares Utensil f\u00fcr Ihre Outdoor-Aktivit\u00e4ten.<br \/>Bieten Sie eine ma\u00dfgeschneiderte L\u00f6sung f\u00fcr Sierra Cups an.<br \/><strong><a href=\"https:\/\/www.purecook.com\/de\/custom-solution\/\" target=\"_blank\" rel=\"noopener\">Unterst\u00fctzung von OEM&amp;ODM kundenspezifischen Sierra Cup.<\/a><\/strong><\/p>\n<p>&nbsp;<\/p>","protected":false},"featured_media":2499,"comment_status":"closed","ping_status":"closed","template":"","meta":{"_acf_changed":false},"product_brand":[],"product_cat":[51,55],"product_tag":[],"class_list":{"0":"post-2496","1":"product","2":"type-product","3":"status-publish","4":"has-post-thumbnail","6":"product_cat-dinnerware","7":"product_cat-dish-and-plate","9":"first","10":"instock","11":"shipping-taxable","12":"product-type-simple"},"acf":[],"_links":{"self":[{"href":"https:\/\/www.purecook.com\/de\/wp-json\/wp\/v2\/product\/2496","targetHints":{"allow":["GET"]}}],"collection":[{"href":"https:\/\/www.purecook.com\/de\/wp-json\/wp\/v2\/product"}],"about":[{"href":"https:\/\/www.purecook.com\/de\/wp-json\/wp\/v2\/types\/product"}],"replies":[{"embeddable":true,"href":"https:\/\/www.purecook.com\/de\/wp-json\/wp\/v2\/comments?post=2496"}],"wp:featuredmedia":[{"embeddable":true,"href":"https:\/\/www.purecook.com\/de\/wp-json\/wp\/v2\/media\/2499"}],"wp:attachment":[{"href":"https:\/\/www.purecook.com\/de\/wp-json\/wp\/v2\/media?parent=2496"}],"wp:term":[{"taxonomy":"product_brand","embeddable":true,"href":"https:\/\/www.purecook.com\/de\/wp-json\/wp\/v2\/product_brand?post=2496"},{"taxonomy":"product_cat","embeddable":true,"href":"https:\/\/www.purecook.com\/de\/wp-json\/wp\/v2\/product_cat?post=2496"},{"taxonomy":"product_tag","embeddable":true,"href":"https:\/\/www.purecook.com\/de\/wp-json\/wp\/v2\/product_tag?post=2496"}],"curies":[{"name":"wp","href":"https:\/\/api.w.org\/{rel}","templated":true}]}}