{"id":2501,"date":"2024-06-05T08:52:28","date_gmt":"2024-06-05T00:52:28","guid":{"rendered":"https:\/\/www.purecook.com\/?post_type=product&#038;p=2501"},"modified":"2025-08-14T16:54:33","modified_gmt":"2025-08-14T08:54:33","slug":"wholesale-bento-box-for-kids-with-soup-bowl-and-spoon","status":"publish","type":"product","link":"https:\/\/www.purecook.com\/de\/product\/wholesale-bento-box-for-kids-with-soup-bowl-and-spoon\/","title":{"rendered":"Gro\u00dfhandel Bento Box f\u00fcr Kinder mit Suppensch\u00fcssel und L\u00f6ffel"},"content":{"rendered":"<div class=\"wp-block-columns is-layout-flex wp-container-core-columns-is-layout-9d6595d7 wp-block-columns-is-layout-flex\">\n<div class=\"wp-block-column is-layout-flow wp-block-column-is-layout-flow\">\n<h3 class=\"wp-block-heading\">Parameter der Bento-Box<\/h3>\n\n\n\n<p>Besteck Typ: Outdoor-Besteck-Set<br>Inklusive L\u00f6ffel\/Gabel\/Messer\/Essst\u00e4bchen-Set<br>Materialtyp: Rostfreier Stahl 304<br>Gr\u00f6\u00dfe: 12 cm<br>Gewicht: 0,500 kg<br>MOQ:100St\u00fcck<\/p>\n<\/div>\n\n\n\n<div class=\"wp-block-column is-layout-flow wp-block-column-is-layout-flow\">\n<h3 class=\"wp-block-heading\">Individuelle Bento-Box-Option<\/h3>\n\n\n\n<p>Verpackung: Farbkasten\/Karton, etc<br>MOQ: 1000St\u00fcck<br><strong><a href=\"https:\/\/www.purecook.com\/de\/custom-solution\/\" target=\"_blank\" rel=\"noreferrer noopener\">OEM &amp; ODM Kundenspezifische Sierra Cup L\u00f6sungen<\/a><\/strong><\/p>\n<\/div>\n<\/div>\n\n\n\n<div class=\"wp-block-columns is-layout-flex wp-container-core-columns-is-layout-9d6595d7 wp-block-columns-is-layout-flex\">\n<div class=\"wp-block-column is-layout-flow wp-block-column-is-layout-flow\">\n<figure class=\"wp-block-image size-full\"><img decoding=\"async\" width=\"800\" height=\"800\" src=\"https:\/\/www.purecook.com\/wp-content\/uploads\/2024\/06\/Wholesale-Bento-Box-for-Kids-4.webp\" alt=\"Gro\u00dfhandel Bento Box f\u00fcr Kinder \" class=\"wp-image-2635\" srcset=\"https:\/\/www.purecook.com\/wp-content\/uploads\/2024\/06\/Wholesale-Bento-Box-for-Kids-4.webp 800w, https:\/\/www.purecook.com\/wp-content\/uploads\/2024\/06\/Wholesale-Bento-Box-for-Kids-4-300x300.webp 300w, https:\/\/www.purecook.com\/wp-content\/uploads\/2024\/06\/Wholesale-Bento-Box-for-Kids-4-150x150.webp 150w, https:\/\/www.purecook.com\/wp-content\/uploads\/2024\/06\/Wholesale-Bento-Box-for-Kids-4-768x768.webp 768w, https:\/\/www.purecook.com\/wp-content\/uploads\/2024\/06\/Wholesale-Bento-Box-for-Kids-4-600x600.webp 600w, https:\/\/www.purecook.com\/wp-content\/uploads\/2024\/06\/Wholesale-Bento-Box-for-Kids-4-100x100.webp 100w\" sizes=\"(max-width: 800px) 100vw, 800px\" \/><\/figure>\n<\/div>\n\n\n\n<div class=\"wp-block-column is-layout-flow wp-block-column-is-layout-flow\">\n<figure class=\"wp-block-image size-full\"><img decoding=\"async\" width=\"800\" height=\"800\" src=\"https:\/\/www.purecook.com\/wp-content\/uploads\/2024\/06\/Wholesale-Bento-Box-for-Kids-2.webp\" alt=\"Gro\u00dfhandel Bento Box f\u00fcr Kinder\" class=\"wp-image-2633\" srcset=\"https:\/\/www.purecook.com\/wp-content\/uploads\/2024\/06\/Wholesale-Bento-Box-for-Kids-2.webp 800w, https:\/\/www.purecook.com\/wp-content\/uploads\/2024\/06\/Wholesale-Bento-Box-for-Kids-2-300x300.webp 300w, https:\/\/www.purecook.com\/wp-content\/uploads\/2024\/06\/Wholesale-Bento-Box-for-Kids-2-150x150.webp 150w, https:\/\/www.purecook.com\/wp-content\/uploads\/2024\/06\/Wholesale-Bento-Box-for-Kids-2-768x768.webp 768w, https:\/\/www.purecook.com\/wp-content\/uploads\/2024\/06\/Wholesale-Bento-Box-for-Kids-2-600x600.webp 600w, https:\/\/www.purecook.com\/wp-content\/uploads\/2024\/06\/Wholesale-Bento-Box-for-Kids-2-100x100.webp 100w\" sizes=\"(max-width: 800px) 100vw, 800px\" \/><\/figure>\n<\/div>\n<\/div>","protected":false},"excerpt":{"rendered":"<p>Wir sind ein professioneller Anbieter von Bento-Boxen, Gro\u00dfhandel exquisite Ozean Stil Bento-Boxen mit niedlichen Aussehen speziell f\u00fcr Kinder konzipiert. Hergestellt aus lebensmittelechtem Edelstahl und PP-Material, wird jedes Produkt strengen Kontrollen unterzogen, um absolute Sicherheit zu gew\u00e4hrleisten. Wir bieten Gro\u00dfhandel Bento-Boxen Service und benutzerdefinierte Bento-Box-L\u00f6sung, willkommen, uns zu kontaktieren, um einen detaillierten Plan f\u00fcr Sie zu entwickeln.<\/p>\n<h2>Eigenschaften und Vorteile der bento Box<\/h2>\n<p><strong>Kleine Snackbeh\u00e4lter speziell f\u00fcr Kinder<\/strong>Jeder kleine Beh\u00e4lter wird mit einem luftdichten Ringdeckel geliefert. Au\u00dferdem bieten wir ein Tablett mit 4 freundlichen Verschl\u00fcssen an, um Snacks und Mahlzeiten w\u00e4hrend des Transports frisch und sauber zu halten. Ideal f\u00fcr Kinder, die in die Schule gehen.<\/p>\n<p><strong>Hochwertiges Material<\/strong>Edelstahl 304 in Lebensmittelqualit\u00e4t und langlebiger pp-Kunststoff: Das gesunde Lebensmittelmaterial ist sicher im Gebrauch, leicht zu reinigen, rostet nicht leicht, ist korrosionsbest\u00e4ndig, s\u00e4ure- und laugenbest\u00e4ndig und enth\u00e4lt keine sch\u00e4dlichen Metalle - f\u00fcr Ihre gesunde Ern\u00e4hrung.<\/p>\n<p><strong>Enth\u00e4lt<\/strong>: Lunchbox + L\u00f6ffel + Suppensch\u00fcssel, 3 praktische F\u00e4cher, die perfekt auf den Appetit Ihres Kindes abgestimmt sind. Die Lunchbox eignet sich f\u00fcr nahrhafte Lebensmittel wie Grundnahrungsmittel, Sandwiches, Fleisch, Salate, Gem\u00fcse und gro\u00dfe Fr\u00fcchte, und die kleinen F\u00e4cher eignen sich f\u00fcr leckere Snacks wie N\u00fcsse, kleine Fr\u00fcchte und Gem\u00fcse, S\u00fc\u00dfigkeiten und so weiter.<\/p>\n<p><strong>Mit einer isolierten Lunchbox<\/strong>, <strong>Suppensch\u00fcssel und L\u00f6ffel<\/strong>, eine sch\u00f6n verpackte Box f\u00fcr den einfachen Transport, doppelte Schicht auslaufsicher zu vermeiden Verschmutzung der Lunch-Box. Ein Satz von Portionskontrollboxen ist ideal f\u00fcr die Schule der Kinder, die Familie auf Reisen und Camping.<\/p>\n<p>Bieten Sie eine ma\u00dfgeschneiderte Bento-Box-L\u00f6sung an.<\/p>\n<p><strong><a href=\"https:\/\/www.purecook.com\/de\/custom-solution\/\" target=\"_blank\" rel=\"noopener\">Unterst\u00fctzt OEM&amp;ODM kundenspezifische Bento-Box.<\/a><\/strong><\/p>\n<p>&nbsp;<\/p>","protected":false},"featured_media":2637,"comment_status":"closed","ping_status":"closed","template":"","meta":{"_acf_changed":false},"product_brand":[],"product_cat":[51,102],"product_tag":[],"class_list":{"0":"post-2501","1":"product","2":"type-product","3":"status-publish","4":"has-post-thumbnail","6":"product_cat-dinnerware","7":"product_cat-lunch-boxes","9":"first","10":"instock","11":"shipping-taxable","12":"product-type-simple"},"acf":[],"_links":{"self":[{"href":"https:\/\/www.purecook.com\/de\/wp-json\/wp\/v2\/product\/2501","targetHints":{"allow":["GET"]}}],"collection":[{"href":"https:\/\/www.purecook.com\/de\/wp-json\/wp\/v2\/product"}],"about":[{"href":"https:\/\/www.purecook.com\/de\/wp-json\/wp\/v2\/types\/product"}],"replies":[{"embeddable":true,"href":"https:\/\/www.purecook.com\/de\/wp-json\/wp\/v2\/comments?post=2501"}],"wp:featuredmedia":[{"embeddable":true,"href":"https:\/\/www.purecook.com\/de\/wp-json\/wp\/v2\/media\/2637"}],"wp:attachment":[{"href":"https:\/\/www.purecook.com\/de\/wp-json\/wp\/v2\/media?parent=2501"}],"wp:term":[{"taxonomy":"product_brand","embeddable":true,"href":"https:\/\/www.purecook.com\/de\/wp-json\/wp\/v2\/product_brand?post=2501"},{"taxonomy":"product_cat","embeddable":true,"href":"https:\/\/www.purecook.com\/de\/wp-json\/wp\/v2\/product_cat?post=2501"},{"taxonomy":"product_tag","embeddable":true,"href":"https:\/\/www.purecook.com\/de\/wp-json\/wp\/v2\/product_tag?post=2501"}],"curies":[{"name":"wp","href":"https:\/\/api.w.org\/{rel}","templated":true}]}}