{"id":2638,"date":"2024-06-22T18:53:52","date_gmt":"2024-06-22T10:53:52","guid":{"rendered":"https:\/\/www.purecook.com\/?post_type=product&#038;p=2638"},"modified":"2024-06-22T19:08:24","modified_gmt":"2024-06-22T11:08:24","slug":"wholesale-children-cartoon-stainless-steel-bowl","status":"publish","type":"product","link":"https:\/\/www.purecook.com\/de\/product\/wholesale-children-cartoon-stainless-steel-bowl\/","title":{"rendered":"Gro\u00dfhandel Kinder Cartoon Edelstahl Sch\u00fcssel mit Deckel - Lebensmittelsicherheit Zertifizierung"},"content":{"rendered":"<div class=\"wp-block-columns is-layout-flex wp-container-core-columns-is-layout-9d6595d7 wp-block-columns-is-layout-flex\">\n<div class=\"wp-block-column is-layout-flow wp-block-column-is-layout-flow\">\n<h3 class=\"wp-block-heading\">Parameter der Sch\u00fcssel aus rostfreiem Stahl<\/h3>\n\n\n\n<p>Name: Kinder-Cartoon-Schale<br>Modell: 8860<br>Material: Rostfreier Stahl 201\/304<br>Gr\u00f6\u00dfe: 12cm<br>Gewicht: 115g<br>Verpackung: Farbkarton<br>Gr\u00f6\u00dfe der Schachtel (cm) 13,7\u00d76,1\u00d712,4<br>Gr\u00f6\u00dfe des Kartons (cm) 63\u00d743\u00d751<br>CBM: 0,139<br>Menge\/Karton: 120<br>MOQ: 120 St\u00fcck<\/p>\n<\/div>\n\n\n\n<div class=\"wp-block-column is-layout-flow wp-block-column-is-layout-flow\">\n<h3 class=\"wp-block-heading\">Option f\u00fcr kundenspezifische Edelstahlsch\u00fcsseln<\/h3>\n\n\n\n<p>Verpackung: Farbkasten\/Karton, etc<br>MOQ: 1000St\u00fcck<br><strong><a href=\"https:\/\/www.purecook.com\/de\/custom-solution\/\" target=\"_blank\" rel=\"noreferrer noopener\">OEM &amp; ODM Kundenspezifische Sierra Cup L\u00f6sungen<\/a><\/strong><\/p>\n<\/div>\n<\/div>\n\n\n\n<div class=\"wp-block-columns is-layout-flex wp-container-core-columns-is-layout-9d6595d7 wp-block-columns-is-layout-flex\">\n<div class=\"wp-block-column is-layout-flow wp-block-column-is-layout-flow\">\n<figure class=\"wp-block-image size-full\"><img decoding=\"async\" width=\"680\" height=\"947\" src=\"https:\/\/www.purecook.com\/wp-content\/uploads\/2024\/06\/Wholesale-Children-Cartoon-Stainless-Steel-Bowl-with-Lid-1.webp\" alt=\"Gro\u00dfhandel Kinder Cartoon Edelstahl Sch\u00fcssel mit Deckel\" class=\"wp-image-2643\" srcset=\"https:\/\/www.purecook.com\/wp-content\/uploads\/2024\/06\/Wholesale-Children-Cartoon-Stainless-Steel-Bowl-with-Lid-1.webp 680w, https:\/\/www.purecook.com\/wp-content\/uploads\/2024\/06\/Wholesale-Children-Cartoon-Stainless-Steel-Bowl-with-Lid-1-215x300.webp 215w, https:\/\/www.purecook.com\/wp-content\/uploads\/2024\/06\/Wholesale-Children-Cartoon-Stainless-Steel-Bowl-with-Lid-1-600x836.webp 600w\" sizes=\"(max-width: 680px) 100vw, 680px\" \/><\/figure>\n<\/div>\n\n\n\n<div class=\"wp-block-column is-layout-flow wp-block-column-is-layout-flow\">\n<figure class=\"wp-block-image size-full\"><img decoding=\"async\" width=\"800\" height=\"800\" src=\"https:\/\/www.purecook.com\/wp-content\/uploads\/2024\/06\/Wholesale-Children-Cartoon-Stainless-Steel-Bowl-with-Lid-5.webp\" alt=\"Gro\u00dfhandel Kinder Cartoon Edelstahl Sch\u00fcssel mit Deckel\" class=\"wp-image-2642\" srcset=\"https:\/\/www.purecook.com\/wp-content\/uploads\/2024\/06\/Wholesale-Children-Cartoon-Stainless-Steel-Bowl-with-Lid-5.webp 800w, https:\/\/www.purecook.com\/wp-content\/uploads\/2024\/06\/Wholesale-Children-Cartoon-Stainless-Steel-Bowl-with-Lid-5-300x300.webp 300w, https:\/\/www.purecook.com\/wp-content\/uploads\/2024\/06\/Wholesale-Children-Cartoon-Stainless-Steel-Bowl-with-Lid-5-150x150.webp 150w, https:\/\/www.purecook.com\/wp-content\/uploads\/2024\/06\/Wholesale-Children-Cartoon-Stainless-Steel-Bowl-with-Lid-5-768x768.webp 768w, https:\/\/www.purecook.com\/wp-content\/uploads\/2024\/06\/Wholesale-Children-Cartoon-Stainless-Steel-Bowl-with-Lid-5-600x600.webp 600w, https:\/\/www.purecook.com\/wp-content\/uploads\/2024\/06\/Wholesale-Children-Cartoon-Stainless-Steel-Bowl-with-Lid-5-100x100.webp 100w\" sizes=\"(max-width: 800px) 100vw, 800px\" \/><\/figure>\n<\/div>\n<\/div>","protected":false},"excerpt":{"rendered":"<p>Dies ist das perfekte Geschenk f\u00fcr Ihr Baby, die hellen Farben und niedlichen Cartoon-Muster halten die Kinder interessiert und machen Essenszeit Spa\u00df. Kundenzufriedenheit ist unser oberstes Ziel, alle Produkte werden vor dem Versand qualit\u00e4tsgepr\u00fcft. Wenn Sie irgendwelche Unzufriedenheit oder Probleme mit unseren Produkten haben, kontaktieren Sie uns bitte sofort, und wir werden innerhalb von 24 Stunden antworten.<\/p>\n<h2>Merkmale und Vorteile von Edelstahlsch\u00fcsseln<\/h2>\n<p>1.<strong>Unsere Baby-Saugn\u00e4pfe sind aus 100% lebensmittelechten Materialien hergestellt und sind v\u00f6llig sicher f\u00fcr Ihr Baby<\/strong>. Das Geh\u00e4use des Napfes ist aus hochwertigem Edelstahl 304 \/201 gefertigt, der rostfrei ist und keine Ger\u00fcche oder Flecken hinterl\u00e4sst. Die Oberfl\u00e4che der Schale besteht aus Polypropylen (PP), das resistent gegen Fingerabdr\u00fccke ist, keine Kratzer hinterl\u00e4sst und frei von Bisphenol A (BPA), Polyvinylchlorid (PVC), Phthalaten und Blei ist. Unser Baby-F\u00fctterungsset ist als Kinderprodukt zertifiziert, so dass Sie sicher sein k\u00f6nnen, dass Ihr Kind es benutzen kann.<\/p>\n<p>2.<strong>Diese isolierte Babyschale ist aus rostfreiem Stahl mit einer PP-Oberfl\u00e4che hergestellt, die eine W\u00e4rme\u00fcbertragung verhindert und die H\u00e4nde Ihres Babys vor Verbrennungen sch\u00fctzt, w\u00e4hrend sie sie warm h\u00e4lt.<\/strong>. Kommt mit einem luftdichten Deckel aus lebensmittelechtem Kunststoff und Silikon, um Reste frisch zu halten, so dass Sie Ihr Baby f\u00fcttern k\u00f6nnen, wann und wo Sie wollen. Unsere Silikon-Babynahrungsschalen sind sp\u00fclmaschinenfest und gefrierfest, stellen Sie die Silikon-Saugschale einfach nach einer Mahlzeit in die Sp\u00fclmaschine.<\/p>\n<p>Bieten Sie eine ma\u00dfgeschneiderte L\u00f6sung f\u00fcr Edelstahlsch\u00fcsseln an.<\/p>\n<p><strong><a href=\"https:\/\/www.purecook.com\/de\/custom-solution\/\" target=\"_blank\" rel=\"noopener\">Unterst\u00fctzt OEM&amp;ODM kundenspezifische Edelstahlschalen.<\/a><\/strong><\/p>\n<p>&nbsp;<\/p>","protected":false},"featured_media":2640,"comment_status":"closed","ping_status":"closed","template":"","meta":{"_acf_changed":false},"product_brand":[],"product_cat":[51,54],"product_tag":[],"class_list":{"0":"post-2638","1":"product","2":"type-product","3":"status-publish","4":"has-post-thumbnail","6":"product_cat-dinnerware","7":"product_cat-stainless-steel-bowl","9":"first","10":"instock","11":"shipping-taxable","12":"product-type-simple"},"acf":[],"_links":{"self":[{"href":"https:\/\/www.purecook.com\/de\/wp-json\/wp\/v2\/product\/2638","targetHints":{"allow":["GET"]}}],"collection":[{"href":"https:\/\/www.purecook.com\/de\/wp-json\/wp\/v2\/product"}],"about":[{"href":"https:\/\/www.purecook.com\/de\/wp-json\/wp\/v2\/types\/product"}],"replies":[{"embeddable":true,"href":"https:\/\/www.purecook.com\/de\/wp-json\/wp\/v2\/comments?post=2638"}],"wp:featuredmedia":[{"embeddable":true,"href":"https:\/\/www.purecook.com\/de\/wp-json\/wp\/v2\/media\/2640"}],"wp:attachment":[{"href":"https:\/\/www.purecook.com\/de\/wp-json\/wp\/v2\/media?parent=2638"}],"wp:term":[{"taxonomy":"product_brand","embeddable":true,"href":"https:\/\/www.purecook.com\/de\/wp-json\/wp\/v2\/product_brand?post=2638"},{"taxonomy":"product_cat","embeddable":true,"href":"https:\/\/www.purecook.com\/de\/wp-json\/wp\/v2\/product_cat?post=2638"},{"taxonomy":"product_tag","embeddable":true,"href":"https:\/\/www.purecook.com\/de\/wp-json\/wp\/v2\/product_tag?post=2638"}],"curies":[{"name":"wp","href":"https:\/\/api.w.org\/{rel}","templated":true}]}}