{"id":2644,"date":"2024-06-22T19:09:11","date_gmt":"2024-06-22T11:09:11","guid":{"rendered":"https:\/\/www.purecook.com\/?post_type=product&#038;p=2644"},"modified":"2024-06-24T06:16:27","modified_gmt":"2024-06-23T22:16:27","slug":"high-quality-custom-milk-pitcher-wholesale","status":"publish","type":"product","link":"https:\/\/www.purecook.com\/de\/product\/high-quality-custom-milk-pitcher-wholesale\/","title":{"rendered":"Hochwertige benutzerdefinierte Milch Krug Fabrik Direktverkauf"},"content":{"rendered":"<div class=\"wp-block-columns is-layout-flex wp-container-core-columns-is-layout-9d6595d7 wp-block-columns-is-layout-flex\">\n<div class=\"wp-block-column is-layout-flow wp-block-column-is-layout-flow\">\n<h3 class=\"wp-block-heading\">Parameter des Milchk\u00e4nnchens<\/h3>\n\n\n\n<p>Art: Kaffee und Tee, Milchset<br>Material: 201\/304 Edelstahl<br>Fassungsverm\u00f6gen: 350-2000ml 12-60oz<br>Farbe: Silber \/ Gold \/ Schwarz mattiert \/ Ros\u00e9gold<br>Zertifizierung CE \/ EU; LFGB<br>Bruttogewicht: 1kg\/St\u00fcck<br>MOQ 500St\u00fcck<\/p>\n<\/div>\n\n\n\n<div class=\"wp-block-column is-layout-flow wp-block-column-is-layout-flow\">\n<h3 class=\"wp-block-heading\">Individuelle Milchkannen-Option<\/h3>\n\n\n\n<p>Logo:individuelles Logo Ihrer Marke<br>Verpackung: Farbkasten\/Karton, etc<br>MOQ: 1000St\u00fcck<br><strong><a href=\"https:\/\/www.purecook.com\/de\/custom-solution\/\" target=\"_blank\" rel=\"noreferrer noopener\">OEM- und ODM-L\u00f6sungen f\u00fcr kundenspezifische Milchkr\u00fcge<\/a><\/strong><\/p>\n<\/div>\n<\/div>\n\n\n\n<figure class=\"wp-block-table\"><table><thead><tr><th>Farbe<\/th><th>Fassungsverm\u00f6gen (ml)<\/th><th>Fassungsverm\u00f6gen (oz)<\/th><th>Dicke (mm)<\/th><th>Material<\/th><th>Verpacken<\/th><th>Menge\/ctn<\/th><th>Karton Ma\u00dfe (cm)<\/th><\/tr><\/thead><tbody><tr><td>Rostfreier Stahl<\/td><td>350 ml<\/td><td>12 Unzen<\/td><td>1 mm<\/td><td>SUS 201<\/td><td>Wei\u00dfer Kasten<\/td><td>100<\/td><td>54\u00d745\u00d740<\/td><\/tr><tr><td>Rostfreier Stahl<\/td><td>600 ml<\/td><td>20 Unzen<\/td><td>1 mm<\/td><td>SUS 201<\/td><td>Wei\u00dfer Kasten<\/td><td>90<\/td><td>62\u00d739\u00d762<\/td><\/tr><tr><td>Rostfreier Stahl<\/td><td>1000 ml<\/td><td>34 Unzen<\/td><td>1 mm<\/td><td>SUS 201<\/td><td>Wei\u00dfer Kasten<\/td><td>80<\/td><td>71\u00d744\u00d758<\/td><\/tr><tr><td>Rostfreier Stahl<\/td><td>1500 ml<\/td><td>50 Unzen<\/td><td>1 mm<\/td><td>SUS 201<\/td><td>Wei\u00dfer Kasten<\/td><td>60<\/td><td>77\u00d751\u00d750<\/td><\/tr><tr><td>Rostfreier Stahl<\/td><td>2000 ml<\/td><td>66 Unzen<\/td><td>1 mm<\/td><td>SUS 201<\/td><td>Wei\u00dfer Kasten<\/td><td>48<\/td><td>67\u00d755\u00d755<\/td><\/tr><tr><td>Dunkelschwarz<\/td><td>350 ml<\/td><td>12 Unzen<\/td><td>1 mm<\/td><td>SUS 304<\/td><td>Wei\u00dfer Kasten<\/td><td>100<\/td><td>54\u00d745\u00d740<\/td><\/tr><tr><td>Dunkelschwarz<\/td><td>600 ml<\/td><td>20 Unzen<\/td><td>1 mm<\/td><td>SUS 304<\/td><td>Wei\u00dfer Kasten<\/td><td>90<\/td><td>62\u00d739\u00d762<\/td><\/tr><tr><td>Dunkelschwarz<\/td><td>1000 ml<\/td><td>34 Unzen<\/td><td>1 mm<\/td><td>SUS 304<\/td><td>Wei\u00dfer Kasten<\/td><td>80<\/td><td>71\u00d744\u00d758<\/td><\/tr><tr><td>Goldene<\/td><td>1500 ml<\/td><td>50 Unzen<\/td><td>1 mm<\/td><td>SUS 304<\/td><td>Wei\u00dfer Kasten<\/td><td>60<\/td><td>77\u00d751\u00d750<\/td><\/tr><tr><td>Goldene<\/td><td>2000 ml<\/td><td>66 Unzen<\/td><td>1 mm<\/td><td>SUS 304<\/td><td>Wei\u00dfer Kasten<\/td><td>48<\/td><td>67\u00d755\u00d755<\/td><\/tr><tr><td>Rose Gold<\/td><td>350 ml<\/td><td>12 Unzen<\/td><td>1 mm<\/td><td>SUS 304<\/td><td>Wei\u00dfer Kasten<\/td><td>100<\/td><td>54\u00d745\u00d740<\/td><\/tr><tr><td>Rose Gold<\/td><td>600 ml<\/td><td>20 Unzen<\/td><td>1 mm<\/td><td>SUS 304<\/td><td>Wei\u00dfer Kasten<\/td><td>90<\/td><td>62\u00d739\u00d762<\/td><\/tr><tr><td>Rose Gold<\/td><td>1000 ml<\/td><td>34 Unzen<\/td><td>1 mm<\/td><td>SUS 304<\/td><td>Wei\u00dfer Kasten<\/td><td>80<\/td><td>71\u00d744\u00d758<\/td><\/tr><tr><td>Rose Gold<\/td><td>1500 ml<\/td><td>50 Unzen<\/td><td>1 mm<\/td><td>SUS 304<\/td><td>Wei\u00dfer Kasten<\/td><td>60<\/td><td>77\u00d751\u00d750<\/td><\/tr><tr><td>Rose Gold<\/td><td>2000 ml<\/td><td>66 Unzen<\/td><td>1 mm<\/td><td>SUS 304<\/td><td>Wei\u00dfer Kasten<\/td><td>48<\/td><td>67\u00d755\u00d755<\/td><\/tr><\/tbody><\/table><\/figure>\n\n\n\n<div class=\"wp-block-columns is-layout-flex wp-container-core-columns-is-layout-9d6595d7 wp-block-columns-is-layout-flex\">\n<div class=\"wp-block-column is-layout-flow wp-block-column-is-layout-flow\">\n<figure class=\"wp-block-image size-full\"><img decoding=\"async\" width=\"800\" height=\"800\" src=\"https:\/\/www.purecook.com\/wp-content\/uploads\/2024\/06\/High-Quality-Custom-Milk-Pitcher-3.webp\" alt=\"Individueller Milchkrug von hoher Qualit\u00e4t \" class=\"wp-image-2647\" srcset=\"https:\/\/www.purecook.com\/wp-content\/uploads\/2024\/06\/High-Quality-Custom-Milk-Pitcher-3.webp 800w, https:\/\/www.purecook.com\/wp-content\/uploads\/2024\/06\/High-Quality-Custom-Milk-Pitcher-3-300x300.webp 300w, https:\/\/www.purecook.com\/wp-content\/uploads\/2024\/06\/High-Quality-Custom-Milk-Pitcher-3-150x150.webp 150w, https:\/\/www.purecook.com\/wp-content\/uploads\/2024\/06\/High-Quality-Custom-Milk-Pitcher-3-768x768.webp 768w, https:\/\/www.purecook.com\/wp-content\/uploads\/2024\/06\/High-Quality-Custom-Milk-Pitcher-3-600x600.webp 600w, https:\/\/www.purecook.com\/wp-content\/uploads\/2024\/06\/High-Quality-Custom-Milk-Pitcher-3-100x100.webp 100w\" sizes=\"(max-width: 800px) 100vw, 800px\" \/><\/figure>\n<\/div>\n\n\n\n<div class=\"wp-block-column is-layout-flow wp-block-column-is-layout-flow\">\n<figure class=\"wp-block-image size-full\"><img decoding=\"async\" width=\"800\" height=\"800\" src=\"https:\/\/www.purecook.com\/wp-content\/uploads\/2024\/06\/High-Quality-Custom-Milk-Pitcher-2.webp\" alt=\"Individueller Milchkrug von hoher Qualit\u00e4t\" class=\"wp-image-2646\" srcset=\"https:\/\/www.purecook.com\/wp-content\/uploads\/2024\/06\/High-Quality-Custom-Milk-Pitcher-2.webp 800w, https:\/\/www.purecook.com\/wp-content\/uploads\/2024\/06\/High-Quality-Custom-Milk-Pitcher-2-300x300.webp 300w, https:\/\/www.purecook.com\/wp-content\/uploads\/2024\/06\/High-Quality-Custom-Milk-Pitcher-2-150x150.webp 150w, https:\/\/www.purecook.com\/wp-content\/uploads\/2024\/06\/High-Quality-Custom-Milk-Pitcher-2-768x768.webp 768w, https:\/\/www.purecook.com\/wp-content\/uploads\/2024\/06\/High-Quality-Custom-Milk-Pitcher-2-600x600.webp 600w, https:\/\/www.purecook.com\/wp-content\/uploads\/2024\/06\/High-Quality-Custom-Milk-Pitcher-2-100x100.webp 100w\" sizes=\"(max-width: 800px) 100vw, 800px\" \/><\/figure>\n<\/div>\n<\/div>","protected":false},"excerpt":{"rendered":"<p>Purecook Hersteller provice benutzerdefinierte Milchkrug Gro\u00dfhandel Service. Der Milchkrug ist in einer Vielzahl von Farben und Gr\u00f6\u00dfen erh\u00e4ltlich. Es ist langlebig und korrosionsbest\u00e4ndig, so dass es sehr geeignet f\u00fcr den gewerblichen und privaten Gebrauch. Neben dem Gro\u00dfhandelsservice k\u00f6nnen wir Ihnen auch kundenspezifische L\u00f6sungen f\u00fcr Milchkr\u00fcge anbieten, wenn Sie tiefgreifende Anpassungen ben\u00f6tigen.<\/p>\n<h2>Merkmale und Vorteile des Milchk\u00e4nnchens<\/h2>\n<p>1. <strong>Hochwertiger rostfreier Stahl<\/strong>: Hergestellt aus hochwertigem Edelstahl, langlebig und korrosionsbest\u00e4ndig, so dass keine Verformung oder Rost f\u00fcr den langfristigen Einsatz, so dass Sie mit einer lang anhaltenden Erfahrung.<\/p>\n<p>2. <strong>Mehrere Gr\u00f6\u00dfen zur Auswahl<\/strong>: Sie k\u00f6nnen zwischen verschiedenen Gr\u00f6\u00dfen w\u00e4hlen, um unterschiedliche Bed\u00fcrfnisse zu befriedigen, sei es f\u00fcr den Heimgebrauch oder f\u00fcr den professionellen Einsatz in einem Caf\u00e9, Sie k\u00f6nnen die richtige Kapazit\u00e4t finden.<\/p>\n<p>3. <strong>Skalengestaltung<\/strong>: Eingebaute Skalenmarkierungen zur pr\u00e4zisen Kontrolle der verwendeten Milch- oder Kaffeemenge, einfache Herstellung und Gew\u00e4hrleistung eines perfekten Kaffees oder Milchschaums bei jedem Gebrauch.<\/p>\n<p>4. <strong>Professionelles Werkzeug f\u00fcr die Kaffeekunst:<\/strong> Das stromlinienf\u00f6rmige Design der D\u00fcse wurde f\u00fcr Kaffeek\u00fcnstler und Baristas entwickelt und erm\u00f6glicht ein einfaches Ziehen von Kreationen und eine verbesserte Kaffeekunst.<\/p>\n<p>5. <strong>Multifunktionaler Einsatz<\/strong>: Nicht nur zum Milchaufsch\u00e4umen geeignet, sondern auch zum Erhitzen von Milch, zum Zubereiten von Kaffee, zur Zubereitung von hei\u00dfer Schokolade usw., ein Ger\u00e4t f\u00fcr mehrere Zwecke.<\/p>\n<p>6. <strong>Bequemer Griff<\/strong>: Ergonomisch gestalteter Griff, bequemer Halt, einfache Bedienung, weniger Erm\u00fcdung bei l\u00e4ngerem Gebrauch.<\/p>\n<p>7. <strong>Modisches Aussehen<\/strong>: Silber\/Schwarz\/Gold und andere klassische Farben stehen zur Verf\u00fcgung, einfach und gro\u00dfz\u00fcgig, passend f\u00fcr eine Vielzahl von K\u00fcchen und Caf\u00e9s \"dekorativen Stil.<\/p>\n<p>8. <strong>Leicht zu reinigen<\/strong>: Das Edelstahlmaterial hat eine glatte Oberfl\u00e4che, verhindert R\u00fcckst\u00e4nde, ist leicht zu reinigen, kann von Hand oder in der Sp\u00fclmaschine gewaschen werden und spart Zeit und Arbeit.<\/p>\n<p>9.<strong>Unverzichtbare Werkzeuge<\/strong>: Egal, ob Sie ein professioneller Barista oder ein Kaffeeliebhaber sind, dieser Kaffeemilchaufsch\u00e4umer in verschiedenen Gr\u00f6\u00dfen ist ein unverzichtbares Werkzeug f\u00fcr die Zubereitung von perfektem Kaffee.<\/p>\n<p>Bieten Sie eine ma\u00dfgeschneiderte L\u00f6sung f\u00fcr Milchkr\u00fcge an.<\/p>\n<p><strong><a href=\"https:\/\/www.purecook.com\/de\/custom-solution\/\" target=\"_blank\" rel=\"noopener\">Unterst\u00fctzung von OEM&amp;ODM kundenspezifischen Milchkr\u00fcgen.<\/a><\/strong><\/p>\n<p>&nbsp;<\/p>","protected":false},"featured_media":2645,"comment_status":"closed","ping_status":"closed","template":"","meta":{"_acf_changed":false},"product_brand":[],"product_cat":[26,52],"product_tag":[],"class_list":{"0":"post-2644","1":"product","2":"type-product","3":"status-publish","4":"has-post-thumbnail","6":"product_cat-kettle","7":"product_cat-kitchen-utensils","9":"first","10":"instock","11":"shipping-taxable","12":"product-type-simple"},"acf":[],"_links":{"self":[{"href":"https:\/\/www.purecook.com\/de\/wp-json\/wp\/v2\/product\/2644","targetHints":{"allow":["GET"]}}],"collection":[{"href":"https:\/\/www.purecook.com\/de\/wp-json\/wp\/v2\/product"}],"about":[{"href":"https:\/\/www.purecook.com\/de\/wp-json\/wp\/v2\/types\/product"}],"replies":[{"embeddable":true,"href":"https:\/\/www.purecook.com\/de\/wp-json\/wp\/v2\/comments?post=2644"}],"wp:featuredmedia":[{"embeddable":true,"href":"https:\/\/www.purecook.com\/de\/wp-json\/wp\/v2\/media\/2645"}],"wp:attachment":[{"href":"https:\/\/www.purecook.com\/de\/wp-json\/wp\/v2\/media?parent=2644"}],"wp:term":[{"taxonomy":"product_brand","embeddable":true,"href":"https:\/\/www.purecook.com\/de\/wp-json\/wp\/v2\/product_brand?post=2644"},{"taxonomy":"product_cat","embeddable":true,"href":"https:\/\/www.purecook.com\/de\/wp-json\/wp\/v2\/product_cat?post=2644"},{"taxonomy":"product_tag","embeddable":true,"href":"https:\/\/www.purecook.com\/de\/wp-json\/wp\/v2\/product_tag?post=2644"}],"curies":[{"name":"wp","href":"https:\/\/api.w.org\/{rel}","templated":true}]}}