{"id":2651,"date":"2024-06-24T06:22:24","date_gmt":"2024-06-23T22:22:24","guid":{"rendered":"https:\/\/www.purecook.com\/?post_type=product&#038;p=2651"},"modified":"2025-08-14T16:54:19","modified_gmt":"2025-08-14T08:54:19","slug":"safe-and-portable-best-electric-lunch-box-wholesale","status":"publish","type":"product","link":"https:\/\/www.purecook.com\/de\/product\/safe-and-portable-best-electric-lunch-box-wholesale\/","title":{"rendered":"Sicher und tragbar Beste elektrische Lunch Box Gro\u00dfhandel 220v 50w"},"content":{"rendered":"<div class=\"wp-block-columns is-layout-flex wp-container-core-columns-is-layout-9d6595d7 wp-block-columns-is-layout-flex\">\n<div class=\"wp-block-column is-layout-flow wp-block-column-is-layout-flow\">\n<h3 class=\"wp-block-heading\">Parameter der elektrischen Lunchbox<\/h3>\n\n\n\n<p>Wiederaufheizbare Brotdose<br>Fassungsverm\u00f6gen 1-3 Liter<br>Material Rostfreier Stahl+PP<br>Material: 304 Edelstahl + PP L\u00f6ffel: 410 Essst\u00e4bchen: 201<br>Farbe Blau\/Wei\u00df\/Braun<br>Koffergr\u00f6\u00dfe 27,5<em>20<\/em>10cm<br>Innere Gr\u00f6\u00dfe 25,5<em>18<\/em>3,8 cm<br>Gewicht 755g\/St\u00fcck<br>Heizmethode Elektrische Heizung<br>Spannung 220V<br>Verpackungsdetails Farbkasten<br>Verkaufseinheit: Einzelst\u00fcck<br>Bruttogewicht pro St\u00fcck: 1.200 kg<br>MOQ 1000 St\u00fcck<\/p>\n<\/div>\n\n\n\n<div class=\"wp-block-column is-layout-flow wp-block-column-is-layout-flow\">\n<h3 class=\"wp-block-heading\">Individuelle Optionen f\u00fcr elektrische Lunchboxen<\/h3>\n\n\n\n<p>Logo:individuelles Logo Ihrer Marke<br>Verpackung: Farbkasten\/Karton, etc<br>MOQ: 1000St\u00fcck<br><strong><a href=\"https:\/\/www.purecook.com\/de\/custom-solution\/\" target=\"_blank\" rel=\"noreferrer noopener\">OEM &amp; ODM Kundenspezifische elektrische Lunch Box L\u00f6sungen<\/a><\/strong><\/p>\n<\/div>\n<\/div>\n\n\n\n<div class=\"wp-block-columns is-layout-flex wp-container-core-columns-is-layout-9d6595d7 wp-block-columns-is-layout-flex\">\n<div class=\"wp-block-column is-layout-flow wp-block-column-is-layout-flow\">\n<figure class=\"wp-block-image size-full\"><img decoding=\"async\" width=\"790\" height=\"790\" src=\"https:\/\/www.purecook.com\/wp-content\/uploads\/2024\/06\/Best-Electric-Lunch-Box-Wholesale-5.webp\" alt=\"Beste elektrische Lunchbox Gro\u00dfhandel \" class=\"wp-image-2656\" srcset=\"https:\/\/www.purecook.com\/wp-content\/uploads\/2024\/06\/Best-Electric-Lunch-Box-Wholesale-5.webp 790w, https:\/\/www.purecook.com\/wp-content\/uploads\/2024\/06\/Best-Electric-Lunch-Box-Wholesale-5-300x300.webp 300w, https:\/\/www.purecook.com\/wp-content\/uploads\/2024\/06\/Best-Electric-Lunch-Box-Wholesale-5-150x150.webp 150w, https:\/\/www.purecook.com\/wp-content\/uploads\/2024\/06\/Best-Electric-Lunch-Box-Wholesale-5-768x768.webp 768w, https:\/\/www.purecook.com\/wp-content\/uploads\/2024\/06\/Best-Electric-Lunch-Box-Wholesale-5-600x600.webp 600w, https:\/\/www.purecook.com\/wp-content\/uploads\/2024\/06\/Best-Electric-Lunch-Box-Wholesale-5-100x100.webp 100w\" sizes=\"(max-width: 790px) 100vw, 790px\" \/><\/figure>\n<\/div>\n\n\n\n<div class=\"wp-block-column is-layout-flow wp-block-column-is-layout-flow\">\n<figure class=\"wp-block-image size-full\"><img decoding=\"async\" width=\"740\" height=\"740\" src=\"https:\/\/www.purecook.com\/wp-content\/uploads\/2024\/06\/Best-Electric-Lunch-Box-Wholesale-4.webp\" alt=\"Beste elektrische Lunchbox Gro\u00dfhandel\" class=\"wp-image-2655\" srcset=\"https:\/\/www.purecook.com\/wp-content\/uploads\/2024\/06\/Best-Electric-Lunch-Box-Wholesale-4.webp 740w, https:\/\/www.purecook.com\/wp-content\/uploads\/2024\/06\/Best-Electric-Lunch-Box-Wholesale-4-300x300.webp 300w, https:\/\/www.purecook.com\/wp-content\/uploads\/2024\/06\/Best-Electric-Lunch-Box-Wholesale-4-150x150.webp 150w, https:\/\/www.purecook.com\/wp-content\/uploads\/2024\/06\/Best-Electric-Lunch-Box-Wholesale-4-600x600.webp 600w, https:\/\/www.purecook.com\/wp-content\/uploads\/2024\/06\/Best-Electric-Lunch-Box-Wholesale-4-100x100.webp 100w\" sizes=\"(max-width: 740px) 100vw, 740px\" \/><\/figure>\n<\/div>\n<\/div>","protected":false},"excerpt":{"rendered":"<p>Purecook ist ein professioneller Hersteller von elektrischen Lunchboxen, die sich schnell aufheizen und auch zum Warmhalten verwendet werden k\u00f6nnen. Das tragbare Design macht es einfacher f\u00fcr Sie zu tragen. Sie k\u00f6nnen sie mit ins B\u00fcro nehmen oder im Auto verwenden, so dass Sie jederzeit und \u00fcberall warme Mahlzeiten genie\u00dfen k\u00f6nnen.<\/p>\n<h2>Merkmale und Vorteile der elektrischen Lunchbox<\/h2>\n<p>1. <strong>Versiegelt und sicher<\/strong>: Das fortschrittliche Dichtungsdesign sorgt daf\u00fcr, dass die Lebensmittel nicht auslaufen und sich nicht mit Ger\u00fcchen vermischen. So bleiben die Lebensmittel frisch und k\u00f6nnen sicher mitgenommen werden.<\/p>\n<p>2.<strong>Tragbares Design<\/strong>: Leicht und einfach zu transportieren, geeignet f\u00fcr den Gebrauch zu Hause und im Auto, genie\u00dfen Sie jederzeit und \u00fcberall hei\u00dfe Speisen, ob zu Hause oder unterwegs.<\/p>\n<p>3. <strong>Wasserlose Heizung<\/strong>: Innovative wasserlose Erhitzungstechnologie, Erhitzung von Lebensmitteln direkt durch das elektrische Heizelement, keine Notwendigkeit, Wasser hinzuzuf\u00fcgen, einfach zu bedienen, schnelle Erhitzung, so dass Sie jederzeit warme Mahlzeiten genie\u00dfen k\u00f6nnen.<\/p>\n<p>4.<strong>Gro\u00dfvolumiges Design<\/strong>: Gro\u00dfes Fassungsverm\u00f6gen f\u00fcr den Bedarf einer Mahlzeit, geeignet f\u00fcr Menschen mit Mahlzeiten, Studenten und B\u00fcroangestellte, die mehr Lebensmittel f\u00fcr den t\u00e4glichen Bedarf aufbewahren.<\/p>\n<p>5. <strong>Energieeffizient<\/strong>220v 50w mit geringem Stromverbrauch, energiesparend und umweltschonend, schnelles Aufheizen, zeit- und stromsparend, f\u00fcr den t\u00e4glichen Gebrauch geeignet.<\/p>\n<p>6. <strong>Multifunktionaler Einsatz<\/strong>: Nicht nur zum Aufw\u00e4rmen von Mahlzeiten geeignet, sondern auch zum Warmhalten, zum Halten der Temperatur von Speisen und zum Genie\u00dfen k\u00f6stlicher warmer Mahlzeiten zu jeder Zeit.<\/p>\n<p>7. <strong>Leicht zu reinigen<\/strong>: Interne glatte Oberfl\u00e4che Design zu verhindern, dass Lebensmittel-Anhaftung, leicht zu reinigen, Handw\u00e4sche oder wischen kann, sparen Zeit und Arbeit.<\/p>\n<p>8.<strong>Gesund und sicher<\/strong>: Hergestellt aus lebensmittelechten Materialien, keine sch\u00e4dlichen Substanzen, um sicherzustellen, dass die Lebensmittel in den Heizprozess, um Gesundheit und Sicherheit zu erhalten, sicher sein, dass die Verwendung.<\/p>\n<p><strong><a href=\"https:\/\/www.purecook.com\/de\/custom-solution\/\" target=\"_blank\" rel=\"noopener\">Wir bieten OEM- und ODM-angepasste elektrische Lunchboxen an.<\/a><\/strong><\/p>\n<p>&nbsp;<\/p>","protected":false},"featured_media":2657,"comment_status":"closed","ping_status":"closed","template":"","meta":{"_acf_changed":false},"product_brand":[],"product_cat":[51,102],"product_tag":[],"class_list":{"0":"post-2651","1":"product","2":"type-product","3":"status-publish","4":"has-post-thumbnail","6":"product_cat-dinnerware","7":"product_cat-lunch-boxes","9":"first","10":"instock","11":"shipping-taxable","12":"product-type-simple"},"acf":[],"_links":{"self":[{"href":"https:\/\/www.purecook.com\/de\/wp-json\/wp\/v2\/product\/2651","targetHints":{"allow":["GET"]}}],"collection":[{"href":"https:\/\/www.purecook.com\/de\/wp-json\/wp\/v2\/product"}],"about":[{"href":"https:\/\/www.purecook.com\/de\/wp-json\/wp\/v2\/types\/product"}],"replies":[{"embeddable":true,"href":"https:\/\/www.purecook.com\/de\/wp-json\/wp\/v2\/comments?post=2651"}],"wp:featuredmedia":[{"embeddable":true,"href":"https:\/\/www.purecook.com\/de\/wp-json\/wp\/v2\/media\/2657"}],"wp:attachment":[{"href":"https:\/\/www.purecook.com\/de\/wp-json\/wp\/v2\/media?parent=2651"}],"wp:term":[{"taxonomy":"product_brand","embeddable":true,"href":"https:\/\/www.purecook.com\/de\/wp-json\/wp\/v2\/product_brand?post=2651"},{"taxonomy":"product_cat","embeddable":true,"href":"https:\/\/www.purecook.com\/de\/wp-json\/wp\/v2\/product_cat?post=2651"},{"taxonomy":"product_tag","embeddable":true,"href":"https:\/\/www.purecook.com\/de\/wp-json\/wp\/v2\/product_tag?post=2651"}],"curies":[{"name":"wp","href":"https:\/\/api.w.org\/{rel}","templated":true}]}}