{"id":2658,"date":"2024-06-24T06:48:50","date_gmt":"2024-06-23T22:48:50","guid":{"rendered":"https:\/\/www.purecook.com\/?post_type=product&#038;p=2658"},"modified":"2024-06-24T07:22:46","modified_gmt":"2024-06-23T23:22:46","slug":"wholesale-multi-purpose-stainless-steel-mixing-bowls-with-colander","status":"publish","type":"product","link":"https:\/\/www.purecook.com\/de\/product\/wholesale-multi-purpose-stainless-steel-mixing-bowls-with-colander\/","title":{"rendered":"Gro\u00dfhandel Mehrzweck-Edelstahl-Mischschalen mit Sieb"},"content":{"rendered":"<div class=\"wp-block-columns is-layout-flex wp-container-core-columns-is-layout-9d6595d7 wp-block-columns-is-layout-flex\">\n<div class=\"wp-block-column is-layout-flow wp-block-column-is-layout-flow\">\n<h3 class=\"wp-block-heading\">Parameter von R\u00fchrsch\u00fcsseln aus Edelstahl <\/h3>\n\n\n\n<p>Produktname: Edelstahl-Siebsch\u00fcssel<br>Material 304 rostfreier Stahl<br>Modell-Nummer: U-MS<br>Logo Kundenspezifisches Logo akzeptieren<br>Anwendung K\u00fcche\/Haushalt\/Restaurant<br>Funktion\uff1aLebensmittel ablassen<br>Verpacken: Farbige Schachtel<br>Satzgr\u00f6\u00dfe: 22\/24\/26\/28\/30\/32cm<br>Paket Gr\u00f6\u00dfe: 34\u00d734\u00d720cm<br>GW: 2kg\/St\u00fcck<br>MOQ: 120 St\u00fcck<\/p>\n<\/div>\n\n\n\n<div class=\"wp-block-column is-layout-flow wp-block-column-is-layout-flow\">\n<h3 class=\"wp-block-heading\">Optionen f\u00fcr kundenspezifische R\u00fchrsch\u00fcsseln<\/h3>\n\n\n\n<p>Logo:individuelles Logo Ihrer Marke<br>Verpackung: Farbkasten\/Karton, etc<br>MOQ: 1000St\u00fcck<br><strong><a href=\"https:\/\/www.purecook.com\/de\/custom-solution\/\" target=\"_blank\" rel=\"noreferrer noopener\">OEM &amp; ODM Kundenspezifische R\u00fchrsch\u00fcsseln L\u00f6sungen<\/a><\/strong><\/p>\n<\/div>\n<\/div>\n\n\n\n<div class=\"wp-block-columns is-layout-flex wp-container-core-columns-is-layout-9d6595d7 wp-block-columns-is-layout-flex\">\n<div class=\"wp-block-column is-layout-flow wp-block-column-is-layout-flow\">\n<figure class=\"wp-block-image size-full\"><img decoding=\"async\" width=\"800\" height=\"800\" src=\"https:\/\/www.purecook.com\/wp-content\/uploads\/2024\/06\/wholesale-mixing-bowls-3.webp\" alt=\"Gro\u00dfhandel R\u00fchrsch\u00fcsseln \" class=\"wp-image-2661\" srcset=\"https:\/\/www.purecook.com\/wp-content\/uploads\/2024\/06\/wholesale-mixing-bowls-3.webp 800w, https:\/\/www.purecook.com\/wp-content\/uploads\/2024\/06\/wholesale-mixing-bowls-3-300x300.webp 300w, https:\/\/www.purecook.com\/wp-content\/uploads\/2024\/06\/wholesale-mixing-bowls-3-150x150.webp 150w, https:\/\/www.purecook.com\/wp-content\/uploads\/2024\/06\/wholesale-mixing-bowls-3-768x768.webp 768w, https:\/\/www.purecook.com\/wp-content\/uploads\/2024\/06\/wholesale-mixing-bowls-3-600x600.webp 600w, https:\/\/www.purecook.com\/wp-content\/uploads\/2024\/06\/wholesale-mixing-bowls-3-100x100.webp 100w\" sizes=\"(max-width: 800px) 100vw, 800px\" \/><\/figure>\n<\/div>\n\n\n\n<div class=\"wp-block-column is-layout-flow wp-block-column-is-layout-flow\">\n<figure class=\"wp-block-image size-full\"><img decoding=\"async\" width=\"800\" height=\"800\" src=\"https:\/\/www.purecook.com\/wp-content\/uploads\/2024\/06\/wholesale-mixing-bowls-1.webp\" alt=\"Gro\u00dfhandel R\u00fchrsch\u00fcsseln\" class=\"wp-image-2659\" srcset=\"https:\/\/www.purecook.com\/wp-content\/uploads\/2024\/06\/wholesale-mixing-bowls-1.webp 800w, https:\/\/www.purecook.com\/wp-content\/uploads\/2024\/06\/wholesale-mixing-bowls-1-300x300.webp 300w, https:\/\/www.purecook.com\/wp-content\/uploads\/2024\/06\/wholesale-mixing-bowls-1-150x150.webp 150w, https:\/\/www.purecook.com\/wp-content\/uploads\/2024\/06\/wholesale-mixing-bowls-1-768x768.webp 768w, https:\/\/www.purecook.com\/wp-content\/uploads\/2024\/06\/wholesale-mixing-bowls-1-600x600.webp 600w, https:\/\/www.purecook.com\/wp-content\/uploads\/2024\/06\/wholesale-mixing-bowls-1-100x100.webp 100w\" sizes=\"(max-width: 800px) 100vw, 800px\" \/><\/figure>\n<\/div>\n<\/div>","protected":false},"excerpt":{"rendered":"<p>Purecook ist ein Hersteller von R\u00fchrsch\u00fcsseln, wir bieten Gro\u00dfhandel Mehrzweck-R\u00fchrsch\u00fcsseln service.the R\u00fchrsch\u00fcsseln hat ein Sieb, dass es einfach zu waschen und zu filtern Gem\u00fcse und Obst, Reis.welcome uns zu kontaktieren, um in gro\u00dfen Mengen kaufen R\u00fchrsch\u00fcsseln.<\/p>\n<h2>Merkmale und Vorteile von R\u00fchrsch\u00fcsseln aus Edelstahl<\/h2>\n<p>Exquisite Handwerkskunst macht es nicht leicht zu rosten und zu verformen, leicht zu tragen, kann in der K\u00fcche im Haus als auch im Freien Camping verwendet werden.<\/p>\n<p>Hergestellt aus Edelstahl 304, glatte Oberfl\u00e4che, leicht zu reinigen, langlebig und stark belastbar.<\/p>\n<p>Hervorragend geeignet f\u00fcr die Reinigung von K\u00fcchenger\u00e4ten und Lebensmittelbeh\u00e4ltern, wie Obst, Gem\u00fcse oder andere trockene, gro\u00dfformatige Lebensmittel.<\/p>\n<p>Die Reinigung von Lebensmitteln ist sicher und praktisch, und das Multi-Loch-Design sorgt f\u00fcr einen reibungslosen und effizienten Ablauf.<\/p>\n<p><strong><a href=\"https:\/\/www.purecook.com\/de\/custom-solution\/\" target=\"_blank\" rel=\"noopener\">Wir bieten OEM- und ODM-angepasste R\u00fchrsch\u00fcsseln an.<\/a><\/strong><\/p>\n<p>&nbsp;<\/p>","protected":false},"featured_media":2660,"comment_status":"closed","ping_status":"closed","template":"","meta":{"_acf_changed":false},"product_brand":[],"product_cat":[52,65],"product_tag":[],"class_list":{"0":"post-2658","1":"product","2":"type-product","3":"status-publish","4":"has-post-thumbnail","6":"product_cat-kitchen-utensils","7":"product_cat-kitchen-strainer-and-colander","9":"first","10":"instock","11":"shipping-taxable","12":"product-type-simple"},"acf":[],"_links":{"self":[{"href":"https:\/\/www.purecook.com\/de\/wp-json\/wp\/v2\/product\/2658","targetHints":{"allow":["GET"]}}],"collection":[{"href":"https:\/\/www.purecook.com\/de\/wp-json\/wp\/v2\/product"}],"about":[{"href":"https:\/\/www.purecook.com\/de\/wp-json\/wp\/v2\/types\/product"}],"replies":[{"embeddable":true,"href":"https:\/\/www.purecook.com\/de\/wp-json\/wp\/v2\/comments?post=2658"}],"wp:featuredmedia":[{"embeddable":true,"href":"https:\/\/www.purecook.com\/de\/wp-json\/wp\/v2\/media\/2660"}],"wp:attachment":[{"href":"https:\/\/www.purecook.com\/de\/wp-json\/wp\/v2\/media?parent=2658"}],"wp:term":[{"taxonomy":"product_brand","embeddable":true,"href":"https:\/\/www.purecook.com\/de\/wp-json\/wp\/v2\/product_brand?post=2658"},{"taxonomy":"product_cat","embeddable":true,"href":"https:\/\/www.purecook.com\/de\/wp-json\/wp\/v2\/product_cat?post=2658"},{"taxonomy":"product_tag","embeddable":true,"href":"https:\/\/www.purecook.com\/de\/wp-json\/wp\/v2\/product_tag?post=2658"}],"curies":[{"name":"wp","href":"https:\/\/api.w.org\/{rel}","templated":true}]}}