{"id":2664,"date":"2024-06-24T07:03:20","date_gmt":"2024-06-23T23:03:20","guid":{"rendered":"https:\/\/www.purecook.com\/?post_type=product&#038;p=2664"},"modified":"2024-06-24T07:20:43","modified_gmt":"2024-06-23T23:20:43","slug":"portable-custom-food-storage-containers-with-bag-wholesale","status":"publish","type":"product","link":"https:\/\/www.purecook.com\/de\/product\/portable-custom-food-storage-containers-with-bag-wholesale\/","title":{"rendered":"Portable benutzerdefinierte Lebensmittel Lagerung Container mit Tasche Gro\u00dfhandel"},"content":{"rendered":"<div class=\"wp-block-columns is-layout-flex wp-container-core-columns-is-layout-9d6595d7 wp-block-columns-is-layout-flex\">\n<div class=\"wp-block-column is-layout-flow wp-block-column-is-layout-flow\">\n<h3 class=\"wp-block-heading\">Parameter von Lebensmittelbeh\u00e4ltern<\/h3>\n\n\n\n<p>Name: Tragbare Lunchbox Tragbare Lunchbox<br>Material: Edelstahl 304+PP<br>Verwendung: Lagerung von Lebensmitteln<br>Farbe: Blau, Beige, Braun<br>Deckel: Kunststoffdeckel<br>Logo: Anpassbares Logo<br>Fassungsverm\u00f6gen 420ml\/620ml; 14\/21 Unzen.<br>Merkmale: Tragbar<br>420ml: 10,5\u00d76cm 620ml: 10,5\u00d78,5cm<br>Quadratischer Isolierbeutel: 24,5\u00d714,5\u00d714cm<br>Zylindrischer Isolierbeutel: 14\u00d714,5cm<\/p>\n\n\n\n<p><br>MOQ: 1000 St\u00fcck<\/p>\n<\/div>\n\n\n\n<div class=\"wp-block-column is-layout-flow wp-block-column-is-layout-flow\">\n<h3 class=\"wp-block-heading\">Kundenspezifische Optionen f\u00fcr Lebensmittelbeh\u00e4lter<\/h3>\n\n\n\n<p>Logo: Passen Sie Ihr Markenlogo an<br>Verpackung: Farbkasten\/Karton, etc<br>MOQ: 1000St\u00fcck<br><strong><a href=\"https:\/\/www.purecook.com\/de\/custom-solution\/\" target=\"_blank\" rel=\"noreferrer noopener\">OEM &amp; ODM Kundenspezifische R\u00fchrsch\u00fcsseln L\u00f6sungen<\/a><\/strong><\/p>\n<\/div>\n<\/div>\n\n\n\n<div class=\"wp-block-columns is-layout-flex wp-container-core-columns-is-layout-9d6595d7 wp-block-columns-is-layout-flex\">\n<div class=\"wp-block-column is-layout-flow wp-block-column-is-layout-flow\">\n<figure class=\"wp-block-image size-full\"><img decoding=\"async\" width=\"800\" height=\"800\" src=\"https:\/\/www.purecook.com\/wp-content\/uploads\/2024\/06\/custom-food-storage-containers-wholesale-1.webp\" alt=\"benutzerdefinierte Lebensmittel Lagerung Container Gro\u00dfhandel\" class=\"wp-image-2665\" srcset=\"https:\/\/www.purecook.com\/wp-content\/uploads\/2024\/06\/custom-food-storage-containers-wholesale-1.webp 800w, https:\/\/www.purecook.com\/wp-content\/uploads\/2024\/06\/custom-food-storage-containers-wholesale-1-300x300.webp 300w, https:\/\/www.purecook.com\/wp-content\/uploads\/2024\/06\/custom-food-storage-containers-wholesale-1-150x150.webp 150w, https:\/\/www.purecook.com\/wp-content\/uploads\/2024\/06\/custom-food-storage-containers-wholesale-1-768x768.webp 768w, https:\/\/www.purecook.com\/wp-content\/uploads\/2024\/06\/custom-food-storage-containers-wholesale-1-600x600.webp 600w, https:\/\/www.purecook.com\/wp-content\/uploads\/2024\/06\/custom-food-storage-containers-wholesale-1-100x100.webp 100w\" sizes=\"(max-width: 800px) 100vw, 800px\" \/><\/figure>\n<\/div>\n\n\n\n<div class=\"wp-block-column is-layout-flow wp-block-column-is-layout-flow\">\n<figure class=\"wp-block-image size-full\"><img decoding=\"async\" width=\"800\" height=\"800\" src=\"https:\/\/www.purecook.com\/wp-content\/uploads\/2024\/06\/custom-food-storage-containers-wholesale-2.webp\" alt=\"benutzerdefinierte Lebensmittel Lagerung Container Gro\u00dfhandel\" class=\"wp-image-2666\" srcset=\"https:\/\/www.purecook.com\/wp-content\/uploads\/2024\/06\/custom-food-storage-containers-wholesale-2.webp 800w, https:\/\/www.purecook.com\/wp-content\/uploads\/2024\/06\/custom-food-storage-containers-wholesale-2-300x300.webp 300w, https:\/\/www.purecook.com\/wp-content\/uploads\/2024\/06\/custom-food-storage-containers-wholesale-2-150x150.webp 150w, https:\/\/www.purecook.com\/wp-content\/uploads\/2024\/06\/custom-food-storage-containers-wholesale-2-768x768.webp 768w, https:\/\/www.purecook.com\/wp-content\/uploads\/2024\/06\/custom-food-storage-containers-wholesale-2-600x600.webp 600w, https:\/\/www.purecook.com\/wp-content\/uploads\/2024\/06\/custom-food-storage-containers-wholesale-2-100x100.webp 100w\" sizes=\"(max-width: 800px) 100vw, 800px\" \/><\/figure>\n<\/div>\n<\/div>","protected":false},"excerpt":{"rendered":"<p>Purecook ist ein Lebensmittel-Lagerung-Container-Hersteller, unsere Lebensmittel-Lagerung-Container ist aus hochwertigem Edelstahl, leicht zu reinigen und langlebig, leichtes Design, mit einem stilvollen kleinen Rucksack, bequemer zu tragen, ist der Deckel sehr gute Abdichtung, wird nicht auslaufen, bieten wir Gro\u00dfhandel Lebensmittel-Lagerung-Container Dienstleistungen, und bieten ma\u00dfgeschneiderte L\u00f6sungen Lebensmittel-Lagerung-Container, willkommen zu kaufen, bitte z\u00f6gern Sie nicht, uns zu kontaktieren.<\/p>\n<h2>Merkmale und Vorteile von Lebensmittelbeh\u00e4ltern<\/h2>\n<p><strong>Hochwertiges Material<\/strong>: Hergestellt aus rostfreiem Edelstahl Sus304, robust und korrosionsbest\u00e4ndig, garantiert Lebensmittelsicherheit und Schadstofffreiheit, langlebig.<\/p>\n<p><strong>Optionen mit mehreren Kapazit\u00e4ten<\/strong>: Mit einem Fassungsverm\u00f6gen von 14 oz und 21 oz erf\u00fcllen sie unterschiedliche Anforderungen an die Aufbewahrung von Lebensmitteln und passen sich an verschiedene Outdoor-Aktivit\u00e4ten an.<\/p>\n<p><strong>Tragbares Design<\/strong>: Leicht und einfach zu transportieren, f\u00fcr Partys im Freien, zum Campen und zum Mitnehmen, mit einer tragbaren Tasche f\u00fcr den einfachen Transport, so dass Sie Ihr Essen \u00fcberallhin mitnehmen k\u00f6nnen.<\/p>\n<p><strong>Gute Abdichtungsleistung:<\/strong> Jede Aufbewahrungsbox ist mit einem versiegelnden Deckel ausgestattet, um die Frische der Lebensmittel zu gew\u00e4hrleisten und ein Auslaufen zu verhindern. So wird verhindert, dass sich Ger\u00fcche vermischen und der urspr\u00fcngliche Geschmack der Lebensmittel erhalten bleibt.<\/p>\n<p><strong>Japanischer Stil<\/strong>: Einfaches und stilvolles japanisches Design mit elegantem Aussehen ist sowohl praktisch als auch \u00e4sthetisch ansprechend, was das Esserlebnis verbessert und das Highlight bei Aktivit\u00e4ten im Freien ist.<\/p>\n<p><strong>Multifunktionaler Einsatz<\/strong>: Nicht nur f\u00fcr Outdoor-Aktivit\u00e4ten geeignet, sondern auch f\u00fcr den t\u00e4glichen Gebrauch, wie z.B. f\u00fcr das Mittagessen im B\u00fcro, die Lunchbox in der Schule, die Aufbewahrung zu Hause, usw., eine breite Palette von Anwendungen.<\/p>\n<p><strong>Leicht zu reinigen<\/strong>: Edelstahl Material macht die Reinigung bequemer, schmutzabweisend, nicht leicht, Lebensmittelr\u00fcckst\u00e4nde zu verlassen, Handw\u00e4sche oder Sp\u00fclmaschine Reinigung sein kann, sparen Sie Zeit und Arbeit.<\/p>\n<p><strong>Umweltfreundlich und gesund<\/strong>: Frei von Schadstoffen, damit die Lebensmittel w\u00e4hrend der Lagerung gesund und sicher bleiben, ideal f\u00fcr den Umweltschutz und eine gesunde Lebensweise.<\/p>\n<p><strong><a href=\"https:\/\/www.purecook.com\/de\/custom-solution\/\" target=\"_blank\" rel=\"noopener\">Wir bieten OEM- und ODM-Beh\u00e4lter f\u00fcr Lebensmittel an.<\/a><\/strong><\/p>\n<p>&nbsp;<\/p>","protected":false},"featured_media":2667,"comment_status":"closed","ping_status":"closed","template":"","meta":{"_acf_changed":false},"product_brand":[],"product_cat":[51,25],"product_tag":[],"class_list":{"0":"post-2664","1":"product","2":"type-product","3":"status-publish","4":"has-post-thumbnail","6":"product_cat-dinnerware","7":"product_cat-food-storage","9":"first","10":"instock","11":"shipping-taxable","12":"product-type-simple"},"acf":[],"_links":{"self":[{"href":"https:\/\/www.purecook.com\/de\/wp-json\/wp\/v2\/product\/2664","targetHints":{"allow":["GET"]}}],"collection":[{"href":"https:\/\/www.purecook.com\/de\/wp-json\/wp\/v2\/product"}],"about":[{"href":"https:\/\/www.purecook.com\/de\/wp-json\/wp\/v2\/types\/product"}],"replies":[{"embeddable":true,"href":"https:\/\/www.purecook.com\/de\/wp-json\/wp\/v2\/comments?post=2664"}],"wp:featuredmedia":[{"embeddable":true,"href":"https:\/\/www.purecook.com\/de\/wp-json\/wp\/v2\/media\/2667"}],"wp:attachment":[{"href":"https:\/\/www.purecook.com\/de\/wp-json\/wp\/v2\/media?parent=2664"}],"wp:term":[{"taxonomy":"product_brand","embeddable":true,"href":"https:\/\/www.purecook.com\/de\/wp-json\/wp\/v2\/product_brand?post=2664"},{"taxonomy":"product_cat","embeddable":true,"href":"https:\/\/www.purecook.com\/de\/wp-json\/wp\/v2\/product_cat?post=2664"},{"taxonomy":"product_tag","embeddable":true,"href":"https:\/\/www.purecook.com\/de\/wp-json\/wp\/v2\/product_tag?post=2664"}],"curies":[{"name":"wp","href":"https:\/\/api.w.org\/{rel}","templated":true}]}}