{"id":2669,"date":"2024-06-24T07:14:10","date_gmt":"2024-06-23T23:14:10","guid":{"rendered":"https:\/\/www.purecook.com\/?post_type=product&#038;p=2669"},"modified":"2024-11-04T09:55:20","modified_gmt":"2024-11-04T01:55:20","slug":"wholesale-custom-stainless-steel-salad-bowls-gold-or-silver","status":"publish","type":"product","link":"https:\/\/www.purecook.com\/de\/product\/wholesale-custom-stainless-steel-salad-bowls-gold-or-silver\/","title":{"rendered":"Gro\u00dfhandel benutzerdefinierte Edelstahl Salatsch\u00fcsseln: Gold\/Silber"},"content":{"rendered":"<div class=\"wp-block-columns is-layout-flex wp-container-core-columns-is-layout-9d6595d7 wp-block-columns-is-layout-flex\">\n<div class=\"wp-block-column is-layout-flow wp-block-column-is-layout-flow\">\n<h3 class=\"wp-block-heading\">Parameter von Salatsch\u00fcsseln aus Edelstahl<\/h3>\n\n\n\n<p>Geschirr-Typ: Salatsch\u00fcssel<br>Modellnummer: MVB<br>Farbe Silber\/Gold<br>Gr\u00f6\u00dfe: 3<br>Verpackung PP-Beutel + Umkarton<br>Matte Oberfl\u00e4che<br>Materialtyp Rostfreier Stahl<br>Verkaufseinheit: Mehrere von 60 St\u00fcck<br>PaketGr\u00f6\u00dfe: 49X45X46cm \/ Kisten<br>GW: 31kg\/60\/St\u00fcck<br>MOQ 60St\u00fcck<\/p>\n<\/div>\n\n\n\n<div class=\"wp-block-column is-layout-flow wp-block-column-is-layout-flow\">\n<h3 class=\"wp-block-heading\">Optionen f\u00fcr kundenspezifische Salatsch\u00fcsseln<\/h3>\n\n\n\n<p>Logo: Passen Sie Ihr Markenlogo an<br>Verpackung: Farbkasten\/Karton, etc<br>MOQ: 300St\u00fcck<br><strong><a href=\"https:\/\/www.purecook.com\/de\/custom-solution\/\" target=\"_blank\" rel=\"noreferrer noopener\">OEM &amp; ODM L\u00f6sungen f\u00fcr kundenspezifische Salatsch\u00fcsseln<\/a><\/strong><\/p>\n<\/div>\n<\/div>\n\n\n\n<div class=\"wp-block-columns is-layout-flex wp-container-core-columns-is-layout-9d6595d7 wp-block-columns-is-layout-flex\">\n<div class=\"wp-block-column is-layout-flow wp-block-column-is-layout-flow\">\n<figure class=\"wp-block-image size-full\"><img decoding=\"async\" width=\"800\" height=\"800\" src=\"https:\/\/www.purecook.com\/wp-content\/uploads\/2024\/06\/custom-salad-bowl-wholesale-4.webp\" alt=\"benutzerdefinierte Salatsch\u00fcssel Gro\u00dfhandel \" class=\"wp-image-2675\" srcset=\"https:\/\/www.purecook.com\/wp-content\/uploads\/2024\/06\/custom-salad-bowl-wholesale-4.webp 800w, https:\/\/www.purecook.com\/wp-content\/uploads\/2024\/06\/custom-salad-bowl-wholesale-4-300x300.webp 300w, https:\/\/www.purecook.com\/wp-content\/uploads\/2024\/06\/custom-salad-bowl-wholesale-4-150x150.webp 150w, https:\/\/www.purecook.com\/wp-content\/uploads\/2024\/06\/custom-salad-bowl-wholesale-4-768x768.webp 768w, https:\/\/www.purecook.com\/wp-content\/uploads\/2024\/06\/custom-salad-bowl-wholesale-4-600x600.webp 600w, https:\/\/www.purecook.com\/wp-content\/uploads\/2024\/06\/custom-salad-bowl-wholesale-4-100x100.webp 100w\" sizes=\"(max-width: 800px) 100vw, 800px\" \/><\/figure>\n<\/div>\n\n\n\n<div class=\"wp-block-column is-layout-flow wp-block-column-is-layout-flow\">\n<figure class=\"wp-block-image size-full\"><img decoding=\"async\" width=\"800\" height=\"800\" src=\"https:\/\/www.purecook.com\/wp-content\/uploads\/2024\/06\/custom-salad-bowl-wholesale-2.webp\" alt=\"benutzerdefinierte Salatsch\u00fcssel Gro\u00dfhandel\" class=\"wp-image-2673\" srcset=\"https:\/\/www.purecook.com\/wp-content\/uploads\/2024\/06\/custom-salad-bowl-wholesale-2.webp 800w, https:\/\/www.purecook.com\/wp-content\/uploads\/2024\/06\/custom-salad-bowl-wholesale-2-300x300.webp 300w, https:\/\/www.purecook.com\/wp-content\/uploads\/2024\/06\/custom-salad-bowl-wholesale-2-150x150.webp 150w, https:\/\/www.purecook.com\/wp-content\/uploads\/2024\/06\/custom-salad-bowl-wholesale-2-768x768.webp 768w, https:\/\/www.purecook.com\/wp-content\/uploads\/2024\/06\/custom-salad-bowl-wholesale-2-600x600.webp 600w, https:\/\/www.purecook.com\/wp-content\/uploads\/2024\/06\/custom-salad-bowl-wholesale-2-100x100.webp 100w\" sizes=\"(max-width: 800px) 100vw, 800px\" \/><\/figure>\n<\/div>\n<\/div>","protected":false},"excerpt":{"rendered":"<p>Die Salatsch\u00fcsseln haben einen tragbaren Griff, leicht zu tragen, geeignet f\u00fcr Partys, Picknicks, Camping, aus hochwertigem Edelstahl, sehr langlebig. Wenn Sie ben\u00f6tigen, bieten wir Ihnen eine benutzerdefinierte Salatsch\u00fcsseln L\u00f6sung. Kontaktieren Sie uns einfach.<\/p>\n<h2>Eigenschaften und Vorteile der Salatsch\u00fcssel aus Edelstahl<\/h2>\n<p><strong>Hochwertiger rostfreier Stahl:<\/strong> Hergestellt aus hochwertigem Edelstahl, robust und langlebig, rost- und korrosionsbest\u00e4ndig, um eine langfristige Nutzung ohne Verformung zu gew\u00e4hrleisten, leicht zu reinigen, geeignet f\u00fcr eine Vielzahl von Gelegenheiten.<\/p>\n<p><strong>Multifunktionaler Einsatz:<\/strong> Geeignet f\u00fcr Wein, Lebensmittel, Reis, Obst, Ramen, Suppe, Salat usw. Um Ihre verschiedenen Bed\u00fcrfnisse beim Essen zu erf\u00fcllen, ideal f\u00fcr Familie und Outdoor-Aktivit\u00e4ten.<\/p>\n<p><strong>Modisches Design:<\/strong> Zwei klassische Farben, Gold und Silber, stilvolles und gro\u00dfz\u00fcgiges Aussehen, verbessern das Esserlebnis, geeignet f\u00fcr verschiedene Anl\u00e4sse.<\/p>\n<p><strong>Tragbarer Griff:<\/strong> Ausgestattet mit einem komfortablen Griff-Design, einfach zu tragen und zu verwenden, besonders geeignet f\u00fcr Outdoor-Aktivit\u00e4ten, Camping und Reisen, genie\u00dfen Sie Ihre Mahlzeit mit Leichtigkeit.<\/p>\n<p><strong>Leicht und tragbar:<\/strong> Leichtes Design, einfach zu tragen, geeignet f\u00fcr Reisen, Picknicks, Camping und andere Outdoor-Aktivit\u00e4ten, ideal f\u00fcr Ihre Reise.<\/p>\n<p><strong>Gesund und sicher:<\/strong> Hergestellt aus lebensmittelechtem Edelstahl, keine sch\u00e4dlichen Substanzen, garantieren Lebensmittelsicherheit, sichere Verwendung.<\/p>\n<p><strong>Leicht zu reinigen:<\/strong> Glatte Oberfl\u00e4che zur Vermeidung von Lebensmittelr\u00fcckst\u00e4nden, leicht zu reinigen, von Hand oder in der Sp\u00fclmaschine abwaschbar, spart Zeit und Arbeit.<\/p>\n<p>Vielseitiges Design: Nicht nur f\u00fcr den t\u00e4glichen Gebrauch zu Hause, sondern auch f\u00fcr Outdoor-Aktivit\u00e4ten, Picknicks, Camping und andere Gelegenheiten geeignet, Praktikabilit\u00e4t.<\/p>\n<p><strong><a href=\"https:\/\/www.purecook.com\/de\/custom-solution\/\" target=\"_blank\" rel=\"noopener\">Wir bieten OEM- und ODM-angepasste Salatsch\u00fcsseln an.<\/a><\/strong><\/p>\n<p>&nbsp;<\/p>","protected":false},"featured_media":2674,"comment_status":"closed","ping_status":"closed","template":"","meta":{"_acf_changed":false},"product_brand":[],"product_cat":[51,54],"product_tag":[],"class_list":{"0":"post-2669","1":"product","2":"type-product","3":"status-publish","4":"has-post-thumbnail","6":"product_cat-dinnerware","7":"product_cat-stainless-steel-bowl","9":"first","10":"instock","11":"shipping-taxable","12":"product-type-simple"},"acf":[],"_links":{"self":[{"href":"https:\/\/www.purecook.com\/de\/wp-json\/wp\/v2\/product\/2669","targetHints":{"allow":["GET"]}}],"collection":[{"href":"https:\/\/www.purecook.com\/de\/wp-json\/wp\/v2\/product"}],"about":[{"href":"https:\/\/www.purecook.com\/de\/wp-json\/wp\/v2\/types\/product"}],"replies":[{"embeddable":true,"href":"https:\/\/www.purecook.com\/de\/wp-json\/wp\/v2\/comments?post=2669"}],"wp:featuredmedia":[{"embeddable":true,"href":"https:\/\/www.purecook.com\/de\/wp-json\/wp\/v2\/media\/2674"}],"wp:attachment":[{"href":"https:\/\/www.purecook.com\/de\/wp-json\/wp\/v2\/media?parent=2669"}],"wp:term":[{"taxonomy":"product_brand","embeddable":true,"href":"https:\/\/www.purecook.com\/de\/wp-json\/wp\/v2\/product_brand?post=2669"},{"taxonomy":"product_cat","embeddable":true,"href":"https:\/\/www.purecook.com\/de\/wp-json\/wp\/v2\/product_cat?post=2669"},{"taxonomy":"product_tag","embeddable":true,"href":"https:\/\/www.purecook.com\/de\/wp-json\/wp\/v2\/product_tag?post=2669"}],"curies":[{"name":"wp","href":"https:\/\/api.w.org\/{rel}","templated":true}]}}