{"id":3032,"date":"2024-09-21T14:05:05","date_gmt":"2024-09-21T01:42:50","guid":{"rendered":"https:\/\/www.purecook.com\/?post_type=product&#038;p=3032"},"modified":"2025-11-24T15:04:10","modified_gmt":"2025-11-24T07:04:10","slug":"wholesale-tri-ply-stainless-steel-roasting-pan-with-double-ear","status":"publish","type":"product","link":"https:\/\/www.purecook.com\/de\/product\/wholesale-tri-ply-stainless-steel-roasting-pan-with-double-ear\/","title":{"rendered":"Gro\u00dfhandel Tri Ply Edelstahl Bratpfanne mit Double Ear: Kann leicht ein ganzes gebratenes Huhn halten"},"content":{"rendered":"<div class=\"wp-block-columns is-layout-flex wp-container-core-columns-is-layout-9d6595d7 wp-block-columns-is-layout-flex\">\n<div class=\"wp-block-column is-layout-flow wp-block-column-is-layout-flow\">\n<h3 class=\"wp-block-heading\">Parameter der Bratpfanne aus rostfreiem Stahl<\/h3>\n\n\n\n<p>Modellnummer: HH-016<br>Material: Dreischichtiger Stahl (SUS304+Aluminium+SUS430)<br>Normale Dicke: 2,3 mm<br>Gr\u00f6\u00dfe:36*23*5,5 cm<br>Gewicht:2.0kg<br>Logo: Lasergravur\/gepr\u00e4gter Stempel<br>MOQ\uff1a1000 St\u00fcck<\/p>\n<\/div>\n\n\n\n<div class=\"wp-block-column is-layout-flow wp-block-column-is-layout-flow\">\n<h3 class=\"wp-block-heading\">Kundenspezifische Bratpfanne aus Edelstahl pptions<\/h3>\n\n\n\n<p>Logo: Passen Sie Ihr Markenlogo an<br>Material: Dreischichtiger Stahl (SUS304+Aluminium+SUS430)\/Dreifachschichtiger Stahl (SUS201+Aluminium+SUS430\uff09<br>Materialst\u00e4rke\uff1a2,3mm<br>Material des Griffs: Material<br>Behandlung der Kontaktfl\u00e4che:Unbeschichtet\/Antihaftbeschichtung<br>Verpackung: Farbkasten\/Karton, etc<br><strong><a href=\"https:\/\/www.purecook.com\/de\/custom-solution\/\" target=\"_blank\" rel=\"noreferrer noopener\">OEM &amp; ODM Custom dreifach Stahl Doppelohr BratpfanneGriddle Solutions<\/a><\/strong><\/p>\n<\/div>\n<\/div>\n\n\n\n<div class=\"wp-block-columns is-layout-flex wp-container-core-columns-is-layout-9d6595d7 wp-block-columns-is-layout-flex\">\n<div class=\"wp-block-column is-layout-flow wp-block-column-is-layout-flow\">\n<figure class=\"wp-block-image size-full\"><img decoding=\"async\" width=\"800\" height=\"800\" src=\"https:\/\/www.purecook.com\/wp-content\/uploads\/2024\/09\/Square-Baking-Pan-6.webp\" alt=\"Dreifache quadratische Edelstahl-Backform mit zwei \u00d6sen\" class=\"wp-image-3038\" srcset=\"https:\/\/www.purecook.com\/wp-content\/uploads\/2024\/09\/Square-Baking-Pan-6.webp 800w, https:\/\/www.purecook.com\/wp-content\/uploads\/2024\/09\/Square-Baking-Pan-6-300x300.webp 300w, https:\/\/www.purecook.com\/wp-content\/uploads\/2024\/09\/Square-Baking-Pan-6-150x150.webp 150w, https:\/\/www.purecook.com\/wp-content\/uploads\/2024\/09\/Square-Baking-Pan-6-768x768.webp 768w, https:\/\/www.purecook.com\/wp-content\/uploads\/2024\/09\/Square-Baking-Pan-6-12x12.webp 12w, https:\/\/www.purecook.com\/wp-content\/uploads\/2024\/09\/Square-Baking-Pan-6-600x600.webp 600w, https:\/\/www.purecook.com\/wp-content\/uploads\/2024\/09\/Square-Baking-Pan-6-100x100.webp 100w\" sizes=\"(max-width: 800px) 100vw, 800px\" \/><\/figure>\n<\/div>\n\n\n\n<div class=\"wp-block-column is-layout-flow wp-block-column-is-layout-flow\">\n<figure class=\"wp-block-image size-full\"><img decoding=\"async\" width=\"800\" height=\"800\" src=\"https:\/\/www.purecook.com\/wp-content\/uploads\/2024\/09\/Square-Baking-Pan-3.webp\" alt=\"Dreifache quadratische Edelstahl-Backform mit zwei \u00d6sen\" class=\"wp-image-3035\" srcset=\"https:\/\/www.purecook.com\/wp-content\/uploads\/2024\/09\/Square-Baking-Pan-3.webp 800w, https:\/\/www.purecook.com\/wp-content\/uploads\/2024\/09\/Square-Baking-Pan-3-300x300.webp 300w, https:\/\/www.purecook.com\/wp-content\/uploads\/2024\/09\/Square-Baking-Pan-3-150x150.webp 150w, https:\/\/www.purecook.com\/wp-content\/uploads\/2024\/09\/Square-Baking-Pan-3-768x768.webp 768w, https:\/\/www.purecook.com\/wp-content\/uploads\/2024\/09\/Square-Baking-Pan-3-12x12.webp 12w, https:\/\/www.purecook.com\/wp-content\/uploads\/2024\/09\/Square-Baking-Pan-3-600x600.webp 600w, https:\/\/www.purecook.com\/wp-content\/uploads\/2024\/09\/Square-Baking-Pan-3-100x100.webp 100w\" sizes=\"(max-width: 800px) 100vw, 800px\" \/><\/figure>\n<\/div>\n<\/div>","protected":false},"excerpt":{"rendered":"<p>Gro\u00dfhandel professionelle Edelstahl-Bratpfanne, hochwertige Bratpfanne ist aus hochwertigem Dreischicht-Edelstahl (SUS304 + Aluminium + SUS430), umweltfreundlich und unbeschichtet, und der Griff ist aus verdicktem geschmiedetem Edelstahl Griffe f\u00fcr einen bequemen Griff und robuste Haltbarkeit gemacht. Als professioneller Hersteller von Backformen f\u00fcr den Gro\u00dfhandel bietet Purecook qualitativ hochwertige Bratpfannen f\u00fcr die Gastronomie an, um die Bed\u00fcrfnisse der professionellen K\u00fcchen zu erf\u00fcllen. Dar\u00fcber hinaus bieten wir Bratpfannen f\u00fcr H\u00e4ndler, Schulen und Unternehmen zum Fabrikpreis.OEM &amp; ODM sind willkommen.Wenn Sie Bulk Bratpfanne oder andere Backwaren Produkte finden, kontaktieren Sie uns bitte jetzt.<\/p>\n<h2><strong><b>Eigenschaften und Vorteile der Bratpfanne <\/b><\/strong><\/h2>\n<p>*<strong>Hochwertiges Material<\/strong>: Die Bratpfanne besteht aus hochwertigem, dreischichtigem Edelstahl (sus304+Aluminium+sus430), die Oberfl\u00e4che ist fein poliert, was den Kontakt mit verschiedenen Lebensmitteln sicher macht. Der Griff ist geschwei\u00dft, keine Nietmarken im Inneren der Pfanne, insgesamt haltbarer.<\/p>\n<p>*<strong>Xlarge-Ausf\u00fchrung<\/strong>: Diese Bratpfanne aus rostfreiem Stahl hat eine Gr\u00f6\u00dfe, die es Ihnen erm\u00f6glicht, das Kochen von Weihnachtsbrath\u00e4hnchen und anderen verschiedenen Lebensmitteln leicht zu bew\u00e4ltigen.<\/p>\n<p>*<strong>Geeignet f\u00fcr alle Arten von \u00d6fen<\/strong>: Der Hauptteil des Bratens besteht aus dreilagigem Edelstahl, der f\u00fcr Induktionskochfelder geeignet ist.<br \/>und kann an verschiedene Heizmethoden angepasst werden, wie z. B. Gasherd, offene Flamme, Induktion, Elektro-Keramikherd und so weiter.<\/p>\n<p>*<strong>Vielf\u00e4ltige Anpassungsm\u00f6glichkeiten<\/strong>: Wir bieten einen ma\u00dfgeschneiderten Bratpfannenservice an, bei dem der Stil des K\u00f6rpers, das Material des K\u00f6rpers, das Material des Griffs, das externe Logo und der Verpackungsstil der Bratpfanne personalisiert werden k\u00f6nnen.<\/p>\n<p><strong><a href=\"https:\/\/www.purecook.com\/de\/custom-solution\/\" target=\"_blank\" rel=\"noopener\">*Purecook bietet OEM- und ODM-L\u00f6sungen f\u00fcr kundenspezifische Backformen.<\/a><\/strong><\/p>\n<p>&nbsp;<\/p>","protected":false},"featured_media":3033,"comment_status":"closed","ping_status":"closed","template":"","meta":{"_acf_changed":false},"product_brand":[],"product_cat":[27,106],"product_tag":[],"class_list":{"0":"post-3032","1":"product","2":"type-product","3":"status-publish","4":"has-post-thumbnail","6":"product_cat-bakeware","7":"product_cat-roasting-pan","9":"first","10":"instock","11":"shipping-taxable","12":"product-type-simple"},"acf":[],"_links":{"self":[{"href":"https:\/\/www.purecook.com\/de\/wp-json\/wp\/v2\/product\/3032","targetHints":{"allow":["GET"]}}],"collection":[{"href":"https:\/\/www.purecook.com\/de\/wp-json\/wp\/v2\/product"}],"about":[{"href":"https:\/\/www.purecook.com\/de\/wp-json\/wp\/v2\/types\/product"}],"replies":[{"embeddable":true,"href":"https:\/\/www.purecook.com\/de\/wp-json\/wp\/v2\/comments?post=3032"}],"wp:featuredmedia":[{"embeddable":true,"href":"https:\/\/www.purecook.com\/de\/wp-json\/wp\/v2\/media\/3033"}],"wp:attachment":[{"href":"https:\/\/www.purecook.com\/de\/wp-json\/wp\/v2\/media?parent=3032"}],"wp:term":[{"taxonomy":"product_brand","embeddable":true,"href":"https:\/\/www.purecook.com\/de\/wp-json\/wp\/v2\/product_brand?post=3032"},{"taxonomy":"product_cat","embeddable":true,"href":"https:\/\/www.purecook.com\/de\/wp-json\/wp\/v2\/product_cat?post=3032"},{"taxonomy":"product_tag","embeddable":true,"href":"https:\/\/www.purecook.com\/de\/wp-json\/wp\/v2\/product_tag?post=3032"}],"curies":[{"name":"wp","href":"https:\/\/api.w.org\/{rel}","templated":true}]}}