{"id":3133,"date":"2024-10-12T16:29:59","date_gmt":"2024-10-12T05:31:08","guid":{"rendered":"https:\/\/www.purecook.com\/?post_type=product&#038;p=3133"},"modified":"2024-11-04T10:30:52","modified_gmt":"2024-11-04T02:30:52","slug":"wholesale-anti-scald-stainless-steel-bowls","status":"publish","type":"product","link":"https:\/\/www.purecook.com\/de\/product\/wholesale-anti-scald-stainless-steel-bowls\/","title":{"rendered":"Gro\u00dfhandel Edelstahlschalen, Vakuum Double-Layer Anti-Scald Design: Mehrere Finishing-Optionen f\u00fcr die Anpassung"},"content":{"rendered":"<div class=\"wp-block-columns is-layout-flex wp-container-core-columns-is-layout-9d6595d7 wp-block-columns-is-layout-flex\">\n<div class=\"wp-block-column is-layout-flow wp-block-column-is-layout-flow\">\n<h3 class=\"wp-block-heading\"><strong>Parameter der Sch\u00fcssel aus rostfreiem Stahl<\/strong><\/h3>\n\n\n\n<p><strong>Modellnummer<\/strong>:YX-003<br><strong>Material<\/strong>: Rostfreier Stahl 304<br><strong>Gr\u00f6\u00dfe<\/strong>:16-26cm<br><strong>Logo<\/strong>: Lasergravur\/gepr\u00e4gter Stempel<br><strong>MOQ<\/strong>\uff1a1000 St\u00fcck<\/p>\n<\/div>\n\n\n\n<div class=\"wp-block-column is-layout-flow wp-block-column-is-layout-flow\">\n<h3 class=\"wp-block-heading\"><strong>Ma\u00dfgeschneiderte Edelstahlsch\u00fcssel<\/strong><strong style=\"color: revert; font-size: revert;\"> Optionen<\/strong><\/h3>\n\n\n\n<p><strong>Logo<\/strong>: Ihr Markenlogo individuell gestalten<br><strong>Material<\/strong>: Rostfreier Stahl SUS304\/SUS201<br><strong>Paket<\/strong>: Farbige Schachtel\/Karton, etc<br><a href=\"https:\/\/www.purecook.com\/de\/custom-solution\/\" target=\"_blank\" rel=\"noopener\"><u>OEM &amp; ODM Kundenspezifische Schalenl\u00f6sungen<\/u><\/a><\/p>\n<\/div>\n<\/div>\n\n\n\n<div class=\"wp-block-columns is-layout-flex wp-container-core-columns-is-layout-9d6595d7 wp-block-columns-is-layout-flex\">\n<div class=\"wp-block-column is-layout-flow wp-block-column-is-layout-flow\">\n<figure class=\"wp-block-image size-full\"><img decoding=\"async\" width=\"800\" height=\"800\" src=\"https:\/\/www.purecook.com\/wp-content\/uploads\/2024\/10\/Vacuum-Double-Layer-Anti-Scald-Bowl-5.webp\" alt=\"Vakuum-Doppelschicht-Anti-Br\u00fchsch\u00fcssel\" class=\"wp-image-3138\" srcset=\"https:\/\/www.purecook.com\/wp-content\/uploads\/2024\/10\/Vacuum-Double-Layer-Anti-Scald-Bowl-5.webp 800w, https:\/\/www.purecook.com\/wp-content\/uploads\/2024\/10\/Vacuum-Double-Layer-Anti-Scald-Bowl-5-300x300.webp 300w, https:\/\/www.purecook.com\/wp-content\/uploads\/2024\/10\/Vacuum-Double-Layer-Anti-Scald-Bowl-5-150x150.webp 150w, https:\/\/www.purecook.com\/wp-content\/uploads\/2024\/10\/Vacuum-Double-Layer-Anti-Scald-Bowl-5-768x768.webp 768w, https:\/\/www.purecook.com\/wp-content\/uploads\/2024\/10\/Vacuum-Double-Layer-Anti-Scald-Bowl-5-12x12.webp 12w, https:\/\/www.purecook.com\/wp-content\/uploads\/2024\/10\/Vacuum-Double-Layer-Anti-Scald-Bowl-5-600x600.webp 600w, https:\/\/www.purecook.com\/wp-content\/uploads\/2024\/10\/Vacuum-Double-Layer-Anti-Scald-Bowl-5-100x100.webp 100w\" sizes=\"(max-width: 800px) 100vw, 800px\" \/><figcaption class=\"wp-element-caption\">Schale aus rostfreiem Stahl mit Verbrennungsschutz<\/figcaption><\/figure>\n<\/div>\n\n\n\n<div class=\"wp-block-column is-layout-flow wp-block-column-is-layout-flow\">\n<figure class=\"wp-block-image size-full\"><img decoding=\"async\" width=\"800\" height=\"800\" src=\"https:\/\/www.purecook.com\/wp-content\/uploads\/2024\/10\/Vacuum-Double-Layer-Anti-Scald-Bowl-4.webp\" alt=\"Vakuum-Doppelschicht-Anti-Br\u00fchsch\u00fcssel\" class=\"wp-image-3137\" srcset=\"https:\/\/www.purecook.com\/wp-content\/uploads\/2024\/10\/Vacuum-Double-Layer-Anti-Scald-Bowl-4.webp 800w, https:\/\/www.purecook.com\/wp-content\/uploads\/2024\/10\/Vacuum-Double-Layer-Anti-Scald-Bowl-4-300x300.webp 300w, https:\/\/www.purecook.com\/wp-content\/uploads\/2024\/10\/Vacuum-Double-Layer-Anti-Scald-Bowl-4-150x150.webp 150w, https:\/\/www.purecook.com\/wp-content\/uploads\/2024\/10\/Vacuum-Double-Layer-Anti-Scald-Bowl-4-768x768.webp 768w, https:\/\/www.purecook.com\/wp-content\/uploads\/2024\/10\/Vacuum-Double-Layer-Anti-Scald-Bowl-4-12x12.webp 12w, https:\/\/www.purecook.com\/wp-content\/uploads\/2024\/10\/Vacuum-Double-Layer-Anti-Scald-Bowl-4-600x600.webp 600w, https:\/\/www.purecook.com\/wp-content\/uploads\/2024\/10\/Vacuum-Double-Layer-Anti-Scald-Bowl-4-100x100.webp 100w\" sizes=\"(max-width: 800px) 100vw, 800px\" \/><figcaption class=\"wp-element-caption\">Schale aus rostfreiem Stahl mit Verbrennungsschutz<\/figcaption><\/figure>\n<\/div>\n<\/div>","protected":false},"excerpt":{"rendered":"<p>Gro\u00dfhandels-Edelstahlsch\u00fcsseln, die hochwertige Vakuum-Doppelschicht-Anti-Verbr\u00fchungssch\u00fcssel aus Edelstahl 304, erh\u00e4ltlich in Gold und Silber. Verschiedene Oberfl\u00e4chenausf\u00fchrungen sind verf\u00fcgbar, wie geb\u00fcrstet, hochglanzpoliert und fein poliert, um verschiedene Kundenbed\u00fcrfnisse zu erf\u00fcllen. Als professioneller Geschirrlieferant bieten wir effiziente Gro\u00dfhandelsdienstleistungen f\u00fcr H\u00e4ndler, Restaurants und Unternehmen. Bitte kontaktieren Sie uns f\u00fcr Gro\u00dfhandels- oder kundenspezifische L\u00f6sungen.<\/p>\n<h2><strong><b>Merkmale und Vorteile von Edelstahlsch\u00fcsseln<\/b><\/strong><\/h2>\n<p><strong>Sicheres Material<\/strong>: Die verbr\u00fchungssichere Edelstahlsch\u00fcssel ist aus lebensmittelechtem Edelstahl 304 gefertigt, um die Sicherheit beim Kontakt mit Lebensmitteln zu gew\u00e4hrleisten. Die doppelschichtige Vakuumkonstruktion verhindert wirksam Verbr\u00fchungen.<\/p>\n<p><strong>Modedesign<\/strong>: V-f\u00f6rmiges Design, erh\u00e4ltlich in Gold und Silber, passend f\u00fcr verschiedene Tischformen.<\/p>\n<p><strong>Vielf\u00e4ltige Oberfl\u00e4chenbehandlungen<\/strong>: F\u00fcr diese Edelstahlsch\u00fcssel bieten wir eine Vielzahl von Oberfl\u00e4chenbehandlungen an, wie z.B. geb\u00fcrstetes Polieren, Hochglanzpolieren und Feinpolieren, um individuelle Bed\u00fcrfnisse zu erf\u00fcllen.<\/p>\n<p><strong>Anwendungsszenarien<\/strong>: Er eignet sich f\u00fcr eine Vielzahl von Anl\u00e4ssen, wie z. B. Familientische, Hotelbuffets, Restaurantbankette usw., und kann f\u00fcr Salate und Nudeln sowie f\u00fcr kalte Speisen wie Aufschnitt und Obst verwendet werden.<\/p>\n<p><strong>Flexibler Anpassungsservice<\/strong>: Als professioneller Hersteller von Edelstahlgeschirr bieten wir OEM- und ODM-Kundenanpassungsdienste an und k\u00f6nnen die Art der Schale, die Oberfl\u00e4chenbehandlung, das externe Logo und die Verpackungsart individuell gestalten.<\/p>\n<p><a href=\"https:\/\/www.purecook.com\/de\/custom-solution\/\"><u>Erfahren Sie mehr \u00fcber kundenspezifische Schalen aus Edelstahl<\/u><u>.<\/u><\/a><\/p>","protected":false},"featured_media":3135,"comment_status":"closed","ping_status":"closed","template":"","meta":{"_acf_changed":false},"product_brand":[],"product_cat":[51,54],"product_tag":[],"class_list":{"0":"post-3133","1":"product","2":"type-product","3":"status-publish","4":"has-post-thumbnail","6":"product_cat-dinnerware","7":"product_cat-stainless-steel-bowl","9":"first","10":"instock","11":"shipping-taxable","12":"product-type-simple"},"acf":[],"_links":{"self":[{"href":"https:\/\/www.purecook.com\/de\/wp-json\/wp\/v2\/product\/3133","targetHints":{"allow":["GET"]}}],"collection":[{"href":"https:\/\/www.purecook.com\/de\/wp-json\/wp\/v2\/product"}],"about":[{"href":"https:\/\/www.purecook.com\/de\/wp-json\/wp\/v2\/types\/product"}],"replies":[{"embeddable":true,"href":"https:\/\/www.purecook.com\/de\/wp-json\/wp\/v2\/comments?post=3133"}],"wp:featuredmedia":[{"embeddable":true,"href":"https:\/\/www.purecook.com\/de\/wp-json\/wp\/v2\/media\/3135"}],"wp:attachment":[{"href":"https:\/\/www.purecook.com\/de\/wp-json\/wp\/v2\/media?parent=3133"}],"wp:term":[{"taxonomy":"product_brand","embeddable":true,"href":"https:\/\/www.purecook.com\/de\/wp-json\/wp\/v2\/product_brand?post=3133"},{"taxonomy":"product_cat","embeddable":true,"href":"https:\/\/www.purecook.com\/de\/wp-json\/wp\/v2\/product_cat?post=3133"},{"taxonomy":"product_tag","embeddable":true,"href":"https:\/\/www.purecook.com\/de\/wp-json\/wp\/v2\/product_tag?post=3133"}],"curies":[{"name":"wp","href":"https:\/\/api.w.org\/{rel}","templated":true}]}}