{"id":3183,"date":"2025-07-03T14:54:00","date_gmt":"2025-07-03T06:54:00","guid":{"rendered":"https:\/\/www.purecook.com\/?post_type=product&#038;p=3183"},"modified":"2025-07-23T17:41:58","modified_gmt":"2025-07-23T09:41:58","slug":"wholesale-stainless-steel-small-woks","status":"publish","type":"product","link":"https:\/\/www.purecook.com\/de\/product\/wholesale-stainless-steel-small-woks\/","title":{"rendered":"Gro\u00dfhandel Edelstahl kleine Woks mit Handle: Fein poliertes Handwerk Chinesisch Wok Pan"},"content":{"rendered":"<div class=\"wp-block-columns is-layout-flex wp-container-core-columns-is-layout-9d6595d7 wp-block-columns-is-layout-flex\">\n<div class=\"wp-block-column is-layout-flow wp-block-column-is-layout-flow\">\n<h3 class=\"wp-block-heading\"><strong>Parameter der Wok-Pfanne aus Edelstahl<\/strong><\/h3>\n\n\n\n<p><strong>Modellnummer:<\/strong> MC-014<br><strong>Material:<\/strong> Dreifach-Edelstahl<br><strong>Normale Dicke: <\/strong>2,0 mm<br><strong>Gr\u00f6\u00dfe:<\/strong>20\/24\/26\/28 cm<br><strong>Handgriff:<\/strong>Griff mit Verbr\u00fchungsschutz (mattiert\/gl\u00e4nzend)<br><strong>Logo: <\/strong>Lasergravur\/gepr\u00e4gter Stempel<br><strong>MOQ<\/strong>: 500 St\u00fcck<\/p>\n<\/div>\n\n\n\n<div class=\"wp-block-column is-layout-flow wp-block-column-is-layout-flow\">\n<h3 class=\"wp-block-heading\"><strong>Kundenspezifisch <\/strong><strong>Wok<\/strong><strong>&nbsp;Pan-Optionen<\/strong><strong><\/strong><\/h3>\n\n\n\n<p><strong>Logo: <\/strong>Passen Sie Ihr Markenlogo an<br><strong>Material:<\/strong> Dreischicht-Edelstahl (SUS304 \/ SUS316)<br><strong>Materialst\u00e4rke:<\/strong> 2,0\/2,3 mm<br><strong>Material des Deckels: <\/strong>Stil\/Material<br><strong> <\/strong>Stil\/Material<br><strong>Behandlung der Kontaktfl\u00e4che: <\/strong>Unbeschichtete\/nicht haftende Beschichtung<br><strong>Paket:<\/strong> Farbige Schachtel\/Karton, etc.<br><a href=\"https:\/\/www.purecook.com\/de\/custom-solution\/\" target=\"_blank\" rel=\"noopener\"><u>OEM &amp; ODM Kundenspezifische Wok-Pfannen-L\u00f6sungen<\/u><\/a><\/p>\n<\/div>\n<\/div>\n\n\n\n<div class=\"wp-block-columns is-layout-flex wp-container-core-columns-is-layout-9d6595d7 wp-block-columns-is-layout-flex\">\n<div class=\"wp-block-column is-layout-flow wp-block-column-is-layout-flow\"><div class=\"wp-block-image\">\n<figure class=\"aligncenter size-full\"><img decoding=\"async\" width=\"800\" height=\"800\" src=\"https:\/\/www.purecook.com\/wp-content\/uploads\/2024\/10\/Triple-Stainless-Steel-Single-Handle-Wok-Pan-5.webp\" alt=\"Dreifach-Edelstahl-Wokpfanne mit einem Griff\" class=\"wp-image-3188\" srcset=\"https:\/\/www.purecook.com\/wp-content\/uploads\/2024\/10\/Triple-Stainless-Steel-Single-Handle-Wok-Pan-5.webp 800w, https:\/\/www.purecook.com\/wp-content\/uploads\/2024\/10\/Triple-Stainless-Steel-Single-Handle-Wok-Pan-5-300x300.webp 300w, https:\/\/www.purecook.com\/wp-content\/uploads\/2024\/10\/Triple-Stainless-Steel-Single-Handle-Wok-Pan-5-150x150.webp 150w, https:\/\/www.purecook.com\/wp-content\/uploads\/2024\/10\/Triple-Stainless-Steel-Single-Handle-Wok-Pan-5-768x768.webp 768w, https:\/\/www.purecook.com\/wp-content\/uploads\/2024\/10\/Triple-Stainless-Steel-Single-Handle-Wok-Pan-5-12x12.webp 12w, https:\/\/www.purecook.com\/wp-content\/uploads\/2024\/10\/Triple-Stainless-Steel-Single-Handle-Wok-Pan-5-600x600.webp 600w, https:\/\/www.purecook.com\/wp-content\/uploads\/2024\/10\/Triple-Stainless-Steel-Single-Handle-Wok-Pan-5-100x100.webp 100w\" sizes=\"(max-width: 800px) 100vw, 800px\" \/><figcaption class=\"wp-element-caption\">Tri Ply Edelstahl Wok Pfanne<\/figcaption><\/figure>\n<\/div><\/div>\n\n\n\n<div class=\"wp-block-column is-layout-flow wp-block-column-is-layout-flow\"><div class=\"wp-block-image\">\n<figure class=\"aligncenter size-full\"><img decoding=\"async\" width=\"800\" height=\"800\" src=\"https:\/\/www.purecook.com\/wp-content\/uploads\/2024\/10\/Triple-Stainless-Steel-Single-Handle-Wok-Pan-3.webp\" alt=\"Dreifach-Edelstahl-Wokpfanne mit einem Griff\" class=\"wp-image-3186\" srcset=\"https:\/\/www.purecook.com\/wp-content\/uploads\/2024\/10\/Triple-Stainless-Steel-Single-Handle-Wok-Pan-3.webp 800w, https:\/\/www.purecook.com\/wp-content\/uploads\/2024\/10\/Triple-Stainless-Steel-Single-Handle-Wok-Pan-3-300x300.webp 300w, https:\/\/www.purecook.com\/wp-content\/uploads\/2024\/10\/Triple-Stainless-Steel-Single-Handle-Wok-Pan-3-150x150.webp 150w, https:\/\/www.purecook.com\/wp-content\/uploads\/2024\/10\/Triple-Stainless-Steel-Single-Handle-Wok-Pan-3-768x768.webp 768w, https:\/\/www.purecook.com\/wp-content\/uploads\/2024\/10\/Triple-Stainless-Steel-Single-Handle-Wok-Pan-3-12x12.webp 12w, https:\/\/www.purecook.com\/wp-content\/uploads\/2024\/10\/Triple-Stainless-Steel-Single-Handle-Wok-Pan-3-600x600.webp 600w, https:\/\/www.purecook.com\/wp-content\/uploads\/2024\/10\/Triple-Stainless-Steel-Single-Handle-Wok-Pan-3-100x100.webp 100w\" sizes=\"(max-width: 800px) 100vw, 800px\" \/><figcaption class=\"wp-element-caption\">Tri Ply Edelstahl Wok Pfanne<\/figcaption><\/figure>\n<\/div><\/div>\n<\/div>","protected":false},"excerpt":{"rendered":"<p>Gro\u00dfhandel chinesische Wok-Pfanne, aus hochwertigem Dreischicht-Edelstahl, umweltfreundlich und unbeschichtet, mit dicken Anti-Verbr\u00fchungs-Edelstahl-Griffe mit geschwei\u00dften Links f\u00fcr einen bequemen und festen Griff, effektiv zu verhindern Verbrennungen. Diese chinesische Wokpfanne ist f\u00fcr den Gebrauch in chinesischen Restaurants, Hotels und Schulkantinen geeignet. Willkommen bei uns. Purecook Kochgeschirr Hersteller bieten Ihnen One-Stop-Gro\u00dfhandel und Customization Services.<\/p>\n<h2><strong><b>Eigenschaften und Vorteile der Wok-Pfanne<\/b><\/strong><\/h2>\n<p><strong>Hochwertiges Material:<\/strong> Aus hochwertigem Edelstahl gefertigt, ist es nicht leicht zu zerkratzen oder zu verschlei\u00dfen, kann h\u00e4ufigen t\u00e4glichen Gebrauch aushalten, hat keine Beschichtung, ist resistent gegen hohe Temperaturen und ist sicher und gesund zu verwenden.<\/p>\n<p><strong>Gute Hitzebest\u00e4ndigkeit:<\/strong> Dreifach-Edelstahl hat eine gute W\u00e4rmeleitf\u00e4higkeit, wodurch die Zutaten schnell und gleichm\u00e4\u00dfig erhitzt werden k\u00f6nnen, was die Speisen noch schmackhafter macht.<\/p>\n<p><strong>Leicht zu reinigen:<\/strong> Die Wok-Pfanne aus Edelstahl ist sehr leicht zu reinigen und kann einfach mit einem weichen Reinigungstuch abgewischt werden. Die starke Korrosionsbest\u00e4ndigkeit und die Anti-Verformungsf\u00e4higkeit sorgen daf\u00fcr, dass die Edelstahlt\u00f6pfe auch nach langem Gebrauch wie neu bleiben.<\/p>\n<p><strong>Gro\u00dfhandelsservice:<\/strong> Als rostfreier Stahl <a href=\"https:\/\/www.purecook.com\/de\/\" target=\"_blank\" rel=\"noopener\"><strong>Kochgeschirrhersteller<\/strong><\/a>Purecook bietet H\u00e4ndlern und Einzelh\u00e4ndlern Wok-Pfannen im Gro\u00dfhandel an und bietet professionelle Anpassungsdienste.<\/p>\n<p><a href=\"https:\/\/www.purecook.com\/de\/custom-solution\/\"><u>Purecook bietet OEM &amp; ODM kundenspezifisches Kochgeschirr<\/u><u>\u00a0L\u00f6sungen.<\/u><\/a><\/p>","protected":false},"featured_media":3184,"comment_status":"closed","ping_status":"closed","template":"","meta":{"_acf_changed":false},"product_brand":[],"product_cat":[24,75],"product_tag":[97,98],"class_list":{"0":"post-3183","1":"product","2":"type-product","3":"status-publish","4":"has-post-thumbnail","6":"product_cat-cookware","7":"product_cat-wok","8":"product_tag-wholesale-commercial-cookware","9":"product_tag-wholesale-home-cookware","11":"first","12":"instock","13":"shipping-taxable","14":"product-type-simple"},"acf":[],"_links":{"self":[{"href":"https:\/\/www.purecook.com\/de\/wp-json\/wp\/v2\/product\/3183","targetHints":{"allow":["GET"]}}],"collection":[{"href":"https:\/\/www.purecook.com\/de\/wp-json\/wp\/v2\/product"}],"about":[{"href":"https:\/\/www.purecook.com\/de\/wp-json\/wp\/v2\/types\/product"}],"replies":[{"embeddable":true,"href":"https:\/\/www.purecook.com\/de\/wp-json\/wp\/v2\/comments?post=3183"}],"wp:featuredmedia":[{"embeddable":true,"href":"https:\/\/www.purecook.com\/de\/wp-json\/wp\/v2\/media\/3184"}],"wp:attachment":[{"href":"https:\/\/www.purecook.com\/de\/wp-json\/wp\/v2\/media?parent=3183"}],"wp:term":[{"taxonomy":"product_brand","embeddable":true,"href":"https:\/\/www.purecook.com\/de\/wp-json\/wp\/v2\/product_brand?post=3183"},{"taxonomy":"product_cat","embeddable":true,"href":"https:\/\/www.purecook.com\/de\/wp-json\/wp\/v2\/product_cat?post=3183"},{"taxonomy":"product_tag","embeddable":true,"href":"https:\/\/www.purecook.com\/de\/wp-json\/wp\/v2\/product_tag?post=3183"}],"curies":[{"name":"wp","href":"https:\/\/api.w.org\/{rel}","templated":true}]}}