{"id":3411,"date":"2024-12-28T15:16:47","date_gmt":"2024-12-27T09:14:19","guid":{"rendered":"https:\/\/www.purecook.com\/?post_type=product&#038;p=3411"},"modified":"2024-12-28T15:20:35","modified_gmt":"2024-12-28T07:20:35","slug":"wholesale-aluminum-cookware-grill-pan","status":"publish","type":"product","link":"https:\/\/www.purecook.com\/de\/product\/wholesale-aluminum-cookware-grill-pan\/","title":{"rendered":"Gro\u00dfhandel Aluminium Kochgeschirr Grillpfanne, tragbare Outdoor-Grillpfanne, Unterst\u00fctzung der Anpassung"},"content":{"rendered":"<div class=\"wp-block-columns is-layout-flex wp-container-core-columns-is-layout-9d6595d7 wp-block-columns-is-layout-flex\">\n<div class=\"wp-block-column is-layout-flow wp-block-column-is-layout-flow\">\n<h3 class=\"wp-block-heading\"><strong>Parameter von Kochgeschirr Grillpfanne<\/strong><\/h3>\n\n\n\n<p><strong>Modellnummer:<\/strong> YF-002<br><strong>Material:<\/strong> Aluminiumdruckguss<br><em>Normale Dicke: <\/em>2,0 mm<br><strong>Gr\u00f6\u00dfe:<\/strong> 30\/34\/38cm<br><strong>Gewicht:<\/strong> 550\/800\/950g<br><strong>Logo:<\/strong> Lasergravur\/gepr\u00e4gter Stempel<br><strong>MOQ:<\/strong> 500 St\u00fcck<\/p>\n<\/div>\n\n\n\n<div class=\"wp-block-column is-layout-flow wp-block-column-is-layout-flow\">\n<h3 class=\"wp-block-heading\"><strong>Kundenspezifische Grillpfannen-Optionen<\/strong><\/h3>\n\n\n\n<p><strong>Logo<\/strong>: Ihr Markenlogo individuell gestalten<br><strong>Die Form:<\/strong> kreative Anpassung<br><strong>Material des Deckels:<\/strong> Stil\/Material<br><strong>Material des Griffs:<\/strong> Stil\/Material<br><strong>Verpackung:<\/strong> Farbige Schachtel\/Karton, etc<br><a href=\"https:\/\/www.purecook.com\/de\/custom-solution\/\" target=\"_blank\" rel=\"noopener\"><u>Erfahren Sie mehr \u00fcber OEM &amp; ODM Custom Cookware Solutions<\/u><\/a><\/p>\n<\/div>\n<\/div>\n\n\n\n<div class=\"wp-block-columns is-layout-flex wp-container-core-columns-is-layout-9d6595d7 wp-block-columns-is-layout-flex\">\n<div class=\"wp-block-column is-layout-flow wp-block-column-is-layout-flow\">\n<figure class=\"wp-block-image size-full\"><img decoding=\"async\" width=\"800\" height=\"800\" src=\"https:\/\/www.purecook.com\/wp-content\/uploads\/2024\/12\/Wholesale-Aluminum-Cookware-Grill-Pan-4.webp\" alt=\"Gro\u00dfhandel Aluminium Kochgeschirr Grillpfanne (4)\" class=\"wp-image-3429\" srcset=\"https:\/\/www.purecook.com\/wp-content\/uploads\/2024\/12\/Wholesale-Aluminum-Cookware-Grill-Pan-4.webp 800w, https:\/\/www.purecook.com\/wp-content\/uploads\/2024\/12\/Wholesale-Aluminum-Cookware-Grill-Pan-4-300x300.webp 300w, https:\/\/www.purecook.com\/wp-content\/uploads\/2024\/12\/Wholesale-Aluminum-Cookware-Grill-Pan-4-150x150.webp 150w, https:\/\/www.purecook.com\/wp-content\/uploads\/2024\/12\/Wholesale-Aluminum-Cookware-Grill-Pan-4-768x768.webp 768w, https:\/\/www.purecook.com\/wp-content\/uploads\/2024\/12\/Wholesale-Aluminum-Cookware-Grill-Pan-4-12x12.webp 12w, https:\/\/www.purecook.com\/wp-content\/uploads\/2024\/12\/Wholesale-Aluminum-Cookware-Grill-Pan-4-600x600.webp 600w, https:\/\/www.purecook.com\/wp-content\/uploads\/2024\/12\/Wholesale-Aluminum-Cookware-Grill-Pan-4-100x100.webp 100w\" sizes=\"(max-width: 800px) 100vw, 800px\" \/><\/figure>\n<\/div>\n\n\n\n<div class=\"wp-block-column is-layout-flow wp-block-column-is-layout-flow\">\n<figure class=\"wp-block-image size-full\"><img decoding=\"async\" width=\"600\" height=\"600\" src=\"https:\/\/www.purecook.com\/wp-content\/uploads\/2024\/12\/Wholesale-Aluminum-Cookware-Grill-Pan\uff085\uff09.webp\" alt=\"Gro\u00dfhandel Aluminium Kochgeschirr Grill Pan\uff085\uff09\" class=\"wp-image-3430\" srcset=\"https:\/\/www.purecook.com\/wp-content\/uploads\/2024\/12\/Wholesale-Aluminum-Cookware-Grill-Pan\uff085\uff09.webp 600w, https:\/\/www.purecook.com\/wp-content\/uploads\/2024\/12\/Wholesale-Aluminum-Cookware-Grill-Pan\uff085\uff09-300x300.webp 300w, https:\/\/www.purecook.com\/wp-content\/uploads\/2024\/12\/Wholesale-Aluminum-Cookware-Grill-Pan\uff085\uff09-150x150.webp 150w, https:\/\/www.purecook.com\/wp-content\/uploads\/2024\/12\/Wholesale-Aluminum-Cookware-Grill-Pan\uff085\uff09-12x12.webp 12w, https:\/\/www.purecook.com\/wp-content\/uploads\/2024\/12\/Wholesale-Aluminum-Cookware-Grill-Pan\uff085\uff09-100x100.webp 100w\" sizes=\"(max-width: 600px) 100vw, 600px\" \/><\/figure>\n<\/div>\n<\/div>\n\n\n\n<p><\/p>","protected":false},"excerpt":{"rendered":"<p>Gro\u00dfhandel Aluminium Kochgeschirr Grillpfanne, Die Kochgeschirr Grillpfanne ist aus hochwertigem Aluminium, die leicht, langlebig und von ausgezeichneter Qualit\u00e4t ist. Es ist eine ideale Wahl f\u00fcr Outdoor-Camping-Grillpartys. Es kann mit einem verbr\u00fchungssicheren Holzgriff kombiniert werden, um Verbrennungen effektiv zu verhindern. <strong>Purecook Kochgeschirr-Hersteller bieten ma\u00dfgeschneiderte L\u00f6sungen aus einer Hand, kontaktieren Sie uns f\u00fcr ein Angebot.<\/strong><\/p>\n<h2><strong><b>Merkmal von Aluminium-Kochgeschirr Grillpfanne<\/b><\/strong><\/h2>\n<p><strong>Hochwertige Materialien:<\/strong> Die Aluminium-Kochgeschirr-Grillpfanne besteht aus hochwertigem, hochreinem Aluminium und wird in einem St\u00fcck mit exquisiter Handwerkskunst druckgegossen.<\/p>\n<p><strong>Gro\u00dfes Format:<\/strong> Diese Aluminium-Kochgeschirr-Grillpfanne hat eine extragro\u00dfe Gr\u00f6\u00dfe und ein geringes Gewicht, die f\u00fcr mehrere Personen geeignet ist und eine ideale Wahl f\u00fcr das Kochen im Freien ist.<\/p>\n<p><strong>Ausgezeichnete W\u00e4rmeleitf\u00e4higkeit:<\/strong> Diese Grillpfanne f\u00fcr den Au\u00dfenbereich verf\u00fcgt \u00fcber eine hervorragende W\u00e4rmeleitf\u00e4higkeit, wodurch die Speisen schneller gleichm\u00e4\u00dfig erhitzt werden und der Brennstoffverbrauch reduziert wird. Sie eignet sich besonders f\u00fcr das schnelle Kochen im Freien.<\/p>\n<p><strong>Leicht zu reinigen:<\/strong> Diese Grillpfanne f\u00fcr den Au\u00dfenbereich hat einen flachen Boden und ist leicht zu reinigen, auch im Freien, sie kann \u00d6l und Speisereste leicht entfernen.<\/p>\n<p><strong>Kundenspezifischer OEM&amp;ODM-Service:<\/strong> Der Hersteller Purecook bietet kundenspezifische L\u00f6sungen f\u00fcr Grillpfannen aus einer Hand, die kundenspezifische Materialien, Gr\u00f6\u00dfen, Verpackungen und mehr umfassen.<\/p>","protected":false},"featured_media":3426,"comment_status":"closed","ping_status":"closed","template":"","meta":{"_acf_changed":false},"product_brand":[],"product_cat":[27,93],"product_tag":[],"class_list":{"0":"post-3411","1":"product","2":"type-product","3":"status-publish","4":"has-post-thumbnail","6":"product_cat-bakeware","7":"product_cat-griddle-pan","9":"first","10":"instock","11":"shipping-taxable","12":"product-type-simple"},"acf":[],"_links":{"self":[{"href":"https:\/\/www.purecook.com\/de\/wp-json\/wp\/v2\/product\/3411","targetHints":{"allow":["GET"]}}],"collection":[{"href":"https:\/\/www.purecook.com\/de\/wp-json\/wp\/v2\/product"}],"about":[{"href":"https:\/\/www.purecook.com\/de\/wp-json\/wp\/v2\/types\/product"}],"replies":[{"embeddable":true,"href":"https:\/\/www.purecook.com\/de\/wp-json\/wp\/v2\/comments?post=3411"}],"wp:featuredmedia":[{"embeddable":true,"href":"https:\/\/www.purecook.com\/de\/wp-json\/wp\/v2\/media\/3426"}],"wp:attachment":[{"href":"https:\/\/www.purecook.com\/de\/wp-json\/wp\/v2\/media?parent=3411"}],"wp:term":[{"taxonomy":"product_brand","embeddable":true,"href":"https:\/\/www.purecook.com\/de\/wp-json\/wp\/v2\/product_brand?post=3411"},{"taxonomy":"product_cat","embeddable":true,"href":"https:\/\/www.purecook.com\/de\/wp-json\/wp\/v2\/product_cat?post=3411"},{"taxonomy":"product_tag","embeddable":true,"href":"https:\/\/www.purecook.com\/de\/wp-json\/wp\/v2\/product_tag?post=3411"}],"curies":[{"name":"wp","href":"https:\/\/api.w.org\/{rel}","templated":true}]}}