{"id":3419,"date":"2024-12-28T15:21:03","date_gmt":"2024-12-27T09:18:25","guid":{"rendered":"https:\/\/www.purecook.com\/?post_type=product&#038;p=3419"},"modified":"2025-04-25T18:51:07","modified_gmt":"2025-04-25T10:51:07","slug":"wholesale-tri-ply-stainless-steel-pot-with-steamer","status":"publish","type":"product","link":"https:\/\/www.purecook.com\/de\/product\/wholesale-tri-ply-stainless-steel-pot-with-steamer\/","title":{"rendered":"Gro\u00dfhandel Tri Ply Edelstahl Topf mit Dampfer: Verdicktes 316l-Edelstahl-Material, Support-Anpassung"},"content":{"rendered":"<div class=\"wp-block-columns is-layout-flex wp-container-core-columns-is-layout-9d6595d7 wp-block-columns-is-layout-flex\">\n<div class=\"wp-block-column is-layout-flow wp-block-column-is-layout-flow\">\n<h3 class=\"wp-block-heading\"><strong>Parameter von Edelstahltopf mit Dampfgarer<\/strong><\/h3>\n\n\n\n<p><strong>Modellnummer:<\/strong> RJJ-029<br><strong>Material:<\/strong> 316\/304 Dreischicht-Edelstahl<br><strong>Normale Dicke:<\/strong> 2,0 mm<br><strong>Gr\u00f6\u00dfe:<\/strong> 20\/22\/24\/26\/28 cm<br><strong>Logo:<\/strong> Lasergravur\/gepr\u00e4gter Stempel<br><strong>MOQ\uff1a<\/strong>500 St\u00fcck<\/p>\n<\/div>\n\n\n\n<div class=\"wp-block-column is-layout-flow wp-block-column-is-layout-flow\">\n<h3 class=\"wp-block-heading\"><strong>Kundenspezifisch <\/strong><strong>Dampfer<\/strong><strong>&nbsp;P<\/strong><strong>ot<\/strong><strong>&nbsp;Optionen<\/strong><strong><\/strong><\/h3>\n\n\n\n<p><strong>Logo:<\/strong> Ihr Markenlogo anpassen<br><strong>Material:<\/strong> SUS304\/SUS316 Dreischichtiger rostfreier Stahl<br><strong>Materialst\u00e4rke: <\/strong>2,0 mm<br><strong>Material des Deckels:<\/strong> Stil\/Material<br><strong>Material des Griffs:<\/strong> Stil\/Material<br><strong>Verpackung:<\/strong> Farbkasten\/Karton, etc<br><a href=\"https:\/\/www.purecook.com\/de\/custom-solution\/\" target=\"_blank\" rel=\"noopener\"><u>Kundenspezifisches Kochgeschirr OEM &amp; ODM<\/u><\/a> <a href=\"https:\/\/www.purecook.com\/de\/custom-solution\/\" target=\"_blank\" rel=\"noopener\"><u>L\u00f6sungen<\/u><\/a><\/p>\n<\/div>\n<\/div>\n\n\n\n<div class=\"wp-block-columns is-layout-flex wp-container-core-columns-is-layout-9d6595d7 wp-block-columns-is-layout-flex\">\n<div class=\"wp-block-column is-layout-flow wp-block-column-is-layout-flow\">\n<figure class=\"wp-block-image size-full\"><img decoding=\"async\" width=\"800\" height=\"800\" src=\"https:\/\/www.purecook.com\/wp-content\/uploads\/2024\/12\/Wholesale-Tri-Ply-Stainless-Steel-Pot-With-Steamer-2.webp\" alt=\"Gro\u00dfhandel Tri Ply Edelstahl Topf mit Dampfer (2)\" class=\"wp-image-3433\" srcset=\"https:\/\/www.purecook.com\/wp-content\/uploads\/2024\/12\/Wholesale-Tri-Ply-Stainless-Steel-Pot-With-Steamer-2.webp 800w, https:\/\/www.purecook.com\/wp-content\/uploads\/2024\/12\/Wholesale-Tri-Ply-Stainless-Steel-Pot-With-Steamer-2-300x300.webp 300w, https:\/\/www.purecook.com\/wp-content\/uploads\/2024\/12\/Wholesale-Tri-Ply-Stainless-Steel-Pot-With-Steamer-2-150x150.webp 150w, https:\/\/www.purecook.com\/wp-content\/uploads\/2024\/12\/Wholesale-Tri-Ply-Stainless-Steel-Pot-With-Steamer-2-768x768.webp 768w, https:\/\/www.purecook.com\/wp-content\/uploads\/2024\/12\/Wholesale-Tri-Ply-Stainless-Steel-Pot-With-Steamer-2-12x12.webp 12w, https:\/\/www.purecook.com\/wp-content\/uploads\/2024\/12\/Wholesale-Tri-Ply-Stainless-Steel-Pot-With-Steamer-2-600x600.webp 600w, https:\/\/www.purecook.com\/wp-content\/uploads\/2024\/12\/Wholesale-Tri-Ply-Stainless-Steel-Pot-With-Steamer-2-100x100.webp 100w\" sizes=\"(max-width: 800px) 100vw, 800px\" \/><\/figure>\n<\/div>\n\n\n\n<div class=\"wp-block-column is-layout-flow wp-block-column-is-layout-flow\">\n<figure class=\"wp-block-image size-full\"><img decoding=\"async\" width=\"800\" height=\"800\" src=\"https:\/\/www.purecook.com\/wp-content\/uploads\/2024\/12\/Wholesale-Tri-Ply-Stainless-Steel-Pot-With-Steamer-3.webp\" alt=\"Gro\u00dfhandel Tri Ply Edelstahl Topf mit Dampfer (3)\" class=\"wp-image-3434\" srcset=\"https:\/\/www.purecook.com\/wp-content\/uploads\/2024\/12\/Wholesale-Tri-Ply-Stainless-Steel-Pot-With-Steamer-3.webp 800w, https:\/\/www.purecook.com\/wp-content\/uploads\/2024\/12\/Wholesale-Tri-Ply-Stainless-Steel-Pot-With-Steamer-3-300x300.webp 300w, https:\/\/www.purecook.com\/wp-content\/uploads\/2024\/12\/Wholesale-Tri-Ply-Stainless-Steel-Pot-With-Steamer-3-150x150.webp 150w, https:\/\/www.purecook.com\/wp-content\/uploads\/2024\/12\/Wholesale-Tri-Ply-Stainless-Steel-Pot-With-Steamer-3-768x768.webp 768w, https:\/\/www.purecook.com\/wp-content\/uploads\/2024\/12\/Wholesale-Tri-Ply-Stainless-Steel-Pot-With-Steamer-3-12x12.webp 12w, https:\/\/www.purecook.com\/wp-content\/uploads\/2024\/12\/Wholesale-Tri-Ply-Stainless-Steel-Pot-With-Steamer-3-600x600.webp 600w, https:\/\/www.purecook.com\/wp-content\/uploads\/2024\/12\/Wholesale-Tri-Ply-Stainless-Steel-Pot-With-Steamer-3-100x100.webp 100w\" sizes=\"(max-width: 800px) 100vw, 800px\" \/><\/figure>\n<\/div>\n<\/div>","protected":false},"excerpt":{"rendered":"<p>Gro\u00dfhandel verdickten gro\u00dfen Edelstahl-Topf mit Dampfer, aus 316l dreischichtigen Edelstahl, hat eine gute W\u00e4rmeleitf\u00e4higkeit und Haltbarkeit, geeignet f\u00fcr den h\u00e4ufigen Gebrauch, und ist eine ideale Wahl f\u00fcr Gro\u00dfk\u00fcchen. Der Griff ist aus Bakelit Material f\u00fcr einen bequemen Griff gemacht. <strong>Wir bieten Gro\u00dfhandel und kundenspezifische Dienstleistungen aus einer Hand, bitte kontaktieren Sie uns.<\/strong><\/p>\n<h2><strong><b>Merkmal des verdickten Edelstahltopfes mit Dampfgarer<\/b><\/strong><\/h2>\n<p><strong>Hochwertige Materialien:<\/strong> Die lebensmittelber\u00fchrende Schicht dieses Edelstahltopfs mit Dampfgarer besteht aus medizinischem 316L-Edelstahl mit glatter und unbeschichteter Oberfl\u00e4che. Er ist nicht nur sicher und umweltfreundlich, sondern bewahrt auch den urspr\u00fcnglichen Geschmack der Lebensmittel.<\/p>\n<p><strong>Gute Haltbarkeit:<\/strong> Der Hauptk\u00f6rper des Edelstahltopfs besteht aus verdicktem, dreilagigem Edelstahl, und der vernietete Griff sorgt daf\u00fcr, dass der Edelstahltopf stabil und zuverl\u00e4ssig ist und sich f\u00fcr den h\u00e4ufigen Gebrauch in Gro\u00dfk\u00fcchen eignet.<\/p>\n<p><strong>Mehrere Gr\u00f6\u00dfen verf\u00fcgbar:<\/strong> Dieser Edelstahltopf mit Dampfgarer ist in verschiedenen Gr\u00f6\u00dfen erh\u00e4ltlich, z. B. 20\/22\/24\/26\/28 cm, die je nach Bedarf mit mehrschichtigen D\u00e4mpfeins\u00e4tzen kombiniert werden k\u00f6nnen.<\/p>\n<p><strong>Geeignet f\u00fcr verschiedene \u00d6fen:<\/strong> Das Hauptmaterial des Edelstahltopfs mit Dampfgarer ist dreifach rostfreier Stahl, der hohen Temperaturen standh\u00e4lt und sich an verschiedene Erhitzungsmethoden anpassen kann, wie z. B. offene Flammen, Induktionsherde, elektrische Keramikherde usw.<\/p>\n<p><strong>Umfangreiche Anpassungsm\u00f6glichkeiten:<\/strong> Wir bieten kundenspezifische Kochgeschirrdienste an, wie z. B. die Art des Dampfgarers, das Material des K\u00f6rpers, das Material des Griffs, das externe Logo und die Art der Verpackung k\u00f6nnen personalisiert werden.<\/p>\n<p><a href=\"https:\/\/www.purecook.com\/de\/custom-solution\/\"><u>Purecook bietet OEM- und ODM-L\u00f6sungen f\u00fcr kundenspezifische Edelstahlt\u00f6pfe.<\/u><\/a><\/p>","protected":false},"featured_media":3432,"comment_status":"closed","ping_status":"closed","template":"","meta":{"_acf_changed":false},"product_brand":[],"product_cat":[79,24],"product_tag":[97],"class_list":{"0":"post-3419","1":"product","2":"type-product","3":"status-publish","4":"has-post-thumbnail","6":"product_cat-steamer-pot","7":"product_cat-cookware","8":"product_tag-wholesale-commercial-cookware","10":"first","11":"instock","12":"shipping-taxable","13":"product-type-simple"},"acf":[],"_links":{"self":[{"href":"https:\/\/www.purecook.com\/de\/wp-json\/wp\/v2\/product\/3419","targetHints":{"allow":["GET"]}}],"collection":[{"href":"https:\/\/www.purecook.com\/de\/wp-json\/wp\/v2\/product"}],"about":[{"href":"https:\/\/www.purecook.com\/de\/wp-json\/wp\/v2\/types\/product"}],"replies":[{"embeddable":true,"href":"https:\/\/www.purecook.com\/de\/wp-json\/wp\/v2\/comments?post=3419"}],"wp:featuredmedia":[{"embeddable":true,"href":"https:\/\/www.purecook.com\/de\/wp-json\/wp\/v2\/media\/3432"}],"wp:attachment":[{"href":"https:\/\/www.purecook.com\/de\/wp-json\/wp\/v2\/media?parent=3419"}],"wp:term":[{"taxonomy":"product_brand","embeddable":true,"href":"https:\/\/www.purecook.com\/de\/wp-json\/wp\/v2\/product_brand?post=3419"},{"taxonomy":"product_cat","embeddable":true,"href":"https:\/\/www.purecook.com\/de\/wp-json\/wp\/v2\/product_cat?post=3419"},{"taxonomy":"product_tag","embeddable":true,"href":"https:\/\/www.purecook.com\/de\/wp-json\/wp\/v2\/product_tag?post=3419"}],"curies":[{"name":"wp","href":"https:\/\/api.w.org\/{rel}","templated":true}]}}