{"id":3438,"date":"2025-01-02T18:24:11","date_gmt":"2024-12-31T07:10:41","guid":{"rendered":"https:\/\/www.purecook.com\/?post_type=product&#038;p=3438"},"modified":"2025-04-27T17:07:15","modified_gmt":"2025-04-27T09:07:15","slug":"wholesale-cookware-sets-with-removable-handles","status":"publish","type":"product","link":"https:\/\/www.purecook.com\/de\/product\/wholesale-cookware-sets-with-removable-handles\/","title":{"rendered":"Gro\u00dfhandel Tri Ply Stahl Kochgeschirr Sets mit abnehmbaren Griffen: Hochtemperatur-Keramikfarbe auf der Oberfl\u00e4che, Unterst\u00fctzung der Anpassung"},"content":{"rendered":"<div class=\"wp-block-columns is-layout-flex wp-container-core-columns-is-layout-9d6595d7 wp-block-columns-is-layout-flex\">\n<div class=\"wp-block-column is-layout-flow wp-block-column-is-layout-flow\">\n<h3 class=\"wp-block-heading\"><strong>Parameter von Kochgeschirr-Sets mit abnehmbaren Griffen<\/strong><\/h3>\n\n\n\n<p><strong>Modellnummer: <\/strong>HH-065<br><strong>Material:<\/strong> 304 dreilagiger Stahl<br><strong>Normale Dicke:<\/strong> 2,0 mm<br><strong>Gr\u00f6\u00dfe:<\/strong> 20\/24\/28 cm<br><strong>Gewicht:<\/strong> 4,5 kg<br><strong>Logo:<\/strong> Lasergravur\/gepr\u00e4gter Stempel<br><strong>MOQ: <\/strong>1000 St\u00fcck<\/p>\n<\/div>\n\n\n\n<div class=\"wp-block-column is-layout-flow wp-block-column-is-layout-flow\">\n<h3 class=\"wp-block-heading\"><strong>Kundenspezifisch <\/strong><strong>Kochgeschirr-Set<\/strong><strong>&nbsp;Optionen<\/strong><strong><\/strong><\/h3>\n\n\n\n<p><strong>Logo:<\/strong> Ihr Markenlogo anpassen<br><strong>Material<\/strong>: SUS304\/SUS316 Dreischichtiger rostfreier Stahl<br><strong>Materialst\u00e4rke:<\/strong> 2,0 mm\/2,3 mm<br><strong>Deckel:<\/strong> Stil\/Material<br><strong>Handgriff:<\/strong> Stil\/Material<br><strong>Behandlung der Kontaktfl\u00e4che:<\/strong> Unbeschichtete\/nicht haftende Beschichtung<br><strong>Verpackung<\/strong>: Farbige Schachtel\/Karton, etc<br><a href=\"https:\/\/www.purecook.com\/de\/custom-solution\/\" target=\"_blank\" rel=\"noopener\"><u>OEM- &amp; ODM-L\u00f6sungen f\u00fcr kundenspezifische Kochgeschirr-Sets<\/u><\/a><\/p>\n<\/div>\n<\/div>\n\n\n\n<div class=\"wp-block-columns is-layout-flex wp-container-core-columns-is-layout-9d6595d7 wp-block-columns-is-layout-flex\">\n<div class=\"wp-block-column is-layout-flow wp-block-column-is-layout-flow\">\n<figure class=\"wp-block-image size-full\"><img decoding=\"async\" src=\"https:\/\/www.purecook.com\/wp-content\/uploads\/2025\/01\/Stainless-Steel-Cookware-Sets-With-Removable-Handles-2.webp\" alt=\"Edelstahl-Kochgeschirr-Sets mit abnehmbaren Griffen (2)\" class=\"wp-image-3460\"\/><\/figure>\n<\/div>\n\n\n\n<div class=\"wp-block-column is-layout-flow wp-block-column-is-layout-flow\">\n<figure class=\"wp-block-image size-full\"><img decoding=\"async\" width=\"800\" height=\"800\" src=\"https:\/\/www.purecook.com\/wp-content\/uploads\/2025\/01\/Stainless-Steel-Cookware-Sets-With-Removable-Handles-5.webp\" alt=\"Edelstahl-Kochgeschirr-Sets mit abnehmbaren Griffen (5)\" class=\"wp-image-3463\" srcset=\"https:\/\/www.purecook.com\/wp-content\/uploads\/2025\/01\/Stainless-Steel-Cookware-Sets-With-Removable-Handles-5.webp 800w, https:\/\/www.purecook.com\/wp-content\/uploads\/2025\/01\/Stainless-Steel-Cookware-Sets-With-Removable-Handles-5-300x300.webp 300w, https:\/\/www.purecook.com\/wp-content\/uploads\/2025\/01\/Stainless-Steel-Cookware-Sets-With-Removable-Handles-5-150x150.webp 150w, https:\/\/www.purecook.com\/wp-content\/uploads\/2025\/01\/Stainless-Steel-Cookware-Sets-With-Removable-Handles-5-768x768.webp 768w, https:\/\/www.purecook.com\/wp-content\/uploads\/2025\/01\/Stainless-Steel-Cookware-Sets-With-Removable-Handles-5-12x12.webp 12w, https:\/\/www.purecook.com\/wp-content\/uploads\/2025\/01\/Stainless-Steel-Cookware-Sets-With-Removable-Handles-5-600x600.webp 600w, https:\/\/www.purecook.com\/wp-content\/uploads\/2025\/01\/Stainless-Steel-Cookware-Sets-With-Removable-Handles-5-100x100.webp 100w\" sizes=\"(max-width: 800px) 100vw, 800px\" \/><\/figure>\n<\/div>\n<\/div>\n\n\n\n<div class=\"wp-block-columns is-layout-flex wp-container-core-columns-is-layout-9d6595d7 wp-block-columns-is-layout-flex\">\n<div class=\"wp-block-column is-layout-flow wp-block-column-is-layout-flow\"><\/div>\n\n\n\n<div class=\"wp-block-column is-layout-flow wp-block-column-is-layout-flow\"><\/div>\n<\/div>","protected":false},"excerpt":{"rendered":"<p>Gro\u00dfhandel Anpassbare Kochgeschirr-Sets mit abnehmbaren Griffen, das Kochgeschirr-Set ist aus hochwertigem dreilagigem Edelstahl-Material mit Hochtemperatur-Keramik-Lack-Beschichtung.mit exquisiten und modischen Form, geeignet f\u00fcr den Einsatz in der Familie gemacht. Willkommen Gro\u00dfh\u00e4ndler, uns zu kontaktieren.<\/p>\n<h2><strong><b>Merkmal von <\/b><\/strong><strong><b>Kochgeschirr-Set<\/b><\/strong><\/h2>\n<p><strong>Hochwertige Materialien:<\/strong> Dieses Kochgeschirr besteht aus dreifach verdicktem Edelstahl 304 und ist an der Au\u00dfenseite mit hochwertiger Keramikfarbe beschichtet, die eine hervorragende W\u00e4rmeleitf\u00e4higkeit und Haltbarkeit aufweist.<\/p>\n<p><strong>Abnehmbarer Griff:<\/strong> Der abnehmbare Griff dieses Kochgeschirrs ist praktisch f\u00fcr die Aufbewahrung und Reinigung und l\u00e4sst sich leicht entfernen und anbringen.<\/p>\n<p><strong>3-teiliges Set:<\/strong> Dieses 3-teilige Kochgeschirrset besteht aus einer Bratpfanne, einem Suppentopf und einem Milchtopf, die den Bed\u00fcrfnissen der meisten Familien entsprechen und beliebig mit anderen T\u00f6pfen von Pureccok kombiniert werden k\u00f6nnen.<\/p>\n<p><strong>Geeignet f\u00fcr verschiedene \u00d6fen:<\/strong> Durch die Verwendung von dreifach rostfreiem Stahl ist dieses Kochgeschirr f\u00fcr verschiedene Erhitzungsmethoden geeignet, z. B. f\u00fcr offene Flammen, Induktionsherde, elektrische Keramikherde usw.<\/p>\n<p><strong>Vielf\u00e4ltige Anpassungsm\u00f6glichkeiten:<\/strong> Purecook bietet OEM- und ODM-Dienstleistungen f\u00fcr kundenspezifisches Kochgeschirr an. Stil, Geh\u00e4usematerial, Griffmaterial, externes Logo und Verpackungsart des Kochgeschirrs k\u00f6nnen individuell angepasst werden.<\/p>\n<p><a href=\"https:\/\/www.purecook.com\/de\/custom-solution\/\"><u>Erfahren Sie mehr \u00fcber unser OEM &amp; ODM-Angebot <\/u><u>Kochgeschirr <\/u><u>L\u00f6sung.<\/u><\/a><\/p>","protected":false},"featured_media":3471,"comment_status":"closed","ping_status":"closed","template":"","meta":{"_acf_changed":false},"product_brand":[],"product_cat":[24,69],"product_tag":[98],"class_list":{"0":"post-3438","1":"product","2":"type-product","3":"status-publish","4":"has-post-thumbnail","6":"product_cat-cookware","7":"product_cat-cookware-sets","8":"product_tag-wholesale-home-cookware","10":"first","11":"instock","12":"shipping-taxable","13":"product-type-simple"},"acf":[],"_links":{"self":[{"href":"https:\/\/www.purecook.com\/de\/wp-json\/wp\/v2\/product\/3438","targetHints":{"allow":["GET"]}}],"collection":[{"href":"https:\/\/www.purecook.com\/de\/wp-json\/wp\/v2\/product"}],"about":[{"href":"https:\/\/www.purecook.com\/de\/wp-json\/wp\/v2\/types\/product"}],"replies":[{"embeddable":true,"href":"https:\/\/www.purecook.com\/de\/wp-json\/wp\/v2\/comments?post=3438"}],"wp:featuredmedia":[{"embeddable":true,"href":"https:\/\/www.purecook.com\/de\/wp-json\/wp\/v2\/media\/3471"}],"wp:attachment":[{"href":"https:\/\/www.purecook.com\/de\/wp-json\/wp\/v2\/media?parent=3438"}],"wp:term":[{"taxonomy":"product_brand","embeddable":true,"href":"https:\/\/www.purecook.com\/de\/wp-json\/wp\/v2\/product_brand?post=3438"},{"taxonomy":"product_cat","embeddable":true,"href":"https:\/\/www.purecook.com\/de\/wp-json\/wp\/v2\/product_cat?post=3438"},{"taxonomy":"product_tag","embeddable":true,"href":"https:\/\/www.purecook.com\/de\/wp-json\/wp\/v2\/product_tag?post=3438"}],"curies":[{"name":"wp","href":"https:\/\/api.w.org\/{rel}","templated":true}]}}