{"id":3505,"date":"2025-01-08T11:14:02","date_gmt":"2025-01-07T08:03:40","guid":{"rendered":"https:\/\/www.purecook.com\/?post_type=product&#038;p=3505"},"modified":"2025-04-25T18:50:15","modified_gmt":"2025-04-25T10:50:15","slug":"wholesale-deluxe-316-triple-stainless-steel-cookware-set","status":"publish","type":"product","link":"https:\/\/www.purecook.com\/de\/product\/wholesale-deluxe-316-triple-stainless-steel-cookware-set\/","title":{"rendered":"Gro\u00dfhandel Deluxe 316 Dreifach-Edelstahl-Kochgeschirr-Set: Nat\u00fcrliche Pfoa-freie Kochgeschirr-Serie"},"content":{"rendered":"<div class=\"wp-block-columns is-layout-flex wp-container-core-columns-is-layout-9d6595d7 wp-block-columns-is-layout-flex\">\n<div class=\"wp-block-column is-layout-flow wp-block-column-is-layout-flow\">\n<h3 class=\"wp-block-heading\"><strong>Parameter des Kochgeschirrsets aus Edelstahl<\/strong><\/h3>\n\n\n\n<p><strong>Modellnummer:<\/strong> HH-066<br><strong>Material: <\/strong>Dreifach-Edelstahl 316<br><strong>Normale Dicke:<\/strong> 2,3 mm<br><strong>Gr\u00f6\u00dfe: <\/strong>Milchtopf 18cm+Dampftopf 24cm+Bratpfanne 26cm+Wok-Topf 32cm<br><strong>Gewicht: <\/strong>9,6 kg<br><strong>Logo:<\/strong> Lasergravur\/gepr\u00e4gter Stempel<br><strong>MOQ: <\/strong>500 Satz<\/p>\n<\/div>\n\n\n\n<div class=\"wp-block-column is-layout-flow wp-block-column-is-layout-flow\">\n<h3 class=\"wp-block-heading\"><strong>Kundenspezifisch <\/strong><strong>Kochgeschirr-Set<\/strong><strong>&nbsp;Optionen<\/strong><strong><\/strong><\/h3>\n\n\n\n<p>L<strong>ogo:<\/strong> Ihr Markenlogo anpassen<br><strong>Material: <\/strong>SUS304\/SUS316\/Dreischicht-Edelstahl<br><strong>Deckel:<\/strong> Stil\/Material<br><strong>Handgriff:<\/strong> Stil\/Material<br><strong>Behandlung der Kontaktfl\u00e4che:<\/strong> Unbeschichtete\/nicht haftende Beschichtung<br><strong>Verpackung:<\/strong> Farbkasten\/Karton, etc<br><a href=\"https:\/\/www.purecook.com\/de\/custom-solution\/\" target=\"_blank\" rel=\"noopener\"><u>OEM- &amp; ODM-L\u00f6sungen f\u00fcr kundenspezifische Kochgeschirr-Sets<\/u><\/a><\/p>\n<\/div>\n<\/div>\n\n\n\n<div class=\"wp-block-columns is-layout-flex wp-container-core-columns-is-layout-9d6595d7 wp-block-columns-is-layout-flex\">\n<div class=\"wp-block-column is-layout-flow wp-block-column-is-layout-flow\">\n<figure class=\"wp-block-image size-full\"><img decoding=\"async\" width=\"1000\" height=\"1000\" src=\"https:\/\/www.purecook.com\/wp-content\/uploads\/2025\/01\/Deluxe-316-Triple-Stainless-Steel-Cookware-Set-3.webp\" alt=\"Deluxe 316 Dreifach-Edelstahl-Kochgeschirr-Set\" class=\"wp-image-3508\" srcset=\"https:\/\/www.purecook.com\/wp-content\/uploads\/2025\/01\/Deluxe-316-Triple-Stainless-Steel-Cookware-Set-3.webp 1000w, https:\/\/www.purecook.com\/wp-content\/uploads\/2025\/01\/Deluxe-316-Triple-Stainless-Steel-Cookware-Set-3-300x300.webp 300w, https:\/\/www.purecook.com\/wp-content\/uploads\/2025\/01\/Deluxe-316-Triple-Stainless-Steel-Cookware-Set-3-150x150.webp 150w, https:\/\/www.purecook.com\/wp-content\/uploads\/2025\/01\/Deluxe-316-Triple-Stainless-Steel-Cookware-Set-3-768x768.webp 768w, https:\/\/www.purecook.com\/wp-content\/uploads\/2025\/01\/Deluxe-316-Triple-Stainless-Steel-Cookware-Set-3-12x12.webp 12w, https:\/\/www.purecook.com\/wp-content\/uploads\/2025\/01\/Deluxe-316-Triple-Stainless-Steel-Cookware-Set-3-600x600.webp 600w, https:\/\/www.purecook.com\/wp-content\/uploads\/2025\/01\/Deluxe-316-Triple-Stainless-Steel-Cookware-Set-3-100x100.webp 100w\" sizes=\"(max-width: 1000px) 100vw, 1000px\" \/><figcaption class=\"wp-element-caption\">Deluxe 316 Dreifach-Edelstahl-Kochgeschirr-Set<\/figcaption><\/figure>\n<\/div>\n\n\n\n<div class=\"wp-block-column is-layout-flow wp-block-column-is-layout-flow\">\n<figure class=\"wp-block-image size-full\"><img decoding=\"async\" width=\"1000\" height=\"1000\" src=\"https:\/\/www.purecook.com\/wp-content\/uploads\/2025\/01\/Deluxe-316-Triple-Stainless-Steel-Cookware-Set-4.webp\" alt=\"Deluxe 316 Dreifach-Edelstahl-Kochgeschirr-Set\" class=\"wp-image-3509\" srcset=\"https:\/\/www.purecook.com\/wp-content\/uploads\/2025\/01\/Deluxe-316-Triple-Stainless-Steel-Cookware-Set-4.webp 1000w, https:\/\/www.purecook.com\/wp-content\/uploads\/2025\/01\/Deluxe-316-Triple-Stainless-Steel-Cookware-Set-4-300x300.webp 300w, https:\/\/www.purecook.com\/wp-content\/uploads\/2025\/01\/Deluxe-316-Triple-Stainless-Steel-Cookware-Set-4-150x150.webp 150w, https:\/\/www.purecook.com\/wp-content\/uploads\/2025\/01\/Deluxe-316-Triple-Stainless-Steel-Cookware-Set-4-768x768.webp 768w, https:\/\/www.purecook.com\/wp-content\/uploads\/2025\/01\/Deluxe-316-Triple-Stainless-Steel-Cookware-Set-4-12x12.webp 12w, https:\/\/www.purecook.com\/wp-content\/uploads\/2025\/01\/Deluxe-316-Triple-Stainless-Steel-Cookware-Set-4-600x600.webp 600w, https:\/\/www.purecook.com\/wp-content\/uploads\/2025\/01\/Deluxe-316-Triple-Stainless-Steel-Cookware-Set-4-100x100.webp 100w\" sizes=\"(max-width: 1000px) 100vw, 1000px\" \/><figcaption class=\"wp-element-caption\">Deluxe 316 Dreifach-Edelstahl-Kochgeschirr-Set<\/figcaption><\/figure>\n<\/div>\n<\/div>","protected":false},"excerpt":{"rendered":"<p>Hochwertige dreilagige Kochgeschirrsets, die zur dreilagigen Edelstahlserie geh\u00f6ren, unbeschichtet, mit hervorragender W\u00e4rmeleitf\u00e4higkeit, verdickten, hochwertigen, pr\u00e4zisionspolierten Griffen, bequemem Griff, PFOA-frei und konform mit den neuen EU-Vorschriften. Wir bieten OEM&amp;ODM kundenspezifische L\u00f6sungen f\u00fcr Kochgeschirr und Gro\u00dfhandelsdienstleistungen f\u00fcr Kochgeschirr, bitte kontaktieren Sie uns.<\/p>\n<h2><strong><b>Merkmale und Vorteile von <\/b><\/strong><strong><b>Kochgeschirr-Set<\/b><\/strong><\/h2>\n<p><strong>Hochwertige Materialien und Handwerkskunst:<\/strong> Die Innenwand dieses dreifachen Edelstahl-Kochgeschirrsets besteht aus hochwertigem medizinischem Edelstahl, der pr\u00e4zise poliert ist und eine glatte Oberfl\u00e4che f\u00fcr bessere Korrosionsbest\u00e4ndigkeit aufweist.<\/p>\n<p><strong>Gesundheit und Sicherheit:<\/strong> Dieses Kochgeschirr aus dreifachem Edelstahl ist unbeschichtet, enth\u00e4lt kein PFOA und ist sicher f\u00fcr den Kontakt mit Lebensmitteln.<\/p>\n<p><strong>Komplettset in Kombinationsausf\u00fchrung<\/strong>: Dieses Kochgeschirrset besteht aus einer Bratpfanne, einem Dampfgarer und einem Milchtopf. Mit nur einem Set kann der gesamte Kochbedarf einer normalen Familie gedeckt werden, was den Bed\u00fcrfnissen des Marktes entspricht. Geeignet f\u00fcr B-End-K\u00e4ufer zum Kauf<\/p>\n<p><strong>Geeignet f\u00fcr verschiedene Kochgeschirre:<\/strong> Das Kochgeschirr ist aus dreifach rostfreiem Stahl gefertigt und eignet sich f\u00fcr verschiedene Erhitzungsmethoden, wie z. B. offene Flammen, Induktionsherde, elektrische Keramikherde usw.<\/p>\n<p><strong>Kundenspezifische OEM&amp;ODM-L\u00f6sungen f\u00fcr Kochgeschirr:<\/strong> Als professioneller Hersteller von Kochgeschirr bietet Purecook eine F\u00fclle von Optionen f\u00fcr individuelles Kochgeschirr, einschlie\u00dflich der Art des Geh\u00e4uses, des Geh\u00e4usematerials, des Griffmaterials, des externen Logos und der Art der Verpackung des Topfes, die personalisiert werden k\u00f6nnen.<\/p>\n<p><a href=\"https:\/\/www.purecook.com\/de\/custom-solution\/\"><u>Purecook bietet OEM &amp; ODM kundenspezifisch an <\/u><u>Kochgeschirr-Set<\/u><u>\u00a0L\u00f6sung.<\/u><\/a><\/p>","protected":false},"featured_media":3506,"comment_status":"closed","ping_status":"closed","template":"","meta":{"_acf_changed":false},"product_brand":[],"product_cat":[69,24],"product_tag":[97],"class_list":{"0":"post-3505","1":"product","2":"type-product","3":"status-publish","4":"has-post-thumbnail","6":"product_cat-cookware-sets","7":"product_cat-cookware","8":"product_tag-wholesale-commercial-cookware","10":"first","11":"instock","12":"shipping-taxable","13":"product-type-simple"},"acf":[],"_links":{"self":[{"href":"https:\/\/www.purecook.com\/de\/wp-json\/wp\/v2\/product\/3505","targetHints":{"allow":["GET"]}}],"collection":[{"href":"https:\/\/www.purecook.com\/de\/wp-json\/wp\/v2\/product"}],"about":[{"href":"https:\/\/www.purecook.com\/de\/wp-json\/wp\/v2\/types\/product"}],"replies":[{"embeddable":true,"href":"https:\/\/www.purecook.com\/de\/wp-json\/wp\/v2\/comments?post=3505"}],"wp:featuredmedia":[{"embeddable":true,"href":"https:\/\/www.purecook.com\/de\/wp-json\/wp\/v2\/media\/3506"}],"wp:attachment":[{"href":"https:\/\/www.purecook.com\/de\/wp-json\/wp\/v2\/media?parent=3505"}],"wp:term":[{"taxonomy":"product_brand","embeddable":true,"href":"https:\/\/www.purecook.com\/de\/wp-json\/wp\/v2\/product_brand?post=3505"},{"taxonomy":"product_cat","embeddable":true,"href":"https:\/\/www.purecook.com\/de\/wp-json\/wp\/v2\/product_cat?post=3505"},{"taxonomy":"product_tag","embeddable":true,"href":"https:\/\/www.purecook.com\/de\/wp-json\/wp\/v2\/product_tag?post=3505"}],"curies":[{"name":"wp","href":"https:\/\/api.w.org\/{rel}","templated":true}]}}