{"id":3511,"date":"2025-01-09T17:21:19","date_gmt":"2025-01-09T09:17:51","guid":{"rendered":"https:\/\/www.purecook.com\/?post_type=product&#038;p=3511"},"modified":"2025-04-27T17:05:13","modified_gmt":"2025-04-27T09:05:13","slug":"wholesale-custom-frying-pans","status":"publish","type":"product","link":"https:\/\/www.purecook.com\/de\/product\/wholesale-custom-frying-pans\/","title":{"rendered":"Benutzerdefinierte Bratpfannen, Gro\u00dfhandel 304 Tri-Ply Edelstahl Bratpfannen: Mehrere Stile f\u00fcr OEM &amp; ODM-Anpassung verf\u00fcgbar"},"content":{"rendered":"<div class=\"wp-block-columns is-layout-flex wp-container-core-columns-is-layout-9d6595d7 wp-block-columns-is-layout-flex\">\n<div class=\"wp-block-column is-layout-flow wp-block-column-is-layout-flow\">\n<h3 class=\"wp-block-heading\"><strong>Parameter der benutzerdefinierten Bratpfanne<\/strong><\/h3>\n\n\n\n<p><strong>Modellnummer:<\/strong> MC-016<br><strong>Material:<\/strong> 304 Tri-Ply-Edelstahl<br><strong>Normale Dicke:<\/strong> 2,0 mm<br><strong>Gr\u00f6\u00dfe:<\/strong> 20\/22\/24\/26 cm<br><strong>Gewicht: <\/strong>0,9-1,8 kg<br><strong>Logo:<\/strong> Lasergravur\/gepr\u00e4gter Stempel<br><strong>MOQ: <\/strong>500 St\u00fcck<\/p>\n<\/div>\n\n\n\n<div class=\"wp-block-column is-layout-flow wp-block-column-is-layout-flow\">\n<h3 class=\"wp-block-heading\"><strong>Individuelle Bratpfannen-Optionen<\/strong><\/h3>\n\n\n\n<p><strong>Logo:<\/strong> Ihr Markenlogo anpassen<br><strong>Material:<\/strong> SUS304\/SUS316\/Dreischicht-Edelstahl<br><strong>Deckel:<\/strong> Stil\/Material<br><strong>Handgriff:<\/strong> Stil\/Material<br><strong>Behandlung der Kontaktfl\u00e4che<\/strong>: Unbeschichtet \/ Antihaftbeschichtung<br><strong>Verpackung:<\/strong> Farbkasten\/Karton, etc<br><a href=\"https:\/\/www.purecook.com\/de\/custom-solution\/\" target=\"_blank\" rel=\"noopener\"><u>OEM &amp; ODM kundenspezifische Bratpfannenl\u00f6sungen<\/u><\/a><\/p>\n<\/div>\n<\/div>\n\n\n\n<div class=\"wp-block-columns is-layout-flex wp-container-core-columns-is-layout-9d6595d7 wp-block-columns-is-layout-flex\">\n<div class=\"wp-block-column is-layout-flow wp-block-column-is-layout-flow\">\n<figure class=\"wp-block-image size-full\"><img decoding=\"async\" width=\"800\" height=\"800\" src=\"https:\/\/www.purecook.com\/wp-content\/uploads\/2025\/01\/304-Tri-Ply-Stainless-Steel-Single-Handle-Frying-Pan-2.webp\" alt=\"304 Tri-Ply Edelstahl Bratpfanne mit einem Handgriff\" class=\"wp-image-3513\" srcset=\"https:\/\/www.purecook.com\/wp-content\/uploads\/2025\/01\/304-Tri-Ply-Stainless-Steel-Single-Handle-Frying-Pan-2.webp 800w, https:\/\/www.purecook.com\/wp-content\/uploads\/2025\/01\/304-Tri-Ply-Stainless-Steel-Single-Handle-Frying-Pan-2-300x300.webp 300w, https:\/\/www.purecook.com\/wp-content\/uploads\/2025\/01\/304-Tri-Ply-Stainless-Steel-Single-Handle-Frying-Pan-2-150x150.webp 150w, https:\/\/www.purecook.com\/wp-content\/uploads\/2025\/01\/304-Tri-Ply-Stainless-Steel-Single-Handle-Frying-Pan-2-768x768.webp 768w, https:\/\/www.purecook.com\/wp-content\/uploads\/2025\/01\/304-Tri-Ply-Stainless-Steel-Single-Handle-Frying-Pan-2-12x12.webp 12w, https:\/\/www.purecook.com\/wp-content\/uploads\/2025\/01\/304-Tri-Ply-Stainless-Steel-Single-Handle-Frying-Pan-2-600x600.webp 600w, https:\/\/www.purecook.com\/wp-content\/uploads\/2025\/01\/304-Tri-Ply-Stainless-Steel-Single-Handle-Frying-Pan-2-100x100.webp 100w\" sizes=\"(max-width: 800px) 100vw, 800px\" \/><figcaption class=\"wp-element-caption\">304 Tri-Ply Edelstahl Bratpfanne mit einem Handgriff<\/figcaption><\/figure>\n<\/div>\n\n\n\n<div class=\"wp-block-column is-layout-flow wp-block-column-is-layout-flow\">\n<figure class=\"wp-block-image size-full\"><img decoding=\"async\" width=\"800\" height=\"800\" src=\"https:\/\/www.purecook.com\/wp-content\/uploads\/2025\/01\/304-Tri-Ply-Stainless-Steel-Single-Handle-Frying-Pan-4.webp\" alt=\"304 Tri-Ply Edelstahl Bratpfanne mit einem Handgriff\" class=\"wp-image-3515\" srcset=\"https:\/\/www.purecook.com\/wp-content\/uploads\/2025\/01\/304-Tri-Ply-Stainless-Steel-Single-Handle-Frying-Pan-4.webp 800w, https:\/\/www.purecook.com\/wp-content\/uploads\/2025\/01\/304-Tri-Ply-Stainless-Steel-Single-Handle-Frying-Pan-4-300x300.webp 300w, https:\/\/www.purecook.com\/wp-content\/uploads\/2025\/01\/304-Tri-Ply-Stainless-Steel-Single-Handle-Frying-Pan-4-150x150.webp 150w, https:\/\/www.purecook.com\/wp-content\/uploads\/2025\/01\/304-Tri-Ply-Stainless-Steel-Single-Handle-Frying-Pan-4-768x768.webp 768w, https:\/\/www.purecook.com\/wp-content\/uploads\/2025\/01\/304-Tri-Ply-Stainless-Steel-Single-Handle-Frying-Pan-4-12x12.webp 12w, https:\/\/www.purecook.com\/wp-content\/uploads\/2025\/01\/304-Tri-Ply-Stainless-Steel-Single-Handle-Frying-Pan-4-600x600.webp 600w, https:\/\/www.purecook.com\/wp-content\/uploads\/2025\/01\/304-Tri-Ply-Stainless-Steel-Single-Handle-Frying-Pan-4-100x100.webp 100w\" sizes=\"(max-width: 800px) 100vw, 800px\" \/><figcaption class=\"wp-element-caption\">304 Tri-Ply Edelstahl Bratpfanne mit einem Handgriff<\/figcaption><\/figure>\n<\/div>\n<\/div>","protected":false},"excerpt":{"rendered":"<p>Gro\u00dfhandel anpassbare Edelstahl Bratpfanne, klassisches Design, keine Beschichtung, PFOA frei. Hergestellt aus dreifachem Edelstahl, hat es eine bessere W\u00e4rmeleitf\u00e4higkeit und Haltbarkeit, und der Griff ist hohl f\u00fcr eine einfachere Bedienung. Purecook bietet professionelle kundenspezifische Bratpfanne Dienstleistungen, willkommen, uns zu kontaktieren.<\/p>\n<h2><strong><b>Merkmale und Vorteile der Bratpfanne<\/b><\/strong><\/h2>\n<p><strong>Hochwertige Materialien:<\/strong> Sie besteht aus verdicktem, dreischichtigem Edelstahl 304, ist unbeschichtet und PFOA-frei, um die Sicherheit beim Kontakt mit Lebensmitteln zu gew\u00e4hrleisten. Der Griff ist geschwei\u00dft, um die Haltbarkeit der Pfanne insgesamt zu gew\u00e4hrleisten.<\/p>\n<p><strong>Gleichm\u00e4\u00dfige W\u00e4rmeleitf\u00e4higkeit:<\/strong> Der Boden dieser Bratpfanne besteht aus einem mehrschichtigen Verbundwerkstoff, der die W\u00e4rme schnell und gleichm\u00e4\u00dfig \u00fcbertr\u00e4gt und ein lokales \u00dcberhitzen oder Festkleben der Zutaten verhindert und f\u00fcr verschiedene Kochmethoden geeignet ist.<\/p>\n<p><strong>Mehrere Spezifikationen:<\/strong> Wir bieten eine Vielzahl von Gr\u00f6\u00dfen von 20cm bis 30cm an und k\u00f6nnen die Anforderungen der verschiedenen Spezifikationen erf\u00fcllen.<\/p>\n<p><strong>Geeignet f\u00fcr verschiedene Herdarten:<\/strong> Das Material des Hauptk\u00f6rpers der Bratpfanne ist hochtemperaturbest\u00e4ndig und eignet sich f\u00fcr eine Vielzahl von W\u00e4rmequellen, darunter Gasherde, Induktionsherde, Keramikherde usw., die f\u00fcr den t\u00e4glichen Familiengebrauch geeignet sind.<\/p>\n<p><strong>OEM- und ODM-Service:<\/strong> Wir bieten ma\u00dfgeschneiderte L\u00f6sungen f\u00fcr Bratpfannen aus einer Hand, und die Art des Bratpfannenk\u00f6rpers, das Material des K\u00f6rpers, das Material des Griffs, das externe Logo und die Art der Verpackung k\u00f6nnen alle angepasst werden.<\/p>\n<p><a href=\"https:\/\/www.purecook.com\/de\/custom-solution\/\"><u>Purecook bietet OEM- und ODM-L\u00f6sungen f\u00fcr kundenspezifische Bratpfannen an.<\/u><\/a><\/p>","protected":false},"featured_media":3516,"comment_status":"closed","ping_status":"closed","template":"","meta":{"_acf_changed":false},"product_brand":[],"product_cat":[71,24],"product_tag":[98],"class_list":{"0":"post-3511","1":"product","2":"type-product","3":"status-publish","4":"has-post-thumbnail","6":"product_cat-frying-pan","7":"product_cat-cookware","8":"product_tag-wholesale-home-cookware","10":"first","11":"instock","12":"shipping-taxable","13":"product-type-simple"},"acf":[],"_links":{"self":[{"href":"https:\/\/www.purecook.com\/de\/wp-json\/wp\/v2\/product\/3511","targetHints":{"allow":["GET"]}}],"collection":[{"href":"https:\/\/www.purecook.com\/de\/wp-json\/wp\/v2\/product"}],"about":[{"href":"https:\/\/www.purecook.com\/de\/wp-json\/wp\/v2\/types\/product"}],"replies":[{"embeddable":true,"href":"https:\/\/www.purecook.com\/de\/wp-json\/wp\/v2\/comments?post=3511"}],"wp:featuredmedia":[{"embeddable":true,"href":"https:\/\/www.purecook.com\/de\/wp-json\/wp\/v2\/media\/3516"}],"wp:attachment":[{"href":"https:\/\/www.purecook.com\/de\/wp-json\/wp\/v2\/media?parent=3511"}],"wp:term":[{"taxonomy":"product_brand","embeddable":true,"href":"https:\/\/www.purecook.com\/de\/wp-json\/wp\/v2\/product_brand?post=3511"},{"taxonomy":"product_cat","embeddable":true,"href":"https:\/\/www.purecook.com\/de\/wp-json\/wp\/v2\/product_cat?post=3511"},{"taxonomy":"product_tag","embeddable":true,"href":"https:\/\/www.purecook.com\/de\/wp-json\/wp\/v2\/product_tag?post=3511"}],"curies":[{"name":"wp","href":"https:\/\/api.w.org\/{rel}","templated":true}]}}