{"id":3680,"date":"2025-02-21T21:47:50","date_gmt":"2025-02-20T09:13:05","guid":{"rendered":"https:\/\/www.purecook.com\/?post_type=product&#038;p=3680"},"modified":"2025-04-27T17:03:39","modified_gmt":"2025-04-27T09:03:39","slug":"wholesale-2l-316-stainless-steel-milk-pot-with-steamer","status":"publish","type":"product","link":"https:\/\/www.purecook.com\/de\/product\/wholesale-2l-316-stainless-steel-milk-pot-with-steamer\/","title":{"rendered":"Gro\u00dfhandel 2.0L 316 Edelstahl Milchtopf mit Dampfgarer | Multifunktionaler Kochtopf f\u00fcr Hausmannskost, PFOA-frei &amp; ungiftig, geeignet f\u00fcr 2-3 Portionen"},"content":{"rendered":"<div class=\"wp-block-columns is-layout-flex wp-container-core-columns-is-layout-9d6595d7 wp-block-columns-is-layout-flex\">\n<div class=\"wp-block-column is-layout-flow wp-block-column-is-layout-flow\">\n<h3 class=\"wp-block-heading\"><strong>Parameter der Edelstahl-Milchkanne<\/strong><\/h3>\n\n\n\n<p><strong>Modellnummer: <\/strong>HH-067<br><strong>Material: <\/strong>316 Dreischichtiger rostfreier Stahl<br><strong>Normale Dicke:<\/strong> 2,0 mm<br><strong>Gr\u00f6\u00dfe:<\/strong> 16cm\/18cm<br><strong>Kapazit\u00e4t: <\/strong>1.5-2.0L<br><strong>Logo: <\/strong>Lasergravur\/gepr\u00e4gter Stempel<br><strong>MOQ: <\/strong>500 St\u00fcck<\/p>\n<\/div>\n\n\n\n<div class=\"wp-block-column is-layout-flow wp-block-column-is-layout-flow\">\n<h3 class=\"wp-block-heading\"><strong>Kundenspezifisch <\/strong><strong>Milchtopf<\/strong><strong>&nbsp;Optionen<\/strong><strong><\/strong><\/h3>\n\n\n\n<p><strong>Logo:<\/strong> Passen Sie Ihr Markenlogo an<br><strong>Material: <\/strong>SUS304 \/ SUS316 Dreischicht-Edelstahl<br><strong>Materialst\u00e4rke: <\/strong>2,0 \/ 2,3 mm<br><strong>Material des Deckels: <\/strong>Stil\/Material<br><strong>Material des Griffs:<\/strong> Stil\/Material<br><strong>Behandlung der Kontaktfl\u00e4che: <\/strong>Unbeschichtet \/ Antihaftbeschichtung<br><strong>Verpackung: <\/strong>Farbkasten\/Karton, etc<br><a href=\"https:\/\/www.purecook.com\/de\/custom-solution\/\" target=\"_blank\" rel=\"noopener\"><u>OEM- &amp; ODM-L\u00f6sungen f\u00fcr kundenspezifische Milcht\u00f6pfe<\/u><\/a><\/p>\n<\/div>\n<\/div>\n\n\n\n<div class=\"wp-block-columns is-layout-flex wp-container-core-columns-is-layout-9d6595d7 wp-block-columns-is-layout-flex\">\n<div class=\"wp-block-column is-layout-flow wp-block-column-is-layout-flow\">\n<figure class=\"wp-block-image size-full\"><img decoding=\"async\" width=\"974\" height=\"974\" src=\"https:\/\/www.purecook.com\/wp-content\/uploads\/2025\/02\/316-stainless-steel-milk-pot-with-steamer-5.webp\" alt=\"Milchk\u00e4nnchen aus Edelstahl 316 mit Dampfgarer (5)\" class=\"wp-image-3703\" srcset=\"https:\/\/www.purecook.com\/wp-content\/uploads\/2025\/02\/316-stainless-steel-milk-pot-with-steamer-5.webp 974w, https:\/\/www.purecook.com\/wp-content\/uploads\/2025\/02\/316-stainless-steel-milk-pot-with-steamer-5-300x300.webp 300w, https:\/\/www.purecook.com\/wp-content\/uploads\/2025\/02\/316-stainless-steel-milk-pot-with-steamer-5-150x150.webp 150w, https:\/\/www.purecook.com\/wp-content\/uploads\/2025\/02\/316-stainless-steel-milk-pot-with-steamer-5-768x768.webp 768w, https:\/\/www.purecook.com\/wp-content\/uploads\/2025\/02\/316-stainless-steel-milk-pot-with-steamer-5-12x12.webp 12w, https:\/\/www.purecook.com\/wp-content\/uploads\/2025\/02\/316-stainless-steel-milk-pot-with-steamer-5-600x600.webp 600w, https:\/\/www.purecook.com\/wp-content\/uploads\/2025\/02\/316-stainless-steel-milk-pot-with-steamer-5-100x100.webp 100w\" sizes=\"(max-width: 974px) 100vw, 974px\" \/><\/figure>\n<\/div>\n\n\n\n<div class=\"wp-block-column is-layout-flow wp-block-column-is-layout-flow\">\n<figure class=\"wp-block-image size-full\"><img decoding=\"async\" width=\"750\" height=\"750\" src=\"https:\/\/www.purecook.com\/wp-content\/uploads\/2025\/02\/316-stainless-steel-milk-pot-with-steamer-6.webp\" alt=\"Milchk\u00e4nnchen aus Edelstahl 316 mit Dampfgarer (6)\" class=\"wp-image-3704\" srcset=\"https:\/\/www.purecook.com\/wp-content\/uploads\/2025\/02\/316-stainless-steel-milk-pot-with-steamer-6.webp 750w, https:\/\/www.purecook.com\/wp-content\/uploads\/2025\/02\/316-stainless-steel-milk-pot-with-steamer-6-300x300.webp 300w, https:\/\/www.purecook.com\/wp-content\/uploads\/2025\/02\/316-stainless-steel-milk-pot-with-steamer-6-150x150.webp 150w, https:\/\/www.purecook.com\/wp-content\/uploads\/2025\/02\/316-stainless-steel-milk-pot-with-steamer-6-12x12.webp 12w, https:\/\/www.purecook.com\/wp-content\/uploads\/2025\/02\/316-stainless-steel-milk-pot-with-steamer-6-600x600.webp 600w, https:\/\/www.purecook.com\/wp-content\/uploads\/2025\/02\/316-stainless-steel-milk-pot-with-steamer-6-100x100.webp 100w\" sizes=\"(max-width: 750px) 100vw, 750px\" \/><\/figure>\n<\/div>\n<\/div>","protected":false},"excerpt":{"rendered":"<p>Gro\u00dfhandel stilvolle 316 Edelstahl Milchtopf mit Dampfer, der Dampfer Design bietet mehr Kochm\u00f6glichkeiten, kann verwendet werden, um Milch zu kochen, machen Marmelade, und kann auch verwendet werden, um Lebensmittel zu d\u00e4mpfen. Passen Sie sich an eine Vielzahl von Herden, einschlie\u00dflich Induktionsherde, Gasherde, usw., verwenden Sie alle Arten von K\u00fcchen. Wir bieten auch OEM\/ODM-Anpassung Dienstleistungen, ideal f\u00fcr Catering-Unternehmen, Hotel-Lieferanten, Gro\u00dfh\u00e4ndler Beschaffung braucht. Kontaktieren Sie uns f\u00fcr ein Angebot.<\/p>\n<h2><strong><b>Merkmale und Vorteile von rostfreiem Stahl\u00a0<\/b><\/strong><strong><b>Milchtopf<\/b><\/strong><\/h2>\n<p><strong>Edelstahl 316 in medizinischer Qualit\u00e4t:<\/strong> Edelstahl 316 zeichnet sich durch seine Langlebigkeit und gesundheitliche Unbedenklichkeit aus. Milchk\u00e4nnchen aus diesem Material sind besonders widerstandsf\u00e4hig gegen Korrosion durch saure oder alkalische Zutaten.<\/p>\n<p><strong>Multifunktionales Design:<\/strong> Der Milchtopf aus Edelstahl ist mit einem D\u00e4mpfeinsatz ausgestattet, der nicht nur zum Kochen von Milch und zum Zubereiten von Marmelade verwendet werden kann, sondern auch zum D\u00e4mpfen von Kn\u00f6deln, Kuchen und anderen Lebensmitteln, wobei mehrere Kochfunktionen wie D\u00e4mpfen, Kochen und Schmoren m\u00f6glich sind.<\/p>\n<p><strong>Geeignet f\u00fcr 2-3 Personen:<\/strong> Das Fassungsverm\u00f6gen von 2,0 Litern eignet sich sehr gut f\u00fcr das t\u00e4gliche Kochen in der Familie und ist f\u00fcr die Kochbed\u00fcrfnisse von Kleinfamilien oder Einzelpersonen sehr gut geeignet.<\/p>\n<p><strong>Geeignet f\u00fcr verschiedene \u00d6fen:<\/strong> Der Milchtopf aus Edelstahl ist mit einer Vielzahl von Kochger\u00e4ten kompatibel, darunter Induktionsherde, Gasherde und Ceranfelder, und bietet somit einen hohen Komfort.<\/p>\n<p><strong>Ma\u00dfgeschneiderter Service:<\/strong> Purecook bietet eine breite Palette an ma\u00dfgeschneiderten Kochgeschirr-Dienstleistungen, die Unternehmen bei der Personalisierung ihrer Marke helfen, wenn sie in gro\u00dfen Mengen einkaufen, und die f\u00fcr Hotels, Catering-Unternehmen und H\u00e4ndler, die in gro\u00dfen Mengen einkaufen, geeignet sind.<\/p>\n<p><a href=\"https:\/\/www.purecook.com\/de\/custom-solution\/\"><u>Purecook bietet OEM &amp; ODM kundenspezifische <\/u><u>Milchk\u00e4nnchen<\/u><u>\u00a0L\u00f6sungen.<\/u><\/a><\/p>\n<p>&nbsp;<\/p>","protected":false},"featured_media":3699,"comment_status":"closed","ping_status":"closed","template":"","meta":{"_acf_changed":false},"product_brand":[],"product_cat":[76,24,80],"product_tag":[98],"class_list":{"0":"post-3680","1":"product","2":"type-product","3":"status-publish","4":"has-post-thumbnail","6":"product_cat-sauce-pan","7":"product_cat-cookware","8":"product_cat-milk-pot","9":"product_tag-wholesale-home-cookware","11":"first","12":"instock","13":"shipping-taxable","14":"product-type-simple"},"acf":[],"_links":{"self":[{"href":"https:\/\/www.purecook.com\/de\/wp-json\/wp\/v2\/product\/3680","targetHints":{"allow":["GET"]}}],"collection":[{"href":"https:\/\/www.purecook.com\/de\/wp-json\/wp\/v2\/product"}],"about":[{"href":"https:\/\/www.purecook.com\/de\/wp-json\/wp\/v2\/types\/product"}],"replies":[{"embeddable":true,"href":"https:\/\/www.purecook.com\/de\/wp-json\/wp\/v2\/comments?post=3680"}],"wp:featuredmedia":[{"embeddable":true,"href":"https:\/\/www.purecook.com\/de\/wp-json\/wp\/v2\/media\/3699"}],"wp:attachment":[{"href":"https:\/\/www.purecook.com\/de\/wp-json\/wp\/v2\/media?parent=3680"}],"wp:term":[{"taxonomy":"product_brand","embeddable":true,"href":"https:\/\/www.purecook.com\/de\/wp-json\/wp\/v2\/product_brand?post=3680"},{"taxonomy":"product_cat","embeddable":true,"href":"https:\/\/www.purecook.com\/de\/wp-json\/wp\/v2\/product_cat?post=3680"},{"taxonomy":"product_tag","embeddable":true,"href":"https:\/\/www.purecook.com\/de\/wp-json\/wp\/v2\/product_tag?post=3680"}],"curies":[{"name":"wp","href":"https:\/\/api.w.org\/{rel}","templated":true}]}}