{"id":4031,"date":"2025-07-09T09:26:56","date_gmt":"2025-07-07T05:52:18","guid":{"rendered":"https:\/\/www.purecook.com\/?post_type=product&#038;p=4031"},"modified":"2025-07-09T10:01:48","modified_gmt":"2025-07-09T02:01:48","slug":"wholesale-4-piece-outdoor-cookware-set","status":"publish","type":"product","link":"https:\/\/www.purecook.com\/de\/product\/wholesale-4-piece-outdoor-cookware-set\/","title":{"rendered":"Gro\u00dfhandel Outdoor 304 Edelstahl Kochgeschirr Set (4 St\u00fcck stapelbar)"},"content":{"rendered":"<div class=\"wp-block-columns is-layout-flex wp-container-core-columns-is-layout-9d6595d7 wp-block-columns-is-layout-flex\">\n<div class=\"wp-block-column is-layout-flow wp-block-column-is-layout-flow\">\n<h3 class=\"wp-block-heading\">Parameter des Kochgeschirrsets<\/h3>\n\n\n\n<p><strong>Material:<\/strong> Rostfreier Stahl 304<br><strong>Normale Dicke:<\/strong> 0,5 mm<br><strong>Gr\u00f6\u00dfe:<\/strong> 4er-Satz<br><strong>Kapazit\u00e4t: <\/strong>\/<br><strong>Gewicht: <\/strong>&gt;2,0kg<br><strong>Logo:<\/strong> Lasergravur\/gepr\u00e4gter Stempel<br><strong>MOQ: <\/strong>500 St\u00fcck<\/p>\n<\/div>\n\n\n\n<div class=\"wp-block-column is-layout-flow wp-block-column-is-layout-flow\">\n<h3 class=\"wp-block-heading\">Optionen f\u00fcr individuelle Kochgeschirr-Sets<\/h3>\n\n\n\n<p>Logo: Passen Sie Ihr Markenlogo an<br>Material: Rostfreier Stahl SUS304\/SUS201<br>Materialst\u00e4rke\uff1a0,45\/0,55\/0,6 mm<br>Material des Deckels:Stil\/Material<br>Material des Griffs: Stil\/Material<br>Behandlung der Kontaktfl\u00e4che:Unbeschichtet\/Antihaftbeschichtung<br>Verpackung: Farbkasten\/Karton, etc<br><a href=\"https:\/\/www.purecook.com\/de\/custom-solution\/\" target=\"_blank\" rel=\"noopener\"><u>OEM- &amp; ODM-L\u00f6sungen f\u00fcr kundenspezifische Kochgeschirr-Sets<\/u><\/a><\/p>\n<\/div>\n<\/div>\n\n\n\n<div class=\"wp-block-columns is-layout-flex wp-container-core-columns-is-layout-9d6595d7 wp-block-columns-is-layout-flex\">\n<div class=\"wp-block-column is-layout-flow wp-block-column-is-layout-flow\">\n<figure class=\"wp-block-image size-full\"><img decoding=\"async\" width=\"800\" height=\"800\" src=\"https:\/\/www.purecook.com\/wp-content\/uploads\/2025\/07\/Outdoor-304-Stainless-Steel-Cookware-Set-4.webp\" alt=\"Outdoor 304 Edelstahl Kochgeschirr Set\" class=\"wp-image-4035\" srcset=\"https:\/\/www.purecook.com\/wp-content\/uploads\/2025\/07\/Outdoor-304-Stainless-Steel-Cookware-Set-4.webp 800w, https:\/\/www.purecook.com\/wp-content\/uploads\/2025\/07\/Outdoor-304-Stainless-Steel-Cookware-Set-4-300x300.webp 300w, https:\/\/www.purecook.com\/wp-content\/uploads\/2025\/07\/Outdoor-304-Stainless-Steel-Cookware-Set-4-150x150.webp 150w, https:\/\/www.purecook.com\/wp-content\/uploads\/2025\/07\/Outdoor-304-Stainless-Steel-Cookware-Set-4-768x768.webp 768w, https:\/\/www.purecook.com\/wp-content\/uploads\/2025\/07\/Outdoor-304-Stainless-Steel-Cookware-Set-4-12x12.webp 12w, https:\/\/www.purecook.com\/wp-content\/uploads\/2025\/07\/Outdoor-304-Stainless-Steel-Cookware-Set-4-600x600.webp 600w, https:\/\/www.purecook.com\/wp-content\/uploads\/2025\/07\/Outdoor-304-Stainless-Steel-Cookware-Set-4-100x100.webp 100w\" sizes=\"(max-width: 800px) 100vw, 800px\" \/><figcaption class=\"wp-element-caption\">Outdoor 304 Edelstahl Kochgeschirr Set<\/figcaption><\/figure>\n<\/div>\n\n\n\n<div class=\"wp-block-column is-layout-flow wp-block-column-is-layout-flow\">\n<figure class=\"wp-block-image size-full\"><img decoding=\"async\" width=\"800\" height=\"800\" src=\"https:\/\/www.purecook.com\/wp-content\/uploads\/2025\/07\/Outdoor-304-Stainless-Steel-Cookware-Set-3.webp\" alt=\"Outdoor 304 Edelstahl Kochgeschirr Set\" class=\"wp-image-4034\" srcset=\"https:\/\/www.purecook.com\/wp-content\/uploads\/2025\/07\/Outdoor-304-Stainless-Steel-Cookware-Set-3.webp 800w, https:\/\/www.purecook.com\/wp-content\/uploads\/2025\/07\/Outdoor-304-Stainless-Steel-Cookware-Set-3-300x300.webp 300w, https:\/\/www.purecook.com\/wp-content\/uploads\/2025\/07\/Outdoor-304-Stainless-Steel-Cookware-Set-3-150x150.webp 150w, https:\/\/www.purecook.com\/wp-content\/uploads\/2025\/07\/Outdoor-304-Stainless-Steel-Cookware-Set-3-768x768.webp 768w, https:\/\/www.purecook.com\/wp-content\/uploads\/2025\/07\/Outdoor-304-Stainless-Steel-Cookware-Set-3-12x12.webp 12w, https:\/\/www.purecook.com\/wp-content\/uploads\/2025\/07\/Outdoor-304-Stainless-Steel-Cookware-Set-3-600x600.webp 600w, https:\/\/www.purecook.com\/wp-content\/uploads\/2025\/07\/Outdoor-304-Stainless-Steel-Cookware-Set-3-100x100.webp 100w\" sizes=\"(max-width: 800px) 100vw, 800px\" \/><figcaption class=\"wp-element-caption\">Outdoor 304 Edelstahl Kochgeschirr Set<\/figcaption><\/figure>\n<\/div>\n<\/div>","protected":false},"excerpt":{"rendered":"<p class=\"p1\">Dieses vierteilige Outdoor-Kochgeschirr-Gro\u00dfhandelsset umfasst einen Suppentopf, einen Tragetopf, eine Bratpfanne und einen Wasserkocher. Es besteht aus lebensmittelechtem Edelstahl 304 mit polierter Oberfl\u00e4che, ist stapelbar, langlebig und kompatibel mit offenen Flammen, Keramikherden und Induktionsherden. <strong>Kontaktieren Sie uns f\u00fcr Angebote aus dem Gro\u00dfhandel.<\/strong><\/p>\n<h2><strong><b>Eigenschaften des Outdoor-Kochgeschirr-Sets<\/b><\/strong><\/h2>\n<p><strong>Hochwertiger rostfreier Stahl 304:<\/strong> Das Kochgeschirr besteht aus hochwertigem, lebensmittelechtem Edelstahl 304 mit polierter Oberfl\u00e4che. Es ist lebensmittelecht, rostfrei, langlebig und f\u00fcr den Au\u00dfeneinsatz geeignet.<\/p>\n<p><strong>Komplettes 4-teiliges Set:<\/strong> Das vierteilige Kochgeschirrset besteht aus einem Suppentopf, einem tragbaren Topf, einer Bratpfanne und einem Wasserkocher, um verschiedene Bed\u00fcrfnisse beim Kochen im Freien zu erf\u00fcllen, und ist f\u00fcr Aufgaben wie Kochen, Braten, Erhitzen und Servieren geeignet.<\/p>\n<p><strong>Stapelbar und tragbares Design:<\/strong> Das stapelbare Design spart Stauraum und ist leicht zu tragen, wodurch es sich ideal f\u00fcr kompakte Rucks\u00e4cke f\u00fcr Outdoor-Aktivit\u00e4ten eignet.<\/p>\n<p><strong>Kompatibel mit mehreren W\u00e4rmequellen:<\/strong> Der Boden des Kochgeschirrs ist so konzipiert, dass er hohen Temperaturen standh\u00e4lt und mit Herden wie offenen Flammen, Induktionsherden und elektrischen Keramikkochern kompatibel ist, was ihn zur idealen Wahl f\u00fcr modernes oder traditionelles Kochen im Freien macht.<\/p>\n<p><strong>Vollst\u00e4ndig anpassbar f\u00fcr B2B-K\u00e4ufer:<\/strong> Zu den einfachen Anpassungsoptionen geh\u00f6ren kundenspezifische Markenlogos und Verpackungsarten; die tiefgreifende Anpassung umfasst kundenspezifische Becherformen, Bechermaterialien, Griffarten, Oberfl\u00e4chenbehandlungen usw.<\/p>\n<p><a href=\"https:\/\/www.purecook.com\/de\/custom-solution\/\" target=\"_blank\" rel=\"noopener\"><u>Purecook bietet OEM &amp; ODM kundenspezifische<\/u><u>\u00a0c<\/u><u>Geschirrset<\/u><u>\u00a0solu<\/u><u>tionen.<\/u><\/a><\/p>","protected":false},"featured_media":4036,"comment_status":"closed","ping_status":"closed","template":"","meta":{"_acf_changed":false},"product_brand":[],"product_cat":[69,24],"product_tag":[96],"class_list":{"0":"post-4031","1":"product","2":"type-product","3":"status-publish","4":"has-post-thumbnail","6":"product_cat-cookware-sets","7":"product_cat-cookware","8":"product_tag-wholesale-outdoor-cookware","10":"first","11":"instock","12":"shipping-taxable","13":"product-type-simple"},"acf":[],"_links":{"self":[{"href":"https:\/\/www.purecook.com\/de\/wp-json\/wp\/v2\/product\/4031","targetHints":{"allow":["GET"]}}],"collection":[{"href":"https:\/\/www.purecook.com\/de\/wp-json\/wp\/v2\/product"}],"about":[{"href":"https:\/\/www.purecook.com\/de\/wp-json\/wp\/v2\/types\/product"}],"replies":[{"embeddable":true,"href":"https:\/\/www.purecook.com\/de\/wp-json\/wp\/v2\/comments?post=4031"}],"wp:featuredmedia":[{"embeddable":true,"href":"https:\/\/www.purecook.com\/de\/wp-json\/wp\/v2\/media\/4036"}],"wp:attachment":[{"href":"https:\/\/www.purecook.com\/de\/wp-json\/wp\/v2\/media?parent=4031"}],"wp:term":[{"taxonomy":"product_brand","embeddable":true,"href":"https:\/\/www.purecook.com\/de\/wp-json\/wp\/v2\/product_brand?post=4031"},{"taxonomy":"product_cat","embeddable":true,"href":"https:\/\/www.purecook.com\/de\/wp-json\/wp\/v2\/product_cat?post=4031"},{"taxonomy":"product_tag","embeddable":true,"href":"https:\/\/www.purecook.com\/de\/wp-json\/wp\/v2\/product_tag?post=4031"}],"curies":[{"name":"wp","href":"https:\/\/api.w.org\/{rel}","templated":true}]}}