{"id":4044,"date":"2025-02-26T10:54:00","date_gmt":"2025-02-26T02:54:00","guid":{"rendered":"https:\/\/www.purecook.com\/?post_type=product&#038;p=4044"},"modified":"2025-07-23T18:33:16","modified_gmt":"2025-07-23T10:33:16","slug":"wholesale-3-tier-stainless-steel-steamer-pots","status":"publish","type":"product","link":"https:\/\/www.purecook.com\/de\/product\/wholesale-3-tier-stainless-steel-steamer-pots\/","title":{"rendered":"Gro\u00dfhandel 3 Tier Dampft\u00f6pfe - Lebensmittel-Grade SUS304 Material"},"content":{"rendered":"<div class=\"wp-block-columns is-layout-flex wp-container-core-columns-is-layout-9d6595d7 wp-block-columns-is-layout-flex\">\n<div class=\"wp-block-column is-layout-flow wp-block-column-is-layout-flow\">\n<h3 class=\"wp-block-heading\">Parameter des 3-stufigen Dampfgarers<\/h3>\n\n\n\n<p><strong>Material:<\/strong> Rostfreier Stahl 304<br><strong>Normale Dicke:<\/strong> 2,2 mm<br><strong>Gr\u00f6\u00dfe:<\/strong> 32cm<br><strong>Kapazit\u00e4t: <\/strong>\/<br><strong>Gewicht:<\/strong> &gt;1,50kg<br><strong>Logo:<\/strong> Lasergravur\/gepr\u00e4gter Stempel<br><strong>MOQ: <\/strong>500 St\u00fcck<\/p>\n<\/div>\n\n\n\n<div class=\"wp-block-column is-layout-flow wp-block-column-is-layout-flow\">\n<h3 class=\"wp-block-heading\">Kundenspezifische Dampftopf-Optionen<\/h3>\n\n\n\n<p><strong>Logo: <\/strong>Passen Sie Ihr Markenlogo an<br><strong>Material: <\/strong>Dreifach-Edelstahl \/ SUS304 \/ SUS201 \/ SUS316<br><strong>Dicke des Materials: <\/strong>2,0\/2,3\/2,5\/2,8 mm<br><strong>Material des Deckels: <\/strong> Stil\/Material<br><strong>Material des Griffs:<\/strong> Stil\/Material<br><strong>Kontakt Oberfl\u00e4chenbehandlung:<\/strong> Unbeschichtete\/nicht haftende Beschichtung<br><strong>Verpackung:<\/strong> Farbige Schachtel\/Karton, etc.<br><a href=\"https:\/\/www.purecook.com\/de\/custom-solution\/\" target=\"_blank\" rel=\"noopener\"><u>OEM &amp; ODM Kundenspezifische Dampftopf-L\u00f6sungen<\/u><\/a><\/p>\n<\/div>\n<\/div>\n\n\n\n<div class=\"wp-block-columns is-layout-flex wp-container-core-columns-is-layout-9d6595d7 wp-block-columns-is-layout-flex\">\n<div class=\"wp-block-column is-layout-flow wp-block-column-is-layout-flow\"><div class=\"wp-block-image\">\n<figure class=\"aligncenter size-full\"><img decoding=\"async\" width=\"800\" height=\"800\" src=\"https:\/\/www.purecook.com\/wp-content\/uploads\/2025\/07\/304-triple-stainless-steel-steamer-pot-5.webp\" alt=\"304 Dreifach-Edelstahl-Dampfkochtopf\" class=\"wp-image-4043\" srcset=\"https:\/\/www.purecook.com\/wp-content\/uploads\/2025\/07\/304-triple-stainless-steel-steamer-pot-5.webp 800w, https:\/\/www.purecook.com\/wp-content\/uploads\/2025\/07\/304-triple-stainless-steel-steamer-pot-5-300x300.webp 300w, https:\/\/www.purecook.com\/wp-content\/uploads\/2025\/07\/304-triple-stainless-steel-steamer-pot-5-150x150.webp 150w, https:\/\/www.purecook.com\/wp-content\/uploads\/2025\/07\/304-triple-stainless-steel-steamer-pot-5-768x768.webp 768w, https:\/\/www.purecook.com\/wp-content\/uploads\/2025\/07\/304-triple-stainless-steel-steamer-pot-5-12x12.webp 12w, https:\/\/www.purecook.com\/wp-content\/uploads\/2025\/07\/304-triple-stainless-steel-steamer-pot-5-600x600.webp 600w, https:\/\/www.purecook.com\/wp-content\/uploads\/2025\/07\/304-triple-stainless-steel-steamer-pot-5-100x100.webp 100w\" sizes=\"(max-width: 800px) 100vw, 800px\" \/><figcaption class=\"wp-element-caption\">304 Dreifach-Edelstahl-Dampfkochtopf<\/figcaption><\/figure>\n<\/div><\/div>\n\n\n\n<div class=\"wp-block-column is-layout-flow wp-block-column-is-layout-flow\"><div class=\"wp-block-image\">\n<figure class=\"aligncenter size-full\"><img decoding=\"async\" width=\"1600\" height=\"1600\" src=\"https:\/\/www.purecook.com\/wp-content\/uploads\/2025\/07\/304-triple-stainless-steel-steamer-pot-4.webp\" alt=\"304 Dreifach-Edelstahl-Dampfkochtopf\" class=\"wp-image-4042\" srcset=\"https:\/\/www.purecook.com\/wp-content\/uploads\/2025\/07\/304-triple-stainless-steel-steamer-pot-4.webp 1600w, https:\/\/www.purecook.com\/wp-content\/uploads\/2025\/07\/304-triple-stainless-steel-steamer-pot-4-300x300.webp 300w, https:\/\/www.purecook.com\/wp-content\/uploads\/2025\/07\/304-triple-stainless-steel-steamer-pot-4-150x150.webp 150w, https:\/\/www.purecook.com\/wp-content\/uploads\/2025\/07\/304-triple-stainless-steel-steamer-pot-4-768x768.webp 768w, https:\/\/www.purecook.com\/wp-content\/uploads\/2025\/07\/304-triple-stainless-steel-steamer-pot-4-12x12.webp 12w, https:\/\/www.purecook.com\/wp-content\/uploads\/2025\/07\/304-triple-stainless-steel-steamer-pot-4-600x600.webp 600w, https:\/\/www.purecook.com\/wp-content\/uploads\/2025\/07\/304-triple-stainless-steel-steamer-pot-4-100x100.webp 100w\" sizes=\"(max-width: 1600px) 100vw, 1600px\" \/><figcaption class=\"wp-element-caption\">304 Dreifach-Edelstahl-Dampfkochtopf<\/figcaption><\/figure>\n<\/div><\/div>\n<\/div>","protected":false},"excerpt":{"rendered":"<p>Gro\u00dfhandel 3-Etagen-Edelstahl-Dampfkocht\u00f6pfe. Hergestellt aus lebensmittelechtem Edelstahl 304, mit patentiertem Hochbogendeckel und ergonomischen Griffen. Erm\u00f6glicht effizientes Kochen auf mehreren Ebenen. Kontaktieren Sie uns f\u00fcr ein Angebot.<\/p>\n<h2><strong><b>Merkmale des 3-stufigen Dampfgarers<\/b><\/strong><\/h2>\n<p><strong>Dreistufiges modulares D\u00e4mpfsystem:<\/strong> Der Dampfkochtopf ist aus lebensmittelechtem SUS304-Edelstahl gefertigt und enth\u00e4lt drei herausnehmbare D\u00e4mpfeins\u00e4tze, die f\u00fcr maximale Kapazit\u00e4t gestapelt werden k\u00f6nnen.<\/p>\n<p><strong>Hochgew\u00f6lbter Deckel:<\/strong> Der Dampfkochtopf hat 20% mehr Platz als ein normaler Dampfkochtopf, so dass auch gro\u00dfe oder hohe Speisen ged\u00e4mpft werden k\u00f6nnen.<\/p>\n<p><strong>Ergonomischer Griff:<\/strong> Der gebogene \"Ohr\"-Griff ist ergonomisch, unterst\u00fctzt eine arbeitssparende Bedienung und erh\u00f6ht die Sicherheit.<\/p>\n<p><strong>Gro\u00dfhandel f\u00fcr Kochgeschirr:<\/strong> Wir bieten Ihnen Gro\u00dfhandelsl\u00f6sungen f\u00fcr Kochgeschirr zu Fabrikpreisen, die Ihnen helfen, mehr Gewinn zu machen, und die f\u00fcr Distributoren, Einzelh\u00e4ndler und Gro\u00dfh\u00e4ndler geeignet sind.<\/p>\n<p><a href=\"https:\/\/www.purecook.com\/de\/custom-solution\/\"><u>Purecook bietet OEM &amp; ODM kundenspezifische<\/u><u> Kochgeschirr<\/u><u>\u00a0solu<\/u><u>tionen.<\/u><\/a><\/p>","protected":false},"featured_media":4040,"comment_status":"closed","ping_status":"closed","template":"","meta":{"_acf_changed":false},"product_brand":[],"product_cat":[24,70,79],"product_tag":[98],"class_list":{"0":"post-4044","1":"product","2":"type-product","3":"status-publish","4":"has-post-thumbnail","6":"product_cat-cookware","7":"product_cat-soup-and-stock-pots","8":"product_cat-steamer-pot","9":"product_tag-wholesale-home-cookware","11":"first","12":"instock","13":"shipping-taxable","14":"product-type-simple"},"acf":[],"_links":{"self":[{"href":"https:\/\/www.purecook.com\/de\/wp-json\/wp\/v2\/product\/4044","targetHints":{"allow":["GET"]}}],"collection":[{"href":"https:\/\/www.purecook.com\/de\/wp-json\/wp\/v2\/product"}],"about":[{"href":"https:\/\/www.purecook.com\/de\/wp-json\/wp\/v2\/types\/product"}],"replies":[{"embeddable":true,"href":"https:\/\/www.purecook.com\/de\/wp-json\/wp\/v2\/comments?post=4044"}],"wp:featuredmedia":[{"embeddable":true,"href":"https:\/\/www.purecook.com\/de\/wp-json\/wp\/v2\/media\/4040"}],"wp:attachment":[{"href":"https:\/\/www.purecook.com\/de\/wp-json\/wp\/v2\/media?parent=4044"}],"wp:term":[{"taxonomy":"product_brand","embeddable":true,"href":"https:\/\/www.purecook.com\/de\/wp-json\/wp\/v2\/product_brand?post=4044"},{"taxonomy":"product_cat","embeddable":true,"href":"https:\/\/www.purecook.com\/de\/wp-json\/wp\/v2\/product_cat?post=4044"},{"taxonomy":"product_tag","embeddable":true,"href":"https:\/\/www.purecook.com\/de\/wp-json\/wp\/v2\/product_tag?post=4044"}],"curies":[{"name":"wp","href":"https:\/\/api.w.org\/{rel}","templated":true}]}}