{"id":4074,"date":"2025-07-09T16:55:07","date_gmt":"2025-07-07T08:31:04","guid":{"rendered":"https:\/\/www.purecook.com\/?post_type=product&#038;p=4074"},"modified":"2025-07-09T17:28:06","modified_gmt":"2025-07-09T09:28:06","slug":"wholesale-stainless-steel-kneading-boards","status":"publish","type":"product","link":"https:\/\/www.purecook.com\/de\/product\/wholesale-stainless-steel-kneading-boards\/","title":{"rendered":"Gro\u00dfhandel 304 Edelstahl Knetbretter"},"content":{"rendered":"<div class=\"wp-block-columns is-layout-flex wp-container-core-columns-is-layout-9d6595d7 wp-block-columns-is-layout-flex\">\n<div class=\"wp-block-column is-layout-flow wp-block-column-is-layout-flow\">\n<h3 class=\"wp-block-heading\">Parameter des Knetbretts aus Edelstahl<\/h3>\n\n\n\n<p><strong>Material:<\/strong> Rostfreier Stahl 304<br><strong>Normale Dicke:<\/strong> 0,5 mm<br><strong>Gr\u00f6\u00dfe: <\/strong>50cm X40cm\/70cm X40cm<br><strong>Kapazit\u00e4t:<\/strong> \/<br><strong>Gewicht:<\/strong> &gt;1,50kg<br><strong>Logo: <\/strong>Lasergravur\/gepr\u00e4gter Stempel<br><strong>MOQ:<\/strong> 500 St\u00fcck<\/p>\n<\/div>\n\n\n\n<div class=\"wp-block-column is-layout-flow wp-block-column-is-layout-flow\">\n<h3 class=\"wp-block-heading\">Kundenspezifische Stahlknetplatte Optionen<\/h3>\n\n\n\n<p><strong>Logo:<\/strong> Passen Sie Ihr Markenlogo an<br><strong>Material:<\/strong> Rostfreier Stahl SUS304\/SUS201\/SUS\/316<br><strong>Materialst\u00e4rke:<\/strong> 0,5 mm<br><strong>Material des Deckels:<\/strong> Stil\/Material<br><strong>Material des Griffs: <\/strong>Stil\/Material<br><strong>Kontakt Oberfl\u00e4chenbehandlung:<\/strong> Unbeschichtet\/Antihaftbeschichtung<br><strong>Paket:<\/strong> Farbige Schachtel\/Karton, etc.<br><a href=\"https:\/\/www.purecook.com\/de\/custom-solution\/\" target=\"_blank\" rel=\"noopener\"><u>OEM- &amp; ODM-L\u00f6sungen f\u00fcr kundenspezifische Stahlknetbretter<\/u><\/a><\/p>\n<\/div>\n<\/div>\n\n\n\n<div class=\"wp-block-columns is-layout-flex wp-container-core-columns-is-layout-9d6595d7 wp-block-columns-is-layout-flex\">\n<div class=\"wp-block-column is-layout-flow wp-block-column-is-layout-flow\">\n<figure class=\"wp-block-image size-full\"><img decoding=\"async\" width=\"800\" height=\"800\" src=\"https:\/\/www.purecook.com\/wp-content\/uploads\/2025\/07\/304-stainless-steel-kneading-board-2.webp\" alt=\"\" class=\"wp-image-4075\" srcset=\"https:\/\/www.purecook.com\/wp-content\/uploads\/2025\/07\/304-stainless-steel-kneading-board-2.webp 800w, https:\/\/www.purecook.com\/wp-content\/uploads\/2025\/07\/304-stainless-steel-kneading-board-2-300x300.webp 300w, https:\/\/www.purecook.com\/wp-content\/uploads\/2025\/07\/304-stainless-steel-kneading-board-2-150x150.webp 150w, https:\/\/www.purecook.com\/wp-content\/uploads\/2025\/07\/304-stainless-steel-kneading-board-2-768x768.webp 768w, https:\/\/www.purecook.com\/wp-content\/uploads\/2025\/07\/304-stainless-steel-kneading-board-2-12x12.webp 12w, https:\/\/www.purecook.com\/wp-content\/uploads\/2025\/07\/304-stainless-steel-kneading-board-2-600x600.webp 600w, https:\/\/www.purecook.com\/wp-content\/uploads\/2025\/07\/304-stainless-steel-kneading-board-2-100x100.webp 100w\" sizes=\"(max-width: 800px) 100vw, 800px\" \/><figcaption class=\"wp-element-caption\">Knetbrett aus Edelstahl 304<\/figcaption><\/figure>\n<\/div>\n\n\n\n<div class=\"wp-block-column is-layout-flow wp-block-column-is-layout-flow\">\n<figure class=\"wp-block-image size-full\"><img decoding=\"async\" width=\"800\" height=\"800\" src=\"https:\/\/www.purecook.com\/wp-content\/uploads\/2025\/07\/304-stainless-steel-kneading-board-5.webp\" alt=\"\" class=\"wp-image-4076\" srcset=\"https:\/\/www.purecook.com\/wp-content\/uploads\/2025\/07\/304-stainless-steel-kneading-board-5.webp 800w, https:\/\/www.purecook.com\/wp-content\/uploads\/2025\/07\/304-stainless-steel-kneading-board-5-300x300.webp 300w, https:\/\/www.purecook.com\/wp-content\/uploads\/2025\/07\/304-stainless-steel-kneading-board-5-150x150.webp 150w, https:\/\/www.purecook.com\/wp-content\/uploads\/2025\/07\/304-stainless-steel-kneading-board-5-768x768.webp 768w, https:\/\/www.purecook.com\/wp-content\/uploads\/2025\/07\/304-stainless-steel-kneading-board-5-12x12.webp 12w, https:\/\/www.purecook.com\/wp-content\/uploads\/2025\/07\/304-stainless-steel-kneading-board-5-600x600.webp 600w, https:\/\/www.purecook.com\/wp-content\/uploads\/2025\/07\/304-stainless-steel-kneading-board-5-100x100.webp 100w\" sizes=\"(max-width: 800px) 100vw, 800px\" \/><figcaption class=\"wp-element-caption\">Knetbrett aus Edelstahl 304<\/figcaption><\/figure>\n<\/div>\n<\/div>","protected":false},"excerpt":{"rendered":"<p>Gro\u00dfhandels-Knetbretter aus Edelstahl 304 vereinen Funktionalit\u00e4t und Spa\u00df, mit niedlichen B\u00e4rengesichtern, babysicherem Material, rutschfesten Kanten und pr\u00e4zisen Skalenmarkierungen. Das Knetbrett aus Edelstahl 304 ist ein langlebiges, vielseitiges Must-Have-Werkzeug zum Backen, Kneten oder Schneiden, das f\u00fcr moderne K\u00fcchen und Kinderk\u00fcchen geeignet ist.<\/p>\n<h2>Eigenschaften des Knetbretts aus Edelstahl<\/h2>\n<p><strong>Lebensmittelgeeignetes Material:<\/strong> Das Edelstahlbrett ist aus hochwertigem Edelstahl 304 gefertigt, der eine gute Korrosions- und Rostbest\u00e4ndigkeit aufweist und f\u00fcr den t\u00e4glichen Kontakt mit Lebensmitteln geeignet ist.<\/p>\n<p><strong>Einzigartiges und lustiges Design:<\/strong> Das Edelstahlbrett ist mit einem niedlichen B\u00e4rengesicht versehen, das den Spa\u00df in der K\u00fcche erh\u00f6ht, die Kreativit\u00e4t anregt und dem Koch- und Backerlebnis W\u00e4rme verleiht, besonders geeignet f\u00fcr Familien mit Kindern.<\/p>\n<p><strong>Pr\u00e4zisionsmessung:<\/strong> Das Edelstahlbrett verf\u00fcgt \u00fcber ein gutes Skalierungssystem, und der integrierte runde Messring hilft bei der genauen Formung und Gr\u00f6\u00dfe des Teigs; das eingebaute gerade Messlineal unten ist perfekt zum Messen der L\u00e4nge von Scheiben oder Geb\u00e4ck.<\/p>\n<p><strong>Einfache Wartung:<\/strong> Die Antihaftbeschichtung erleichtert die Handhabung des Teigs und die Reinigung, und nach dem Gebrauch gen\u00fcgt es, ihn abzusp\u00fclen oder abzuwischen, was die Reinigung m\u00fchelos macht.<\/p>\n<p><strong>Vielf\u00e4ltige Verwendungsm\u00f6glichkeiten in der K\u00fcche:<\/strong> Das Edelstahlbrett ist perfekt zum Kneten, Backen, Teigformen, Schneiden usw.<\/p>\n<p><a href=\"https:\/\/www.purecook.com\/de\/custom-solution\/\"><u>Purecook bietet OEM &amp; ODM kundenspezifische<\/u><u> Knetbrett <\/u><u>solu<\/u><u>tionen.<\/u><\/a><\/p>","protected":false},"featured_media":4082,"comment_status":"closed","ping_status":"closed","template":"","meta":{"_acf_changed":false},"product_brand":[],"product_cat":[52,67],"product_tag":[98],"class_list":{"0":"post-4074","1":"product","2":"type-product","3":"status-publish","4":"has-post-thumbnail","6":"product_cat-kitchen-utensils","7":"product_cat-cutting-board","8":"product_tag-wholesale-home-cookware","10":"first","11":"instock","12":"shipping-taxable","13":"product-type-simple"},"acf":[],"_links":{"self":[{"href":"https:\/\/www.purecook.com\/de\/wp-json\/wp\/v2\/product\/4074","targetHints":{"allow":["GET"]}}],"collection":[{"href":"https:\/\/www.purecook.com\/de\/wp-json\/wp\/v2\/product"}],"about":[{"href":"https:\/\/www.purecook.com\/de\/wp-json\/wp\/v2\/types\/product"}],"replies":[{"embeddable":true,"href":"https:\/\/www.purecook.com\/de\/wp-json\/wp\/v2\/comments?post=4074"}],"wp:featuredmedia":[{"embeddable":true,"href":"https:\/\/www.purecook.com\/de\/wp-json\/wp\/v2\/media\/4082"}],"wp:attachment":[{"href":"https:\/\/www.purecook.com\/de\/wp-json\/wp\/v2\/media?parent=4074"}],"wp:term":[{"taxonomy":"product_brand","embeddable":true,"href":"https:\/\/www.purecook.com\/de\/wp-json\/wp\/v2\/product_brand?post=4074"},{"taxonomy":"product_cat","embeddable":true,"href":"https:\/\/www.purecook.com\/de\/wp-json\/wp\/v2\/product_cat?post=4074"},{"taxonomy":"product_tag","embeddable":true,"href":"https:\/\/www.purecook.com\/de\/wp-json\/wp\/v2\/product_tag?post=4074"}],"curies":[{"name":"wp","href":"https:\/\/api.w.org\/{rel}","templated":true}]}}